{"id":84494,"date":"2019-03-31T13:37:17","date_gmt":"2019-03-31T13:37:17","guid":{"rendered":"http:\/\/forextradingbonus.com\/?page_id=84494"},"modified":"2019-03-31T13:37:17","modified_gmt":"2019-03-31T13:37:17","slug":"brokers","status":"publish","type":"page","link":"https:\/\/forextradingbonus.com\/es\/brokers\/","title":{"rendered":"Los mejores Brokers de Forex y cada una de sus rese\u00f1as"},"content":{"rendered":"\n<p>D\u00eda a d\u00eda, se contabilizan m\u00e1s de $4 trillones de negociaciones en el mercado de divisas m\u00e1s importante del mundo, Forex &#8220;El mercado de intercambio de divisas&#8221;. Elegir el mejor broker para realizar la actividad de trading resulta una tarea muy dif\u00edcil. Los traders deben tener la lucidez necesaria para elegir entre tantas revistas y tentadoras publicidades para encontrar el broker de Forex que se ajuste a sus necesidades, para as\u00ed tener \u00e9xito en su trading. A continuaci\u00f3n, se ofrecen cinco pautas a tener en cuenta a la hora de elegir al broker de Forex adecuado en este entorno tan competitivo. Continua leyendo nuestra gu\u00eda y conoce los mejores brokers de Forex.<\/p>\n<div class=\"cmpany-review__list\">\n                <!-- Star icon -->\n                <svg width=\"16px\" height=\"15px\" style=\"display:none\" viewBox=\"0 0 16 15\" version=\"1.1\" xmlns=\"http:\/\/www.w3.org\/2000\/svg\" xmlns:xlink=\"http:\/\/www.w3.org\/1999\/xlink\">\n                    <symbol id=\"icon-star\" viewBox=\"0 0 16 15\">\n                        <polygon points=\"7.60845213 12 2.90617011 14.472136 3.80422607 9.23606798 -5.55111512e-17 5.52786405 5.25731112 4.76393202 7.60845213 0 9.95959314 4.76393202 15.2169043 5.52786405 11.4126782 9.23606798 12.3107341 14.472136\"><\/polygon>\n                    <\/symbol>\n                <\/svg><\/div>\n<h2>C\u00f3mo elegir los mejores brokers para Forex: Regulaciones gubernamentales<\/h2>\n<p>En los Estados Unidos, la actividad de trading se encuentra regulada por NFA (National Futures Association). Este es el ente regulador que programa y desarrolla diferentes servicios entre el mercado, traders e inversores y su correcta aplicaci\u00f3n para garantizar la transparencia entre sus vinculantes. Adicionalmente, ofrece\u00a0 cobertura sobre US Commodity Futures trading trabajando independientemente como agencia gubernamental protegiendo las opciones y los bienes del mercado Estadounidense.<\/p>\n<p>&nbsp;<\/p>\n<p>Por lo tanto, un broker para Forex digno de confianza deber\u00e1 estar registrado en la organizaci\u00f3n anteriormente mencionada, tanto c\u00f3mo en la Comisi\u00f3n del mercado de Futuros y en el mercado de Forex. Por lo tanto el broker deber\u00e1 proporcionar\u00a0 su n\u00famero de afiliaci\u00f3n y n\u00famero de miembro\u00a0 NFA en l\u00ednea, en la secci\u00f3n Acerca\/About Us en cada sitio web.<\/p>\n<p>\u00a1No te dejes deslumbrar por atractivas publicidades de sitios web! y verifica que los mejores brokers de FX regulados cumplan con las normas de membrec\u00eda NFA o CFTC antes de elegir el Broker.<\/p>\n<img decoding=\"async\" loading=\"lazy\" width=\"300\" height=\"200\" class=\"aligncenter size-medium wp-image-84903\" src=\"http:\/\/forextradingbonus.com\/wp-content\/img\/2019\/03\/FCA-AUTHORITY-300x200.jpg\" alt=\"los mejores brokers de Forex\" \/>\n<h2>Elegir el broker para Forex: Los detalles son muy importantes.<\/h2>\n<p>Ofertas que otorgan distintos Brokers.<\/p>\n<p>Apacalancamiento y Margen: el apalancamiento opera en beneficio de los traders debido a su alto potencial de ganancias. Tambi\u00e9n ofrecen pr\u00e9stamos acorde al margen de cada cuenta, accediendo a distintos montos de apalancamiento dependiendo de cada broker, c\u00f3mo 50:1 o 200:1. Esto significa que un operador con una cuenta de $1000 puede mantener una posici\u00f3n valuada en $50000 utilizando un apalancamiento de 50:1. \u00a1Pero deber\u00e1s tener mucho cuidado cuando lo utilices! ya que el apalancamiento de Forex puede ser una espada de doble filo, ya que funcionar\u00e1 a favor de los traders cuando obtengan ganancias pero al mismo tiempo y por lo contrario\u00a0 el perfil de riesgo tambi\u00e9n se ver\u00e1 aumentado de la misma forma.<\/p>\n<p>Por ejemplo, una cotizaci\u00f3n de 1.3943-1.3946 EUR\/USD tiene un margen de tres pips y se compra en 1.3946, su posici\u00f3n perder\u00e1 tres pips por no venderse al precio inicial 1.3943. Los pares m\u00e1s comunes generalmente son -EUR\/USD y GBP\/USD, y usualmente su margen es m\u00e1s estrecho que otros pares menos utilizados. Cuanto mayor sea el margen, m\u00e1s dif\u00edcil ser\u00e1 obtener ganancias. Ten esto en cuenta a la hora de comparar los mejores brokers para Forex.<\/p>\n<h2>\u00bfC\u00f3mo elegir un broker de Forex? Dep\u00f3sitos y retiros<\/h2>\n<p>Una de las caracter\u00edsticas mas atractivas para los traders novatos e inversores es el poder de compra con m\u00ednimos dep\u00f3sitos. Por eso, los brokers ofrecen variedad de cuentas dependiendo la inversi\u00f3n inicial requerida, como por ejemplo cuentas standar, mini y micro cuentas. Las mismas pueden iniciarse con un dep\u00f3sito muy bajo, menor a $50.<\/p>\n<p>Los brokers para Forex presentan algunas pol\u00edticas de retiros y financiaci\u00f3n. Los retiros pueden hacerse mediante cheques o transferencia bancaria, y las cuentas pueden financiarse mediante tarjeta de cr\u00e9dito y plataformas de pago como ACH o PayPal, transferencia bancaria y cheque comercial, personal o bancario. Los brokers, ocasionalmente pueden cobrar comisiones por cualquier servicio proporcionado.<\/p>\n<h2>La oferta de par adecuada.<\/h2>\n<p>Los brokers pueden ofrecer a los traders\u00a0 una amplia selecci\u00f3n de pares de divisas disponibles para trading. La oferta debe coincidir con los pares en las que el trader o inversionista est\u00e9 interesado. Los favoritos son el d\u00f3lar\/yen japon\u00e9s (USD\/JPY), el euro\/d\u00f3lar estadounidense (EUR\/USD), el d\u00f3lar estadounidense\/franco suizo (EUR\/CHF) y la libra esterlina\/d\u00f3lar estadounidense (GBP\/USD). Recuerda, si eliges un broker que no ofrezca tu par favorito, perder\u00e1s gran parte de tus ganancias.<\/p>\n<h2>Eligiendo los mejores brokers de Forex: Servicio de atenci\u00f3n constante<\/h2>\n<p>Los brokers de Forex m\u00e1s importantes deben brindar atenci\u00f3n al cliente constantemente ya que las operaciones en Forex Trading permanecen en movimiento las 24:00 horas del d\u00eda. Las consultas a los brokers\u00a0 deber\u00e1n ser f\u00e1ciles y simples. Por lo tanto, los traders podr\u00e1n echar un vistazo del servicio provisto, tiempos de espera y efectividad de los m\u00e1rgenes, apalancamiento, regulaciones y detalles de la compa\u00f1\u00eda. Tambi\u00e9n, se puede solicitar a los brokers el tama\u00f1o de volumen comercializado, los mejores precios, ejecuciones que se otorgan a los brokers y el tiempo que practicado de esta actividad.<\/p>\n<h2>La mejor plataforma para el Trading<\/h2>\n<p>Una plataforma para trading es un portal de inversi\u00f3n para el mercado que debe tener un vinculo con el operador y debe provocar entusiasmo en el mismo. Los mejores brokers de FX deben contar con la facilidad de que la interface y software se complementen con herramientas pr\u00e1cticas para lograr un an\u00e1lisis t\u00e9cnico\/fundamental ya que el dise\u00f1o de la plataforma debe ser muy importante, a diferencia de plataformas mal dise\u00f1adas. Una buena plataforma deber\u00e1 contar con botones de compra y venta bien posicionados, opciones de personalizaci\u00f3n, tipos de entrada de pedidos, opciones de operaciones automatizadas, creadores de estrategias, pruebas retroactivas, alertas comerciales y un bot\u00f3n de p\u00e1nico para cerrar todas las posiciones abiertas (muy pocos programas poseen esta herramienta) para evitar costosos errores como agregar una posici\u00f3n accidentalmente en lugar de cerrarla o quedarse en corto cuando se desee lo contrario.<\/p>\n<p>La mayor\u00eda de los brokers ofrecen una cuenta demo gratuita, para que los operadores puedan explorarla antes de abrir y financiar una.<\/p>\n<h2>Listado completo de los mejores brokers de FX actualmente funcionando<\/h2>\n<p>&nbsp;<\/p>\n<p>&nbsp;<\/p>\n","protected":false},"excerpt":{"rendered":"D\u00eda a d\u00eda, se contabilizan m\u00e1s de $4 trillones de negociaciones en el mercado de divisas m","protected":false},"author":19,"featured_media":85169,"parent":0,"menu_order":0,"comment_status":"closed","ping_status":"closed","template":"page_full_width.php","meta":{"_mi_skip_tracking":false},"acf":[],"yoast_head":"<!-- This site is optimized with the Yoast SEO plugin v20.4 - https:\/\/yoast.com\/wordpress\/plugins\/seo\/ -->\n<title>Los mejores brokers de Forex y cada una de sus Rese\u00f1as<\/title>\n<meta name=\"description\" content=\"Listado de los mejores brokers de Forex y cada una de sus rese\u00f1as. Consejos y caracter\u00edsticas de los brokers de Forex disponibles Actualmente.\" \/>\n<meta name=\"robots\" content=\"index, follow, max-snippet:-1, max-image-preview:large, max-video-preview:-1\" \/>\n<link rel=\"canonical\" href=\"https:\/\/forextradingbonus.com\/es\/brokers\/\" \/>\n<meta property=\"og:locale\" content=\"es_ES\" \/>\n<meta property=\"og:type\" content=\"article\" \/>\n<meta property=\"og:title\" content=\"Los mejores brokers de Forex y cada una de sus Rese\u00f1as\" \/>\n<meta property=\"og:description\" content=\"Listado de los mejores brokers de Forex y cada una de sus rese\u00f1as. Consejos y caracter\u00edsticas de los brokers de Forex disponibles Actualmente.\" \/>\n<meta property=\"og:url\" content=\"https:\/\/forextradingbonus.com\/es\/brokers\/\" \/>\n<meta property=\"og:site_name\" content=\"Forex Trading Bonus\" \/>\n<meta property=\"og:image\" content=\"https:\/\/forextradingbonus.com\/wp-content\/img\/2019\/03\/LOGO-FTB.jpg\" \/>\n\t<meta property=\"og:image:width\" content=\"1200\" \/>\n\t<meta property=\"og:image:height\" content=\"800\" \/>\n\t<meta property=\"og:image:type\" content=\"image\/jpeg\" \/>\n<meta name=\"twitter:card\" content=\"summary_large_image\" \/>\n<meta name=\"twitter:label1\" content=\"Tiempo de lectura\" \/>\n\t<meta name=\"twitter:data1\" content=\"5 minutos\" \/>\n<!-- \/ Yoast SEO plugin. -->","yoast_head_json":{"title":"Los mejores brokers de Forex y cada una de sus Rese\u00f1as","description":"Listado de los mejores brokers de Forex y cada una de sus rese\u00f1as. Consejos y caracter\u00edsticas de los brokers de Forex disponibles Actualmente.","robots":{"index":"index","follow":"follow","max-snippet":"max-snippet:-1","max-image-preview":"max-image-preview:large","max-video-preview":"max-video-preview:-1"},"canonical":"https:\/\/forextradingbonus.com\/es\/brokers\/","og_locale":"es_ES","og_type":"article","og_title":"Los mejores brokers de Forex y cada una de sus Rese\u00f1as","og_description":"Listado de los mejores brokers de Forex y cada una de sus rese\u00f1as. Consejos y caracter\u00edsticas de los brokers de Forex disponibles Actualmente.","og_url":"https:\/\/forextradingbonus.com\/es\/brokers\/","og_site_name":"Forex Trading Bonus","og_image":[{"width":1200,"height":800,"url":"https:\/\/forextradingbonus.com\/wp-content\/img\/2019\/03\/LOGO-FTB.jpg","type":"image\/jpeg"}],"twitter_card":"summary_large_image","twitter_misc":{"Tiempo de lectura":"5 minutos"},"schema":{"@context":"https:\/\/schema.org","@graph":[{"@type":"WebPage","@id":"https:\/\/forextradingbonus.com\/es\/brokers\/","url":"https:\/\/forextradingbonus.com\/es\/brokers\/","name":"Los mejores brokers de Forex y cada una de sus Rese\u00f1as","isPartOf":{"@id":"https:\/\/forextradingbonus.com\/#website"},"datePublished":"2019-03-31T13:37:17+00:00","dateModified":"2019-03-31T13:37:17+00:00","description":"Listado de los mejores brokers de Forex y cada una de sus rese\u00f1as. Consejos y caracter\u00edsticas de los brokers de Forex disponibles Actualmente.","breadcrumb":{"@id":"https:\/\/forextradingbonus.com\/es\/brokers\/#breadcrumb"},"inLanguage":"es","potentialAction":[{"@type":"ReadAction","target":["https:\/\/forextradingbonus.com\/es\/brokers\/"]}]},{"@type":"BreadcrumbList","@id":"https:\/\/forextradingbonus.com\/es\/brokers\/#breadcrumb","itemListElement":[{"@type":"ListItem","position":1,"name":"Home","item":"https:\/\/forextradingbonus.com\/es\/"},{"@type":"ListItem","position":2,"name":"Los mejores Brokers de Forex y cada una de sus rese\u00f1as"}]},{"@type":"WebSite","@id":"https:\/\/forextradingbonus.com\/#website","url":"https:\/\/forextradingbonus.com\/","name":"Forex Trading Bonus","description":"Best Forex Trading Bonus Reviews. Deposit &amp; No Deposit FX Bonuses and Tips","potentialAction":[{"@type":"SearchAction","target":{"@type":"EntryPoint","urlTemplate":"https:\/\/forextradingbonus.com\/?s={search_term_string}"},"query-input":"required name=search_term_string"}],"inLanguage":"es"}]}},"_links":{"self":[{"href":"https:\/\/forextradingbonus.com\/es\/wp-json\/wp\/v2\/pages\/84494"}],"collection":[{"href":"https:\/\/forextradingbonus.com\/es\/wp-json\/wp\/v2\/pages"}],"about":[{"href":"https:\/\/forextradingbonus.com\/es\/wp-json\/wp\/v2\/types\/page"}],"author":[{"embeddable":true,"href":"https:\/\/forextradingbonus.com\/es\/wp-json\/wp\/v2\/users\/19"}],"replies":[{"embeddable":true,"href":"https:\/\/forextradingbonus.com\/es\/wp-json\/wp\/v2\/comments?post=84494"}],"version-history":[{"count":6,"href":"https:\/\/forextradingbonus.com\/es\/wp-json\/wp\/v2\/pages\/84494\/revisions"}],"predecessor-version":[{"id":85607,"href":"https:\/\/forextradingbonus.com\/es\/wp-json\/wp\/v2\/pages\/84494\/revisions\/85607"}],"wp:featuredmedia":[{"embeddable":true,"href":"https:\/\/forextradingbonus.com\/es\/wp-json\/wp\/v2\/media\/85169"}],"wp:attachment":[{"href":"https:\/\/forextradingbonus.com\/es\/wp-json\/wp\/v2\/media?parent=84494"}],"curies":[{"name":"wp","href":"https:\/\/api.w.org\/{rel}","templated":true}]}}