{"id":84606,"date":"2019-03-31T15:36:15","date_gmt":"2019-03-31T15:36:15","guid":{"rendered":"http:\/\/forextradingbonus.com\/?page_id=84606"},"modified":"2019-03-31T15:36:15","modified_gmt":"2019-03-31T15:36:15","slug":"conceptos-basicos-para-operar-en-fx","status":"publish","type":"page","link":"https:\/\/forextradingbonus.com\/es\/conceptos-basicos-para-operar-en-fx\/","title":{"rendered":"Introducci\u00f3n a los conceptos b\u00e1sicos para la operaci\u00f3n en Forex"},"content":{"rendered":"<p>El mercado de Forex es uno de los mercados mas emocionantes que que se puede aprovechar. Este es un mercado asombroso el cual permite intercambiar divisas entre s\u00ed.<img decoding=\"async\" loading=\"lazy\" class=\"alignleft wp-image-84613 size-medium\" src=\"http:\/\/forextradingbonus.com\/wp-content\/img\/2019\/02\/intro-a-forex-300x200.jpg\" alt=\"conceptos basicos para operar forex\" width=\"300\" height=\"200\" \/><\/p>\n<p>Por ejemplo, puedes vender d\u00f3lares estadounidenses por d\u00f3lares canadienses en el mercado. El tipo de cambio, cambiar\u00e1 entre estas dos monedas conforme pase el tiempo. Puedes comprar el par entre estas dos monedas y ganar dinero dependiendo de que tan bien se cambie el par de divisas.<\/p>\n<p>El mercado de Forex puede funcionar para todo tipo de monedas. Funciona debido a que puedes cambiar una moneda por otra y venderla m\u00e1s tarde. Aqu\u00ed podr\u00e1s obtener algunos de los aspectos b\u00e1sicos para la operaci\u00f3n en Forex<\/p>\n<h2>Historia del mercado<\/h2>\n<p>La operaci\u00f3n en el mercado de Forex ha existido durante mucho tiempo. Los pa\u00edses han estado usando sus propias monedas durante generaciones y mantuvieron sus propios pares particulares durante todo este tiempo.<\/p>\n<p>Particularmente, el valor de un par de divisas cambiar\u00e1 conforme el tiempo seg\u00fan la oferta y la demanda del mismo. Si muchas personas est\u00e1n comprando una moneda para intercambiar otra, el valor de ese par aumentar\u00e1 con el tiempo. Por ejemplo, la tasa de cambio entre los d\u00f3lares estadounidenses y canadienses puede aumentar en valor si muchas personas venden sus d\u00f3lares estadounidenses para obtener as\u00ed d\u00f3lares canadienses. La oferta ser\u00e1 mayor y la demanda aumentar\u00e1 de la misma forma tambi\u00e9n.<\/p>\n<p>El mercadeo de divisas existe desde hace generaciones. Sin embargo, no fue hasta despu\u00e9s de 1973 cuando el p\u00fablico ordinario comenz\u00f3 a comerciar con divisas.<\/p>\n<p>El mercado de intercambio de divisas oper\u00f3 bajo el estado-naci\u00f3n antes del a\u00f1o 1973, pero se disolvi\u00f3 luego de ese a\u00f1o. Esto ocurri\u00f3 cuando el acuerdo de Bretton Woods no pudo mantener las divisas bajo control. Este acuerdo se firm\u00f3 despu\u00e9s de la Segunda Guerra Mundial para permitir que las divisas se desplacen en un rango del 1% del valor nominal de cada una. Sin embargo, los cambios en la oferta y la demanda de las divisas dificultaron que los tipos de cambio en todo el mundo se mantuviesen bajo control. Adem\u00e1s, los factores econ\u00f3micos individuales de cada pa\u00eds solo empeoraban las cosas.<\/p>\n<p>Despu\u00e9s de 1973, el acuerdo de Bretton Woods dej\u00f3 de regir. Los pa\u00edses individualmente comenzaron a permitir que las personas ordinarias comerciaran pares de divisas; hecho el cual comenz\u00f3 en China en el a\u00f1o 1981 y finalmente se desplaz\u00f3 hacia Europa y poco despu\u00e9s al rededor de todo el mundo.<\/p>\n<p>El intercambio en l\u00ednea (online Trading) solo facilit\u00f3 que las personas pudieran comercializar los pares. Las personas pod\u00edan hacer esta actividad con programas en l\u00ednea que pueden medir y calcular autom\u00e1ticamente los diferentes totales. Comprender un poco la historia es una de las caracter\u00edsticas b\u00e1sicas para operar en FX ya que ayudar\u00eda a entender ciertos movimientos del mercado.<\/p>\n<h3>Lo que las personas comercian<\/h3>\n<p>Hoy en d\u00eda las personas comercian divisas desde distintas partes del mundo.Conocer cuales son las divisas m\u00e1s importantes es un concepto b\u00e1sico para operar en Forex que debes tener presente, pr\u00e1cticamente el ABC. Las monedas pueden emparejarse entre s\u00ed de muchas formas posibles. El par USD \/ CAD o d\u00f3lar estadounidense-canadiense, es un buen ejemplo, ya que se refiere a c\u00f3mo un d\u00f3lar estadounidense puede transferirse a una cierta cantidad de d\u00f3lares canadienses.<\/p>\n<p>Las divisas m\u00e1s populares que est\u00e1n disponibles para fines comerciales incluyen las siguientes opciones:<\/p>\n<ul>\n<li>D\u00f3lares americanos<\/li>\n<li>Euros<\/li>\n<li>d\u00f3lares canadienses<\/li>\n<li>Libras esterlinas<\/li>\n<li>Francos suizos<\/li>\n<li>D\u00f3lares australianos<\/li>\n<li>Yen japon\u00e9s<\/li>\n<\/ul>\n<p>Pr\u00e1cticamente cualquier moneda puede ser comercializada, aunque estas son las m\u00e1s importantes y m\u00e1s populares que podemos encontrar hoy en d\u00eda. Los pares pueden inclusive intercambiarse entre s\u00ed en algunos casos. El USD \/ CAD se puede negociar con el par USD \/ EUR, por ejemplo.<\/p>\n<p>El USDX funciona sobre el valor del d\u00f3lar estadounidense comparando cada combinaci\u00f3n de divisas. M\u00e1s de la mitad, pertenecen al Euro, mientras que la Libra esterlina, el Yen japon\u00e9s y el D\u00f3lar canadiense representan aproximadamente el 10% de cada uno. El krone sueco y el Franco suizo tamb\u00eden est\u00e1n incluidos.<\/p>\n<h3>\u00bfPor qu\u00e9 las personas las comercializan?<\/h3>\n<p>La operaci\u00f3n en el mercado de Forex es una de las actividades m\u00e1s populares de todos los mercados. Forex Est\u00e1 disponible las 24 horas del d\u00eda, cinco d\u00edas de la semana e incluyen miles de millones de d\u00f3lares que est\u00e1n intercambi\u00e1ndose por personas de distintos puntos del mundo. Las personas\u00a0 comercializan en este mercado hoy en d\u00eda por muchas razones, debido a sus amplias caracter\u00edsticas que tiene el mercado de Forex:<\/p>\n<ul>\n<li>Pueden hacerlo desde cualquier parte del mundo.<\/li>\n<li>La gente pueden operar sin la necesidad de un agente f\u00edsico presente durante el proceso.<\/li>\n<li>Los programas computarizados pueden utilizarse para ayudar a las personas a diferenciar las tendencias y precios de los pares que se est\u00e1n estableciendo al momento.<\/li>\n<li>Es un mercado muy l\u00edquido (dependiendo de los pares) y cambia todos los d\u00edas.<\/li>\n<li>Las personas pueden obtener ganancias durante cualquier mercado. Los valores de los pares de divisas pueden mejorar inclusive cuando la econom\u00eda de un mercado se encuentra disminuyendo. De hecho uno puede aprovecharse de esto haciendo que su cartera sea m\u00e1s diversa. Aspecto muy importante para operar en FX.<\/li>\n<li>La gente puede comenzar con solo un par de cientos de d\u00f3lares en la mano. No cuesta mucho obtener un broker en estos d\u00edas.<\/li>\n<li>El mercado de Forex es realmente fascinante y merece ser explotado. Esta gu\u00eda lo ayudar\u00e1 a conocer c\u00f3mo funciona el mercado de Forex y desglosar los aspectos m\u00e1s importantes para operar en el mercado de divisas y\u00a0que puede sacar de \u00e9l para obtener mayores beneficios\u00a0 y tengas m\u00e1s oportunidades para tener \u00e9xito dentro de este mercado tan especial y atractivo.<\/li>\n<\/ul>\n","protected":false},"excerpt":{"rendered":"El mercado de Forex es uno de los mercados mas emocionantes que que se puede aprovechar. Este es un mercado","protected":false},"author":19,"featured_media":84669,"parent":0,"menu_order":0,"comment_status":"closed","ping_status":"closed","template":"","meta":{"_mi_skip_tracking":false},"acf":[],"yoast_head":"<!-- This site is optimized with the Yoast SEO plugin v20.4 - https:\/\/yoast.com\/wordpress\/plugins\/seo\/ -->\n<title>Conceptos B\u00e1sicos para operar en Forex - Forex Trading Bonus<\/title>\n<meta name=\"description\" content=\"Caracter\u00edsticas y aspectos b\u00e1sicos para la operaci\u00f3n en el mercado de Forex, consejos y atajos para su correcto uso para el mercado de Forex\" \/>\n<meta name=\"robots\" content=\"index, follow, max-snippet:-1, max-image-preview:large, max-video-preview:-1\" \/>\n<link rel=\"canonical\" href=\"https:\/\/forextradingbonus.com\/es\/conceptos-basicos-para-operar-en-fx\/\" \/>\n<meta property=\"og:locale\" content=\"es_ES\" \/>\n<meta property=\"og:type\" content=\"article\" \/>\n<meta property=\"og:title\" content=\"Conceptos B\u00e1sicos para operar en Forex - Forex Trading Bonus\" \/>\n<meta property=\"og:description\" content=\"Caracter\u00edsticas y aspectos b\u00e1sicos para la operaci\u00f3n en el mercado de Forex, consejos y atajos para su correcto uso para el mercado de Forex\" \/>\n<meta property=\"og:url\" content=\"https:\/\/forextradingbonus.com\/es\/conceptos-basicos-para-operar-en-fx\/\" \/>\n<meta property=\"og:site_name\" content=\"Forex Trading Bonus\" \/>\n<meta property=\"og:image\" content=\"https:\/\/forextradingbonus.com\/wp-content\/img\/2019\/02\/stencil.kingsumo.jpg\" \/>\n\t<meta property=\"og:image:width\" content=\"2560\" \/>\n\t<meta property=\"og:image:height\" content=\"1280\" \/>\n\t<meta property=\"og:image:type\" content=\"image\/jpeg\" \/>\n<meta name=\"twitter:card\" content=\"summary_large_image\" \/>\n<meta name=\"twitter:label1\" content=\"Tiempo de lectura\" \/>\n\t<meta name=\"twitter:data1\" content=\"5 minutos\" \/>\n<!-- \/ Yoast SEO plugin. -->","yoast_head_json":{"title":"Conceptos B\u00e1sicos para operar en Forex - Forex Trading Bonus","description":"Caracter\u00edsticas y aspectos b\u00e1sicos para la operaci\u00f3n en el mercado de Forex, consejos y atajos para su correcto uso para el mercado de Forex","robots":{"index":"index","follow":"follow","max-snippet":"max-snippet:-1","max-image-preview":"max-image-preview:large","max-video-preview":"max-video-preview:-1"},"canonical":"https:\/\/forextradingbonus.com\/es\/conceptos-basicos-para-operar-en-fx\/","og_locale":"es_ES","og_type":"article","og_title":"Conceptos B\u00e1sicos para operar en Forex - Forex Trading Bonus","og_description":"Caracter\u00edsticas y aspectos b\u00e1sicos para la operaci\u00f3n en el mercado de Forex, consejos y atajos para su correcto uso para el mercado de Forex","og_url":"https:\/\/forextradingbonus.com\/es\/conceptos-basicos-para-operar-en-fx\/","og_site_name":"Forex Trading Bonus","og_image":[{"width":2560,"height":1280,"url":"https:\/\/forextradingbonus.com\/wp-content\/img\/2019\/02\/stencil.kingsumo.jpg","type":"image\/jpeg"}],"twitter_card":"summary_large_image","twitter_misc":{"Tiempo de lectura":"5 minutos"},"schema":{"@context":"https:\/\/schema.org","@graph":[{"@type":"WebPage","@id":"https:\/\/forextradingbonus.com\/es\/conceptos-basicos-para-operar-en-fx\/","url":"https:\/\/forextradingbonus.com\/es\/conceptos-basicos-para-operar-en-fx\/","name":"Conceptos B\u00e1sicos para operar en Forex - Forex Trading Bonus","isPartOf":{"@id":"https:\/\/forextradingbonus.com\/#website"},"datePublished":"2019-03-31T15:36:15+00:00","dateModified":"2019-03-31T15:36:15+00:00","description":"Caracter\u00edsticas y aspectos b\u00e1sicos para la operaci\u00f3n en el mercado de Forex, consejos y atajos para su correcto uso para el mercado de Forex","breadcrumb":{"@id":"https:\/\/forextradingbonus.com\/es\/conceptos-basicos-para-operar-en-fx\/#breadcrumb"},"inLanguage":"es","potentialAction":[{"@type":"ReadAction","target":["https:\/\/forextradingbonus.com\/es\/conceptos-basicos-para-operar-en-fx\/"]}]},{"@type":"BreadcrumbList","@id":"https:\/\/forextradingbonus.com\/es\/conceptos-basicos-para-operar-en-fx\/#breadcrumb","itemListElement":[{"@type":"ListItem","position":1,"name":"Home","item":"https:\/\/forextradingbonus.com\/es\/"},{"@type":"ListItem","position":2,"name":"Introducci\u00f3n a los conceptos b\u00e1sicos para la operaci\u00f3n en Forex"}]},{"@type":"WebSite","@id":"https:\/\/forextradingbonus.com\/#website","url":"https:\/\/forextradingbonus.com\/","name":"Forex Trading Bonus","description":"Best Forex Trading Bonus Reviews. Deposit &amp; No Deposit FX Bonuses and Tips","potentialAction":[{"@type":"SearchAction","target":{"@type":"EntryPoint","urlTemplate":"https:\/\/forextradingbonus.com\/?s={search_term_string}"},"query-input":"required name=search_term_string"}],"inLanguage":"es"}]}},"_links":{"self":[{"href":"https:\/\/forextradingbonus.com\/es\/wp-json\/wp\/v2\/pages\/84606"}],"collection":[{"href":"https:\/\/forextradingbonus.com\/es\/wp-json\/wp\/v2\/pages"}],"about":[{"href":"https:\/\/forextradingbonus.com\/es\/wp-json\/wp\/v2\/types\/page"}],"author":[{"embeddable":true,"href":"https:\/\/forextradingbonus.com\/es\/wp-json\/wp\/v2\/users\/19"}],"replies":[{"embeddable":true,"href":"https:\/\/forextradingbonus.com\/es\/wp-json\/wp\/v2\/comments?post=84606"}],"version-history":[{"count":8,"href":"https:\/\/forextradingbonus.com\/es\/wp-json\/wp\/v2\/pages\/84606\/revisions"}],"predecessor-version":[{"id":85654,"href":"https:\/\/forextradingbonus.com\/es\/wp-json\/wp\/v2\/pages\/84606\/revisions\/85654"}],"wp:featuredmedia":[{"embeddable":true,"href":"https:\/\/forextradingbonus.com\/es\/wp-json\/wp\/v2\/media\/84669"}],"wp:attachment":[{"href":"https:\/\/forextradingbonus.com\/es\/wp-json\/wp\/v2\/media?parent=84606"}],"curies":[{"name":"wp","href":"https:\/\/api.w.org\/{rel}","templated":true}]}}