{"id":84616,"date":"2019-03-31T15:14:30","date_gmt":"2019-03-31T15:14:30","guid":{"rendered":"http:\/\/forextradingbonus.com\/?page_id=84616"},"modified":"2019-03-31T15:14:30","modified_gmt":"2019-03-31T15:14:30","slug":"como-ser-un-trader-exitoso","status":"publish","type":"page","link":"https:\/\/forextradingbonus.com\/es\/como-ser-un-trader-exitoso\/","title":{"rendered":"\u00bfC\u00f3mo convertirse en un exitoso Trader en Forex?"},"content":{"rendered":"<p>Nunca ha sido tan f\u00e1cil unirse al mercado de divisas como lo es en la actualidad. Todo lo que tienes que hacer es conseguir los brokers de Forex correctos, en los que realmente puedas confiar y luego comenzar a entrar en juego. Es por eso que el mercado se est\u00e1 llenando de traders. Personas que se despiertan diariamente pregunt\u00e1ndose \u00bfC\u00f3mo me convierto en un trader diario exitoso? y el problema es que no todos los traders ser\u00e1n buenos operadores y mucho menos exitosos. Entonces, \u00bfQu\u00e9 se necesita para ser un buen Trader? Solo existe un paso muy importante que debe hacer para\u00a0 ir por el camino correcto para convertirse en uno: debe admitir que necesitas orientaci\u00f3n. Revisando esta gu\u00eda \u00a1Te encuentras en el camino correcto! Lo que quiere decir que has superado tu orgullo y est\u00e1s listo para comenzar a aprender. Lo curioso, es que aqu\u00ed es que la mayor\u00eda de los consejos que tambi\u00e9n pueden aplicarse para ser un trader exitoso en el mercado de acciones tambi\u00e9n.<\/p>\n<p>Entonces, \u00bfPor d\u00f3nde quieres empezar? Si tu eres un principiante, definitivamente deber\u00edas comenzar a observar los errores m\u00e1s frecuentes que cometen la mayor\u00eda de los principiantes. Luego, tu encontrar\u00e1s cuales son los conceptos b\u00e1sicos para operar en Forex, su jerga y cu\u00e1les son los conceptos m\u00e1s importantes. Nuevamente, si t\u00fa estas aqu\u00ed, quiere decir que est\u00e1s buscando guiarte para formar tu estrategia y planificando una correcta disciplina. C\u00f3mo sea, hay varios conceptos que debes comprender que tu necesitas adquirir cuando est\u00e1s pensando en c\u00f3mo ser un trader exitoso en el mercado de Forex.<\/p>\n<img decoding=\"async\" loading=\"lazy\" class=\"operador de Forex aligncenter wp-image-84620 size-full\" title=\"c\u00f3mo ser el mejor trader\" src=\"http:\/\/forextradingbonus.com\/wp-content\/img\/2019\/02\/stencil.post-thumbnail-3-1024x512.jpg\" alt=\"c\u00f3mo ser un buen trader de Forex\" width=\"1024\" height=\"512\" \/>\n<h2>Los conceptos que debes conocer<\/h2>\n<p>Como mencionamos anteriormente, existen conceptos muy importantes que necesitas conocer si t\u00fa quieres ser un trader exitoso en Forex. Estos conceptos pueden dividirse en tres categor\u00edas: conceptos b\u00e1sicos, importancia de conceptos y las notas. La categorizaci\u00f3n ser\u00e1 relativa al nivel de conocimientos sobre el mercado de Forex que t\u00fa tengas. Si t\u00fa eres un principiante, deber\u00e1s empezar aprendiendo conceptos b\u00e1sicos, pero si t\u00fa ya est\u00e1s operando desde hace un par de meses y entiendes las ideas y el lenguaje, deber\u00e1s considerar algunos consejos m\u00e1s avanzados. De todos modos, si conoces la mayor\u00eda de los conceptos b\u00e1sicos de Forex, evita saltarte los conceptos b\u00e1sicos, porque cuando hacemos algo hace un tiempo, tendemos a\u00a0 olvidar algunas ideas y herramientas b\u00e1sicas. Recordarlos,\u00a0 es una de la mejor manera para ser un trader exitoso, esto cambiar\u00e1 su forma de leer y operar en el mercado y en consecuencia incrementar las chances de \u00e9xito.<\/p>\n<h3>Conceptos b\u00e1sicos que te ayudar\u00e1n a convertirte en un exitoso trader<\/h3>\n<p>Algunos traders de hoy en d\u00eda pierden mucho tiempo planificando su estrategia diaria e intentando interpretar y analizar complejos gr\u00e1ficos. El resultado a todo esto termina perdi\u00e9ndolos en un mar de confusi\u00f3n y pierden muchas oportunidades disponibles para ellos. Esto es lo que a menudo sucede e impide tener \u00e9xito a mucho de los operadores. Aqu\u00ed te compartimos una breve gu\u00eda que ayudar\u00e1\u00a0 en tu camino de \u00e9xito y riqueza.<\/p>\n<p>Educarse<\/p>\n<p>Lo m\u00e1s importante que cualquier operador principiante o avanzado es mantenerse actualizado con los conceptos modernos asociados a las operaciones de Forex de la actualidad. La industria permanece de pie por d\u00e9cadas, con nuevos traders que aplican nuevas estrategias, conceptos y nuevas ideas cada a\u00f1o. Cualquier trader con experiencia le dir\u00e1 que no vale la pena aplicarse en este aspecto y que solo la experiencia de los a\u00f1os\u00a0 le ense\u00f1aran a destacarse entre los dem\u00e1s. \u00bfQu\u00e9 es el lenguaje en la industria? \u00bfQu\u00e9 es lo que los traders quieren decir cuando hablan acerca de m\u00e1rgenes y pips? \u00bfA qu\u00e9 se refieren cu\u00e1ndo hablan sobre cual es el mejor de par de divisas en la actualidad? \u00bfQu\u00e9 es el trading diario? \u00bfQu\u00e9 es el trading en rangos?<\/p>\n<p>T\u00fa no debes operar en el mercado sin tener al menos los conocimientos b\u00e1sicos del mercado. Aunque no bastar\u00e1 solo con contar con los conocimientos b\u00e1sicos. Entonces \u00bfQu\u00e9 necesitas para ser un trader exitoso en Forex?. Para ser un trader exitoso en Forex necesitar\u00e1s un poco m\u00e1s de lo que t\u00fa esperas.\u00a0 Conocer en profundidad las tasas de \u00e9xito de diferentes estrategias, el mejor momento para operar con diferentes monedas y la relaci\u00f3n con sus respectivos mercados, y las complejas relaciones que comparten las econom\u00edas de ciertos pa\u00edses y las mayores tasas de cambio entre divisas.<\/p>\n<p>Educarse es probablemente lo m\u00e1s importante que puede hacer un trader. Si t\u00fa est\u00e1s inici\u00e1ndote, te brindamos una gu\u00eda para principiantes para que vayas en la direcci\u00f3n correcta. Y aprendiendo sobre la industria del Forex har\u00e1 que te conviertas en un sobresaliente operador con ambiciones de convertirte en un exitoso trader en Forex.<\/p>\n<img decoding=\"async\" loading=\"lazy\" class=\"trading de Forex aligncenter wp-image-84621 size-full\" title=\"el abc del trading\" src=\"http:\/\/forextradingbonus.com\/wp-content\/img\/2019\/02\/stencil.post-thumbnail-7-1024x512.jpg\" alt=\"trader exitoso de Forex\" width=\"1024\" height=\"512\" \/>\n<h4>Practica<\/h4>\n<p>No tienes que empezar a operar en el mercado en vivo de inmediato. Esto es uno de los mayores errores que puedes cometer cuando reci\u00e9n comienzas a operar en el mercado de Forex. Quiz\u00e1s te hayas educado, pero los conocimientos te\u00f3ricos no son suficientes para practicar. Uno de las formas m\u00e1s f\u00e1ciles para practicar es crear una cuenta demo en alguno de los brokers para Forex que operan en el mercado. Una cuenta demo no es lo mismo que una cuenta en vivo, sino m\u00e1s bien un rango en el cu\u00e1l operan nuevos integrantes del mercado. Esto te mostrar\u00e1 como funciona el mercado en tiempo real, c\u00f3mo se realizan las operaciones, posiciones abiertas y cerradas sin tener que invertir ni un s\u00f3lo centavo.<\/p>\n<p>Muchos de los traders m\u00e1s exitosos de Forex, comenzaron con una simple cuenta demo. Ellos utilizaron todos sus conocimientos te\u00f3ricos aprendidos y los aplicaron en simulaciones del mercado real. Para m\u00e1s tarde usar todos esos conocimientos, habilidades e instintos que desarrollaron en su cuenta demo para poder desarrollar sus propias carteras y obtener un beneficio m\u00e1s r\u00e1pido que lo hubiesen hecho empezando con una cuenta real. Simplemente no te quedes siempre operando con tu cuenta de demostraci\u00f3n ya que nunca ver\u00e1s tus ganancias.<\/p>\n<h4>Comienza de a poco<\/h4>\n<p>Si t\u00fa ya vienes operando la cuenta demo hace ya un tiempo largo, entonces es tiempo que comiences con una cuenta real. Sin embargo, si t\u00fa le temes al riesgo, cualidad muy com\u00fan en los traders, tu no debes comenzar a operar con montos muy altos. En ese caso, deber\u00e1s operar una cuenta micro para una cuenta en vivo ya que las cuentas de trading diario presentan actividades con inversiones m\u00e1s peque\u00f1as. Esto te permitir\u00e1 practicar un poco m\u00e1s y ser\u00e1 una especie de trampol\u00edn permiti\u00e9ndote responder la pregunta de \u00bfc\u00f3mo puedo convertirme en un exitoso Day trader?<\/p>\n<h4>Mant\u00e9n un registro<\/h4>\n<p>Un h\u00e1bito muy importante que debes tener cuando reci\u00e9n comienzas tu carrera es llevar un registro de tus gastos e ingresos. Mantener esta conducta de registros te permitir\u00e1 hacer un seguimiento de que tan exitosas son tus estrategias y qu\u00e9 tan bien funcionan tus pares de divisas. Ya sea que tengas intenci\u00f3n de aprender c\u00f3mo convertirse en un exitoso trader diario o en un trader de forex de tiempo parcial. Mantener un registro te permitir\u00e1 realizar nuevas estrategias. Informaci\u00f3n de este tipo, te permitir\u00e1 tener una librer\u00eda de \u00e9xitos y errores, que te permitir\u00e1n ajustar tus estrategias para evitar p\u00e9rdidas y obtener m\u00e1s ganancias. Si quieres convertirte en un exitoso trader, debes hacer un\u00a0 seguimiento de qu\u00e9 y c\u00f3mo hacer las cosas.<\/p>\n<h4>Control emocional: La cualidad m\u00e1s importante para convertirse en un exitoso trader<\/h4>\n<p>Todos cometemos errores a veces, y tambi\u00e9n tenemos mala suerte y los resultados para todos nosotros son los mismos: nos sentimos enojados o decepcionados. Esto puede generar impulsividad en algunos de nosotros. Cuando operas en Forex, la impulsividad es tu peor enemigo. Ya sea cuando te retires demasiado pronto, realices una oferta demasiado alta o te vayas demasiado tarde, esto siempre se considera una decisi\u00f3n impulsiva y esta simple decisi\u00f3n irracional representar\u00e1 grandes p\u00e9rdidas para ti. Si t\u00fa deseas\u00a0 obtener ganancias con Forex, necesitar\u00e1s aprender a calmar tus emociones y tomar decisiones racionales. De lo contrario, siempre terminar\u00e1s perdiendo tu dinero.<\/p>\n<img decoding=\"async\" loading=\"lazy\" class=\"trading de Forex aligncenter wp-image-84622 size-full\" title=\"aprendiendo el trading\" src=\"http:\/\/forextradingbonus.com\/wp-content\/img\/2019\/02\/stencil.post-thumbnail-4-1024x512.jpg\" alt=\"c\u00f3mo ser un trader exitoso de FX\" width=\"1024\" height=\"512\" \/>\n<h2>Conceptos importantes para\u00a0 los exitosos traders de divisas<\/h2>\n<p>Ya que hemos considerado algunas de las ideas y conceptos b\u00e1sicos, debemos analizar algunas de las cosas m\u00e1s avanzadas. Honestamente, muchos de lo consejos no son complicados. Incluso son consejos que muchos participantes avanzados lo olvidan en reiteradas ocasiones. El problema con muchos de estos conceptos es que requiere mucha disciplina para aplicarlos. Revisar las noticias diariamente, regirse por una estrategia, no sobrepasar el presupuesto y todo esto puede ser olvidado e ignorado debido a las tentaciones que se presenten en ese momento. Recuerda que despacio pero constante se ganar\u00e1 la carrera. Aqu\u00ed la carrera es \u00fanicamente contra tu y tu deseo de asumir grandes riesgos ante las bajas recompensas que puedas obtener. Recordar esto har\u00e1 que te conviertas en un exitoso trader en el mercado de Forex.<\/p>\n<p>Informarse<\/p>\n<p>No s\u00f3lo es importante educarse, mantenerse informado es una herramienta muy importante. Mantenerse al d\u00eda con las noticias relevantes har\u00e1n pr\u00f3spero tu desarrollo para tus operaciones. Si no est\u00e1s al tanto de los acontecimientos en los mercados mundiales, las tendencias de las divisas y otra informaci\u00f3n relevante con los acontecimientos en todo el mundo, entonces no estar\u00e1s preparado para posibles eventualidades y no podr\u00e1s establecer una estrategia que te permita adaptarte al mercado. Esto te har\u00e1 inflexible e incapaz de obtener ganancias cuando se presente la oportunidad de hacerlo. Convertirse en un exitoso trader en el mercado de divisas implica estar al tanto de los posibles cambios que sufra el mercado\u00a0 y las noticias m\u00e1s relevantes que afecten las monedas que negocias para as\u00ed estar listo a todo lo que suceda y estar preparado para afrontar los cambios.<\/p>\n<p>El mercado de divisas cambia diariamente. Los cambios suceden debidamente a diversas razones. Empezando desde la performance y tendencias del mercado y finalizando con el desempe\u00f1o econ\u00f3mico de ciertos pa\u00edses, las expectativas del PBI y las tasas de inter\u00e9s de los bancos nacionales. Obtener las noticias m\u00e1s recientes sobre los mercados financieros, los mercados de divisas y las econom\u00edas mundiales te ayudar\u00e1 a estar listo para cualquier eventualidad y por lo tanto estar listo para obtener ganancias.<\/p>\n<img decoding=\"async\" loading=\"lazy\" class=\"trading de Forex aligncenter wp-image-84625 size-large\" title=\"estrategia para Forex\" src=\"http:\/\/forextradingbonus.com\/wp-content\/img\/2019\/02\/stencil.post-thumbnail-6-1024x512-1024x512.jpg\" alt=\"c\u00f3mo convertirse en un trader exitoso de FX\" width=\"1024\" height=\"512\" \/>\n<p>Planificar<\/p>\n<p>En este caso, no queremos decir que tener simplemente un plan general o ideas de todas las acciones que quieres hacer, sino que tambi\u00e9n queremos tener un plan detallado con respecto a los objetivos a corto, largo y mediano plazo para revisar sus enfoques y saber cu\u00e1ndo se est\u00e1 operando y por qu\u00e9 se est\u00e1 operando. Tambi\u00e9n nos vamos a referir a la elecci\u00f3n de tu estrategia de trading ya sea el d\u00eda de negociaci\u00f3n, la tendencia del mercado o cualquier otra cosa que deseas hacer. Para ser un trader exitoso de FX necesitas tener un plan detallado. Aqu\u00ed se detallan algunas cosas que deber\u00edas tener en cuenta:<\/p>\n<ul>\n<li>Conozca sus pares de divisas: Elegir los pares de divisas correctamente para sus estrategias comerciales es clave para una operaci\u00f3n con \u00e9xito. Ya sea operar con pares seguros, populares o pares de divisas ex\u00f3ticos, ser consciente de por qu\u00e9 los ha elegido har\u00e1 m\u00e1s probable su \u00e9xito con ellos. Deber\u00e1s saber con que moneda se comercializar\u00e1 la tendencia, que d\u00eda operar, y con qu\u00e9 par se operar\u00e1 en distintos escenarios espec\u00edficos en funci\u00f3n de las novedades recibidas. Los mejores pares de divisas son aquellos que encuentras m\u00e1s convenientes y la que m\u00e1s utilizar\u00e1s.<\/li>\n<li>Establece metas a corto y largo plazo &#8211; Establecer metas no es \u00fanicamente decir &#8220;Har\u00e9 esto&#8221; y nunca vuelves a pensar en esta meta. Establecer una meta realista lograr\u00e1 que alcances un cierto nivel de ganancias despu\u00e9s de un cierto tiempo. La idea es establecer un objetivo espec\u00edfico a corto plazo y un objetivo espec\u00edfico a largo plazo y luego evaluar que tan lejos te encuentras de lograr cualquiera de los dos. Establecer metas, es una estrategia leg\u00edtima que te ayudar\u00e1 a convertirte en un trader exitoso.<\/li>\n<li>Conoce tu estrategias operativas: Existen una variedad infinita de estrategias en el mercado de Forex, y para hablar de ellas necesitar\u00edamos realizar una gu\u00eda separada para detallarte cada una de ellas. Cada estrategia tiene sus propias ventajas y desventajas, pero depende de ti ajustarse a cada una de ellas para decidir que tipo de operaciones realizar\u00e1s y cu\u00e1l es la mejor para ti.<\/li>\n<\/ul>\n<h3>Invierte solo lo que t\u00fa puedas soportar<\/h3>\n<p>Este es uno de los conceptos m\u00e1s olvidados, inclusive para muchos traders avanzados que persiguen constantemente un gran pago. Es importante que siempre recuerdes que no debes invertir m\u00e1s de lo que tu puedes soportar perder. Si bien el pago que est\u00e1s buscando realmente vale la pena, perder la mayor parte de tu dinero para intercambiarlo en un instante, es lo peor que podr\u00eda pasarte. Y perder dinero no te convierte en un exitoso trader. Debes poder considerar tus riesgos, evaluar las posibilidades de \u00e9xito y lo m\u00e1s importante, evitar invertir demasiado dinero en una apuesta. Diversifica tus inversiones, tal como lo har\u00edas en el mercado de valores. As\u00ed es como te convertir\u00e1s en un exitoso trader del mercado de divisas.<\/p>\n<h3>Aprende de los traders m\u00e1s exitosos de Forex<\/h3>\n<p>Uno de los dichos m\u00e1s importantes en cualquier espacio profesional es: &#8220;Nunca dejes de aprender&#8221;. No interesa si tu est\u00e1s en una academia, en una empresa o en el mercado de divisas. Siempre recuerda mantenerte informado con las noticias de cada d\u00eda, actualizarte con las plataformas y nuevos conceptos de la industria ya que si no lo haces te quedar\u00e1s atr\u00e1s en tu conocimiento e informaci\u00f3n y eso implica quedarte atr\u00e1s en el mercado. Las personas que realizan estas acciones han corrido con una gran ventaja sobre la mayor\u00eda de los participantes del mercado, lo que significa que algo est\u00e1n haciendo bien. \u00bfQu\u00e9 mejor forma de convertirse en un exitoso trader de FX\u00a0que tomar de ejemplo a los mejores del mercado?<\/p>\n<h2>Los traders m\u00e1s exitosos de Forex hacen notas<\/h2>\n<p>Si tu te conviertes en un trader exitoso de Forex, ser\u00e1 por mero esfuerzo tuyo. Y todo se minimiza en tu disciplina. \u00bfPuedes operar todos los d\u00edas y al mismo tiempo tiempo conservar tu estabilidad emocional y la integridad de tu estrategia y planificaci\u00f3n? Si tu respuesta es s\u00ed, entonces estas muy cerca de convertirte en un exitoso trader. Si tu respuesta es no, entonces tienes mucho trabajo que hacer. Lo m\u00e1s importante es no desanimarse luego de algunos errores cometidos. Aprende de tus errores, realiza un seguimiento de ellos como tambi\u00e9n de tus \u00e9xitos. A continuaci\u00f3n, te presentamos algunos consejos pr\u00e1cticos sobre &#8220;c\u00f3mo convertirse en un exitoso trader de Forex&#8221; que te ser\u00e1n muy \u00fatiles.<\/p>\n<h3>La respuesta a la pregunta: \u00bfC\u00f3mo convertirse en un trader exitoso de Forex?<\/h3>\n<p>No te rindas, no interesa cu\u00e1ntas veces fracases y cu\u00e1ntas veces te des cuenta que tu plan no marcha como tu crees que deber\u00eda funcionar. Por supuesto que, si tu no tienes dinero para invertir en el mercado (debes ser responsable con tus fondos y protegerte para un futuro), deber\u00e1s tomarte un descanso para tu pr\u00f3xima operaci\u00f3n. La idea de tomarte un tiempo recae en aprender, idear y adaptarte para eventualmente lograr ser un trader exitoso. Se precisa de mucho tiempo y energ\u00eda, pero si te preparas, al final del d\u00eda obtendr\u00e1s buenas ganancias. El trabajo duro y el \u00e9xito lento, combinados se volver\u00e1n un plan viable. Esta es la manera de ser un trader exitoso en el mercado de divisas y ser uno de los mejores.<\/p>\n<h3>No olvides tus experiencias y lo que aprendiste<\/h3>\n<p>Es importante que siempre recuerdes lo que tu aprendes y no perder la cabeza. Grandes sue\u00f1os se convierten en grandes \u00e9xitos, pero si olvidas tu pasado y tus conocimientos te llevara a perder el rumbo y seguro a obtener grandes p\u00e9rdidas. Recuerda siempre cu\u00e1l es el el origen de tu \u00e9xitos y nunca pierdas de vista tu objetivo principal.<\/p>\n<img decoding=\"async\" loading=\"lazy\" class=\"trading de Forex aligncenter wp-image-84632 size-large\" title=\"el mejor trader\" src=\"http:\/\/forextradingbonus.com\/wp-content\/img\/2019\/02\/stencil.post-thumbnail-5-1024x512-1024x512.jpg\" alt=\"el trader m\u00e1s exitoso de FX\" width=\"1024\" height=\"512\" \/>\n<h2>\u00a1Mucha suerte en el camino del exitoso trader!<\/h2>\n<p>Te mostramos muchos consejos para que seas un trader exitoso en el mercado de Fx, el resto depende de ti. No olvides que a veces el fracaso se trata solo de mala suerte. Todo lo que necesitas hacer es ser perseverante. As\u00ed que Trader, que tengas mucha suerte con el mercado.<\/p>\n","protected":false},"excerpt":{"rendered":"Nunca ha sido tan f\u00e1cil unirse al mercado de divisas como lo es en la actualidad. Todo lo que","protected":false},"author":19,"featured_media":84673,"parent":0,"menu_order":0,"comment_status":"closed","ping_status":"closed","template":"","meta":{"_mi_skip_tracking":false},"acf":[],"yoast_head":"<!-- This site is optimized with the Yoast SEO plugin v20.4 - https:\/\/yoast.com\/wordpress\/plugins\/seo\/ -->\n<title>\u00bfC\u00f3mo convertirse en un trader exitoso de Forex? El camino correcto<\/title>\n<meta name=\"description\" content=\"Gu\u00eda que detalla c\u00f3mo convertirse en un exitoso trader de Forex, consejos y estrategias para desenvolverse de en el mercado de Forex\" \/>\n<meta name=\"robots\" content=\"index, follow, max-snippet:-1, max-image-preview:large, max-video-preview:-1\" \/>\n<link rel=\"canonical\" href=\"https:\/\/forextradingbonus.com\/es\/como-ser-un-trader-exitoso\/\" \/>\n<meta property=\"og:locale\" content=\"es_ES\" \/>\n<meta property=\"og:type\" content=\"article\" \/>\n<meta property=\"og:title\" content=\"\u00bfC\u00f3mo convertirse en un trader exitoso de Forex? El camino correcto\" \/>\n<meta property=\"og:description\" content=\"Gu\u00eda que detalla c\u00f3mo convertirse en un exitoso trader de Forex, consejos y estrategias para desenvolverse de en el mercado de Forex\" \/>\n<meta property=\"og:url\" content=\"https:\/\/forextradingbonus.com\/es\/como-ser-un-trader-exitoso\/\" \/>\n<meta property=\"og:site_name\" content=\"Forex Trading Bonus\" \/>\n<meta property=\"og:image\" content=\"https:\/\/forextradingbonus.com\/wp-content\/img\/2019\/02\/n1.jpg\" \/>\n\t<meta property=\"og:image:width\" content=\"2560\" \/>\n\t<meta property=\"og:image:height\" content=\"1280\" \/>\n\t<meta property=\"og:image:type\" content=\"image\/jpeg\" \/>\n<meta name=\"twitter:card\" content=\"summary_large_image\" \/>\n<meta name=\"twitter:label1\" content=\"Tiempo de lectura\" \/>\n\t<meta name=\"twitter:data1\" content=\"14 minutos\" \/>\n<!-- \/ Yoast SEO plugin. -->","yoast_head_json":{"title":"\u00bfC\u00f3mo convertirse en un trader exitoso de Forex? El camino correcto","description":"Gu\u00eda que detalla c\u00f3mo convertirse en un exitoso trader de Forex, consejos y estrategias para desenvolverse de en el mercado de Forex","robots":{"index":"index","follow":"follow","max-snippet":"max-snippet:-1","max-image-preview":"max-image-preview:large","max-video-preview":"max-video-preview:-1"},"canonical":"https:\/\/forextradingbonus.com\/es\/como-ser-un-trader-exitoso\/","og_locale":"es_ES","og_type":"article","og_title":"\u00bfC\u00f3mo convertirse en un trader exitoso de Forex? El camino correcto","og_description":"Gu\u00eda que detalla c\u00f3mo convertirse en un exitoso trader de Forex, consejos y estrategias para desenvolverse de en el mercado de Forex","og_url":"https:\/\/forextradingbonus.com\/es\/como-ser-un-trader-exitoso\/","og_site_name":"Forex Trading Bonus","og_image":[{"width":2560,"height":1280,"url":"https:\/\/forextradingbonus.com\/wp-content\/img\/2019\/02\/n1.jpg","type":"image\/jpeg"}],"twitter_card":"summary_large_image","twitter_misc":{"Tiempo de lectura":"14 minutos"},"schema":{"@context":"https:\/\/schema.org","@graph":[{"@type":"WebPage","@id":"https:\/\/forextradingbonus.com\/es\/como-ser-un-trader-exitoso\/","url":"https:\/\/forextradingbonus.com\/es\/como-ser-un-trader-exitoso\/","name":"\u00bfC\u00f3mo convertirse en un trader exitoso de Forex? El camino correcto","isPartOf":{"@id":"https:\/\/forextradingbonus.com\/#website"},"datePublished":"2019-03-31T15:14:30+00:00","dateModified":"2019-03-31T15:14:30+00:00","description":"Gu\u00eda que detalla c\u00f3mo convertirse en un exitoso trader de Forex, consejos y estrategias para desenvolverse de en el mercado de Forex","breadcrumb":{"@id":"https:\/\/forextradingbonus.com\/es\/como-ser-un-trader-exitoso\/#breadcrumb"},"inLanguage":"es","potentialAction":[{"@type":"ReadAction","target":["https:\/\/forextradingbonus.com\/es\/como-ser-un-trader-exitoso\/"]}]},{"@type":"BreadcrumbList","@id":"https:\/\/forextradingbonus.com\/es\/como-ser-un-trader-exitoso\/#breadcrumb","itemListElement":[{"@type":"ListItem","position":1,"name":"Home","item":"https:\/\/forextradingbonus.com\/es\/"},{"@type":"ListItem","position":2,"name":"\u00bfC\u00f3mo convertirse en un exitoso Trader en Forex?"}]},{"@type":"WebSite","@id":"https:\/\/forextradingbonus.com\/#website","url":"https:\/\/forextradingbonus.com\/","name":"Forex Trading Bonus","description":"Best Forex Trading Bonus Reviews. Deposit &amp; No Deposit FX Bonuses and Tips","potentialAction":[{"@type":"SearchAction","target":{"@type":"EntryPoint","urlTemplate":"https:\/\/forextradingbonus.com\/?s={search_term_string}"},"query-input":"required name=search_term_string"}],"inLanguage":"es"}]}},"_links":{"self":[{"href":"https:\/\/forextradingbonus.com\/es\/wp-json\/wp\/v2\/pages\/84616"}],"collection":[{"href":"https:\/\/forextradingbonus.com\/es\/wp-json\/wp\/v2\/pages"}],"about":[{"href":"https:\/\/forextradingbonus.com\/es\/wp-json\/wp\/v2\/types\/page"}],"author":[{"embeddable":true,"href":"https:\/\/forextradingbonus.com\/es\/wp-json\/wp\/v2\/users\/19"}],"replies":[{"embeddable":true,"href":"https:\/\/forextradingbonus.com\/es\/wp-json\/wp\/v2\/comments?post=84616"}],"version-history":[{"count":10,"href":"https:\/\/forextradingbonus.com\/es\/wp-json\/wp\/v2\/pages\/84616\/revisions"}],"predecessor-version":[{"id":85637,"href":"https:\/\/forextradingbonus.com\/es\/wp-json\/wp\/v2\/pages\/84616\/revisions\/85637"}],"wp:featuredmedia":[{"embeddable":true,"href":"https:\/\/forextradingbonus.com\/es\/wp-json\/wp\/v2\/media\/84673"}],"wp:attachment":[{"href":"https:\/\/forextradingbonus.com\/es\/wp-json\/wp\/v2\/media?parent=84616"}],"curies":[{"name":"wp","href":"https:\/\/api.w.org\/{rel}","templated":true}]}}