{"id":84691,"date":"2019-03-31T13:14:18","date_gmt":"2019-03-31T13:14:18","guid":{"rendered":"http:\/\/forextradingbonus.com\/?page_id=84691"},"modified":"2019-03-31T13:15:13","modified_gmt":"2019-03-31T13:15:13","slug":"deposito","status":"publish","type":"page","link":"https:\/\/forextradingbonus.com\/es\/deposito\/","title":{"rendered":"Lista para bonos con dep\u00f3sitos de Forex"},"content":{"rendered":"<h2>\u00bfPor qu\u00e9 obtener un bono con dep\u00f3sito para operar en Forex?<\/h2>\n<p>Ser un trader profesional resulta una tarea dif\u00edcil. Tu tienes que calcular todas las oportunidades que se presenten y pensar muy bien el posible riesgo que represente. Convertirse en uno de los mejores traders de Forex es dif\u00edcil y requiere de mucho tiempo y esfuerzo. Los bonos de Forex no har\u00e1n que tu nombre est\u00e9 en la lista de uno de los mejores traders de Forex. Y si alguien te dice que para ser un profesional necesitas educarte, probablemente este en lo correcto. Sin embargo, practicar es un punto muy importante para tu educaci\u00f3n. El mejor camino para practicar el trading en FX es cuando encuentras mas posibilidades disponibles para operar. Esta es la causa por la cual te mostraremos c\u00f3mo obtener bonos con dep\u00f3sitos para operar en Forex.<\/p>\n<div class=\"cmpany-review__list\">\n                <!-- Star icon -->\n                <svg width=\"16px\" height=\"15px\" style=\"display:none\" viewBox=\"0 0 16 15\" version=\"1.1\" xmlns=\"http:\/\/www.w3.org\/2000\/svg\" xmlns:xlink=\"http:\/\/www.w3.org\/1999\/xlink\">\n                    <symbol id=\"icon-star\" viewBox=\"0 0 16 15\">\n                        <polygon points=\"7.60845213 12 2.90617011 14.472136 3.80422607 9.23606798 -5.55111512e-17 5.52786405 5.25731112 4.76393202 7.60845213 0 9.95959314 4.76393202 15.2169043 5.52786405 11.4126782 9.23606798 12.3107341 14.472136\"><\/polygon>\n                    <\/symbol>\n                <\/svg><!-- Company review item -->\n            <div class=\"cmpany-review__item\">\n                <div class=\"cmpany-review__info\"><h3 class=\"cmpany-review__name\">XM Group<\/h3><div class=\"cmpany-review__preview\">\n                        <img src=\"https:\/\/forextradingbonus.com\/wp-content\/img\/2019\/03\/xm-Logo-120x50.jpg\"\n                             alt=\"Bono con dep\u00f3sito de XM: Pol\u00edticas y limitaciones de uso\" class=\"cmpany-review__preview__img\" data-rjs=\"3\">\n                    <\/div>\n                <\/div>\n\n                <div class=\"cmpany-review__stats cmpany-review__stats--twoinline\">\n\n                    <div class=\"cmpany-review__stats__item\">\n                        <div class=\"cmpany-review__stats__preview\">\n                            <img src=\"https:\/\/forextradingbonus.com\/wp-content\/themes\/ForexTradingBonus.com\/img\/icons\/Prizepool.svg\" alt=\"\" class=\"cmpany-review__stats__img\">\n                        <\/div>\n                        <div class=\"cmpany-review__stats__info\">\n                            <h3 class=\"cmpany-review__stats__name\">Tama\u00f1o<\/h3>\n                            <p class=\"cmpany-review__stats__desc\">5,000$<\/p>\n                        <\/div>\n                    <\/div>\n\n                    <div class=\"cmpany-review__stats__item\">\n                        <div class=\"cmpany-review__stats__preview\">\n                            <img src=\"https:\/\/forextradingbonus.com\/wp-content\/themes\/ForexTradingBonus.com\/img\/icons\/Platform.svg\" alt=\"\" class=\"cmpany-review__stats__img\">\n                        <\/div>\n                        <div class=\"cmpany-review__stats__info\">\n                            <h3 class=\"cmpany-review__stats__name\">Plataforma<\/h3>\n                            <p class=\"cmpany-review__stats__desc\">MT4, MT5<\/p>\n                        <\/div>\n                    <\/div>\n\n                    <div class=\"cmpany-review__stats__item\">\n                        <div class=\"cmpany-review__stats__preview\">\n                            <img src=\"https:\/\/forextradingbonus.com\/wp-content\/themes\/ForexTradingBonus.com\/img\/icons\/Expiration.svg\" alt=\"\" class=\"cmpany-review__stats__img\">\n                        <\/div>\n                        <div class=\"cmpany-review__stats__info\">\n                            <h3 class=\"cmpany-review__stats__name\">Vencimiento<\/h3>\n                            <p class=\"cmpany-review__stats__desc\">N\/A<\/p>\n                        <\/div>\n                    <\/div>\n\n                    <div class=\"cmpany-review__stats__item\">\n                        <div class=\"cmpany-review__stats__preview\">\n                            <img src=\"https:\/\/forextradingbonus.com\/wp-content\/themes\/ForexTradingBonus.com\/img\/icons\/Amount.svg\" alt=\"\" class=\"cmpany-review__stats__img\">\n                        <\/div>\n                        <div class=\"cmpany-review__stats__info\">\n                            <h3 class=\"cmpany-review__stats__name\">Volumen m\u00ednimo<\/h3>\n                            <p class=\"cmpany-review__stats__desc\">0.01 Lotes<\/p>\n                        <\/div>\n                    <\/div>\n\n                <\/div>\n\n                <div class=\"cmpany-review__controls\"><a href=\"\/go\/xmes\/\" target=\u201d_blank\u201d rel=\"nofollow\" class=\"button button--primary\">Obtiene tu bono<\/a><a href=\"https:\/\/forextradingbonus.com\/es\/deposito\/xm\/\" class=\"cmpany-review__controls__link\">Leer rese\u00f1a<\/a>\n                <\/div>\n            <\/div>\n            <!-- Company review item end --><\/div>\n<h2>\u00bfLos traders profesionales de Forex operan con bonos de dep\u00f3sitos?<\/h2>\n<p>Es desacertado decir que un profesional opera sin ning\u00fan tipo de bonificaci\u00f3n. Muchos puntos de vistas est\u00e1n equivocados al pensar esto. Pero obviamente hay personas que piensan esto. Supongamos que alguien te ofrece poder operar sin alg\u00fan tipo de margen, \u00bft\u00fa lo har\u00edas? Bueno, creemos que no existe persona alguna que este calificada para negarse \u00bfverdad?.\u00a0 Por ello es que los bonos con dep\u00f3sitos de FX son una compensaci\u00f3n a tu margen de operaci\u00f3n.<\/p>\n<p>Esta es la raz\u00f3n por la cu\u00e1l muchos de los traders profesionales no desestiman utilizar bonos. Pero por razones obvias no utilizan los bonos sin dep\u00f3sito, ya que estos no ofrecen rentabilidades para ellos. Es mejor utilizar un bono con dep\u00f3sito para operar en FX el cu\u00e1l ofrezca un balance adicional a su cuenta y que una sola operaci\u00f3n pueda aumentar su volumen.<\/p>\n<h2>\u00bfC\u00f3mo encontrar una buena oferta para un bono?<\/h2>\n<p>Los traders profesionales no obtienen el bono m\u00e1s alto que encuentran en las ofertas que proponen en FX. Ellos investigan cada aspecto de la oferta, intentando encontrar el bono con dep\u00f3sito m\u00e1s confiable para as\u00ed no tener problemas en un futuro. Por eso, ellos aseguran que es muy importante evitar ofertas de bonos ofrecidos por los brokers de baja confiabilidad. Muchos traders prefieren asegurarse ante la oferta de un broker s\u00f3lido y rentable que depender ante la posibilidad de un 50% de p\u00e9rdida por confiar en un broker de baja reputaci\u00f3n. Ning\u00fan trader profesional opera con brokers de FX cuya reputaci\u00f3n sea cuestionable. Por lo tanto, tu debes enfocarte en confirmar la reputaci\u00f3n del broker. Encontrar la plataforma adecuada y asegurarse que las condiciones para operar sean las que se ofrecen en el listado publicadas. Luego de estar seguros de estas condiciones podr\u00e1s operar con un bono.<\/p>\n<h2>\u00bfD\u00f3nde obtengo el mejor bono?<\/h2>\n<p>Teniendo a los los mejores traders profesionales de FX en nuestro equipo, Forex Trading Bonus utiliza su experiencia para mostrarte la realidad. Nosotros investigamos en profundidad cada bono con dep\u00f3sito de FX que ofrecen los brokers e intentamos encontrar la trascendencia que puede tener cada uno de ellos. Por otro lado, si suponemos que el trato es mediocre y tu puedes encontrar uno mejor por tus propios medios, te lo diremos en la rese\u00f1a de los tratos. Queremos proteger tu dinero, tiempo y reputaci\u00f3n. Nunca intentaremos mostrarte un trato irregular cuya reputaci\u00f3n sea cuestionable.<\/p>\n<p>Si tuviste una mala experiencia con alguna oferta que quieras que mostremos en Forex Trading Bonus &#8211; contact\u00e1nos, y danos tu opini\u00f3n para que nosotros se la compartamos a todo el mundo.<\/p>\n","protected":false},"excerpt":{"rendered":"\u00a1Prep\u00e1rate para operar en las plataformas web de XM, MetaTrader 4 o MT5 con un saldo de cuenta ampliado","protected":false},"author":19,"featured_media":84846,"parent":0,"menu_order":0,"comment_status":"open","ping_status":"open","template":"page_full_width.php","meta":{"_mi_skip_tracking":false},"acf":[],"yoast_head":"<!-- This site is optimized with the Yoast SEO plugin v20.4 - https:\/\/yoast.com\/wordpress\/plugins\/seo\/ -->\n<title>Lista de los mejores Bonos con dep\u00f3sito para operar en FX<\/title>\n<meta name=\"description\" content=\"Descripci\u00f3n y caracter\u00edsticas de los mejores bonos con dep\u00f3sito que ofrecen los brokers para operar en Forex. Opiniones y puntos de vista de Pro Traders\" \/>\n<meta name=\"robots\" content=\"index, follow, max-snippet:-1, max-image-preview:large, max-video-preview:-1\" \/>\n<link rel=\"canonical\" href=\"https:\/\/forextradingbonus.com\/es\/deposito\/\" \/>\n<meta property=\"og:locale\" content=\"es_ES\" \/>\n<meta property=\"og:type\" content=\"article\" \/>\n<meta property=\"og:title\" content=\"Lista de los mejores Bonos con dep\u00f3sito para operar en FX\" \/>\n<meta property=\"og:description\" content=\"Descripci\u00f3n y caracter\u00edsticas de los mejores bonos con dep\u00f3sito que ofrecen los brokers para operar en Forex. Opiniones y puntos de vista de Pro Traders\" \/>\n<meta property=\"og:url\" content=\"https:\/\/forextradingbonus.com\/es\/deposito\/\" \/>\n<meta property=\"og:site_name\" content=\"Forex Trading Bonus\" \/>\n<meta property=\"article:modified_time\" content=\"2019-03-31T13:15:13+00:00\" \/>\n<meta property=\"og:image\" content=\"https:\/\/forextradingbonus.com\/wp-content\/img\/2019\/03\/bonos-con-depositos.jpg\" \/>\n\t<meta property=\"og:image:width\" content=\"1200\" \/>\n\t<meta property=\"og:image:height\" content=\"800\" \/>\n\t<meta property=\"og:image:type\" content=\"image\/jpeg\" \/>\n<meta name=\"twitter:card\" content=\"summary_large_image\" \/>\n<meta name=\"twitter:label1\" content=\"Tiempo de lectura\" \/>\n\t<meta name=\"twitter:data1\" content=\"3 minutos\" \/>\n<!-- \/ Yoast SEO plugin. -->","yoast_head_json":{"title":"Lista de los mejores Bonos con dep\u00f3sito para operar en FX","description":"Descripci\u00f3n y caracter\u00edsticas de los mejores bonos con dep\u00f3sito que ofrecen los brokers para operar en Forex. Opiniones y puntos de vista de Pro Traders","robots":{"index":"index","follow":"follow","max-snippet":"max-snippet:-1","max-image-preview":"max-image-preview:large","max-video-preview":"max-video-preview:-1"},"canonical":"https:\/\/forextradingbonus.com\/es\/deposito\/","og_locale":"es_ES","og_type":"article","og_title":"Lista de los mejores Bonos con dep\u00f3sito para operar en FX","og_description":"Descripci\u00f3n y caracter\u00edsticas de los mejores bonos con dep\u00f3sito que ofrecen los brokers para operar en Forex. Opiniones y puntos de vista de Pro Traders","og_url":"https:\/\/forextradingbonus.com\/es\/deposito\/","og_site_name":"Forex Trading Bonus","article_modified_time":"2019-03-31T13:15:13+00:00","og_image":[{"width":1200,"height":800,"url":"https:\/\/forextradingbonus.com\/wp-content\/img\/2019\/03\/bonos-con-depositos.jpg","type":"image\/jpeg"}],"twitter_card":"summary_large_image","twitter_misc":{"Tiempo de lectura":"3 minutos"},"schema":{"@context":"https:\/\/schema.org","@graph":[{"@type":"WebPage","@id":"https:\/\/forextradingbonus.com\/es\/deposito\/","url":"https:\/\/forextradingbonus.com\/es\/deposito\/","name":"Lista de los mejores Bonos con dep\u00f3sito para operar en FX","isPartOf":{"@id":"https:\/\/forextradingbonus.com\/#website"},"datePublished":"2019-03-31T13:14:18+00:00","dateModified":"2019-03-31T13:15:13+00:00","description":"Descripci\u00f3n y caracter\u00edsticas de los mejores bonos con dep\u00f3sito que ofrecen los brokers para operar en Forex. Opiniones y puntos de vista de Pro Traders","breadcrumb":{"@id":"https:\/\/forextradingbonus.com\/es\/deposito\/#breadcrumb"},"inLanguage":"es","potentialAction":[{"@type":"ReadAction","target":["https:\/\/forextradingbonus.com\/es\/deposito\/"]}]},{"@type":"BreadcrumbList","@id":"https:\/\/forextradingbonus.com\/es\/deposito\/#breadcrumb","itemListElement":[{"@type":"ListItem","position":1,"name":"Home","item":"https:\/\/forextradingbonus.com\/es\/"},{"@type":"ListItem","position":2,"name":"Lista para bonos con dep\u00f3sitos de Forex"}]},{"@type":"WebSite","@id":"https:\/\/forextradingbonus.com\/#website","url":"https:\/\/forextradingbonus.com\/","name":"Forex Trading Bonus","description":"Best Forex Trading Bonus Reviews. Deposit &amp; No Deposit FX Bonuses and Tips","potentialAction":[{"@type":"SearchAction","target":{"@type":"EntryPoint","urlTemplate":"https:\/\/forextradingbonus.com\/?s={search_term_string}"},"query-input":"required name=search_term_string"}],"inLanguage":"es"}]}},"_links":{"self":[{"href":"https:\/\/forextradingbonus.com\/es\/wp-json\/wp\/v2\/pages\/84691"}],"collection":[{"href":"https:\/\/forextradingbonus.com\/es\/wp-json\/wp\/v2\/pages"}],"about":[{"href":"https:\/\/forextradingbonus.com\/es\/wp-json\/wp\/v2\/types\/page"}],"author":[{"embeddable":true,"href":"https:\/\/forextradingbonus.com\/es\/wp-json\/wp\/v2\/users\/19"}],"replies":[{"embeddable":true,"href":"https:\/\/forextradingbonus.com\/es\/wp-json\/wp\/v2\/comments?post=84691"}],"version-history":[{"count":5,"href":"https:\/\/forextradingbonus.com\/es\/wp-json\/wp\/v2\/pages\/84691\/revisions"}],"predecessor-version":[{"id":85604,"href":"https:\/\/forextradingbonus.com\/es\/wp-json\/wp\/v2\/pages\/84691\/revisions\/85604"}],"wp:featuredmedia":[{"embeddable":true,"href":"https:\/\/forextradingbonus.com\/es\/wp-json\/wp\/v2\/media\/84846"}],"wp:attachment":[{"href":"https:\/\/forextradingbonus.com\/es\/wp-json\/wp\/v2\/media?parent=84691"}],"curies":[{"name":"wp","href":"https:\/\/api.w.org\/{rel}","templated":true}]}}