{"id":84696,"date":"2019-03-31T13:29:31","date_gmt":"2019-03-31T13:29:31","guid":{"rendered":"http:\/\/forextradingbonus.com\/?page_id=84696"},"modified":"2020-12-07T14:35:06","modified_gmt":"2020-12-07T14:35:06","slug":"sin-deposito","status":"publish","type":"page","link":"https:\/\/forextradingbonus.com\/es\/sin-deposito\/","title":{"rendered":"Lista de bonos s\u00edn dep\u00f3sito para Forex"},"content":{"rendered":"\n<h2>Antes que nada \u00bfQu\u00e9 es Forex?<\/h2>\n<p>El mercado de Forex es el t\u00e9rmino general que se utiliza para describir el comercio donde las divisas de distintos pa\u00edses son intercambiadas con fines comerciales, coberturas o especulaciones. Esta acci\u00f3n de especulaci\u00f3n sobre el comercio de divisas se lo denomina Forex Trading. El Forex Trading en l\u00ednea tambi\u00e9n es denominado a veces como Trading de divisas. La mayores centros de Forex trading en el mundo suceden frecuentemente en Nueva York, Londres, Par\u00eds, Sidney, Hong Kong, Singapur, Tokyo y Frankfurt.<\/p>\n<div class=\"cmpany-review__list\">\n                <!-- Star icon -->\n                <svg width=\"16px\" height=\"15px\" style=\"display:none\" viewBox=\"0 0 16 15\" version=\"1.1\" xmlns=\"http:\/\/www.w3.org\/2000\/svg\" xmlns:xlink=\"http:\/\/www.w3.org\/1999\/xlink\">\n                    <symbol id=\"icon-star\" viewBox=\"0 0 16 15\">\n                        <polygon points=\"7.60845213 12 2.90617011 14.472136 3.80422607 9.23606798 -5.55111512e-17 5.52786405 5.25731112 4.76393202 7.60845213 0 9.95959314 4.76393202 15.2169043 5.52786405 11.4126782 9.23606798 12.3107341 14.472136\"><\/polygon>\n                    <\/symbol>\n                <\/svg><!-- Company review item -->\n            <div class=\"cmpany-review__item\">\n                <div class=\"cmpany-review__info\"><h3 class=\"cmpany-review__name\">XM Group<\/h3><div class=\"cmpany-review__rating cmpany-review__rating--active-5\">\n                        <svg class=\"cmpany-review__rating__item\"><use xlink:href=\"#icon-star\"><\/use><\/svg>\n                        <svg class=\"cmpany-review__rating__item\"><use xlink:href=\"#icon-star\"><\/use><\/svg>\n                        <svg class=\"cmpany-review__rating__item\"><use xlink:href=\"#icon-star\"><\/use><\/svg>\n                        <svg class=\"cmpany-review__rating__item\"><use xlink:href=\"#icon-star\"><\/use><\/svg>\n                        <svg class=\"cmpany-review__rating__item\"><use xlink:href=\"#icon-star\"><\/use><\/svg>\n                    <\/div><div class=\"cmpany-review__preview\">\n                        <img src=\"https:\/\/forextradingbonus.com\/wp-content\/img\/2019\/03\/xm-Logo-120x50.jpg\"\n                             alt=\"XM bono sin dep\u00f3sito de 30 USD &#8211; una rese\u00f1a honesta\" class=\"cmpany-review__preview__img\" data-rjs=\"3\">\n                    <\/div>\n                <\/div>\n\n                <div class=\"cmpany-review__stats\">\n                \n                    <div class=\"cmpany-review__stats__item\">\n                        <div class=\"cmpany-review__stats__preview\">\n                            <img src=\"https:\/\/forextradingbonus.com\/wp-content\/themes\/ForexTradingBonus.com\/img\/icons\/Prizepool.svg\" alt=\"\" class=\"cmpany-review__stats__img\">\n                        <\/div>\n                        <div class=\"cmpany-review__stats__info\">\n                            <h3 class=\"cmpany-review__stats__name\">Tama\u00f1o<\/h3>\n                            <p class=\"cmpany-review__stats__desc\">$30<\/p>\n                        <\/div>\n                    <\/div>\n                    \n                    <div class=\"cmpany-review__stats__item\">\n                        <div class=\"cmpany-review__stats__preview\">\n                            <img src=\"https:\/\/forextradingbonus.com\/wp-content\/themes\/ForexTradingBonus.com\/img\/icons\/Platform.svg\" alt=\"\" class=\"cmpany-review__stats__img\">\n                        <\/div>\n                        <div class=\"cmpany-review__stats__info\">\n                            <h3 class=\"cmpany-review__stats__name\">Plataforma<\/h3>\n                            <p class=\"cmpany-review__stats__desc\">MT4, MT5<\/p>\n                        <\/div>\n                    <\/div>\n                    \n                    <div class=\"cmpany-review__stats__item\">\n                        <div class=\"cmpany-review__stats__preview\">\n                            <img src=\"https:\/\/forextradingbonus.com\/wp-content\/themes\/ForexTradingBonus.com\/img\/icons\/Amount.svg\" alt=\"\" class=\"cmpany-review__stats__img\">\n                        <\/div>\n                        <div class=\"cmpany-review__stats__info\">\n                            <h3 class=\"cmpany-review__stats__name\">Volumen m\u00ednimo<\/h3>\n                            <p class=\"cmpany-review__stats__desc\">0,01 Lot<\/p>\n                        <\/div>\n                    <\/div>\n\n                    <div class=\"cmpany-review__stats__item\">\n                        <div class=\"cmpany-review__stats__preview\">\n                            <img src=\"https:\/\/forextradingbonus.com\/wp-content\/themes\/ForexTradingBonus.com\/img\/icons\/Action.svg\" alt=\"\" class=\"cmpany-review__stats__img\">\n                        <\/div>\n                        <div class=\"cmpany-review__stats__info\">\n                            <h3 class=\"cmpany-review__stats__name\">Acci\u00f3n<\/h3>\n                            <p class=\"cmpany-review__stats__desc\">Verificaci\u00f3n<\/p>\n                        <\/div>\n                    <\/div>\n\n                <\/div>\n\n                <div class=\"cmpany-review__controls\"><a href=\"\/go\/xmes\/\" target=\u201d_blank\u201d rel=\"nofollow\" class=\"button button--primary\">Obtiene tu bono<\/a><a href=\"https:\/\/forextradingbonus.com\/es\/sin-deposito\/xm\/\" class=\"cmpany-review__controls__link\">Leer rese\u00f1a<\/a>\n                <\/div>\n            <\/div>\n            <!-- Company review item end --><\/div>\n<h2>\u00bfBuscas la mejor oferta gratuita? \u00a1No busques m\u00e1s! \u00a1Obt\u00e9n USD 30 en bonos sin dep\u00f3sito en XM ahora!<\/h2>\n<p>\u00bfQuieres poner a prueba tus condiciones de trading en el mejor de los brokers? \u00a1Abre una cuenta gratuita en XM Forex y empieza a operar con USD 30 de regalo ahora!<\/p>\n<h2>\u00a1Encuentra los mejores bonos sin dep\u00f3sito 2021 aqu\u00ed!<\/h2>\n<p>Hemos creado una lista de ofertas de los bonos sin dep\u00f3sito gratuitos m\u00e1s confiables y rentables. Tambi\u00e9n, encontrar\u00e1s una gu\u00eda completa que te mostrar\u00e1 c\u00f3mo elegir el bono de Forex correcto de 2021 para ti!<\/p>\n<h2>Caracter\u00edsticas b\u00e1sicas del mercado de Forex<\/h2>\n<p>El mercado de Forex es el de mayor liquidez y el m\u00e1s negociado de los mercados en el mundo, el cu\u00e1l cuenta con un promedio de volumen de $ 8 trillones en transacciones a diario.<\/p>\n<p>Se pueden realizar operaciones las 24 horas del d\u00eda siempre y cuando sean d\u00edas laborales. La diferencia horaria mundial permite que cuando una parte del mundo se vaya a dormir, los negocios comiencen a iniciarse en otra parte. Por lo tanto las operaciones de distintas divisas se pueden realizar desde cualquier parte y a cualquier hora de los d\u00edas laborales. Permitiendo que los traders puedan abrir o cerrar posiciones en cualquier momento del d\u00eda.<\/p>\n<p>Cualquier persona puede operar en Forex. Tu puedes empezar a operar en l\u00ednea con tan s\u00f3lo $50. Sin embargo , es muy importante que tengas los conocimientos b\u00e1sicos de c\u00f3mo se mueve el mercado. Tambi\u00e9n ser\u00e1 muy importante recibir la capacitaci\u00f3n de un trader profesional. En Forex Trading Bonus &#8220;Bonos sin dep\u00f3sito&#8221; tu puedes encontrar algunas ofertas para empezar a operar divisas sin invertir ni un solo centavo. Simplemente registr\u00e1ndote en un broker, verificando t\u00fa numero telef\u00f3nico (solo en algunos casos). Ya puedes sentarte y disfrutar de USD 25 &#8211; USD 100 gratuitos (dependiendo de la oferta) en tu cuenta para trading en vivo.<\/p>\n<p>El trading en FX no realiza movimientos f\u00edsicos de efectivo. Todas las operaciones se realiza a trav\u00e9s de su plataformas en l\u00ednea. Estos software son otorgados por los brokers, (en algunos casos \u00fanicamente plataformas en l\u00ednea). Debes tener en cuenta que las operaciones con divisas siempre se ver\u00e1n afectadas a la situaci\u00f3n econ\u00f3mica del pa\u00eds con su respectiva divisa.<\/p>\n<h2>Algunos t\u00e9rminos utilizados en el trading de Forex<\/h2>\n<p>Antes de comenzar a operar con un bono sin dep\u00f3sito de Forex, aseg\u00farate de tener un poco de conocimientos del mercado y las terminolog\u00edas utilizadas en \u00e9l. No te olvides de darle un vistazo a los t\u00e9rminos\u00a0 que a continuaci\u00f3n se detalla para aprender la terminolog\u00eda de FX.<\/p>\n<h3>\u00a0Pares de Divisas<\/h3>\n<p>En el trading de Forex, las monedas se cotizan de a pares donde las monedas son comparadas una con otra. Por ejemplo GBP\/USD el par entre Libra esterlina y D\u00f3lar estadounidense, por lo cu\u00e1l una moneda ser\u00e1 cambiada por otra.<\/p>\n<p>GBP\/USD=1.45589 esto significa una libra esterlina ser\u00e1 cambiada a 1.45589 US D\u00f3lares<\/p>\n<h3>Divisa Primaria<\/h3>\n<p>La divisa primaria o divisa Base es la divisa que figura como primera entre los pares en cotizarse. En este ejemplo GBP\/USD, la divisa primaria o base es la Libra esterlina.<\/p>\n<h3>Divisa cotizada<\/h3>\n<p>La divisa cotizada es la segunda divisa que figura en un par, el US d\u00f3lar ser\u00eda nuestra divisa cotizada si utilizamos el ejemplo anterior.<\/p>\n<p>Como ya conoces los tipos b\u00e1sicos de divisas, es el momento que te registres con un broker, tomes la oferta y comiences a operar con un bono gratuito sin dep\u00f3sito!<\/p>\n<p>&nbsp;<\/p>\n","protected":false},"excerpt":{"rendered":"XM Forex Broker es un excelente sitio para comenzar a operar con un profesional de FX. Este broker permite que","protected":false},"author":19,"featured_media":84832,"parent":0,"menu_order":0,"comment_status":"open","ping_status":"open","template":"page_full_width.php","meta":{"_mi_skip_tracking":false},"acf":[],"yoast_head":"<!-- This site is optimized with the Yoast SEO plugin v20.4 - https:\/\/yoast.com\/wordpress\/plugins\/seo\/ -->\n<title>Listado de los bonos sin dep\u00f3sito que puedes utilizar en Forex<\/title>\n<meta name=\"description\" content=\"Listado de los mejores bonos sin dep\u00f3sito que puedes utilizar para operar en Forex. Los m\u00e1s utilizados, sus principales caracter\u00edsticas y m\u00e1s.\" \/>\n<meta name=\"robots\" content=\"index, follow, max-snippet:-1, max-image-preview:large, max-video-preview:-1\" \/>\n<link rel=\"canonical\" href=\"https:\/\/forextradingbonus.com\/es\/sin-deposito\/\" \/>\n<meta property=\"og:locale\" content=\"es_ES\" \/>\n<meta property=\"og:type\" content=\"article\" \/>\n<meta property=\"og:title\" content=\"Listado de los bonos sin dep\u00f3sito que puedes utilizar en Forex\" \/>\n<meta property=\"og:description\" content=\"Listado de los mejores bonos sin dep\u00f3sito que puedes utilizar para operar en Forex. Los m\u00e1s utilizados, sus principales caracter\u00edsticas y m\u00e1s.\" \/>\n<meta property=\"og:url\" content=\"https:\/\/forextradingbonus.com\/es\/sin-deposito\/\" \/>\n<meta property=\"og:site_name\" content=\"Forex Trading Bonus\" \/>\n<meta property=\"article:modified_time\" content=\"2020-12-07T14:35:06+00:00\" \/>\n<meta property=\"og:image\" content=\"https:\/\/forextradingbonus.com\/wp-content\/img\/2019\/03\/LOS-MEJORES-BONOS.jpg\" \/>\n\t<meta property=\"og:image:width\" content=\"1200\" \/>\n\t<meta property=\"og:image:height\" content=\"800\" \/>\n\t<meta property=\"og:image:type\" content=\"image\/jpeg\" \/>\n<meta name=\"twitter:card\" content=\"summary_large_image\" \/>\n<meta name=\"twitter:label1\" content=\"Tiempo de lectura\" \/>\n\t<meta name=\"twitter:data1\" content=\"4 minutos\" \/>\n<!-- \/ Yoast SEO plugin. -->","yoast_head_json":{"title":"Listado de los bonos sin dep\u00f3sito que puedes utilizar en Forex","description":"Listado de los mejores bonos sin dep\u00f3sito que puedes utilizar para operar en Forex. Los m\u00e1s utilizados, sus principales caracter\u00edsticas y m\u00e1s.","robots":{"index":"index","follow":"follow","max-snippet":"max-snippet:-1","max-image-preview":"max-image-preview:large","max-video-preview":"max-video-preview:-1"},"canonical":"https:\/\/forextradingbonus.com\/es\/sin-deposito\/","og_locale":"es_ES","og_type":"article","og_title":"Listado de los bonos sin dep\u00f3sito que puedes utilizar en Forex","og_description":"Listado de los mejores bonos sin dep\u00f3sito que puedes utilizar para operar en Forex. Los m\u00e1s utilizados, sus principales caracter\u00edsticas y m\u00e1s.","og_url":"https:\/\/forextradingbonus.com\/es\/sin-deposito\/","og_site_name":"Forex Trading Bonus","article_modified_time":"2020-12-07T14:35:06+00:00","og_image":[{"width":1200,"height":800,"url":"https:\/\/forextradingbonus.com\/wp-content\/img\/2019\/03\/LOS-MEJORES-BONOS.jpg","type":"image\/jpeg"}],"twitter_card":"summary_large_image","twitter_misc":{"Tiempo de lectura":"4 minutos"},"schema":{"@context":"https:\/\/schema.org","@graph":[{"@type":"WebPage","@id":"https:\/\/forextradingbonus.com\/es\/sin-deposito\/","url":"https:\/\/forextradingbonus.com\/es\/sin-deposito\/","name":"Listado de los bonos sin dep\u00f3sito que puedes utilizar en Forex","isPartOf":{"@id":"https:\/\/forextradingbonus.com\/#website"},"datePublished":"2019-03-31T13:29:31+00:00","dateModified":"2020-12-07T14:35:06+00:00","description":"Listado de los mejores bonos sin dep\u00f3sito que puedes utilizar para operar en Forex. Los m\u00e1s utilizados, sus principales caracter\u00edsticas y m\u00e1s.","breadcrumb":{"@id":"https:\/\/forextradingbonus.com\/es\/sin-deposito\/#breadcrumb"},"inLanguage":"es","potentialAction":[{"@type":"ReadAction","target":["https:\/\/forextradingbonus.com\/es\/sin-deposito\/"]}]},{"@type":"BreadcrumbList","@id":"https:\/\/forextradingbonus.com\/es\/sin-deposito\/#breadcrumb","itemListElement":[{"@type":"ListItem","position":1,"name":"Home","item":"https:\/\/forextradingbonus.com\/es\/"},{"@type":"ListItem","position":2,"name":"Lista de bonos s\u00edn dep\u00f3sito para Forex"}]},{"@type":"WebSite","@id":"https:\/\/forextradingbonus.com\/#website","url":"https:\/\/forextradingbonus.com\/","name":"Forex Trading Bonus","description":"Best Forex Trading Bonus Reviews. Deposit &amp; No Deposit FX Bonuses and Tips","potentialAction":[{"@type":"SearchAction","target":{"@type":"EntryPoint","urlTemplate":"https:\/\/forextradingbonus.com\/?s={search_term_string}"},"query-input":"required name=search_term_string"}],"inLanguage":"es"}]}},"_links":{"self":[{"href":"https:\/\/forextradingbonus.com\/es\/wp-json\/wp\/v2\/pages\/84696"}],"collection":[{"href":"https:\/\/forextradingbonus.com\/es\/wp-json\/wp\/v2\/pages"}],"about":[{"href":"https:\/\/forextradingbonus.com\/es\/wp-json\/wp\/v2\/types\/page"}],"author":[{"embeddable":true,"href":"https:\/\/forextradingbonus.com\/es\/wp-json\/wp\/v2\/users\/19"}],"replies":[{"embeddable":true,"href":"https:\/\/forextradingbonus.com\/es\/wp-json\/wp\/v2\/comments?post=84696"}],"version-history":[{"count":8,"href":"https:\/\/forextradingbonus.com\/es\/wp-json\/wp\/v2\/pages\/84696\/revisions"}],"predecessor-version":[{"id":87670,"href":"https:\/\/forextradingbonus.com\/es\/wp-json\/wp\/v2\/pages\/84696\/revisions\/87670"}],"wp:featuredmedia":[{"embeddable":true,"href":"https:\/\/forextradingbonus.com\/es\/wp-json\/wp\/v2\/media\/84832"}],"wp:attachment":[{"href":"https:\/\/forextradingbonus.com\/es\/wp-json\/wp\/v2\/media?parent=84696"}],"curies":[{"name":"wp","href":"https:\/\/api.w.org\/{rel}","templated":true}]}}