{"id":84698,"date":"2019-03-16T19:42:00","date_gmt":"2019-03-16T19:42:00","guid":{"rendered":"http:\/\/forextradingbonus.com\/?page_id=84698"},"modified":"2019-03-31T13:08:23","modified_gmt":"2019-03-31T13:08:23","slug":"concursos","status":"publish","type":"page","link":"https:\/\/forextradingbonus.com\/es\/concursos\/","title":{"rendered":"Listado de concursos en Forex"},"content":{"rendered":"\n<p>Los concursos en Forex demo son muy populares entre los traders. Ciertamente, es una de las formas m\u00e1s divertidas de quitarse el estr\u00e9s. A trav\u00e9s de competencias y haciendo lo que m\u00e1s te gusta: practicar el trading. Como existen grandes cantidades de competencias demo, para los traders es bastante dif\u00edcil encontrar d\u00f3nde participar. Tambi\u00e9n sabemos, que muchas competiciones generalmente son promovidas por los brokers. Haciendo dificultosa la entrada a los mismos debido a la cantidad de tiempo que se pierde para registrarse en ellos. En esta p\u00e1gina te explicaremos en qu\u00e9 consisten las competencias Forex demo y cu\u00e1les son los mejores a nuestro parecer.<\/p>\n<h2>\u00bfQu\u00e9 son los concursos de Forex?<\/h2>\n<p>Muchos concursos demo son organizados mayormente por los brokers como estrategia de marketing y para recibir nuevos contactos a diario. Por ello, ofrecen atractivos premios para obtener nuevos clientes e intentar introducirlos a sus cuentas de trading. La mayor\u00eda de los brokers de alta reputaci\u00f3n organizan estos concursos de trading premiando a sus usuarios. Por lo tanto, muchos traders se preguntan \u00bfCu\u00e1l es el mejor concurso de trading?<\/p>\n<h3>El mejor concurso demo para Forex<\/h3>\n<p>ForexBall tiene uno de los mejores concursos demo para traders que nosotros hemos conocido en a\u00f1os. Durante los \u00faltimos a\u00f1os tuvieron 100 Rondas de trading y m\u00e1s de 25 temporadas. Adem\u00e1s, ForexBall tambi\u00e9n realiz\u00f3 muchas Rondas Especiales. En una de las \u00faltimas Rondas especiales realizadas un trader fue premiado por w 000 USD de dinero en premios sin condiciones.<\/p>\n<p>\u00bfQu\u00e9 lo hace tan bueno a ForexBall? Primero que nada -nunca se detiene, excepto los fines de semana.\u00a0 ForexBall comienza todos los lunes y finaliza todos los viernes. De esta forma los traders pueden disfrutar de 100 horas de pura competici\u00f3n. Adem\u00e1s, ForexBall posee un excelente y transparente sistema de distribuci\u00f3n de premios. Otorg\u00e1ndoles a lo 3 primeros ganadores un premio en sus cuentas el cual pueden utilizar en cualquier momento para operar. Generando un saldo inicial el cu\u00e1l se podr\u00e1 retirar luego de generar un cierto volumen.<\/p>\n<p>Desafortunadamente, debemos decirte que presenta muchas cr\u00edticas al respecto. Muchos participantes han presentado quejas ante la estricta participaci\u00f3n que estos presentan. Permitiendoles participar \u00fanicamente con veces sin poseer una cuenta en vivo. Tambi\u00e9n, muchos se mostraron molestos debido a las restricciones de los retiros. Aqu\u00ed podr\u00e1s encontrar estrategias para ganar varios concursos de Forex.<\/p>\n<h2>\u00bfCu\u00e1les son las alternativas?<\/h2>\n<p>En Forex Trading Bonus intentamos contarte cuales son los concursos leg\u00edtimos y los que otorgan premios en dinero. Puedes navegar la tabla presentada\u00a0 para encontrar los mejores concursos de FX por tu cuenta. Generalmente, los siguientes items que te mostraremos son aquellos que debes tener presente a la hora de elegir donde participar:<\/p>\n<h3>Duraci\u00f3n de los concursos de Forex<\/h3>\n<p>Muchos de los concursos duran por meses. \u00bfTe gustar\u00eda participar de uno tan largo?. De hecho, muchos traders prefieren este tipo de competiciones de larga duraci\u00f3n, ya que reducen la posibilidad de que ganen aquellos participantes que apuntan a la suerte. Existen concursos de hasta seis meses de duraci\u00f3n, pero creemos que es muy dif\u00edcil para afrontar. Nosotros te recomendamos que busques aquellos concursos que duren entre 1 semana y 1 mes.<\/p>\n<h3>Premios de los campeonatos de Forex<\/h3>\n<img decoding=\"async\" loading=\"lazy\" class=\"aligncenter wp-image-85163 size-large\" src=\"http:\/\/forextradingbonus.com\/wp-content\/img\/2019\/03\/forex-winner-1024x1024.jpg\" alt=\"los mejores concursos de Forex\" width=\"1024\" height=\"1024\" \/>\n<p>Cuando participamos de competiciones, creemos que es muy divertido e interesante hacerlo, pero la raz\u00f3n principal de participar es ganar. Pero a veces, es muy complicado obtener los premios. Muchos brokers imponen condiciones para los retiros los cuales no estar\u00e1s en condiciones de afrontar. Por ello, debes apuntar tu b\u00fasqueda a los concursos que ofrezcan premios en forma de dinero o aquellos que presenten detalles claros y concisos de los t\u00e9rminos de retiros.<\/p>\n<h3>Concursos de FX demo vs en vivo<\/h3>\n<p>En esta p\u00e1gina \u00fanicamente nos enfocamos en acercarte una rese\u00f1a de los concursos en cuentas demo de FX. Ya que para los concursos en vivo es necesario tener mayor destreza y pr\u00e1cticamente ser un profesional. Como nosotros estamos tratando de educar mayormente al p\u00fablico principiante en FX y de esta forma los traders iniciales tengan un mejor comienzo. Por eso simplemente evitamos hacer una rese\u00f1a de concursos de FX en vivo.<\/p>\n","protected":false},"excerpt":{"rendered":"Los concursos en Forex demo son muy populares entre los traders. Ciertamente, es una de las formas m\u00e1s divertidas","protected":false},"author":19,"featured_media":85164,"parent":0,"menu_order":0,"comment_status":"open","ping_status":"open","template":"page_full_width.php","meta":{"_mi_skip_tracking":false},"acf":[],"yoast_head":"<!-- This site is optimized with the Yoast SEO plugin v20.4 - https:\/\/yoast.com\/wordpress\/plugins\/seo\/ -->\n<title>Los mejores concursos de Forex para tomar ventajas en tu Trading<\/title>\n<meta name=\"description\" content=\"Listado de los mejores concursos de Forex que est\u00e1n disponibles actualmente para poder tomar ventajas en tu trading y ganar dinero con ellos.\" \/>\n<meta name=\"robots\" content=\"index, follow, max-snippet:-1, max-image-preview:large, max-video-preview:-1\" \/>\n<link rel=\"canonical\" href=\"https:\/\/forextradingbonus.com\/es\/concursos\/\" \/>\n<meta property=\"og:locale\" content=\"es_ES\" \/>\n<meta property=\"og:type\" content=\"article\" \/>\n<meta property=\"og:title\" content=\"Los mejores concursos de Forex para tomar ventajas en tu Trading\" \/>\n<meta property=\"og:description\" content=\"Listado de los mejores concursos de Forex que est\u00e1n disponibles actualmente para poder tomar ventajas en tu trading y ganar dinero con ellos.\" \/>\n<meta property=\"og:url\" content=\"https:\/\/forextradingbonus.com\/es\/concursos\/\" \/>\n<meta property=\"og:site_name\" content=\"Forex Trading Bonus\" \/>\n<meta property=\"article:modified_time\" content=\"2019-03-31T13:08:23+00:00\" \/>\n<meta property=\"og:image\" content=\"https:\/\/forextradingbonus.com\/wp-content\/img\/2019\/03\/campeon-de-forex-trading.jpg\" \/>\n\t<meta property=\"og:image:width\" content=\"1080\" \/>\n\t<meta property=\"og:image:height\" content=\"1080\" \/>\n\t<meta property=\"og:image:type\" content=\"image\/jpeg\" \/>\n<meta name=\"twitter:card\" content=\"summary_large_image\" \/>\n<meta name=\"twitter:label1\" content=\"Tiempo de lectura\" \/>\n\t<meta name=\"twitter:data1\" content=\"4 minutos\" \/>\n<!-- \/ Yoast SEO plugin. -->","yoast_head_json":{"title":"Los mejores concursos de Forex para tomar ventajas en tu Trading","description":"Listado de los mejores concursos de Forex que est\u00e1n disponibles actualmente para poder tomar ventajas en tu trading y ganar dinero con ellos.","robots":{"index":"index","follow":"follow","max-snippet":"max-snippet:-1","max-image-preview":"max-image-preview:large","max-video-preview":"max-video-preview:-1"},"canonical":"https:\/\/forextradingbonus.com\/es\/concursos\/","og_locale":"es_ES","og_type":"article","og_title":"Los mejores concursos de Forex para tomar ventajas en tu Trading","og_description":"Listado de los mejores concursos de Forex que est\u00e1n disponibles actualmente para poder tomar ventajas en tu trading y ganar dinero con ellos.","og_url":"https:\/\/forextradingbonus.com\/es\/concursos\/","og_site_name":"Forex Trading Bonus","article_modified_time":"2019-03-31T13:08:23+00:00","og_image":[{"width":1080,"height":1080,"url":"https:\/\/forextradingbonus.com\/wp-content\/img\/2019\/03\/campeon-de-forex-trading.jpg","type":"image\/jpeg"}],"twitter_card":"summary_large_image","twitter_misc":{"Tiempo de lectura":"4 minutos"},"schema":{"@context":"https:\/\/schema.org","@graph":[{"@type":"WebPage","@id":"https:\/\/forextradingbonus.com\/es\/concursos\/","url":"https:\/\/forextradingbonus.com\/es\/concursos\/","name":"Los mejores concursos de Forex para tomar ventajas en tu Trading","isPartOf":{"@id":"https:\/\/forextradingbonus.com\/#website"},"datePublished":"2019-03-16T19:42:00+00:00","dateModified":"2019-03-31T13:08:23+00:00","description":"Listado de los mejores concursos de Forex que est\u00e1n disponibles actualmente para poder tomar ventajas en tu trading y ganar dinero con ellos.","breadcrumb":{"@id":"https:\/\/forextradingbonus.com\/es\/concursos\/#breadcrumb"},"inLanguage":"es","potentialAction":[{"@type":"ReadAction","target":["https:\/\/forextradingbonus.com\/es\/concursos\/"]}]},{"@type":"BreadcrumbList","@id":"https:\/\/forextradingbonus.com\/es\/concursos\/#breadcrumb","itemListElement":[{"@type":"ListItem","position":1,"name":"Home","item":"https:\/\/forextradingbonus.com\/es\/"},{"@type":"ListItem","position":2,"name":"Listado de concursos en Forex"}]},{"@type":"WebSite","@id":"https:\/\/forextradingbonus.com\/#website","url":"https:\/\/forextradingbonus.com\/","name":"Forex Trading Bonus","description":"Best Forex Trading Bonus Reviews. Deposit &amp; No Deposit FX Bonuses and Tips","potentialAction":[{"@type":"SearchAction","target":{"@type":"EntryPoint","urlTemplate":"https:\/\/forextradingbonus.com\/?s={search_term_string}"},"query-input":"required name=search_term_string"}],"inLanguage":"es"}]}},"_links":{"self":[{"href":"https:\/\/forextradingbonus.com\/es\/wp-json\/wp\/v2\/pages\/84698"}],"collection":[{"href":"https:\/\/forextradingbonus.com\/es\/wp-json\/wp\/v2\/pages"}],"about":[{"href":"https:\/\/forextradingbonus.com\/es\/wp-json\/wp\/v2\/types\/page"}],"author":[{"embeddable":true,"href":"https:\/\/forextradingbonus.com\/es\/wp-json\/wp\/v2\/users\/19"}],"replies":[{"embeddable":true,"href":"https:\/\/forextradingbonus.com\/es\/wp-json\/wp\/v2\/comments?post=84698"}],"version-history":[{"count":8,"href":"https:\/\/forextradingbonus.com\/es\/wp-json\/wp\/v2\/pages\/84698\/revisions"}],"predecessor-version":[{"id":85601,"href":"https:\/\/forextradingbonus.com\/es\/wp-json\/wp\/v2\/pages\/84698\/revisions\/85601"}],"wp:featuredmedia":[{"embeddable":true,"href":"https:\/\/forextradingbonus.com\/es\/wp-json\/wp\/v2\/media\/85164"}],"wp:attachment":[{"href":"https:\/\/forextradingbonus.com\/es\/wp-json\/wp\/v2\/media?parent=84698"}],"curies":[{"name":"wp","href":"https:\/\/api.w.org\/{rel}","templated":true}]}}