{"id":84707,"date":"2019-03-31T13:50:38","date_gmt":"2019-03-31T13:50:38","guid":{"rendered":"http:\/\/forextradingbonus.com\/?page_id=84707"},"modified":"2019-03-31T13:51:11","modified_gmt":"2019-03-31T13:51:11","slug":"plataformas","status":"publish","type":"page","link":"https:\/\/forextradingbonus.com\/es\/plataformas\/","title":{"rendered":"Las mejores plataformas de Forex"},"content":{"rendered":"<p>El trading con los pares de divisas es una de las actividades m\u00e1s rentables de las actividades en el mundo financiero, de hecho es la mejor, ya que Forex es el sector comercial m\u00e1s grande del mundo. Se estima que trillones de d\u00f3lares son intercambiados anualmente en el mercado de Forex. Por esta raz\u00f3n, muchas personas se muestran interesadas a participar de esta actividad tan excitante. Sin embargo, hay que estar preparado para embarcarse hacia lo desconocido. Nuestra gu\u00eda sobre las mejores plataformas de Forex te brindar\u00e1 las herramientas necesarias para navegar en estas aguas turbias. No queremos que mueras en el intento.<\/p>\n<p>El trading en Forex es un ambiente super acelerado y ultra competitivo. Por lo tanto, los futuros inversores deben mantenerse todo el tiempo alerta. En este ambiente, necesitar\u00e1s tener acceso a la informaci\u00f3n correcta en su preciso momento. Para ello, utilizar un software adecuado es la forma correcta para potenciar tu trading y aumentar tus ganancias. Pues, estamos encargados hacer incrementar tus intereses y mostrarte como invertir en el software adecuado ser\u00e1 una soluci\u00f3n para que te conviertas en un buen negociante.<\/p>\n<h2>El rol de un software para el trading de Forex<\/h2>\n<p>Al igual que muchas \u00e1reas de la actividad humana, los programas computarizados aumentan significativamente la productividad\u00a0 y mejoran los resultados. La tecnolog\u00eda moderna no brinda un acceso mucho m\u00e1s rapido a nuestra informacion relevante. Esto es de vital importancia, ya que esta informacion es crucial para operar con monedas que est\u00e1n fluctuando constantemente su precio. El rol de un software adecuado en Forex es inmenso, y muchas plataformas pueden mejorar nuestro rendimiento. Los brokers de Forex utilizan las mejores plataformas facilitando nuestra operaci\u00f3n. Pues, proveen herramientas para ayudar a los traders a obtener mejores resultados.<\/p>\n<h2>Tipos de trading software<\/h2>\n<p>Adem\u00e1s de las plataformas de operaci\u00f3n, que son la base dominante de su existencia, los traders pueden utilizar muchos paquetes de software que mejorarar sus resultados. Por ejemplo, software de an\u00e1lisis (muy utilizados), y algunos programas que ofrecen lineas de tendencias basadas en el historial de precios\u00a0 y otros factores determinantes.<\/p>\n<p>Tambi\u00e9n tenemos la posibilidad de contar con muchos indicadores que vienen incorporados a la plataforma. Muchos brokers tambi\u00e9n pueden ofrecer servicios de alertas en sus plataformas. Servicios cuya funci\u00f3n principal es advertir a los traders en que momento realizar una inversi\u00f3n rentable. No muchos traders tienen la oportunidad de realizar un vistazo al mercado y realizar un anailisis previo, haciendo el proceso de trading un poco m\u00e1s eficiente. Este mismo concepto es aplicado al uso de robots comerciales, ofrecidos en la mayor\u00eda de las plataformas actuales. Muchos traders y brokers refieren tambien este servicio con Asesores Expertos y robots. Estos pueden lograr hacer que las estrategias se ajusten a un determinado plan y ahorrar mucho tiempo al aplicar las mismas.<\/p>\n<img decoding=\"async\" loading=\"lazy\" width=\"702\" height=\"318\" class=\"aligncenter size-full wp-image-84709\" src=\"http:\/\/forextradingbonus.com\/wp-content\/img\/2019\/03\/best-platforms.png\" alt=\"las mejores plataformas de FX\" \/>\n<h2>\u00bfC\u00f3mo encontrar la mejor plataforma para Forex?<\/h2>\n<p>Como muchos sabemos, el mercado de Forex posee una mala reputaci\u00f3n. Debido a muchas actividades maliciosas en este ambiente como estafas y fraudes, logr\u00f3 ganarse esta reputaci\u00f3n. Es por ellos que puede ser un poco dificil de diferenciar un &#8220;buen&#8221; broker de un &#8220;mal&#8221; broker, pero de lo contrario, encontrar una buena plataforma puede ser relativamente f\u00e1cil. Lo \u00fanico que necesitas es realizar un chequeo de las mejores plataformas y decidir cuales se ajustan a tus necesidades.<\/p>\n<p>El proceso de investigaci\u00f3n generalmente comienza ense\u00f1andonos informaci\u00f3n que convierte a la plataforma potencialmente buena. Brindandonos espectaculares caracter\u00edsticas acerca de la misma. Por otro lado, ten muy en cuenta la informaci\u00f3n que obtengas gracias al entorno que a t\u00ed te rodea, ya sean amigos, colegas o familiares. Sus experiencias con brokers te ser\u00e1n de gran ayuda ya que contar con sus impresiones haran apreciar mejor una plataforma en particular. Leyendo rese\u00f1as en internet puedes acceder a informaci\u00f3n mal intencionada, y muchos textos no est\u00e1n escritos por profesionales. Sin embargo lo m\u00e1s importante que debes encontrar en una plataforma antes de comenzar a operar con una cuenta demo. Ya que es una bendici\u00f3n contar con esta herramienta muy valiosa para comenzar a operar en el mercado de Forex.<\/p>\n<h2>Las caracter\u00edsticas m\u00e1s importantes de las mejores plataformas de Forex<\/h2>\n<p>Es una reacci\u00f3n totalmente razonable que el ser humano opte por los mejores servicios con el fin de proteger su dinero, y que todos sus esfuerzos no se vayan por el desague. Por esto, el proceso de selecci\u00f3n de la mejor plataforma presenta los mismos principios. Por lo tanto es muy importante invertir tu dinero en un ambiente agradable y amigable. Aqu\u00ed encontrar\u00e1s algunas caracter\u00edsticas esenciales que debe tener tu pantalla de operaci\u00f3n.<\/p>\n<h3>M\u00e1rgenes bajos y r\u00e1dia ejecuci\u00f3n<\/h3>\n<p>El tiempo es esencial aqu\u00ed, y operar con pares de divisas requiere reacciones r\u00e1pidas y prontas respuestas a los cambios del mercado. Es por esto que debes encontrar un sofware que ofrezca una ejecucion r\u00e1pida para que al mismo tiempo los bajos m\u00e1rgenes te permitan obtener mayores beneficios en per\u00edodos m\u00e1s cortos. Plataformas m\u00e1s estables har\u00e1n que mantengas el rumbo cuando las cosas marchen mal, o cuando los precios comiencen a bajar. Es por esto que una interfaz amigable y receptiva es de vital importancia a la hora de elegir un broker.<\/p>\n<h3>Proceso de instalaci\u00f3n<\/h3>\n<p>En el caso de que la plataforma que elijas no este basada en la web, necesitar\u00e1s descargar los archivos de instalaci\u00f3n e instalar el paquete de software en tu ordenador. La mayor\u00eda de las plataformas actualmente trabajan con la tecnologia Flash, donde operan directamente desde la website del broker. Para aquellas que no posean esta tecnologia, deber\u00e1n consultar sobre el proceso de instalaci\u00f3n y futuras actualizaciones.<\/p>\n<h3>Soporte al cliente<\/h3>\n<p>Tener a alguien de tu lado que pueda ofrecerte ayuda durante el periodo de tus primeros pasos puede significar mucho para tu desarrollo. Es por esto que es muy importante contar con una atenci\u00f3n al cliente para el trading en Forex. Una caracter\u00edstica muy importante que debe tener un broker en la construccion de su buena reputacion, es contar con personal amigable. Los software para el trading en Forex siempre cuentan con una gran cantidad de manuales y material educacional. Tales como libros electronicos y videotutoriales son alguna de las herramientas que estos ofrecen. Tambi\u00e9n deber\u00e1n poseer un numero de contacto o e-mail para solucionar cualquier tipo de experiencia o problema que suceda.<\/p>\n<h2>Caracter\u00edsticas adicionales de plataformas de Forex<\/h2>\n<p>Cuando tratamos sobre las caracter\u00edsticas de las plataformas de Forex, es practicamente imposible determinar cu\u00e1l es la mejor de todas en cuanto a sus caracteristicas. Esto es dificil debido a la individualidad en los traders que prefieren determinados servicios. Por eso es imposible crear un set universal de reglas que puedan utilizarse para definir cual es la mejor plataforma de Forex del mundo. Pero aqu\u00ed te ense\u00f1aremos algunos elementos que consideramos necesarios basados en las necesidades de algunos traders.<\/p>\n<h3>Interface Funcional<\/h3>\n<p>La calidad de la interfaz es un de las caracterisiticas mas importantes que debe tener el software, sin importar que tipo de paquete se este utilizando. Ya que este es elemento que tiene constante contacto con el usuario. En otras palabras, es el encargado de interactuar con el segmento. Cuando el trader est\u00e1 en frente de la plataforma de Forex, el operador debe sentirse a gusto frente a una pantalla ergonomica e intuitiva. Su uso debe ser f\u00e1cil. Adem\u00e1s, la plataforma deber\u00e1 ser adaptable y vers\u00e1til. Por sobre todo deber\u00e1 ser sensitiva y eficiente.<\/p>\n<h3>\u00a0Graficos y otras herramientas<\/h3>\n<p>Las mejores plataformas para trading en Forex ofrecen servicios adicionales adem\u00e1s de poseer las graficas. Algunas\u00a0 herramientas pueden ser de gran ayuda y muy funcionales. Por ejemplo, la cartograf\u00eda es parte del an\u00e1lisis t\u00e9cnico la cual provee de mucha informacion. Los indicadores tecnicos, noticias del mercado y el calendario economico nos brindan una informacion necesaria sobre el estado actual del mercado global. Informaci\u00f3n muy valiosa que puede ser de gran ayuda cuando los precios suban y bajen continuamente.<\/p>\n<img decoding=\"async\" loading=\"lazy\" width=\"700\" height=\"386\" class=\"aligncenter size-full wp-image-84712\" src=\"http:\/\/forextradingbonus.com\/wp-content\/img\/2019\/03\/best-platforms-1.jpg\" alt=\"las mejores plataformas de FX\" \/>\n<h2>Conclusi\u00f3n<\/h2>\n<p>En nuestra gu\u00eda acerca de las mejores plataformas de FX en el mundo, hemos cubierto casi todos los elementos fundamentales que debes conocer cuando decidas registrarte en un broker. Hemos visto que las plataformas existen de varios tipos y tama\u00f1os. Por ello, debes tomarte el tiempo que sea necesario para comparar cual sera la terminal de trading que se adecue a tus necesidades antes de que coloques tu nombre en los casilleros de sus registros.<\/p>\n","protected":false},"excerpt":{"rendered":"El trading con los pares de divisas es una de las actividades m\u00e1s rentables de las actividades en el","protected":false},"author":19,"featured_media":0,"parent":0,"menu_order":0,"comment_status":"closed","ping_status":"closed","template":"","meta":{"_mi_skip_tracking":false},"acf":[],"yoast_head":"<!-- This site is optimized with the Yoast SEO plugin v20.4 - https:\/\/yoast.com\/wordpress\/plugins\/seo\/ -->\n<title>Las mejores plataformas de Forex - Forex Trading Bonus<\/title>\n<meta name=\"robots\" content=\"index, follow, max-snippet:-1, max-image-preview:large, max-video-preview:-1\" \/>\n<link rel=\"canonical\" href=\"https:\/\/forextradingbonus.com\/es\/plataformas\/\" \/>\n<meta property=\"og:locale\" content=\"es_ES\" \/>\n<meta property=\"og:type\" content=\"article\" \/>\n<meta property=\"og:title\" content=\"Las mejores plataformas de Forex - Forex Trading Bonus\" \/>\n<meta property=\"og:description\" content=\"El trading con los pares de divisas es una de las actividades m\u00e1s rentables de las actividades en el mundo financiero, de hecho es la mejor, ya que Forex es el sector comercial m\u00e1s grande del mundo. Se estima que trillones de d\u00f3lares son intercambiados anualmente en el mercado de Forex. Por esta raz\u00f3n, muchas [&hellip;]\" \/>\n<meta property=\"og:url\" content=\"https:\/\/forextradingbonus.com\/es\/plataformas\/\" \/>\n<meta property=\"og:site_name\" content=\"Forex Trading Bonus\" \/>\n<meta property=\"article:modified_time\" content=\"2019-03-31T13:51:11+00:00\" \/>\n<meta property=\"og:image\" content=\"http:\/\/forextradingbonus.com\/wp-content\/img\/2019\/03\/best-platforms.png\" \/>\n<meta name=\"twitter:card\" content=\"summary_large_image\" \/>\n<meta name=\"twitter:label1\" content=\"Tiempo de lectura\" \/>\n\t<meta name=\"twitter:data1\" content=\"7 minutos\" \/>\n<!-- \/ Yoast SEO plugin. -->","yoast_head_json":{"title":"Las mejores plataformas de Forex - Forex Trading Bonus","robots":{"index":"index","follow":"follow","max-snippet":"max-snippet:-1","max-image-preview":"max-image-preview:large","max-video-preview":"max-video-preview:-1"},"canonical":"https:\/\/forextradingbonus.com\/es\/plataformas\/","og_locale":"es_ES","og_type":"article","og_title":"Las mejores plataformas de Forex - Forex Trading Bonus","og_description":"El trading con los pares de divisas es una de las actividades m\u00e1s rentables de las actividades en el mundo financiero, de hecho es la mejor, ya que Forex es el sector comercial m\u00e1s grande del mundo. Se estima que trillones de d\u00f3lares son intercambiados anualmente en el mercado de Forex. Por esta raz\u00f3n, muchas [&hellip;]","og_url":"https:\/\/forextradingbonus.com\/es\/plataformas\/","og_site_name":"Forex Trading Bonus","article_modified_time":"2019-03-31T13:51:11+00:00","og_image":[{"url":"http:\/\/forextradingbonus.com\/wp-content\/img\/2019\/03\/best-platforms.png"}],"twitter_card":"summary_large_image","twitter_misc":{"Tiempo de lectura":"7 minutos"},"schema":{"@context":"https:\/\/schema.org","@graph":[{"@type":"WebPage","@id":"https:\/\/forextradingbonus.com\/es\/plataformas\/","url":"https:\/\/forextradingbonus.com\/es\/plataformas\/","name":"Las mejores plataformas de Forex - Forex Trading Bonus","isPartOf":{"@id":"https:\/\/forextradingbonus.com\/#website"},"datePublished":"2019-03-31T13:50:38+00:00","dateModified":"2019-03-31T13:51:11+00:00","breadcrumb":{"@id":"https:\/\/forextradingbonus.com\/es\/plataformas\/#breadcrumb"},"inLanguage":"es","potentialAction":[{"@type":"ReadAction","target":["https:\/\/forextradingbonus.com\/es\/plataformas\/"]}]},{"@type":"BreadcrumbList","@id":"https:\/\/forextradingbonus.com\/es\/plataformas\/#breadcrumb","itemListElement":[{"@type":"ListItem","position":1,"name":"Home","item":"https:\/\/forextradingbonus.com\/es\/"},{"@type":"ListItem","position":2,"name":"Las mejores plataformas de Forex"}]},{"@type":"WebSite","@id":"https:\/\/forextradingbonus.com\/#website","url":"https:\/\/forextradingbonus.com\/","name":"Forex Trading Bonus","description":"Best Forex Trading Bonus Reviews. Deposit &amp; No Deposit FX Bonuses and Tips","potentialAction":[{"@type":"SearchAction","target":{"@type":"EntryPoint","urlTemplate":"https:\/\/forextradingbonus.com\/?s={search_term_string}"},"query-input":"required name=search_term_string"}],"inLanguage":"es"}]}},"_links":{"self":[{"href":"https:\/\/forextradingbonus.com\/es\/wp-json\/wp\/v2\/pages\/84707"}],"collection":[{"href":"https:\/\/forextradingbonus.com\/es\/wp-json\/wp\/v2\/pages"}],"about":[{"href":"https:\/\/forextradingbonus.com\/es\/wp-json\/wp\/v2\/types\/page"}],"author":[{"embeddable":true,"href":"https:\/\/forextradingbonus.com\/es\/wp-json\/wp\/v2\/users\/19"}],"replies":[{"embeddable":true,"href":"https:\/\/forextradingbonus.com\/es\/wp-json\/wp\/v2\/comments?post=84707"}],"version-history":[{"count":4,"href":"https:\/\/forextradingbonus.com\/es\/wp-json\/wp\/v2\/pages\/84707\/revisions"}],"predecessor-version":[{"id":84713,"href":"https:\/\/forextradingbonus.com\/es\/wp-json\/wp\/v2\/pages\/84707\/revisions\/84713"}],"wp:attachment":[{"href":"https:\/\/forextradingbonus.com\/es\/wp-json\/wp\/v2\/media?parent=84707"}],"curies":[{"name":"wp","href":"https:\/\/api.w.org\/{rel}","templated":true}]}}