{"id":84714,"date":"2019-03-31T14:04:27","date_gmt":"2019-03-31T14:04:27","guid":{"rendered":"http:\/\/forextradingbonus.com\/?page_id=84714"},"modified":"2019-03-31T14:07:11","modified_gmt":"2019-03-31T14:07:11","slug":"ctrader","status":"publish","type":"page","link":"https:\/\/forextradingbonus.com\/es\/plataformas\/ctrader\/","title":{"rendered":"Rese\u00f1a de cTrader"},"content":{"rendered":"<p>Dise\u00f1ado por Spotware para facilitar el trabajo entre los traders y brokers, cTrader fue eclipsado por uno de sus competidores: MetaTrader de Metaquotes. Pero, de todos modos la reputaci\u00f3n cTrader entre tantos brokers continua creciendo.<\/p>\n<p>Teniendo en cuenta el soporte automatizado de trading, cAlGO ayuda a los traders en la operaci\u00f3n automatizada\u00a0 para le mercado de FX; una innovaci\u00f3n algor\u00edtmica que particularmente influenci\u00f3 en la comunidad trading. Continua leyendo la rese\u00f1a de cTrader\u00a0 para aprender acerca de las caracter\u00edsticas \u00fanicas que posee la plataforma de cTrader y compararlas con sus competidores.<\/p>\n<h2>cTrader echemos un vistazo<\/h2>\n<p>La plataforma de cTrader es un producto limitado de cTrader, utilizado como recurso experto para los ECN brokers y FxPro, Liquid Markets, Pepperstone y Admiral Markets. cTrader fue creado con el prop\u00f3sito de cumplir con todos los requisitos que no ofrecen algunos brokers de escritorio; como resultado, esta plataforma incrementa la eficiencia y su transparencia ejecut\u00e1ndose directamente. Si te interesa el mercado de valores de la vida real, sigue leyendo esta rese\u00f1a para encontrar cual es la mayor ventaja que ofrece esta incre\u00edble plataforma de trading.<\/p>\n<img decoding=\"async\" loading=\"lazy\" width=\"1024\" height=\"528\" class=\"aligncenter size-large wp-image-84716\" src=\"http:\/\/forextradingbonus.com\/wp-content\/img\/2019\/03\/ctrader-review-1024x528.png\" alt=\"cTrder rese\u00f1a\" \/>\n<p>La primera impresi\u00f3n que obtenemos al ver la plataforma de cTrader es que notamos una plataforma limpia y agradable. Ofrece un espacio de trabajo pr\u00e1cticamente auto-explicativo. Es tan limpio y organizado que no tendr\u00e1s problema alguno para navegar a trav\u00e9s de su interfaz. Familiariz\u00e1ndote r\u00e1pidamente con la plataforma. Su dise\u00f1o fue pensado para ser su navegaci\u00f3n muy simple para lograr una experiencia intuitiva para ti.<\/p>\n<h2>La eficiencia de la interfaz de cTrader<\/h2>\n<p>Los comentarios de usuarios de cTrader afirman que la plataforma es mucho mas f\u00e1cil de navegar que la de MetaTrader. La plataforma de cTrader contiene un \u00e1rea de gr\u00e1ficas mucho m\u00e1s amplias y numerosos indicadores y herramientas para que los traders puedan aplicar a sus estrategias. Por lo tanto al echar un solo vistazo su interpretaci\u00f3n resulta muy f\u00e1cil de realizar gracias a los indicadores t\u00e9cnicos y herramientas gr\u00e1ficas. Muchos de los usuarios de cTrader que han utilizado versiones anteriores se encontrar\u00e1n muy afilados para operar esta versi\u00f3n.<\/p>\n<h2>cTrader Funcionalidad del mercado<\/h2>\n<p>La plataforma de cTrader ofrece tres alternativas para seguir la profundidad del mercado:<\/p>\n<ul>\n<li>Profundidad est\u00e1ndar del mercado: Caracter\u00edstica que permite a los operadores seguir las din\u00e1micas del mercado que desea monitorear cotizaciones.<\/li>\n<li>Profundidad en el precio del mercado: Escala ejecutable que permite entradas m\u00e1s precisas y el uso de estrategias de Scalping.<\/li>\n<li>Profundidad de mercado VWAP: Esta caracter\u00edstica ayuda a monitorear la expectativa VWAP y la expectativa de m\u00e1rgenes (es utilizada especialmente por traders m\u00e1s experimentados los cuales trabajan en largo y con diferentes vol\u00famenes)<\/li>\n<\/ul>\n<p>Si bien las plataformas de Metaquotes ofrecen \u00fanicamente un tipo de profundidad de mercado, este resumen de cTrader destaca que este software es pionero por ofrecer tres tipos de profundidad de mercado para operar. Por esta raz\u00f3n, muchos usuarios se mostraron deleitados ante esta posibilidad innovadora<\/p>\n<h2>Utilizando los gr\u00e1ficos de cTrader<\/h2>\n<p>La interfaz ofrece un dise\u00f1o muy simple para utilizar los gr\u00e1ficos. Por otro lado, los gr\u00e1ficos se pueden personalizar y separar cuando uno lo desee. cTrader proporciona una gran cantidad de gr\u00e1ficos disponibles, esquemas de color y lineas de tiempos transform\u00e1ndola en una experiencia de trading bastante c\u00f3moda. A continuaci\u00f3n explicaremos algunos detalles para la utilizar algunas herramientas de personalizaci\u00f3n.<\/p>\n<img decoding=\"async\" loading=\"lazy\" class=\"aligncenter wp-image-84717 size-large\" src=\"http:\/\/forextradingbonus.com\/wp-content\/img\/2019\/03\/ctrader_charting_review-1024x531.png\" alt=\"rese\u00f1a cTrader\" width=\"1024\" height=\"531\" \/>\n<h3>Modo gr\u00e1fico<\/h3>\n<p>Existen tres modos de gr\u00e1ficos que te permitir\u00e1n organizar los gr\u00e1ficos en tu \u00e1rea de trabajo. Podr\u00e1s elegir las opciones de: gr\u00e1ficos m\u00faltiples, gr\u00e1ficos \u00fanicos y gr\u00e1ficos gratuitos. La primer opci\u00f3n mostrar\u00e1 todos los gr\u00e1ficos que est\u00e1n abiertos, alineados uno al lado de otro. El segundo expandir\u00e1 completamente un solo gr\u00e1fico en la pantalla. Y por ultimo la opci\u00f3n gratuita, te permitir\u00e1 organizar todos los gr\u00e1ficos del tama\u00f1o y el lugar que desees. Con estos consejos para cTrader depender\u00e1 de ti la selecci\u00f3n del mejor gr\u00e1fico que se adapte a tus necesidades.<\/p>\n<h3>Esquema de colores<\/h3>\n<p>Podr\u00e1s observar que los colores en el esquema predeterminado contienen un fondo negro con barras rojas y verdes. Pero no obstante, puedes modificar los gr\u00e1ficos cambiando estos colores si tu lo deseas. Para realizar esta acci\u00f3n, cada vez que apliques un nuevo gr\u00e1fico, deber\u00e1s elegir un conjunto de colores y configurarlo como un nuevo esquema de color. Esta configuraci\u00f3n permanecer\u00e1 hasta que se vuelva a cambiar su configuraci\u00f3n.<\/p>\n<h3>Indicadores y marcos de tiempo<\/h3>\n<p>La plataforma ofrece una amplia cantidad de indicadores y marcos de tiempo para tu beneficio. Podr\u00e1s acceder a una lista completa de indicadores. Afortunadamente, podr\u00e1s encontrar mas de cincuenta indicadores, incluidos los indicadores de promedios m\u00f3viles, MACD, oscilador estoc\u00e1stico, Bollinger, etc\u00e9tera). Los podr\u00e1s encontrar divididos en cuatro categor\u00edas: Tendencias, oscilador, volatilidad y volumen.<\/p>\n<p>Con respecto a los marcos de tiempo, podr\u00e1s acceder a los marcos est\u00e1ndares como 1,5 y 15 minutos en 1 hora. Adem\u00e1s cTrader te ofrece m\u00e1s opciones como 45,20 y 10 hasta 1 minuto. Generalmente, cTrader puede ofrecer m\u00e1s marcos de tiempo que otras plataformas que est\u00e1n en el mercado actualmente.<\/p>\n<p>Por lo tanto, te recomendamos que pruebes la plataforma con una cuenta Demo. As\u00ed, podr\u00e1s decidir que tipo de indicadores precisas de acuerdo al tipo de operaci\u00f3n y determinar cual es la gama de colores que prefieres.<\/p>\n<p>Cuando se trata de realizar una operaci\u00f3n a nivel macro-econ\u00f3mico, tu necesitar\u00e1s utilizar las herramientas de an\u00e1lisis fundamental. Pero si tu est\u00e1s interesado en realizar un trading a nivel micro-econ\u00f3mico, deber\u00e1s utilizar herramientas de an\u00e1lisis t\u00e9cnico.<\/p>\n<p>Como nombramos anteriormente, cTrader fue dise\u00f1ado para brokers de escritorio sin tratos, lo que significa que estar\u00e1s negociando\u00a0 directamente con la contra parte. Para destacar, la plataforma te hace sentir muy c\u00f3modo mediante una interfaz amigable y caracter\u00edsticas muy bien organizadas. A continuaci\u00f3n incluiremos a esta rese\u00f1a de la plataforma cTrader algunas instrucciones de trading y c\u00f3mo aprovechar todas sus capacidades y grandes caracter\u00edsticas.<\/p>\n<h2>EA vs cALGO<\/h2>\n<img decoding=\"async\" loading=\"lazy\" class=\"alignleft wp-image-84719 size-full\" src=\"http:\/\/forextradingbonus.com\/wp-content\/img\/2019\/03\/calgo-review.png\" alt=\"rese\u00f1a cTrader plataforma\" width=\"530\" height=\"380\" \/>\n<p>Algunos traders se muestran m\u00e1s interesados en realizar un trading mucho m\u00e1s automatizado y prefieren usar las plataformas de MT4 t MT5 porque permiten crear asesores expertos. Como contra partida a esto, cTrader ofrece en su plataforma la funcionalidad de cALGO la cual permite a los traders generar robots, indicadores modificados e inclusive generar estrategias y backtesting. cALGO trabaja con el lenguaje c# y c#.NET framework.<\/p>\n<p>Aunque la plataforma de cTrader trabaja con su propio lenguaje, muchas personas rechazan la posibilidad de adaptarse al lenguaje codificado, ya que precisan de habilidades de programaci\u00f3n que muchos traders carecen. En la actualidad, todav\u00eda la mayor\u00eda de los traders siguen pensando que las plataformas de MetaTrader ofrecen un mejor soporte en cuanto a automatizaci\u00f3n del mercado se refiere.<\/p>\n<p>Afortunadamente, existen diferentes medios para solucionar ciertos problemas que se vayan presentando, tanto como en el foro de cTDN y la red de desarrolladores de cTrader para usuarios. Incluso, ellos pueden contactar con un programador externo para obtener agentes expertos y convertirlos dentro del c# y estar disponibles para trabajar con la plataforma de cTrader cuando sea necesario.<\/p>\n<h2>\u00bfC\u00f3mo ejecutar operaciones con cTrader?<\/h2>\n<p><img decoding=\"async\" loading=\"lazy\" class=\"alignleft wp-image-84722 size-full\" src=\"http:\/\/forextradingbonus.com\/wp-content\/img\/2019\/03\/rsz_ctrader_currency_review-232x300.png\" alt=\"comentarios cTrader\" width=\"232\" height=\"300\" \/>Ahora, para realizar operaciones en cTrader, deber\u00e1s acceder a la columna vertical que se encuentra intuitivamente localizada en la parte izquierda del \u00e1rea de la pantalla. All\u00ed se detallaran una lista con diferentes instrumentos como metales preciosos, petroleo y el mercado de Forex.<\/p>\n<p>Para realizar la operaci\u00f3n, solo haga click en el instrumento o par de divisa que desee. Podr\u00e1s ver una ventana expandida con toda la informaci\u00f3n detallada. De la misma forma, podr\u00e1s cancelar las ordenes de venta, cerrar posiciones de venta, cancelar ordenes de compra y cerrar posiciones de compra.<\/p>\n<p>Podr\u00e1s estar al tanto de cualquier tipo de acci\u00f3n, porque una ventana emergente te indicar\u00e1 todos los detalles de la orden que acabas de realizar.<\/p>\n<p>Nuestra recomendaci\u00f3n: Para operar de manera segura, tambi\u00e9n puedes configurar las ordenes est\u00e1ndar con las ventanas emergentes.<\/p>\n<h2>\u00bfC\u00f3mo realizar un pedido pendiente cTrader?<\/h2>\n<p>Se mostrar\u00e1 una lista completa de \u00f3rdenes pendientes en sus tablas (observar figura 6), y podr\u00e1s apreciar f\u00e1cilmente la distancia de los rangos, el tiempo sumado y precio de cada orden.<\/p>\n<p>Para realizar un Stop Orden, haz click derecho sobre el gr\u00e1fico abierto sobre el instrumento o sobre el par de divisa que desees.<\/p>\n<p>Deber\u00e1s tener much\u00edsimo cuidado cuando administres las opciones de Stop Loss y Take Profit, ya que se activan autom\u00e1ticamente. Para realizar esto, desliza el mouse sobre el gr\u00e1fico luego agarre y suelta el cuadro hasta que aparezca la pesta\u00f1a correspondiente.<\/p>\n<img decoding=\"async\" loading=\"lazy\" class=\"aligncenter wp-image-84725 size-large\" src=\"http:\/\/forextradingbonus.com\/wp-content\/img\/2019\/03\/ctrader_pending_orders-1024x130.png\" alt=\"cTrader comentario\" width=\"1024\" height=\"130\" \/>\n<p>Te recomendamos que guardes los pares actuales preferidos en la columna denominada &#8220;Favoritos&#8221;para que puedas utilizarlos en otra ocasi\u00f3n. (observar figura 7)<\/p>\n<p>\u00bfQu\u00e9 hace a cTrader tan especial? La mayor atenci\u00f3n sobre una plataforma se centra en los beneficios que puede ofrecer, y que no todas pueden otorgarlos. Conocer\u00e1s en este resumen de la plataforma cTrader estas caracter\u00edsticas que excepcionales que te permitir\u00e1n:<\/p>\n<ul>\n<li>Manejar un formato intuitivo para la profundidad del mercado<\/li>\n<li>Agrega n\u00fameros de ALGO o(cBots) coincidentes.<\/li>\n<li>Podr\u00e1s mantener tu pares m\u00e1s utilizados en la columna de &#8220;Favoritos&#8221;<\/li>\n<li>Tendr\u00e1s acceso directo al mercado interbancario<\/li>\n<li>Podr\u00e1s disfrutar de sesiones de negociaci\u00f3n dentro de los horarios regulares del mercado.<\/li>\n<\/ul>\n<h2>Disponibilidad de cTrader<\/h2>\n<p>Para mantenerse al d\u00eda en lo que respecta a tel\u00e9fonos m\u00f3viles y tablets, la plataforma cTrader ofrece las mismas caracter\u00edsticas existentes para las versiones de escritorio o computadoras port\u00e1tiles. La plataforma esta disponible hoy en d\u00eda para Android y iOS, permitiendo a los usuarios realizar operaciones desde distintos dispositivos. Esta utilidad fue muy bien aceptada por sus usuarios, los cuales se sienten muy satisfechos con su disponibilidad y eficacia. Esperemos que cTrader obtenga ventajas sobre sus competidores ya que tanto el soporte m\u00f3vil como la versi\u00f3n web de esta plataforma son altamente efectivas.<\/p>\n<h2>Conclusi\u00f3n de cTrader<\/h2>\n<p>La pelea entre estos dos gigantes de la tecnolog\u00eda comercial es casi inevitable, ya que Spotware ofrece una potente plataforma capaz de superar la supremac\u00eda de MetaTrader, <a href=\"\/es\/plataformas\/metatrader-4-vs-metatrader-5\/\" target=\"_blank\" rel=\"noopener noreferrer\">MetaTrader 4 y MetaTrader 5<\/a>. La innovaci\u00f3n\u00a0 m\u00e1s notable que ofrece cTrader para sus operadores es la incorporaci\u00f3n de distintas caracter\u00edsticas de profundidad de mercado. Por otro lado, la funcionalidad cALGO permite a los traders trabajar en conjunto con programadores con el fin de construir robots e indicadores personalizados. Adem\u00e1s, para los fieles a los EA se han fundado comunidades dedicadas a estos programas.<\/p>\n<p>&nbsp;<\/p>\n","protected":false},"excerpt":{"rendered":"Dise\u00f1ado por Spotware para facilitar el trabajo entre los traders y brokers, cTrader fue eclipsado por uno de sus","protected":false},"author":19,"featured_media":84870,"parent":84707,"menu_order":0,"comment_status":"open","ping_status":"open","template":"","meta":{"_mi_skip_tracking":false},"acf":[],"yoast_head":"<!-- This site is optimized with the Yoast SEO plugin v20.4 - https:\/\/yoast.com\/wordpress\/plugins\/seo\/ -->\n<title>Rese\u00f1a de cTrader la plataforma que cambia la forma de operar en Forex<\/title>\n<meta name=\"description\" content=\"Rese\u00f1a de cTrader, la plataforma que est\u00e1 cambiando la forma de operar en FX, sus principales ventajas, en que consiste la tecnolog\u00eda cALGO y mucho m\u00e1s\" \/>\n<meta name=\"robots\" content=\"index, follow, max-snippet:-1, max-image-preview:large, max-video-preview:-1\" \/>\n<link rel=\"canonical\" href=\"https:\/\/forextradingbonus.com\/es\/plataformas\/ctrader\/\" \/>\n<meta property=\"og:locale\" content=\"es_ES\" \/>\n<meta property=\"og:type\" content=\"article\" \/>\n<meta property=\"og:title\" content=\"Rese\u00f1a de cTrader la plataforma que cambia la forma de operar en Forex\" \/>\n<meta property=\"og:description\" content=\"Rese\u00f1a de cTrader, la plataforma que est\u00e1 cambiando la forma de operar en FX, sus principales ventajas, en que consiste la tecnolog\u00eda cALGO y mucho m\u00e1s\" \/>\n<meta property=\"og:url\" content=\"https:\/\/forextradingbonus.com\/es\/plataformas\/ctrader\/\" \/>\n<meta property=\"og:site_name\" content=\"Forex Trading Bonus\" \/>\n<meta property=\"article:modified_time\" content=\"2019-03-31T14:07:11+00:00\" \/>\n<meta property=\"og:image\" content=\"https:\/\/forextradingbonus.com\/wp-content\/img\/2019\/03\/cTrader.jpg\" \/>\n\t<meta property=\"og:image:width\" content=\"1200\" \/>\n\t<meta property=\"og:image:height\" content=\"800\" \/>\n\t<meta property=\"og:image:type\" content=\"image\/jpeg\" \/>\n<meta name=\"twitter:card\" content=\"summary_large_image\" \/>\n<meta name=\"twitter:label1\" content=\"Tiempo de lectura\" \/>\n\t<meta name=\"twitter:data1\" content=\"9 minutos\" \/>\n<!-- \/ Yoast SEO plugin. -->","yoast_head_json":{"title":"Rese\u00f1a de cTrader la plataforma que cambia la forma de operar en Forex","description":"Rese\u00f1a de cTrader, la plataforma que est\u00e1 cambiando la forma de operar en FX, sus principales ventajas, en que consiste la tecnolog\u00eda cALGO y mucho m\u00e1s","robots":{"index":"index","follow":"follow","max-snippet":"max-snippet:-1","max-image-preview":"max-image-preview:large","max-video-preview":"max-video-preview:-1"},"canonical":"https:\/\/forextradingbonus.com\/es\/plataformas\/ctrader\/","og_locale":"es_ES","og_type":"article","og_title":"Rese\u00f1a de cTrader la plataforma que cambia la forma de operar en Forex","og_description":"Rese\u00f1a de cTrader, la plataforma que est\u00e1 cambiando la forma de operar en FX, sus principales ventajas, en que consiste la tecnolog\u00eda cALGO y mucho m\u00e1s","og_url":"https:\/\/forextradingbonus.com\/es\/plataformas\/ctrader\/","og_site_name":"Forex Trading Bonus","article_modified_time":"2019-03-31T14:07:11+00:00","og_image":[{"width":1200,"height":800,"url":"https:\/\/forextradingbonus.com\/wp-content\/img\/2019\/03\/cTrader.jpg","type":"image\/jpeg"}],"twitter_card":"summary_large_image","twitter_misc":{"Tiempo de lectura":"9 minutos"},"schema":{"@context":"https:\/\/schema.org","@graph":[{"@type":"WebPage","@id":"https:\/\/forextradingbonus.com\/es\/plataformas\/ctrader\/","url":"https:\/\/forextradingbonus.com\/es\/plataformas\/ctrader\/","name":"Rese\u00f1a de cTrader la plataforma que cambia la forma de operar en Forex","isPartOf":{"@id":"https:\/\/forextradingbonus.com\/#website"},"datePublished":"2019-03-31T14:04:27+00:00","dateModified":"2019-03-31T14:07:11+00:00","description":"Rese\u00f1a de cTrader, la plataforma que est\u00e1 cambiando la forma de operar en FX, sus principales ventajas, en que consiste la tecnolog\u00eda cALGO y mucho m\u00e1s","breadcrumb":{"@id":"https:\/\/forextradingbonus.com\/es\/plataformas\/ctrader\/#breadcrumb"},"inLanguage":"es","potentialAction":[{"@type":"ReadAction","target":["https:\/\/forextradingbonus.com\/es\/plataformas\/ctrader\/"]}]},{"@type":"BreadcrumbList","@id":"https:\/\/forextradingbonus.com\/es\/plataformas\/ctrader\/#breadcrumb","itemListElement":[{"@type":"ListItem","position":1,"name":"Home","item":"https:\/\/forextradingbonus.com\/es\/"},{"@type":"ListItem","position":2,"name":"Las mejores plataformas de Forex","item":"https:\/\/forextradingbonus.com\/es\/plataformas\/"},{"@type":"ListItem","position":3,"name":"Rese\u00f1a de cTrader"}]},{"@type":"WebSite","@id":"https:\/\/forextradingbonus.com\/#website","url":"https:\/\/forextradingbonus.com\/","name":"Forex Trading Bonus","description":"Best Forex Trading Bonus Reviews. Deposit &amp; No Deposit FX Bonuses and Tips","potentialAction":[{"@type":"SearchAction","target":{"@type":"EntryPoint","urlTemplate":"https:\/\/forextradingbonus.com\/?s={search_term_string}"},"query-input":"required name=search_term_string"}],"inLanguage":"es"}]}},"_links":{"self":[{"href":"https:\/\/forextradingbonus.com\/es\/wp-json\/wp\/v2\/pages\/84714"}],"collection":[{"href":"https:\/\/forextradingbonus.com\/es\/wp-json\/wp\/v2\/pages"}],"about":[{"href":"https:\/\/forextradingbonus.com\/es\/wp-json\/wp\/v2\/types\/page"}],"author":[{"embeddable":true,"href":"https:\/\/forextradingbonus.com\/es\/wp-json\/wp\/v2\/users\/19"}],"replies":[{"embeddable":true,"href":"https:\/\/forextradingbonus.com\/es\/wp-json\/wp\/v2\/comments?post=84714"}],"version-history":[{"count":11,"href":"https:\/\/forextradingbonus.com\/es\/wp-json\/wp\/v2\/pages\/84714\/revisions"}],"predecessor-version":[{"id":85613,"href":"https:\/\/forextradingbonus.com\/es\/wp-json\/wp\/v2\/pages\/84714\/revisions\/85613"}],"up":[{"embeddable":true,"href":"https:\/\/forextradingbonus.com\/es\/wp-json\/wp\/v2\/pages\/84707"}],"wp:featuredmedia":[{"embeddable":true,"href":"https:\/\/forextradingbonus.com\/es\/wp-json\/wp\/v2\/media\/84870"}],"wp:attachment":[{"href":"https:\/\/forextradingbonus.com\/es\/wp-json\/wp\/v2\/media?parent=84714"}],"curies":[{"name":"wp","href":"https:\/\/api.w.org\/{rel}","templated":true}]}}