{"id":84781,"date":"2019-03-31T15:26:29","date_gmt":"2019-03-31T15:26:29","guid":{"rendered":"http:\/\/forextradingbonus.com\/?page_id=84781"},"modified":"2019-03-31T15:26:29","modified_gmt":"2019-03-31T15:26:29","slug":"estrategia-scalping-1-minuto-en-forex","status":"publish","type":"page","link":"https:\/\/forextradingbonus.com\/es\/estrategia-scalping-1-minuto-en-forex\/","title":{"rendered":"Estrategia de Scalping de 1 minuto en Forex"},"content":{"rendered":"<p>Las mejores estrategias para el trading en Forex son todo un misterio para los principiantes. Si est\u00e1s buscando operar con una cuenta en vivo, dudes de utilizar la Estrategia de Scalping. Continua leyendo debajo para obtener m\u00e1s\u00a0informaci\u00f3n sobre La Estrategia de Scalping para Forex.<\/p>\n<p><img decoding=\"async\" loading=\"lazy\" class=\"alignleft wp-image-84801 size-full\" src=\"http:\/\/forextradingbonus.com\/wp-content\/img\/2019\/03\/1-minute-scalping.png\" alt=\"estrategia de scapling 1 minuto para FX\" width=\"200\" height=\"200\" \/>Antes de comenzar a explicar la estrategia, entremos de lleno dentro del Scalping para saber de que se trata. Es b\u00e1sicamente la \u00faltima versi\u00f3n de las estrategias de Day Trading. Y cuando nos referimos a la ultima versi\u00f3n nos referimos a la mejor de todas tambi\u00e9n. Si t\u00fa sabes que el Day Trading es el camino para tomar un trade y dejarlo el mismo d\u00eda, Scalping es la forma de hacerlo. Significa que luego de abrir una posici\u00f3n tu la cerrar\u00e1s en cuesti\u00f3n de minutos. La Estrategia de Scalping de 1 minuto en Forex es una gran parte de esto, ya que es la m\u00e1s utilizada por la mayor\u00eda de los traders experimentados.\u00a0 Cuando este m\u00e9todo de trading se utiliza correctamente la Estrategia de Scalping de 1 minuto en Forex se transforma en un recurso muy poderoso que se utiliza para el seguimiento de los puntos de entrada y de salida en un abrir y cerrar de ojos. No existen requisitos espec\u00edficos m\u00e1s que operar con brokers que contengan peque\u00f1os m\u00e1rgenes y comisiones en el cual se encuentren disponibles los tiempos de la operaci\u00f3n en frente de su pantalla. Si no cuentas con un par de horas\u00a0 disponibles en el d\u00eda, el Scalping no es lo tuyo. Esta t\u00e9cnica requiere de mucha concentraci\u00f3n y paciencia en frente de tu computadora.<\/p>\n<p>La Estrategia de Scalping de 1 minuto en Forex es considerada como una de las herramientas mas efectivas y m\u00e1s r\u00e1pidas para principiantes, ya que no implica el uso de grandes m\u00e1rgenes ni una gran inversi\u00f3n. Pero, \u00bfcu\u00e1l es la importancia que tiene esta estrategia para el trading? Por un lado debes pasar mucho tiempo en frente de tu computadora. Por el otro, necesitas una experiencia muy grande operando con comisiones y m\u00e1rgenes muy peque\u00f1os.<\/p>\n<p>Aprende a operar de forma efectiva diariamente, inclusive si eres principiante en las operaciones de Forex. Incorpora estrategias claves a tu plan de operaciones en Forex realizando m\u00e1s de 100 operaciones a diario, y aprende c\u00f3mo maximizar tu tiempo y esfuerzo para lograr un mayor impacto al operar en un nivel micro-econ\u00f3mico. A continuaci\u00f3n encontrar\u00e1s algunas recomendaciones en las que encontrar\u00e1s especificaciones y par\u00e1metros necesarios para tu trading.<\/p>\n<h2>Utilizando la estrategia<\/h2>\n<p>Puedes trabajar con cualquier tipo de par, pero te recomendamos que elijas aquellos que presenten un margen mas bajo. Recomendamos tambi\u00e9n que establezcas tu terminal con indicadores como 100 EMA (Exponential Moving Average), 50 EMA y Stochastic (5, 3, 3) cuando te encuentres en sesiones de alta volatilidad, en Londres, Nueva York o similares.<\/p>\n<img decoding=\"async\" loading=\"lazy\" width=\"1024\" height=\"376\" class=\"aligncenter size-large wp-image-84786\" src=\"http:\/\/forextradingbonus.com\/wp-content\/img\/2019\/03\/1-minute-scalping-strategy-1024x376.png\" alt=\"estrategia scalping\" \/>\n<p>Lo mejor forma de utilizar esta estrategia es minimizar el riesgo en tanto sea posible. Por ello, los brokers recomiendan que los traders se inicien probando una cuenta demo. Sin embargo, creemos que la cuenta demo le quita seriedad a esta estrategia. El deseo de obtener ganancias es el principal motivador que ofrece la estrategia de scalping de 1 minuto de FX. Por este motivo, la mejor opci\u00f3n que nosotros recomendamos es que obtengas un bono. Uno de los mejores lugares para obtener un bono es en XM, donde podr\u00e1s obtener el bono sin deposito de $30 de XM. Esto te permitir\u00e1 obtener emociones a la hora de operar, ganando mayor experiencia mientras al mismo tiempo obtienes ganancias. De todos modos, si tus primeros intentos fallan, no tienes nada por perder, los $30 que te entregaron no salieron de tu bolsillo. Esta es la mejor forma de minimizar el riesgo y obtener mayor experiencia en el proceso de trading.<\/p>\n<h3>Estrategia de Scalping de 1 minuto en FX (en corto) Punto de entrada<\/h3>\n<p>Para realizar una entrada de venta en corto, sigue el mismo procedimiento pero al rev\u00e9s. Es decir que el indicador Estoc\u00e1stico debe estar por encima del nivel 80. Tambi\u00e9n es importante esperar que el precio retorne a los EMA, donde el 50 EMA ahora se ubica por debajo del 100 EMA, pero sin embargo el promedio del TP permanece cerca delos 8-12 pips del precio de entrada, ya que SL est\u00e1 2-3 pips por debajo de la \u00faltima oscilaci\u00f3n.<\/p>\n<h2>Requisitos para la estrategia de especulaci\u00f3n de Forex<\/h2>\n<ul>\n<li>Procura mantener varias horas en frente de la pantalla todos los d\u00edas<\/li>\n<li>Elija un broker que ofrezca comisiones y m\u00e1rgenes muy bajos. STP o un broker de ECN<\/li>\n<li>Capacidad de realizar una gran ejecuci\u00f3n.<\/li>\n<li>Configuraci\u00f3n extremadamente precisa de los marcos de tiempo e indicadores.<\/li>\n<\/ul>\n<p>Tambi\u00e9n es posible la implementaci\u00f3n de la estrategia de scalping de 1 minuto de Forex con Dealing Desk Brokers (Agentes de mesas de Negociaci\u00f3n).<\/p>\n<h2>Ventajas y Desventajas<\/h2>\n<p>Todo en este mundo tiene ventajas y desventajas, y la T\u00e9cnica de Scalping de 1 minuto de Forex no es la excepci\u00f3n. Por lo tanto, pasemos a ver lo que recibir\u00e1s en comparaci\u00f3n con lo que deber\u00e1s sacrificar para tener \u00e9xito con este m\u00e9todo de trading. Mostraremos esta estrategia desde un par de perspectivas. Primero tomaremos el POV del trader con respecto a las ganancias, y la siguiente observaci\u00f3n ser\u00e1 tomada por el POV de una persona de familia, con respecto al tiempo que tendr\u00e1 que pasar, etc.<\/p>\n<p>Las ventajas:<\/p>\n<ul>\n<li>Mayor frecuencia: \u00bfQu\u00e9 queremos decir con esto? bueno, que los movimientos en los precios peque\u00f1os se producen con mayor frecuencia que los precios largos, por ende, un trader que aplica la estrategia de scalping de 1 minuto puede lograr la misma cantidad de ganancias en una semana, que la que otros usuarios pueden lograr en un mes.<\/li>\n<li>Riesgo menor: Al decir menos riesgo, no queremos decir que sea m\u00e1s seguro refiri\u00e9ndose a que algo salga mal. Lo que queremos se\u00f1alar es que la cantidad de tiempo que mantendr\u00e1s una posici\u00f3n es muy peque\u00f1a. Por lo tanto, esto le dar\u00e1 a los eventos impredecibles que puedan suceder menos tiempo para que puedan ocurrir. Por ende estar\u00e1s evitando en un 99% el problema que muchos operadores enfrentan d\u00eda a d\u00eda.<\/li>\n<li>El trading no se detiene: \u00bfEscuchaste alguna vez el termino &#8220;El mercado nunca duerme&#8221;? De ser as\u00ed, sabr\u00e1s que los precios apenas se mueven en t\u00e9rminos de inversiones a largo plazo. La buena noticia es que la estrategia de scalping de 1 minuto es denominada rentable porque puede funcionar cuando el mercado se encuentra en horas de sue\u00f1o. Esto es porque los movimientos peque\u00f1os suceden cuando tambi\u00e9n el mercado se encuentra congelado.<\/li>\n<\/ul>\n<p>Las desventajas del Scalping:<\/p>\n<ul>\n<li>El tiempo: No es ning\u00fan secreto saber que la cantidad de tiempo que gastar\u00e1s con esta estrategia no se compara con otras. Esta requiere al menos 2 o 3 horas frente a tu computadora con el fin de analizar los gr\u00e1ficos, tomar un trade y obtener una ganancia. Los usuarios de la t\u00e9cnica de scalping de 1 minuto de FX generalmente realizan por lo menos 10o operaciones por d\u00eda. Si te tienes que ocupar de tu familia y un trabajo a tiempo completo ser\u00e1 pr\u00e1cticamente casi imposible.<\/li>\n<li>El dep\u00f3sito: No har\u00e1 falta decirte que cuando realices transacciones con ganancias de 8 a 12 pips, necesitar\u00e1s un dep\u00f3sito grande para poder ver algunos resultados. Realizar\u00e1s m\u00faltiples operaciones de $1000 por d\u00eda. Inclusive si esas 100 operaciones tienen \u00e9xito al final del d\u00eda, te quedaran unos 80-100 d\u00f3lares. Lo cu\u00e1l a simple vista parece un buen negocio, pero no existe garant\u00eda alguna que te asegure que esas 100 operaciones tengan \u00e9xito.<\/li>\n<li>Carencia de informaci\u00f3n: Si eres un trader minorista, seguramente dependas del an\u00e1lisis t\u00e9cnico en lugar de noticias o informaci\u00f3n. Y aqu\u00ed estar\u00e1s en desventaja en comparaci\u00f3n con los banqueros, debido a que tienen mayor informaci\u00f3n de las situaciones relacionadas con divisas, inclusive en periodos cortos de tiempos como ser una hora o dos.<\/li>\n<li>Tu salud mental: No hace falta decirte que pasar largas horas frente a la computadora observando gr\u00e1ficos y luego realizar operaciones fallidas puede resultar muy agotador para tu mente. En la mayor\u00eda de los casos, los usuarios de la estrategia de scalping de 1 minuto se toman un descanso para despejar sus mentes, o de lo contrario pueden llegar a caer en lo que se denomina adicci\u00f3n. El mejor consejo que podemos brindarte es establecer un horario de operaci\u00f3n. Por ejemplo, operar durante las primeras horas luego de despertarte, y hacerlo por 3 horas. Luego no tocar la computadora en todo el d\u00eda. En serio, toma este consejo o podr\u00e1 ser muy tentador para ti.<\/li>\n<\/ul>\n<h2>Conclusi\u00f3n de la Estrategia de Scalping de 1 minuto de Forex<\/h2>\n<p>A pesar de tener este nombre, estrategia de Scalping de 1 minuto en FX demanda muchas horas de trading. Sin embargo, esto puede convertirte en un campe\u00f3n del day trade. Podr\u00e1s vender y comprar al rededor de 2-3 pips, y obtener grandes ganancias con precios muy peque\u00f1os, para luego estar listo para operar con vol\u00famenes mucho mas grandes. La estrategia de Scalping de 1 minuto de FX es bastante efectiva y r\u00e1pida, convirti\u00e9ndola en una de las estrategias m\u00e1s utilizadas por traders que se est\u00e1n iniciando en Forex.<\/p>\n<p>\u00bfQue es lo que sigue? \u00a1Adquiere el bono de Forex adecuado para traders profesionales y comienza el Scalping desde hoy!<\/p>\n<p>Tambi\u00e9n, recuerda que para ser un buen trader, no debes ajustarte \u00fanicamente a la t\u00e9cnica de Scalping. Por suerte, existen diferentes t\u00e9cnicas para el FX trading que puedes utilizar. El Scalping no tiene que definir tu estilo de trading. Tu puedes encontrar muchos consejos para Forex y encontrar las mejores para ti. Adem\u00e1s, no solo encontraras consejos para Forex sino tambi\u00e9n bonificaciones\u00a0 para que puedas tomar la mejor decisi\u00f3n.<\/p>\n<p>&nbsp;<\/p>\n","protected":false},"excerpt":{"rendered":"Las mejores estrategias para el trading en Forex son todo un misterio para los principiantes. Si est\u00e1s buscando operar","protected":false},"author":19,"featured_media":84876,"parent":0,"menu_order":0,"comment_status":"closed","ping_status":"closed","template":"","meta":{"_mi_skip_tracking":false},"acf":[],"yoast_head":"<!-- This site is optimized with the Yoast SEO plugin v20.4 - https:\/\/yoast.com\/wordpress\/plugins\/seo\/ -->\n<title>Detalles de la Estrategia de Scalping de un minuto en Forex<\/title>\n<meta name=\"description\" content=\"Rese\u00f1a de la Estrategia de Scalping de un minuto de en Forex, ventajas y desventajas de su utilizaci\u00f3n, requisitos, comentarios y m\u00e1s.\" \/>\n<meta name=\"robots\" content=\"index, follow, max-snippet:-1, max-image-preview:large, max-video-preview:-1\" \/>\n<link rel=\"canonical\" href=\"https:\/\/forextradingbonus.com\/es\/estrategia-scalping-1-minuto-en-forex\/\" \/>\n<meta property=\"og:locale\" content=\"es_ES\" \/>\n<meta property=\"og:type\" content=\"article\" \/>\n<meta property=\"og:title\" content=\"Detalles de la Estrategia de Scalping de un minuto en Forex\" \/>\n<meta property=\"og:description\" content=\"Rese\u00f1a de la Estrategia de Scalping de un minuto de en Forex, ventajas y desventajas de su utilizaci\u00f3n, requisitos, comentarios y m\u00e1s.\" \/>\n<meta property=\"og:url\" content=\"https:\/\/forextradingbonus.com\/es\/estrategia-scalping-1-minuto-en-forex\/\" \/>\n<meta property=\"og:site_name\" content=\"Forex Trading Bonus\" \/>\n<meta property=\"og:image\" content=\"https:\/\/forextradingbonus.com\/wp-content\/img\/2019\/03\/scalping.jpg\" \/>\n\t<meta property=\"og:image:width\" content=\"1200\" \/>\n\t<meta property=\"og:image:height\" content=\"800\" \/>\n\t<meta property=\"og:image:type\" content=\"image\/jpeg\" \/>\n<meta name=\"twitter:card\" content=\"summary_large_image\" \/>\n<meta name=\"twitter:label1\" content=\"Tiempo de lectura\" \/>\n\t<meta name=\"twitter:data1\" content=\"8 minutos\" \/>\n<!-- \/ Yoast SEO plugin. -->","yoast_head_json":{"title":"Detalles de la Estrategia de Scalping de un minuto en Forex","description":"Rese\u00f1a de la Estrategia de Scalping de un minuto de en Forex, ventajas y desventajas de su utilizaci\u00f3n, requisitos, comentarios y m\u00e1s.","robots":{"index":"index","follow":"follow","max-snippet":"max-snippet:-1","max-image-preview":"max-image-preview:large","max-video-preview":"max-video-preview:-1"},"canonical":"https:\/\/forextradingbonus.com\/es\/estrategia-scalping-1-minuto-en-forex\/","og_locale":"es_ES","og_type":"article","og_title":"Detalles de la Estrategia de Scalping de un minuto en Forex","og_description":"Rese\u00f1a de la Estrategia de Scalping de un minuto de en Forex, ventajas y desventajas de su utilizaci\u00f3n, requisitos, comentarios y m\u00e1s.","og_url":"https:\/\/forextradingbonus.com\/es\/estrategia-scalping-1-minuto-en-forex\/","og_site_name":"Forex Trading Bonus","og_image":[{"width":1200,"height":800,"url":"https:\/\/forextradingbonus.com\/wp-content\/img\/2019\/03\/scalping.jpg","type":"image\/jpeg"}],"twitter_card":"summary_large_image","twitter_misc":{"Tiempo de lectura":"8 minutos"},"schema":{"@context":"https:\/\/schema.org","@graph":[{"@type":"WebPage","@id":"https:\/\/forextradingbonus.com\/es\/estrategia-scalping-1-minuto-en-forex\/","url":"https:\/\/forextradingbonus.com\/es\/estrategia-scalping-1-minuto-en-forex\/","name":"Detalles de la Estrategia de Scalping de un minuto en Forex","isPartOf":{"@id":"https:\/\/forextradingbonus.com\/#website"},"datePublished":"2019-03-31T15:26:29+00:00","dateModified":"2019-03-31T15:26:29+00:00","description":"Rese\u00f1a de la Estrategia de Scalping de un minuto de en Forex, ventajas y desventajas de su utilizaci\u00f3n, requisitos, comentarios y m\u00e1s.","breadcrumb":{"@id":"https:\/\/forextradingbonus.com\/es\/estrategia-scalping-1-minuto-en-forex\/#breadcrumb"},"inLanguage":"es","potentialAction":[{"@type":"ReadAction","target":["https:\/\/forextradingbonus.com\/es\/estrategia-scalping-1-minuto-en-forex\/"]}]},{"@type":"BreadcrumbList","@id":"https:\/\/forextradingbonus.com\/es\/estrategia-scalping-1-minuto-en-forex\/#breadcrumb","itemListElement":[{"@type":"ListItem","position":1,"name":"Home","item":"https:\/\/forextradingbonus.com\/es\/"},{"@type":"ListItem","position":2,"name":"Estrategia de Scalping de 1 minuto en Forex"}]},{"@type":"WebSite","@id":"https:\/\/forextradingbonus.com\/#website","url":"https:\/\/forextradingbonus.com\/","name":"Forex Trading Bonus","description":"Best Forex Trading Bonus Reviews. Deposit &amp; No Deposit FX Bonuses and Tips","potentialAction":[{"@type":"SearchAction","target":{"@type":"EntryPoint","urlTemplate":"https:\/\/forextradingbonus.com\/?s={search_term_string}"},"query-input":"required name=search_term_string"}],"inLanguage":"es"}]}},"_links":{"self":[{"href":"https:\/\/forextradingbonus.com\/es\/wp-json\/wp\/v2\/pages\/84781"}],"collection":[{"href":"https:\/\/forextradingbonus.com\/es\/wp-json\/wp\/v2\/pages"}],"about":[{"href":"https:\/\/forextradingbonus.com\/es\/wp-json\/wp\/v2\/types\/page"}],"author":[{"embeddable":true,"href":"https:\/\/forextradingbonus.com\/es\/wp-json\/wp\/v2\/users\/19"}],"replies":[{"embeddable":true,"href":"https:\/\/forextradingbonus.com\/es\/wp-json\/wp\/v2\/comments?post=84781"}],"version-history":[{"count":5,"href":"https:\/\/forextradingbonus.com\/es\/wp-json\/wp\/v2\/pages\/84781\/revisions"}],"predecessor-version":[{"id":85651,"href":"https:\/\/forextradingbonus.com\/es\/wp-json\/wp\/v2\/pages\/84781\/revisions\/85651"}],"wp:featuredmedia":[{"embeddable":true,"href":"https:\/\/forextradingbonus.com\/es\/wp-json\/wp\/v2\/media\/84876"}],"wp:attachment":[{"href":"https:\/\/forextradingbonus.com\/es\/wp-json\/wp\/v2\/media?parent=84781"}],"curies":[{"name":"wp","href":"https:\/\/api.w.org\/{rel}","templated":true}]}}