{"id":84883,"date":"2019-03-31T15:09:24","date_gmt":"2019-03-31T15:09:24","guid":{"rendered":"http:\/\/forextradingbonus.com\/?page_id=84883"},"modified":"2019-03-31T15:09:24","modified_gmt":"2019-03-31T15:09:24","slug":"cinco-errores-de-traders","status":"publish","type":"page","link":"https:\/\/forextradingbonus.com\/es\/cinco-errores-de-traders\/","title":{"rendered":"Los cinco errores m\u00e1s comunes de los traders principiantes"},"content":{"rendered":"<p>El trading en l\u00ednea a trav\u00e9s de un broker de Forex ofrece a los principiantes la facilidad de familiarizarse con el mercado de divisas antes de comprometer sus propios fondos. Debido a que la mayor\u00eda de los brokers de Forex en l\u00ednea ofrecen una cuenta demo gratuita para podr\u00e1s su plataforma de trading, los operadores principiantes pueden sumergirse y experimentar en el mercado sin perder un solo centavo. Sin embargo, trading de Forex en l\u00ednea desde una cuenta demo tiene ciertas diferencias. El mayor inconveniente de operar con una cuenta demo es que el hecho de que el trader no puede sentir el dolor financiero por las p\u00e9rdidas reales. Adem\u00e1s, los traders nuevos generalmente tienden a cometer el mismo tipo de errores a pesar de tener experiencia operando con una cuenta de demostraci\u00f3n. Esto es bastante l\u00f3gico, porque los traders en l\u00ednea tienden a sentir distintas emociones cuando ganan y cuando pierden, lo que representa un gran error. Tener una idea s\u00f3lida de que al evitar operar con el mercado de Forex, puede ahorrarle al trader una gran cantidad de dinero y futuros dolores de cabeza. A continuaci\u00f3n podr\u00e1s encontrar los cinco errores m\u00e1s comunes que cometen los traders principiantes en el mercado de Forex.<\/p>\n<h2>El mayor error: Experimentar distintas emociones sin tener un plan<\/h2>\n<p>Las dos principales emociones que genera el mercado de FX son la codicia y el miedo. La mayor\u00eda de los traders temen perder su dinero o se convierten en codiciosos cuando ganan mucho dinero. Estas dos emociones, com\u00fanmente lograr\u00e1n confundir a cualquier persona que intente llegar a la consistencia en el mercado. Error muy com\u00fan de un trader de Forex.<\/p>\n<p>La mejor forma de lidiar con las emociones mientras est\u00e1s operando consiste en eliminarlas por completo. Si bien es muy f\u00e1cil decirlo, pero al contrario, es muy dif\u00edcil ejecutarlo, raz\u00f3n principal para operar con un plan de trading \u00a0espec\u00edfico y consistente.<\/p>\n<p>Operar con un plan de trading puede eliminar en el mayor de los casos la dificultad de presentar emociones que pueden perjudicarte al operar en el mercado de FX. Establecer reglas muy claras y un plan de trading f\u00e1cil de ejecutar podr\u00e1 evitar que tanto traders novatos como los traders m\u00e1s experimentados, cometan errores sumamente costosos a la hora de ejecutar transacciones.<\/p>\n<img decoding=\"async\" loading=\"lazy\" class=\"aligncenter wp-image-84885 size-large\" src=\"http:\/\/forextradingbonus.com\/wp-content\/img\/2019\/03\/errores-1024x683.jpg\" alt=\"errores de traders en Forex\" width=\"1024\" height=\"683\" \/>\n<h2>M\u00e1s errores que suceden en el Forex trading<\/h2>\n<p>Los otros cuatro errores m\u00e1s frecuentes que suelen cometer los traders al operar el mercado de Forex son:<\/p>\n<ul>\n<li style=\"font-weight: 400;\">Apostar el todo por el todo: La mayor\u00eda de los traders de Forex conocen el riesgo de poner todas sus fichas en rojo o en negro, como si se tratase de una ruleta. Independientemente de la fuerza y la confianza con la que se sienta el trader en ese momento acerca de un movimiento, siempre existe la posibilidad de que puede estar equivocado. Poner todo el capital comercial en una sola posici\u00f3n ha costado muchas veces el cierre o quiebre de muchas cuentas de traders. El tama\u00f1o de la posici\u00f3n de entrada de un trade y la gesti\u00f3n de riesgo de la misma conforman dos componentes claves para cualquier plan de trading de un trader exitoso.<\/li>\n<li style=\"font-weight: 400;\">Operar en contra de la tendencia: Los mercados presentan patrones de tendencia que pueden presentarse en una determinada direcci\u00f3n, hacia arriba o hacia abajo favoreciendo una tendencia. Generalmente son f\u00e1ciles de discernir gracias a un gr\u00e1fico de precios en un periodo de largo plazo. Operar en contra de la tendencia es comparado con nadar contra la corriente, o en un mercado que presenta una tendencia muy fuerte es similar a pararse frente a un tren y esperar a que te arrolle.<\/li>\n<li style=\"font-weight: 400;\">Entrando en una posici\u00f3n perdedora: Muchos traders tienen rachas obstinadas y creen que su ejecuci\u00f3n es correcta a pesar de que el mercado est\u00e1 advirtiendo lo contrario. Est\u00e1s \u201cbrillantes\u201d personas piensan que aumentar su posici\u00f3n perdedora, disminuir\u00e1 el precio general de ingreso del mercado y obtendr\u00e1n m\u00e1s ganancias cuando el mercado cambie su conducta. Sin embargo, en la mayor\u00eda de las veces el mercado no retrocede en el tiempo y sus posiciones terminan en grandes p\u00e9rdidas. Las p\u00e9rdidas se magnifican a\u00fan m\u00e1s cuando toman posiciones con el fin de \u201cpromediar\u201d las p\u00e9rdidas.<\/li>\n<li style=\"font-weight: 400;\">Permitir que una posici\u00f3n ganadora se convierta en una posici\u00f3n perdedora: Algunos traders no pueden apreciar correctamente las tendencias del mercado, volvi\u00e9ndolas como el efecto de una banda el\u00e1stica, se estiran en una determinada direcci\u00f3n y para luego invertir su inversi\u00f3n y tomar la direcci\u00f3n opuesta. El sentimiento de avaricia hace que el trader a menudo cancele su orden y tomar sus ganancias con la expectativa de ganar m\u00e1s dinero. Esto a menudo resulta que el mercado opere en la direcci\u00f3n totalmente opuesta y haga que una trade rentable se convierta en uno perdedor.<\/li>\n<\/ul>\n<p>&nbsp;<\/p>\n","protected":false},"excerpt":{"rendered":"El trading en l\u00ednea a trav\u00e9s de un broker de Forex ofrece a los principiantes la facilidad de","protected":false},"author":19,"featured_media":84886,"parent":0,"menu_order":0,"comment_status":"closed","ping_status":"closed","template":"","meta":{"_mi_skip_tracking":false},"acf":[],"yoast_head":"<!-- This site is optimized with the Yoast SEO plugin v20.4 - https:\/\/yoast.com\/wordpress\/plugins\/seo\/ -->\n<title>Los cinco errores m\u00e1s comunes que cometen los Traders en Forex<\/title>\n<meta name=\"description\" content=\"Rese\u00f1a de los cinco errores de traders de Forex m\u00e1s comunes y frecuentes que cometen los traders principiantes y experimentados en el mercado de Forex.\" \/>\n<meta name=\"robots\" content=\"index, follow, max-snippet:-1, max-image-preview:large, max-video-preview:-1\" \/>\n<link rel=\"canonical\" href=\"https:\/\/forextradingbonus.com\/es\/cinco-errores-de-traders\/\" \/>\n<meta property=\"og:locale\" content=\"es_ES\" \/>\n<meta property=\"og:type\" content=\"article\" \/>\n<meta property=\"og:title\" content=\"Los cinco errores m\u00e1s comunes que cometen los Traders en Forex\" \/>\n<meta property=\"og:description\" content=\"Rese\u00f1a de los cinco errores de traders de Forex m\u00e1s comunes y frecuentes que cometen los traders principiantes y experimentados en el mercado de Forex.\" \/>\n<meta property=\"og:url\" content=\"https:\/\/forextradingbonus.com\/es\/cinco-errores-de-traders\/\" \/>\n<meta property=\"og:site_name\" content=\"Forex Trading Bonus\" \/>\n<meta property=\"og:image\" content=\"https:\/\/forextradingbonus.com\/wp-content\/img\/2019\/03\/errores-de-traders.jpg\" \/>\n\t<meta property=\"og:image:width\" content=\"1200\" \/>\n\t<meta property=\"og:image:height\" content=\"800\" \/>\n\t<meta property=\"og:image:type\" content=\"image\/jpeg\" \/>\n<meta name=\"twitter:card\" content=\"summary_large_image\" \/>\n<meta name=\"twitter:label1\" content=\"Tiempo de lectura\" \/>\n\t<meta name=\"twitter:data1\" content=\"4 minutos\" \/>\n<!-- \/ Yoast SEO plugin. -->","yoast_head_json":{"title":"Los cinco errores m\u00e1s comunes que cometen los Traders en Forex","description":"Rese\u00f1a de los cinco errores de traders de Forex m\u00e1s comunes y frecuentes que cometen los traders principiantes y experimentados en el mercado de Forex.","robots":{"index":"index","follow":"follow","max-snippet":"max-snippet:-1","max-image-preview":"max-image-preview:large","max-video-preview":"max-video-preview:-1"},"canonical":"https:\/\/forextradingbonus.com\/es\/cinco-errores-de-traders\/","og_locale":"es_ES","og_type":"article","og_title":"Los cinco errores m\u00e1s comunes que cometen los Traders en Forex","og_description":"Rese\u00f1a de los cinco errores de traders de Forex m\u00e1s comunes y frecuentes que cometen los traders principiantes y experimentados en el mercado de Forex.","og_url":"https:\/\/forextradingbonus.com\/es\/cinco-errores-de-traders\/","og_site_name":"Forex Trading Bonus","og_image":[{"width":1200,"height":800,"url":"https:\/\/forextradingbonus.com\/wp-content\/img\/2019\/03\/errores-de-traders.jpg","type":"image\/jpeg"}],"twitter_card":"summary_large_image","twitter_misc":{"Tiempo de lectura":"4 minutos"},"schema":{"@context":"https:\/\/schema.org","@graph":[{"@type":"WebPage","@id":"https:\/\/forextradingbonus.com\/es\/cinco-errores-de-traders\/","url":"https:\/\/forextradingbonus.com\/es\/cinco-errores-de-traders\/","name":"Los cinco errores m\u00e1s comunes que cometen los Traders en Forex","isPartOf":{"@id":"https:\/\/forextradingbonus.com\/#website"},"datePublished":"2019-03-31T15:09:24+00:00","dateModified":"2019-03-31T15:09:24+00:00","description":"Rese\u00f1a de los cinco errores de traders de Forex m\u00e1s comunes y frecuentes que cometen los traders principiantes y experimentados en el mercado de Forex.","breadcrumb":{"@id":"https:\/\/forextradingbonus.com\/es\/cinco-errores-de-traders\/#breadcrumb"},"inLanguage":"es","potentialAction":[{"@type":"ReadAction","target":["https:\/\/forextradingbonus.com\/es\/cinco-errores-de-traders\/"]}]},{"@type":"BreadcrumbList","@id":"https:\/\/forextradingbonus.com\/es\/cinco-errores-de-traders\/#breadcrumb","itemListElement":[{"@type":"ListItem","position":1,"name":"Home","item":"https:\/\/forextradingbonus.com\/es\/"},{"@type":"ListItem","position":2,"name":"Los cinco errores m\u00e1s comunes de los traders principiantes"}]},{"@type":"WebSite","@id":"https:\/\/forextradingbonus.com\/#website","url":"https:\/\/forextradingbonus.com\/","name":"Forex Trading Bonus","description":"Best Forex Trading Bonus Reviews. Deposit &amp; No Deposit FX Bonuses and Tips","potentialAction":[{"@type":"SearchAction","target":{"@type":"EntryPoint","urlTemplate":"https:\/\/forextradingbonus.com\/?s={search_term_string}"},"query-input":"required name=search_term_string"}],"inLanguage":"es"}]}},"_links":{"self":[{"href":"https:\/\/forextradingbonus.com\/es\/wp-json\/wp\/v2\/pages\/84883"}],"collection":[{"href":"https:\/\/forextradingbonus.com\/es\/wp-json\/wp\/v2\/pages"}],"about":[{"href":"https:\/\/forextradingbonus.com\/es\/wp-json\/wp\/v2\/types\/page"}],"author":[{"embeddable":true,"href":"https:\/\/forextradingbonus.com\/es\/wp-json\/wp\/v2\/users\/19"}],"replies":[{"embeddable":true,"href":"https:\/\/forextradingbonus.com\/es\/wp-json\/wp\/v2\/comments?post=84883"}],"version-history":[{"count":3,"href":"https:\/\/forextradingbonus.com\/es\/wp-json\/wp\/v2\/pages\/84883\/revisions"}],"predecessor-version":[{"id":85635,"href":"https:\/\/forextradingbonus.com\/es\/wp-json\/wp\/v2\/pages\/84883\/revisions\/85635"}],"wp:featuredmedia":[{"embeddable":true,"href":"https:\/\/forextradingbonus.com\/es\/wp-json\/wp\/v2\/media\/84886"}],"wp:attachment":[{"href":"https:\/\/forextradingbonus.com\/es\/wp-json\/wp\/v2\/media?parent=84883"}],"curies":[{"name":"wp","href":"https:\/\/api.w.org\/{rel}","templated":true}]}}