{"id":84890,"date":"2019-03-31T15:37:55","date_gmt":"2019-03-31T15:37:55","guid":{"rendered":"http:\/\/forextradingbonus.com\/?page_id=84890"},"modified":"2019-03-31T15:37:55","modified_gmt":"2019-03-31T15:37:55","slug":"10-razones-por-la-que-es-mejor-forex","status":"publish","type":"page","link":"https:\/\/forextradingbonus.com\/es\/10-razones-por-la-que-es-mejor-forex\/","title":{"rendered":"Las 10 razones principales por las que Forex es el mejor mercado para operar"},"content":{"rendered":"<p>Nunca existi\u00f3 un momento m\u00e1s f\u00e1cil y adecuado para considerar unirse al mercado de Forex que el d\u00eda de hoy. Durante d\u00e9cadas, hasta el d\u00eda de hoy, la industria hab\u00eda estado restringida para individuos ordinarios y las instituciones que ten\u00edan gran capital y recursos eran las \u00fanicas que pod\u00edan operar en \u00e9l, invirtiendo grandes cantidades de capital y obteniendo ganancias gracias a esto. Aunque recientemente, gracias a la ayuda de las nuevas tecnolog\u00edas que se introdujeron en el mundo, las personas ordinarias como tu y yo pudieron acceder y comenzar a operar en el mercado sin la necesidad de contar con miles de d\u00f3lares para comenzar. Por eso, este es el momento para que puedas comenzar a considerar esta gran idea.<\/p>\n<p>Si eres principiante, primero deber\u00edas aprender algunas cosas, pero no es un problema en lo absoluto. Con mucho trabajo, podr\u00e1s convertirte en un trader muy completo sin que nada se interponga en tu camino m\u00e1s que los limites de capital que tu te has impuesto. Podr\u00e1s aplicar distintas estrategias, en cualquier momento y trabajar en el lugar que desees para ganar dinero y alcanzar las metas que te has puesto. El mercado de Forex es una de las mejores opciones en el mundo que te brindan la facilidad y libertad de realizar lo que tu quieres. Esta es una de las razones por la cual el mercado de Forex es uno de los mejores mercados que existen en este momento. Entonces, \u00bfPor que no nos metemos mas detalladamente en las cosas m\u00e1s importantes en este mismo momento?<\/p>\n<img decoding=\"async\" loading=\"lazy\" class=\"aligncenter wp-image-84893 size-large\" src=\"http:\/\/forextradingbonus.com\/wp-content\/img\/2019\/03\/que-es-forex-1024x683.jpg\" alt=\"Las 10 razones principales por las que Forex es el mejor mercado para operar\" width=\"1024\" height=\"683\" \/>\n<h2>\u00bfQu\u00e9 es Forex?<\/h2>\n<p>Forex es la combinaci\u00f3n de dos palabras en ingl\u00e9s: Foreign Exchange (Intercambio de divisas). Entonces, cuando hablamos sobre el mercado de Forex, nos referimos a todas las operaciones de intercambio de divisas del mundo donde son intercambiadas con el fin de obtener ganancias con esto (en algunos casos la gente pierde). Muchos de los traders m\u00e1s exitosos de Forex han hecho millones, mejor dicho billones de d\u00f3lares a lo largo de los a\u00f1os operando con el mercado de divisas. Para operar en el mercado deber\u00e1s crear el par de divisas que sea m\u00e1s correcto y cuando uno de los se encuentre subiendo o bajando su rango de precios obtener ganancias con esto. Eventualmente, es probable que no te conviertas en millonario en un abrir y cerrar de ojos pero estar\u00e1s listo para obtener suficiente dinero como sea posible. El secreto de convertirse en un trader exitoso no es tan complicado como la gente piensa.<\/p>\n<p>Hoy en d\u00eda en el mercado de Forex entrega trillones de d\u00f3lares por mes, debido a los nuevos participantes que entran en el mercado, incluidos las grandes instituciones que operan en el mercado. Accediendo dentro del mundo del traiding puede ser el camino que te permita obtener un dinero extra y quiz\u00e1s, alg\u00fan d\u00eda decidas retirarte del trabajo y solo dedicarte a esto. Cualquiera que sea tu objetivo o prop\u00f3sito en el mercado de Forex, no existir\u00eda un mejor momento para hacerlo, ya que el volumen de negocios del mercado ha crecido significativamente en comparaci\u00f3n con otros a\u00f1os. Pero, \u00bfCu\u00e1les son las razones por el cual Forex es el mejor mercado? Bueno,entremos en detalles.<\/p>\n<img decoding=\"async\" loading=\"lazy\" width=\"1024\" height=\"683\" class=\"aligncenter size-large wp-image-84894\" src=\"http:\/\/forextradingbonus.com\/wp-content\/img\/2019\/03\/accesibilidad-1024x683.jpg\" alt=\"accesibilidad\" \/>\n<h2>Nunca ha sido tan f\u00e1cil comenzar: Accesibilidad<\/h2>\n<p>El mercado de Forex actualmente se encuentra saturado de Brokers de FX. Ellos est\u00e1n en b\u00fasqueda de m\u00e1s y m\u00e1s personas que entren en este negocio. Debido a esto, la facilidad de acceder al mercado se ha elevado en un punto en el que nunca se ha encontrado. Muchos brokers te ofrecen la oportunidad de unirte al mercado con un dep\u00f3sito de dinero inicial muy bajo como por ejemplo cincuenta d\u00f3lares, lo cual es realmente absurdo. Si eso no es suficiente, algunos brokers incluso otorgan la posibilidad de obtener un bono que aumente sus fondos por registrarse con ellos. Para ser honestos, inclusive existen algunos brokers que se muestran interesados en ayudarte que ofrecen sus fondos iniciales solo por registrarse con ellos sin tener que depositar ni un centavo. Sea como sea, lo barato del proceso de iniciaci\u00f3n hace que el mercado sea realmente muy accesible. Lo que es a\u00fan mejor, es el hecho de que no tienes que comenzar operar con dinero real, y en muchas oportunidades puedes empezar a operar con una cuenta demo.<\/p>\n<p>El \u00fanico requisito que necesitas para empezar a operar es contar con una computadora personal, o laptop y una conexi\u00f3n de Internet estable. Hoy en d\u00eda muchos tienen acceso a estas cosas. Compara estas cualidades con el mercado de valores o con cualquier otro y podr\u00e1s observar porque Forex es el mejor mercado en l\u00ednea en este momento.<\/p>\n<img decoding=\"async\" loading=\"lazy\" width=\"1024\" height=\"683\" class=\"aligncenter size-large wp-image-84895\" src=\"http:\/\/forextradingbonus.com\/wp-content\/img\/2019\/03\/escribir-1024x683.jpg\" alt=\"Aprender en Forex\" \/>\n<h2>Todo el mundo aprende r\u00e1pido cuando opera con Forex<\/h2>\n<p>Una de las cosas m\u00e1s mencionadas por muchos traders es lo f\u00e1cil que fue para ellos aprender los conceptos b\u00e1sicos del trading en l\u00ednea. Con el aumento de los brokers para minoristas y la simplicidad de accesibilidad al mercado, el mundo tambi\u00e9n se ha dado cuenta que es necesario simplificar las cosas. Es muy f\u00e1cil recibir educaci\u00f3n relacionada con el mercado de Forex. Es por ello que encontrar\u00e1s muchas plataformas educativas, bibliotecas gratuitas, gu\u00edas e informaci\u00f3n en l\u00ednea. Esta informaci\u00f3n est\u00e1 para ayudarte y convertirte en un mejor trader. Nadie quiere que pierdas todo tu dinero con las operaciones de FX, por lo que cada broker, sitio web y otras compa\u00f1\u00edas relacionadas con el mercado de Forex intentar\u00e1n ayudarte para que puedas convertirte en un mejor operador. Esta es una de las grandes ventajas que tiene el trading en Forex. Ning\u00fan otro mercado est\u00e1 dispuesto a educarte m\u00e1s que el mercado de Forex.<\/p>\n<img decoding=\"async\" loading=\"lazy\" width=\"1024\" height=\"683\" class=\"aligncenter size-large wp-image-84896\" src=\"http:\/\/forextradingbonus.com\/wp-content\/img\/2019\/03\/choque-de-pu\u00f1os-1024x683.jpg\" alt=\"Comunidad de Forex\" \/>\n<h2>Una comunidad muy grande y amigable<\/h2>\n<p>El punto anterior nos dirige directamente a que tenemos que hacer antes de entrar a los detalles con respecto a las razones para operar con Forex. \u00bfLa comunidad de Forex es bastante competitiva? s\u00ed, pero tambi\u00e9n est\u00e1 dispuesta a ayudar. Al igual que cualquier otra industria financiera, existen muchos estafadores y personas que intentar\u00e1n enga\u00f1arte, pero por otro lado, existen aquellas personas que se muestran interesados a ayudarte en tus esfuerzos. La comunidad en l\u00ednea, una vez que aprendes como filtrar las ideas, siempre estar\u00e1 disponible para ayudarte, discutiendo noticias, estrategias y formas de abordar los cambios en el mercado. Siempre est\u00e1n dispuestos a brindar alg\u00fan tipo de consejo que sirva para utilizarse en el mercado. La comunidad est\u00e1 llena de expertos, educadores y traders que se muestran muy interesados por ayudar. Esto hace que la comunidad sea una de las m\u00e1s involucradas convirti\u00e9ndola en algo muy interesante en formar parte de ella. <img decoding=\"async\" loading=\"lazy\" width=\"1024\" height=\"683\" class=\"aligncenter size-large wp-image-84898\" src=\"http:\/\/forextradingbonus.com\/wp-content\/img\/2019\/03\/operacion-de-forex-1024x683.jpg\" alt=\"operar en forex\" \/><\/p>\n<h2>Simplicidad<\/h2>\n<p>El mercado de Forex puede parecer a simple vista una idea muy compleja, con estrategias y pensamientos muy complejos los cuales se aplican diariamente. La realidad es que si bien algunos conceptos son relativamente muy complejos, la mayor\u00eda de las cosas resultar\u00e1n muy simples una vez que se educa sobre ello. Las plataformas que operar\u00e1s en el mercado de Forex y otras plataformas personalizadas, te parecer\u00e1n un poco intimidantes al comienzo, pero la mayor\u00eda se volver\u00e1 mucho mas simple de operar y muy intuitivo con el correr del tiempo. Opera con frecuencia y comenzar\u00e1s a ver lo simple que es trabajar con el mercado de Forex. Los m\u00e1rgenes, las curvas y ventas se convertir\u00e1n en tu segunda lengua m\u00e1s r\u00e1pido de lo que hayas ganado tus primeras ganancias en el mercado. Como se coment\u00f3 anteriormente, si eres demasiado reacio a empezar a operar con fondos reales, siempre habr\u00e1n plataformas y herramientas de demostraci\u00f3n que te permitir\u00e1n acostumbrarte al mercado y de esa forma mostrarte lo simple que es. Esto es una de las razones por la cuales considerar que Forex es el mercado m\u00e1s amigable para los traders principiantes.<\/p>\n<img decoding=\"async\" loading=\"lazy\" width=\"1024\" height=\"683\" class=\"aligncenter size-large wp-image-84899\" src=\"http:\/\/forextradingbonus.com\/wp-content\/img\/2019\/03\/bedroom-work-1024x683.jpg\" alt=\"Adaptabilidad de forex\" \/>\n<h2>C\u00f3modo dentro de tu trabajo. Adaptabilidad<\/h2>\n<p>Muchos traders de Forex comienzan a operar en el mercado como una opci\u00f3n para obtener ingresos adicionales para ellos. Creen que operar en tiempo parcial en el mercado de Forex les dar\u00e1 suficiente rentabilidad como para pagar su alquiler, pagar las cuentas o facilitar simplemente su vida. D\u00e9janos decirte que es \u00a1verdad! la naturaleza de la industria de Forex permite adaptarte a comerciar cuando quieras y donde quieras. Ya sea que te guste operar durante la noche o\u00a0 durante el d\u00eda, una vez a la semana o todos los d\u00edas, tendr\u00e1s la capacidad de programar tus operaciones, c\u00f3mo las haces y cu\u00e1ndo las haces. La adaptabilidad de las plataformas y brokers es una de las razones por las cuales debes operar en el mercado de Forex si tu consideras tener un poco de tiempo para tener un segundo trabajo. \u00bfT\u00fa quieres operar durante la ma\u00f1ana y trabajar durante la noche? o \u00bfPrefieres utilizar tu horarios libres en tu turno noche jugando v\u00eddeo juegos con tu m\u00f3vil? Pues el Forex trading te dar\u00e1 la oportunidad de transformar esas horas de inactividad en ingresos adicionales.<\/p>\n<img decoding=\"async\" loading=\"lazy\" width=\"1024\" height=\"683\" class=\"aligncenter size-large wp-image-84900\" src=\"http:\/\/forextradingbonus.com\/wp-content\/img\/2019\/03\/oportunidad-en-forex-1024x683.jpg\" alt=\"adaptabilidad en Forex\" \/>\n<h2>Un futuro brillante es el potencial<\/h2>\n<p>Sea como sea, la facilidad de acceso o su adaptabilidad a tu agenda, no existe beneficios del mercado de Forex que el potencial de ingresos adicionales que podr\u00edas obtener en una plataforma. Si te tomas el tiempo de averiguar y estudiar cuanto dinero han ganado las personas en el mercado, sabr\u00e1s que existe un potencial totalmente infinito. Te podr\u00e1s convertir en un\u00a0 millonario con el mercado de divisas s\u00f3lo con tu obstinaci\u00f3n y razonamiento estrat\u00e9gico que poseas. Forex ha ayudado a muchas personas a convertirse en millonarios y tu puedes ser una de ellas. Con las habilidades que adquirir\u00e1s en el mercado podr\u00e1s inclusive convertirte en un asesor financiero para alguien alg\u00fan d\u00eda. Muchos de los millonarios en Forex pasaron por esa transici\u00f3n de desarrollo, inici\u00e1ndose luego de haber trabajado para alguien y adquiriendo mucha experiencia para luego convertirse en un profesional y exitoso trader.<\/p>\n<img decoding=\"async\" loading=\"lazy\" width=\"1024\" height=\"683\" class=\"aligncenter size-large wp-image-84901\" src=\"http:\/\/forextradingbonus.com\/wp-content\/img\/2019\/03\/dollar-1024x683.jpg\" alt=\"La fuerza de Forex\" \/>\n<h2>Fuerza imparable = Crecimiento r\u00e1pido<\/h2>\n<p>La velocidad del crecimiento de la industria de Forex tambi\u00e9n es el resultado del crecimiento de las personas o traders que participan en el mercado. Una vez que se empieza, demorar\u00e1s un poco en dominar el arte de operar en el mercado de divisas, pero cuando lo hayas logrado, la velocidad de desarrollo se har\u00e1 a la velocidad de la luz. Lograr\u00e1s un r\u00e1pido crecimiento de tu capital de inversi\u00f3n y hasta te podr\u00e1s convertir en administrador de activos de otras personas. Por ello, existe un gran futuro de cambios positivos y muy r\u00e1pidos si tu te permites que estos sucedan. Lo \u00fanico que necesitas es abrirte a la posibilidad de cambios luego de haber ingresado en el mercado. El resto solo se dar\u00e1 con rapidez y gran facilidad.<\/p>\n<img decoding=\"async\" loading=\"lazy\" width=\"1024\" height=\"683\" class=\"aligncenter size-large wp-image-84902\" src=\"http:\/\/forextradingbonus.com\/wp-content\/img\/2019\/03\/actual-1024x683.jpg\" alt=\"Tecnologia en Forex\" \/>\n<h2>Mantenerse actualizado con la tecnolog\u00eda<\/h2>\n<p>Los avances tecnol\u00f3gicos que se producen d\u00eda a d\u00eda en el mundo de la actualidad han tenido un gran impacto en la industria de FX. Aunque no cambian tan r\u00e1pido como la industria del consumidor, las plataformas que nos brindan est\u00e1n relativamente actualizadas y se vuelven cada vez m\u00e1s f\u00e1ciles de interpretar, utilizar y operar d\u00eda a d\u00eda. La capacidad de realizar operaciones en tu PC o Laptop surgi\u00f3 hace no mucho tiempo, y en este momento contamos con la capacidad de operar y realizar transacciones desde nuestros tel\u00e9fonos m\u00f3viles. La informaci\u00f3n del mercado se difunde muy r\u00e1pido y f\u00e1cilmente lo que hace que este sea muy r\u00e1pido y f\u00e1cil de navegar. Los nuevos software permiten realizar el an\u00e1lisis del mercado desde la silla de tu hogar. Los r\u00e1pidos avances tecnol\u00f3gicos de hoy en d\u00eda obligan al mercado a recibir actualizaciones r\u00e1pidas y f\u00e1ciles de ejecutar para que el mercado sea m\u00e1s grande y m\u00e1s r\u00e1pido de operar. La velocidad de los sitios web de noticias que recogen todo tipo de noticias es hasta diez veces m\u00e1s r\u00e1pida de lo que sol\u00eda ser el mercado d\u00e9cadas atr\u00e1s. Este gran desarrollo tecnol\u00f3gico es uno de los motivos por el cual FX es el mejor mercado para operar en la actualidad.<\/p>\n<img decoding=\"async\" loading=\"lazy\" width=\"1024\" height=\"683\" class=\"aligncenter size-large wp-image-84903\" src=\"http:\/\/forextradingbonus.com\/wp-content\/img\/2019\/03\/FCA-AUTHORITY-1024x683.jpg\" alt=\"autoridad de Forex\" \/>\n<h2>Seguridad garantizada: Regulaciones<\/h2>\n<p>El mercado de Forex es uno de los mercados m\u00e1s regulados del mundo, a pesar de que las regulaciones no interfieren directamente con el operador. Este es uno de los beneficios que muchos mercados no tienen a su disposici\u00f3n. Las regulaciones son fundamentales pare el \u00e9xito del mercado, simplemente porque protege a sus usuarios de posibles estafas y errores que de alguna forma pueden llevarte a la quiebra. Con tantos organismos reguladores m\u00e1s la tecnolog\u00eda implementada de hoy en d\u00eda, no existir\u00e1 un d\u00eda en el que est\u00e9s protegido en el mercado. Lo que resulta m\u00e1s alentador a\u00fan es la existencia de sitios web de informaci\u00f3n y noticias independientes que hacen posibles detectar los organismos reguladores que protegen a los usuarios y traders de los peligros de estafas y delincuentes que existen en este momento.<\/p>\n<img decoding=\"async\" loading=\"lazy\" width=\"1024\" height=\"512\" class=\"aligncenter size-large wp-image-84671\" src=\"http:\/\/forextradingbonus.com\/wp-content\/img\/2019\/02\/stencil.kingsumo-1-1024x512.jpg\" alt=\"volatiilidad\" \/>\n<h2>La volatilidad: uno de los mayores beneficios mercado de Forex<\/h2>\n<p>Por supuesto, uno de los beneficios del mercado de FX es su volatilidad. Muchas personas consideran que la volatilidad del mercado representan grandes peligros y desventajas en un mercado, pero estas personas no tienen idea de lo que est\u00e1n hablando. La volatilidad del mercado permite cambios r\u00e1pidos dr\u00e1sticos en el precio de algunas divisas. Lo que puede generar grandes ingresos y tambi\u00e9n grandes p\u00e9rdidas. Un mercado vol\u00e1til permitir\u00e1 a aquel trader que se encuentre quebrado a ser rico en cuesti\u00f3n de horas. Pero ten en cuenta, que los riesgos siempre son altos, por lo que tienes que aprender a gestionarlos. Aprender a evaluar, administrar y evitar riesgos es una de las partes m\u00e1s importantes que debes aprender para operar en el mercado de Forex, raz\u00f3n por la cual muchos millonarios se han convertido en lo que son hoy en d\u00eda. No te desanimes por esto, solo ten en cuenta este problema como una gran oportunidad para lograr algo que jam\u00e1s haz cre\u00eddo s\u00f3lo por mantenerte en mercados mucho m\u00e1s seguros.<\/p>\n<h2>Entonces, es hora de comenzar<\/h2>\n<p>Ahora, tras haber discutido las razones por las que Forex es el mejor mercado para los traders principiantes y experimentados, solo tenemos una pregunta para ustedes: \u00bfQu\u00e9 es lo que est\u00e1n haciendo aqu\u00ed?\u00bfPor qu\u00e9 no est\u00e1n asesor\u00e1ndose para determinar con que broker van a operar e invertir su tiempo y dinero para comenzar tu carrera en el mercado de Forex? No tengas miedo, simplemente prep\u00e1rate bien y podr\u00e1s convertirte en uno de los traders m\u00e1s exitosos del mercado de la actualidad.<\/p>\n","protected":false},"excerpt":{"rendered":"Nunca existi\u00f3 un momento m\u00e1s f\u00e1cil y adecuado para considerar unirse al mercado de Forex que el d","protected":false},"author":19,"featured_media":84892,"parent":0,"menu_order":0,"comment_status":"closed","ping_status":"closed","template":"","meta":{"_mi_skip_tracking":false},"acf":[],"yoast_head":"<!-- This site is optimized with the Yoast SEO plugin v20.4 - https:\/\/yoast.com\/wordpress\/plugins\/seo\/ -->\n<title>Las 10 principales razones por la que Forex es el mejor mercado<\/title>\n<meta name=\"description\" content=\"Las 10 razones principales por las cuales Forex es el mejor mercado de todos, cuales son las ventajas y desventajas, seguridad y dem\u00e1s para operar en FX\" \/>\n<meta name=\"robots\" content=\"index, follow, max-snippet:-1, max-image-preview:large, max-video-preview:-1\" \/>\n<link rel=\"canonical\" href=\"https:\/\/forextradingbonus.com\/es\/10-razones-por-la-que-es-mejor-forex\/\" \/>\n<meta property=\"og:locale\" content=\"es_ES\" \/>\n<meta property=\"og:type\" content=\"article\" \/>\n<meta property=\"og:title\" content=\"Las 10 principales razones por la que Forex es el mejor mercado\" \/>\n<meta property=\"og:description\" content=\"Las 10 razones principales por las cuales Forex es el mejor mercado de todos, cuales son las ventajas y desventajas, seguridad y dem\u00e1s para operar en FX\" \/>\n<meta property=\"og:url\" content=\"https:\/\/forextradingbonus.com\/es\/10-razones-por-la-que-es-mejor-forex\/\" \/>\n<meta property=\"og:site_name\" content=\"Forex Trading Bonus\" \/>\n<meta property=\"og:image\" content=\"https:\/\/forextradingbonus.com\/wp-content\/img\/2019\/03\/10.jpg\" \/>\n\t<meta property=\"og:image:width\" content=\"1200\" \/>\n\t<meta property=\"og:image:height\" content=\"800\" \/>\n\t<meta property=\"og:image:type\" content=\"image\/jpeg\" \/>\n<meta name=\"twitter:card\" content=\"summary_large_image\" \/>\n<meta name=\"twitter:label1\" content=\"Tiempo de lectura\" \/>\n\t<meta name=\"twitter:data1\" content=\"13 minutos\" \/>\n<!-- \/ Yoast SEO plugin. -->","yoast_head_json":{"title":"Las 10 principales razones por la que Forex es el mejor mercado","description":"Las 10 razones principales por las cuales Forex es el mejor mercado de todos, cuales son las ventajas y desventajas, seguridad y dem\u00e1s para operar en FX","robots":{"index":"index","follow":"follow","max-snippet":"max-snippet:-1","max-image-preview":"max-image-preview:large","max-video-preview":"max-video-preview:-1"},"canonical":"https:\/\/forextradingbonus.com\/es\/10-razones-por-la-que-es-mejor-forex\/","og_locale":"es_ES","og_type":"article","og_title":"Las 10 principales razones por la que Forex es el mejor mercado","og_description":"Las 10 razones principales por las cuales Forex es el mejor mercado de todos, cuales son las ventajas y desventajas, seguridad y dem\u00e1s para operar en FX","og_url":"https:\/\/forextradingbonus.com\/es\/10-razones-por-la-que-es-mejor-forex\/","og_site_name":"Forex Trading Bonus","og_image":[{"width":1200,"height":800,"url":"https:\/\/forextradingbonus.com\/wp-content\/img\/2019\/03\/10.jpg","type":"image\/jpeg"}],"twitter_card":"summary_large_image","twitter_misc":{"Tiempo de lectura":"13 minutos"},"schema":{"@context":"https:\/\/schema.org","@graph":[{"@type":"WebPage","@id":"https:\/\/forextradingbonus.com\/es\/10-razones-por-la-que-es-mejor-forex\/","url":"https:\/\/forextradingbonus.com\/es\/10-razones-por-la-que-es-mejor-forex\/","name":"Las 10 principales razones por la que Forex es el mejor mercado","isPartOf":{"@id":"https:\/\/forextradingbonus.com\/#website"},"datePublished":"2019-03-31T15:37:55+00:00","dateModified":"2019-03-31T15:37:55+00:00","description":"Las 10 razones principales por las cuales Forex es el mejor mercado de todos, cuales son las ventajas y desventajas, seguridad y dem\u00e1s para operar en FX","breadcrumb":{"@id":"https:\/\/forextradingbonus.com\/es\/10-razones-por-la-que-es-mejor-forex\/#breadcrumb"},"inLanguage":"es","potentialAction":[{"@type":"ReadAction","target":["https:\/\/forextradingbonus.com\/es\/10-razones-por-la-que-es-mejor-forex\/"]}]},{"@type":"BreadcrumbList","@id":"https:\/\/forextradingbonus.com\/es\/10-razones-por-la-que-es-mejor-forex\/#breadcrumb","itemListElement":[{"@type":"ListItem","position":1,"name":"Home","item":"https:\/\/forextradingbonus.com\/es\/"},{"@type":"ListItem","position":2,"name":"Las 10 razones principales por las que Forex es el mejor mercado para operar"}]},{"@type":"WebSite","@id":"https:\/\/forextradingbonus.com\/#website","url":"https:\/\/forextradingbonus.com\/","name":"Forex Trading Bonus","description":"Best Forex Trading Bonus Reviews. Deposit &amp; No Deposit FX Bonuses and Tips","potentialAction":[{"@type":"SearchAction","target":{"@type":"EntryPoint","urlTemplate":"https:\/\/forextradingbonus.com\/?s={search_term_string}"},"query-input":"required name=search_term_string"}],"inLanguage":"es"}]}},"_links":{"self":[{"href":"https:\/\/forextradingbonus.com\/es\/wp-json\/wp\/v2\/pages\/84890"}],"collection":[{"href":"https:\/\/forextradingbonus.com\/es\/wp-json\/wp\/v2\/pages"}],"about":[{"href":"https:\/\/forextradingbonus.com\/es\/wp-json\/wp\/v2\/types\/page"}],"author":[{"embeddable":true,"href":"https:\/\/forextradingbonus.com\/es\/wp-json\/wp\/v2\/users\/19"}],"replies":[{"embeddable":true,"href":"https:\/\/forextradingbonus.com\/es\/wp-json\/wp\/v2\/comments?post=84890"}],"version-history":[{"count":5,"href":"https:\/\/forextradingbonus.com\/es\/wp-json\/wp\/v2\/pages\/84890\/revisions"}],"predecessor-version":[{"id":85658,"href":"https:\/\/forextradingbonus.com\/es\/wp-json\/wp\/v2\/pages\/84890\/revisions\/85658"}],"wp:featuredmedia":[{"embeddable":true,"href":"https:\/\/forextradingbonus.com\/es\/wp-json\/wp\/v2\/media\/84892"}],"wp:attachment":[{"href":"https:\/\/forextradingbonus.com\/es\/wp-json\/wp\/v2\/media?parent=84890"}],"curies":[{"name":"wp","href":"https:\/\/api.w.org\/{rel}","templated":true}]}}