{"id":84906,"date":"2019-03-31T15:24:15","date_gmt":"2019-03-31T15:24:15","guid":{"rendered":"http:\/\/forextradingbonus.com\/?page_id=84906"},"modified":"2019-03-31T15:24:15","modified_gmt":"2019-03-31T15:24:15","slug":"que-son-creadores-mercado-forex","status":"publish","type":"page","link":"https:\/\/forextradingbonus.com\/es\/que-son-creadores-mercado-forex\/","title":{"rendered":"\u00bfQuienes son los creadores de mercado de Forex?"},"content":{"rendered":"<p><span style=\"vertical-align: inherit;\"><span style=\"vertical-align: inherit;\">El mercado de Forex es un mercado de intercambio de divisas a nivel global, con participantes que incluyen a los comerciantes minoristas, entidades privadas y hasta los grandes bancos de todo el mundo. <\/span><span style=\"vertical-align: inherit;\">El mercado no est\u00e1 regulado y predomina su dominio en los bancos en primer lugar, luego los fondos de inversi\u00f3n y los que siguen sucesivamente. <\/span><span style=\"vertical-align: inherit;\">Los operadores m\u00e1s grandes como los grandes bancos, tienen su propia red de comercio llamada Interbank Market. <\/span><span style=\"vertical-align: inherit;\">Este es el mercado en el que usted y yo no podremos operar nunca y donde suceda la mayor cantidad de movimiento del mercado. <\/span><span style=\"vertical-align: inherit;\">Estos bancos generalmente determinan el destino de las divisas con los precios que se ofrecen en el mercado de Forex, no estas en lo cierto. <\/span><\/span><span style=\"vertical-align: inherit;\"><span style=\"vertical-align: inherit;\">Los verdaderos creadores de mercado de Forex<\/span><\/span><span style=\"vertical-align: inherit;\"><span style=\"vertical-align: inherit;\"> son los comerciantes minoristas como nosotros. <\/span><span style=\"vertical-align: inherit;\">Si entonces esto es realmente sorprendente para ti, sigue adelante y \u00e9chale un vistazo a nuestros conceptos b\u00e1sicos para principiantes en el mercado de Forex, para que puedas familiarizarte con el resto de caracter\u00edsticas importantes de Forex que quiz\u00e1s no conozcas.<\/span><\/span><\/p>\n<img decoding=\"async\" loading=\"lazy\" width=\"1024\" height=\"683\" class=\"aligncenter size-large wp-image-84909\" src=\"http:\/\/forextradingbonus.com\/wp-content\/img\/2019\/03\/forex-markets-1024x683.jpg\" alt=\"creadores de mercado\" \/>\n<h2><span style=\"vertical-align: inherit;\"><span style=\"vertical-align: inherit;\">\u00bfQu\u00e9 es un Broker de Forex que crea el mercado?<\/span><\/span><\/h2>\n<p><span style=\"vertical-align: inherit;\"><span style=\"vertical-align: inherit;\">Un creador de mercado, en ciertas palabras, es un tipo de corredor de Forex. <\/span><span style=\"vertical-align: inherit;\">En general, existen tipos de ellos y algunos de los mejores corredores de divisas que pueden ser de ambos tipos. <\/span><span style=\"vertical-align: inherit;\">Existen los creadores de mercados y de la ECN. <\/span><span style=\"vertical-align: inherit;\">Te daremos m\u00e1s detalles de ellos m\u00e1s adelante, pero por ahora nos concentraremos en el tema principal de este art\u00edculo: <\/span><\/span><span style=\"vertical-align: inherit;\"><span style=\"vertical-align: inherit;\">los creadores de mercado de FX<\/span><\/span><span style=\"vertical-align: inherit;\"><span style=\"vertical-align: inherit;\"> .<\/span><\/span><\/p>\n<p><span style=\"vertical-align: inherit;\"><span style=\"vertical-align: inherit;\">El tipo de corredor que crea el mercado se llama simplemente as\u00ed tambi\u00e9n se determina la oferta y el precio de compra de la moneda en su sistema y luego se presentan estos precios en sus pantallas de cotizaci\u00f3n p\u00fablica. <\/span><span style=\"vertical-align: inherit;\">La operaci\u00f3n que se lleva a cabo entre estas divisas se dar\u00e1 a conocer estos precios de oferta y demanda, as\u00ed como el resto de sus clientes. <\/span><span style=\"vertical-align: inherit;\">La mayor\u00eda de los clientes pueden ser personas como nosotros o grandes bancos tambi\u00e9n que intentan comprar una cierta cantidad de una divisa espec\u00edfica. <\/span><span style=\"vertical-align: inherit;\">El hecho de que se determina los precios de la oferta y la demanda, es tambi\u00e9n la raz\u00f3n por la cual act\u00faan de las partes de cualquiera de las operaciones que usted estar\u00e1 en el proceso. <\/span><span style=\"vertical-align: inherit;\">As\u00ed que si usted decide vender una determinada moneda, ellos ser\u00e1n los que la compren. <\/span><span style=\"vertical-align: inherit;\">Este <\/span><\/span><span style=\"vertical-align: inherit;\"><span style=\"vertical-align: inherit;\">m\u00e9todo de creadores de mercado de divisas<\/span><\/span><span style=\"vertical-align: inherit;\"><span style=\"vertical-align: inherit;\">, genera mucha liquidez. <\/span><span style=\"vertical-align: inherit;\">Permitiendo que se realice una gran cantidad de operaciones sin problemas.<\/span><\/span><\/p>\n<h2><span style=\"vertical-align: inherit;\"><span style=\"vertical-align: inherit;\">Entonces, \u00bfc\u00f3mo obtener dinero los creadores de mercado de divisas?<\/span><\/span><\/h2>\n<p><span style=\"vertical-align: inherit;\"><span style=\"vertical-align: inherit;\">El proceso para hacer dinero con la creaci\u00f3n del mercado es algo muy complicado. <\/span><span style=\"vertical-align: inherit;\">Cuando el corredor del tipo creador de mercado se convierte en un lugar de cambio en el precio. <\/span><span style=\"vertical-align: inherit;\">Ellos han generado su propio beneficio a trav\u00e9s de los m\u00e1rgenes que les imponen a los usuarios. <\/span><span style=\"vertical-align: inherit;\">Los m\u00e1rgenes son una diferencia entre los precios de compra y venta que cobran a sus clientes. <\/span><span style=\"vertical-align: inherit;\">El margen a veces puede parecer bastante diminuto para un usuario, pero si le pones a pensar que esto se realiza con millas ya veces cientos de millas de comerciantes, los m\u00e1rgenes terminan generando una ganancia muy buena para el corredor. <\/span><span style=\"vertical-align: inherit;\">Una vez que hayas ingresado una orden, un creador de mercado continuar\u00e1 y se proteger\u00e1 de tu operaci\u00f3n, <\/span><span style=\"vertical-align: inherit;\">Como si fuera una forma de pasar el costo hacia otra persona. <\/span><span style=\"vertical-align: inherit;\">Como resultado, nunca soport\u00f3 el total o directamente el costo de ser la contra parte de su comercio realizado. <\/span><span style=\"vertical-align: inherit;\">Existen tambi\u00e9n otras formas en el corredor de dinero.<\/span><\/span><\/p>\n<p><span style=\"vertical-align: inherit;\"><span style=\"vertical-align: inherit;\">Existen otras formas en las que un broker puede ganar dinero. <\/span><\/span><span style=\"vertical-align: inherit;\"><span style=\"vertical-align: inherit;\">La manipulaci\u00f3n de un creador de mercado en Forex<\/span><\/span><span style=\"vertical-align: inherit;\"><span style=\"vertical-align: inherit;\"> es realmente posible, y de hecho se realiza, por parte de muchos estafadores y \/ o corredores sin escr\u00fapulos. <\/span><span style=\"vertical-align: inherit;\">Estos creadores de mercado realizar\u00e1n todo lo posible para operar en contra de sus clientes o realizar operaciones en su contra para aumentar los precios o al no permitir que las operaciones se realicen con \u00e9xito. <\/span><span style=\"vertical-align: inherit;\">Hay muchas maneras en que un corredor creador de mercado puede actuar de mala fe y en tu contra. <\/span><span style=\"vertical-align: inherit;\">Como por ejemplo, deteniendo tus operaciones, evitando que se genere tus paradas o negocios en tu contra. <\/span><span style=\"vertical-align: inherit;\">Por eso es muy importante saber con qui\u00e9n est\u00e1 operando, conocer muy bien su reputaci\u00f3n, sus plataformas y como llevar adelante su comercio. <\/span><span style=\"vertical-align: inherit;\">No importa que tipos de trucos utilicen estos <\/span><\/span><span style=\"vertical-align: inherit;\"><span style=\"vertical-align: inherit;\">brokers de Forex que crean el mercado<\/span><\/span><span style=\"vertical-align: inherit;\"><span style=\"vertical-align: inherit;\"> , usted siempre debe permanecer atento y profesional.<\/span><\/span><\/p>\n<h2><span style=\"vertical-align: inherit;\"><span style=\"vertical-align: inherit;\">Los tipos de creadores de mercado<\/span><\/span><\/h2>\n<p><span style=\"vertical-align: inherit;\"><span style=\"vertical-align: inherit;\">Hay dos <\/span><\/span><span style=\"vertical-align: inherit;\"><span style=\"vertical-align: inherit;\">tipos de brokers creadores de mercado en el mundo<\/span><\/span><span style=\"vertical-align: inherit;\"><span style=\"vertical-align: inherit;\">: los que se encargan de los comerciantes minoristas y los que atienden a los clientes institucionales. <\/span><span style=\"vertical-align: inherit;\">Los tipos de servicios que se ofrecen son muy similares. <\/span><span style=\"vertical-align: inherit;\">Las diferencias que existen entre ellos son los clientes. <\/span><span style=\"vertical-align: inherit;\">Por un lado, en el caso del mercado minorista est\u00e1n dirigidas a los comerciantes minoristas. <\/span><span style=\"vertical-align: inherit;\">Por el otro lado, cuando los creadores del mercado est\u00e1n dirigidos a los mercados, las empresas, los negocios, las empresas, los negocios, las compa\u00f1\u00edas, los negocios, las empresas, los negocios, los negocios, los negocios, las empresas, los negocios, los negocios, los negocios, los negocios, los negocios y los negocios. <\/span><span style=\"vertical-align: inherit;\">El software que ofrece el creador de mercado para el mercado de divisas, es siempre diferente a uno, pero siempre se presentan muchas similitudes. <\/span><span style=\"vertical-align: inherit;\">Usted solo puede interactuar con las plataformas minoristas como MetaTrader 4 o 5 o cualquier otra plataforma que ofrezcan los brokers.<\/span><\/span><\/p>\n<h2><span style=\"vertical-align: inherit;\"><span style=\"vertical-align: inherit;\">El bueno y el malo<\/span><\/span><\/h2>\n<p><span style=\"vertical-align: inherit;\"><span style=\"vertical-align: inherit;\">Hay muchas razones para que usted tenga inter\u00e9s en <\/span><\/span><span style=\"vertical-align: inherit;\"><span style=\"vertical-align: inherit;\">operar con brokers creadores de mercado<\/span><\/span><span style=\"vertical-align: inherit;\"><span style=\"vertical-align: inherit;\"> , pero tambi\u00e9n existen razones para dejar de lado las consultas y cambiar de opini\u00f3n. <\/span><span style=\"vertical-align: inherit;\">Perm\u00edtanos mostrarle algunos de los beneficios y desventajas que son obvias y no tan obvias de operar con un corredor que utiliza el <\/span><\/span><span style=\"vertical-align: inherit;\"><span style=\"vertical-align: inherit;\">m\u00e9todo de creaci\u00f3n de mercado de divisas<\/span><\/span><span style=\"vertical-align: inherit;\"><span style=\"vertical-align: inherit;\"> , para que saques tus propias conclusiones.<\/span><\/span><\/p>\n<img decoding=\"async\" loading=\"lazy\" width=\"1024\" height=\"683\" class=\"aligncenter size-large wp-image-84910\" src=\"http:\/\/forextradingbonus.com\/wp-content\/img\/2019\/03\/bueno-y-malo-1024x683.jpg\" alt=\"Forex yin &amp; Yang\" \/>\n<h3><span style=\"vertical-align: inherit;\"><span style=\"vertical-align: inherit;\">Los aspectos positivos:<\/span><\/span><\/h3>\n<p><span style=\"vertical-align: inherit;\"><span style=\"vertical-align: inherit;\">Menor volatilidad: lo m\u00e1s positivo de los corredores creadores de mercado se ofrece en su mercado mayor liquidez en su software, como resultado de los cambios de valores y valores de divisas mucho m\u00e1s estables. <\/span><span style=\"vertical-align: inherit;\">Una menor volatilidad proporciona a los comerciantes una especie de garant\u00eda donde sus inversiones permanecer\u00e1n m\u00e1s o menos estables a lo largo del tiempo de operaci\u00f3n. <\/span><span style=\"vertical-align: inherit;\">Esto deber\u00eda ser una idea de operaci\u00f3n para el comerciante. <\/span><span style=\"vertical-align: inherit;\">Existen muchos riesgos asociados con el mercado de divisas y menor volatilidad significa reducir la cantidad de riesgos para los comerciantes. <\/span><span style=\"vertical-align: inherit;\">Aunque algunos comerciantes esto puede ser un gran problema con esto se debe a que hay que saber que hay que saber en mercados altamente vol\u00e1tiles. <\/span><span style=\"vertical-align: inherit;\">De todos los modos, la lista <\/span><\/span><span style=\"vertical-align: inherit;\"><span style=\"vertical-align: inherit;\">de corredores de Forex creadores de mercado<\/span><\/span><span style=\"vertical-align: inherit;\"><span style=\"vertical-align: inherit;\">Que accionar es bueno y confiable es bastante largo. <\/span><span style=\"vertical-align: inherit;\">Considerar siempre que muchas personas les cuesta confiar en estas compa\u00f1\u00edas.<\/span><\/span><\/p>\n<p><span style=\"vertical-align: inherit;\"><span style=\"vertical-align: inherit;\">Plataformas gratuitas y f\u00e1ciles de utilizar: <\/span><\/span><span style=\"vertical-align: inherit;\"><span style=\"vertical-align: inherit;\">Los corredores creadores de mercado<\/span><\/span><span style=\"vertical-align: inherit;\"><span style=\"vertical-align: inherit;\"> generalmente pueden ofrecer a sus clientes una plataforma gratuita para operar. <\/span><span style=\"vertical-align: inherit;\">Estas plataformas se han convertido en un software gratuito con gr\u00e1ficos y noticias en los medios, que pueden ser de gran utilidad para cualquier operador que desee obtener un beneficio serio con esta actividad. <\/span><span style=\"vertical-align: inherit;\">Las plataformas se han convertido en una fuente de informaci\u00f3n muy f\u00e1cil para los comerciantes. <\/span><span style=\"vertical-align: inherit;\">Lo que es una buena estrategia para acceder a m\u00e1s clientes y de esta forma ganar m\u00e1s dinero para ellos.<\/span><\/span><\/p>\n<h3><span style=\"vertical-align: inherit;\"><span style=\"vertical-align: inherit;\">Los aspectos negativos:<\/span><\/span><\/h3>\n<p><span style=\"vertical-align: inherit;\"><span style=\"vertical-align: inherit;\">Ya mencionamos algunas de estas ideas antes, pero no esta mal. <\/span><span style=\"vertical-align: inherit;\">Uno de los mayores problemas que muchos comerciantes tienen con <\/span><\/span><span style=\"vertical-align: inherit;\"><span style=\"vertical-align: inherit;\">los corredores de Forex que crean mercados<\/span><\/span><span style=\"vertical-align: inherit;\"><span style=\"vertical-align: inherit;\">es que no pierden el tiempo para comerciar en contra de sus propios clientes. <\/span><span style=\"vertical-align: inherit;\">Ya que el inter\u00e9s es el mayor conflicto en estos casos. <\/span><span style=\"vertical-align: inherit;\">Los creadores de mercado pueden decidir comerciar en tu contra impidiendo la correcta ejecuci\u00f3n en tus operaciones. <\/span><span style=\"vertical-align: inherit;\">Otro gran problema para los traders es que pueden alterar sus precios. <\/span><span style=\"vertical-align: inherit;\">Pueden manipularse los precios de sus divisas para alterar su objetivo de ganancia y no poder funcionar correctamente sus \u00f3rdenes. <\/span><span style=\"vertical-align: inherit;\">Por ultimo, en los momentos de mayor volatilidad en el mercado o en la publicaci\u00f3n de las noticias que han tenido lugar tambi\u00e9n en los precios, en los precios, en los precios.<\/span><\/span><\/p>\n<p><span style=\"vertical-align: inherit;\"><span style=\"vertical-align: inherit;\">Otra cosa de las cosas importantes es tener una cuenta, especialmente si eres un Scalper, es que el Forex se comercializa en los corredores de los creadores de mercados que no ofrecen una plataforma amigable para los revendedores, que la volatilidad tan baja no permite obtener un gran beneficio. <\/span><span style=\"vertical-align: inherit;\">A muchos de los corredores creadores de mercados no les agradan los revendedores, haciendo cosas tan desagradables como los que no se ejecutan.<\/span><\/span><\/p>\n<h2><span style=\"vertical-align: inherit;\"><span style=\"vertical-align: inherit;\">La otra opci\u00f3n<\/span><\/span><\/h2>\n<p><span style=\"vertical-align: inherit;\"><span style=\"vertical-align: inherit;\">Ahora que hemos desarrollado tu pregunta \u00bf <\/span><\/span><span style=\"vertical-align: inherit;\"><span style=\"vertical-align: inherit;\">Qu\u00e9 son los creadores de mercado en Forex<\/span><\/span><span style=\"vertical-align: inherit;\"><span style=\"vertical-align: inherit;\"> ? <\/span><span style=\"vertical-align: inherit;\">No estar\u00e9 muy convencido de la idea de trabajar con ellos. <\/span><span style=\"vertical-align: inherit;\">Si no te agradan a los creadores de mercado, es posible que te desees en tu trabajo o tu casa mediante las redes de comunicaci\u00f3n electr\u00f3nica (ECN), y que no tienes la misma capacidad para manipular los mercados o el comercio de sus clientes. <\/span><span style=\"vertical-align: inherit;\">Aunque hay varios aspectos a tener en cuenta antes de considerar operar con un ECN. <\/span><span style=\"vertical-align: inherit;\">Los corredores ECN tienen sus propias ventajas y desventajas y, por lo general, son los intereses de los creadores del mercado.<\/span><\/span><\/p>\n<p><span style=\"vertical-align: inherit;\"><span style=\"vertical-align: inherit;\">Existen muchos <\/span><\/span><span style=\"vertical-align: inherit;\"><span style=\"vertical-align: inherit;\">corredores creadores de mercado<\/span><\/span><span style=\"vertical-align: inherit;\"><span style=\"vertical-align: inherit;\"> que podr\u00edan considerarse como algunos de los mejores para operar, as\u00ed como por su plataforma o por su reputaci\u00f3n y honestidad. <\/span><span style=\"vertical-align: inherit;\">Ahora que ya tienes m\u00e1s conocimientos de su forma de operar y cuales son los riesgos que se presentan al trabajar con ellos, usted est\u00e1 preparado para tomar la decisi\u00f3n de operar con ellos o no. <\/span><span style=\"vertical-align: inherit;\">Independientemente de lo que los t\u00e9rminos decididos, esperamos que nuestra gu\u00eda sea resultado \u00fatil para ayudar en el proceso de aprender m\u00e1s de <\/span><\/span><span style=\"vertical-align: inherit;\"><span style=\"vertical-align: inherit;\">los creadores de mercados y como operan<\/span><\/span><span style=\"vertical-align: inherit;\"><span style=\"vertical-align: inherit;\"> .<\/span><\/span><\/p>\n","protected":false},"excerpt":{"rendered":"El mercado de Forex es un mercado de intercambio de divisas a nivel global, con participantes que incluyen a los","protected":false},"author":19,"featured_media":84911,"parent":0,"menu_order":0,"comment_status":"closed","ping_status":"closed","template":"","meta":{"_mi_skip_tracking":false},"acf":[],"yoast_head":"<!-- This site is optimized with the Yoast SEO plugin v20.4 - https:\/\/yoast.com\/wordpress\/plugins\/seo\/ -->\n<title>\u00bfQuienes son los creadores de mercado de Forex?<\/title>\n<meta name=\"description\" content=\"\u00bfQuienes y que son los creadores de mercado de Forex (market makers)? \u00bfC\u00f3mo operan? ventajas y desventajas y otras alternativas.\" \/>\n<meta name=\"robots\" content=\"index, follow, max-snippet:-1, max-image-preview:large, max-video-preview:-1\" \/>\n<link rel=\"canonical\" href=\"https:\/\/forextradingbonus.com\/es\/que-son-creadores-mercado-forex\/\" \/>\n<meta property=\"og:locale\" content=\"es_ES\" \/>\n<meta property=\"og:type\" content=\"article\" \/>\n<meta property=\"og:title\" content=\"\u00bfQuienes son los creadores de mercado de Forex?\" \/>\n<meta property=\"og:description\" content=\"\u00bfQuienes y que son los creadores de mercado de Forex (market makers)? \u00bfC\u00f3mo operan? ventajas y desventajas y otras alternativas.\" \/>\n<meta property=\"og:url\" content=\"https:\/\/forextradingbonus.com\/es\/que-son-creadores-mercado-forex\/\" \/>\n<meta property=\"og:site_name\" content=\"Forex Trading Bonus\" \/>\n<meta property=\"og:image\" content=\"https:\/\/forextradingbonus.com\/wp-content\/img\/2019\/03\/forex-markets-1.jpg\" \/>\n\t<meta property=\"og:image:width\" content=\"1200\" \/>\n\t<meta property=\"og:image:height\" content=\"800\" \/>\n\t<meta property=\"og:image:type\" content=\"image\/jpeg\" \/>\n<meta name=\"twitter:card\" content=\"summary_large_image\" \/>\n<meta name=\"twitter:label1\" content=\"Tiempo de lectura\" \/>\n\t<meta name=\"twitter:data1\" content=\"9 minutos\" \/>\n<!-- \/ Yoast SEO plugin. -->","yoast_head_json":{"title":"\u00bfQuienes son los creadores de mercado de Forex?","description":"\u00bfQuienes y que son los creadores de mercado de Forex (market makers)? \u00bfC\u00f3mo operan? ventajas y desventajas y otras alternativas.","robots":{"index":"index","follow":"follow","max-snippet":"max-snippet:-1","max-image-preview":"max-image-preview:large","max-video-preview":"max-video-preview:-1"},"canonical":"https:\/\/forextradingbonus.com\/es\/que-son-creadores-mercado-forex\/","og_locale":"es_ES","og_type":"article","og_title":"\u00bfQuienes son los creadores de mercado de Forex?","og_description":"\u00bfQuienes y que son los creadores de mercado de Forex (market makers)? \u00bfC\u00f3mo operan? ventajas y desventajas y otras alternativas.","og_url":"https:\/\/forextradingbonus.com\/es\/que-son-creadores-mercado-forex\/","og_site_name":"Forex Trading Bonus","og_image":[{"width":1200,"height":800,"url":"https:\/\/forextradingbonus.com\/wp-content\/img\/2019\/03\/forex-markets-1.jpg","type":"image\/jpeg"}],"twitter_card":"summary_large_image","twitter_misc":{"Tiempo de lectura":"9 minutos"},"schema":{"@context":"https:\/\/schema.org","@graph":[{"@type":"WebPage","@id":"https:\/\/forextradingbonus.com\/es\/que-son-creadores-mercado-forex\/","url":"https:\/\/forextradingbonus.com\/es\/que-son-creadores-mercado-forex\/","name":"\u00bfQuienes son los creadores de mercado de Forex?","isPartOf":{"@id":"https:\/\/forextradingbonus.com\/#website"},"datePublished":"2019-03-31T15:24:15+00:00","dateModified":"2019-03-31T15:24:15+00:00","description":"\u00bfQuienes y que son los creadores de mercado de Forex (market makers)? \u00bfC\u00f3mo operan? ventajas y desventajas y otras alternativas.","breadcrumb":{"@id":"https:\/\/forextradingbonus.com\/es\/que-son-creadores-mercado-forex\/#breadcrumb"},"inLanguage":"es","potentialAction":[{"@type":"ReadAction","target":["https:\/\/forextradingbonus.com\/es\/que-son-creadores-mercado-forex\/"]}]},{"@type":"BreadcrumbList","@id":"https:\/\/forextradingbonus.com\/es\/que-son-creadores-mercado-forex\/#breadcrumb","itemListElement":[{"@type":"ListItem","position":1,"name":"Home","item":"https:\/\/forextradingbonus.com\/es\/"},{"@type":"ListItem","position":2,"name":"\u00bfQuienes son los creadores de mercado de Forex?"}]},{"@type":"WebSite","@id":"https:\/\/forextradingbonus.com\/#website","url":"https:\/\/forextradingbonus.com\/","name":"Forex Trading Bonus","description":"Best Forex Trading Bonus Reviews. Deposit &amp; No Deposit FX Bonuses and Tips","potentialAction":[{"@type":"SearchAction","target":{"@type":"EntryPoint","urlTemplate":"https:\/\/forextradingbonus.com\/?s={search_term_string}"},"query-input":"required name=search_term_string"}],"inLanguage":"es"}]}},"_links":{"self":[{"href":"https:\/\/forextradingbonus.com\/es\/wp-json\/wp\/v2\/pages\/84906"}],"collection":[{"href":"https:\/\/forextradingbonus.com\/es\/wp-json\/wp\/v2\/pages"}],"about":[{"href":"https:\/\/forextradingbonus.com\/es\/wp-json\/wp\/v2\/types\/page"}],"author":[{"embeddable":true,"href":"https:\/\/forextradingbonus.com\/es\/wp-json\/wp\/v2\/users\/19"}],"replies":[{"embeddable":true,"href":"https:\/\/forextradingbonus.com\/es\/wp-json\/wp\/v2\/comments?post=84906"}],"version-history":[{"count":7,"href":"https:\/\/forextradingbonus.com\/es\/wp-json\/wp\/v2\/pages\/84906\/revisions"}],"predecessor-version":[{"id":85649,"href":"https:\/\/forextradingbonus.com\/es\/wp-json\/wp\/v2\/pages\/84906\/revisions\/85649"}],"wp:featuredmedia":[{"embeddable":true,"href":"https:\/\/forextradingbonus.com\/es\/wp-json\/wp\/v2\/media\/84911"}],"wp:attachment":[{"href":"https:\/\/forextradingbonus.com\/es\/wp-json\/wp\/v2\/media?parent=84906"}],"curies":[{"name":"wp","href":"https:\/\/api.w.org\/{rel}","templated":true}]}}