{"id":84914,"date":"2019-03-31T15:37:16","date_gmt":"2019-03-31T15:37:16","guid":{"rendered":"http:\/\/forextradingbonus.com\/?page_id=84914"},"modified":"2019-03-31T15:37:16","modified_gmt":"2019-03-31T15:37:16","slug":"importancia-plan-de-traiding","status":"publish","type":"page","link":"https:\/\/forextradingbonus.com\/es\/importancia-plan-de-traiding\/","title":{"rendered":"La importancia de un plan de Trading para Forex"},"content":{"rendered":"<p>Realizar operaciones en el mercado de Forex sin tener un plan de trading es muy parecido a navegar sin br\u00fajula o viajar sin un mapa. Puedes estar en el agua o en la carretera pero no sabr\u00e1s hacia donde ir. Muchos traders exitosos que utilizan un broker de Forex en l\u00ednea conf\u00edan y se ajustan a un plan o sistema de trading que cuando se ejecuta correctamente, maximiza su rendimiento y permite evitar algunas dificultades como el sobrevaloramiento y en consecuencia permitir que las futuras p\u00e9rdidas se salgan de control. Los traders m\u00e1s exitosos utilizan un plan de traiding en Forex, d\u00f3nde la mayor\u00eda de ellos comparten caracter\u00edsticas muy similares unos de otros. Estos generalmente se ajustan a cuando entrar o salir de una posici\u00f3n o como limitar el riesgo una vez que se haya tomado una posici\u00f3n en Forex.<\/p>\n<img decoding=\"async\" loading=\"lazy\" width=\"1024\" height=\"683\" class=\"aligncenter size-large wp-image-84915\" src=\"http:\/\/forextradingbonus.com\/wp-content\/img\/2019\/03\/plan-de-trading-1024x683.jpg\" alt=\"plan de trading para FX\" \/>\n<h2>\u00bfCu\u00e1les son las ventajas de un plan de trading?<\/h2>\n<p>B\u00e1sicamente, tener un plan de trading antes de comenzar a operar en el mercado de Forex en l\u00ednea o cualquier otro esfuerzo importante es s\u00f3lo sentido com\u00fan. En especial cuando se trata de asuntos financieros. Por lo tanto, saber c\u00f3mo adherirse y ajustarse a un plan de trading permite al trader tomar decisiones basadas en un conjunto de par\u00e1metros previamente estudiados y determinados.<\/p>\n<p>Al mantener el proceso de la toma de decisiones bajo un est\u00e1ndar establecido previamente, el trader puede evitar tomar decisiones apresuradas o basadas en corazonadas, sentimientos viscerales u otras emociones. Las emociones y la reacci\u00f3n emocional a la irracionalidad en el mercado de Forex es una de las razones principales por las que muchas personas pierden su dinero al operar.<\/p>\n<p>Otra ventaja al operar con un plan establecido consiste en la posibilidad de automatizar el plan de trading. Dependiendo de los par\u00e1metros seleccionados y establecidos por el trader, indicar\u00e1n cuando entrar o salir de una operaci\u00f3n. Muchas plataformas como MetaTrader, permiten establecer estos par\u00e1metros.<\/p>\n<p>Una vez que estos par\u00e1metros establecidos se presentan en el mercado, MetaTrader que ya estar\u00e1 programado, iniciar\u00e1 y ejecutar\u00e1 las operaciones autom\u00e1ticamente. Muchos desarrolladores de software de Forex proveen la ejecuci\u00f3n de planes de trading mediante software de agentes expertos (autom\u00e1ticos).<\/p>\n<h2>\u00bfC\u00f3mo desarrollar su propio plan de trading?<\/h2>\n<p>Ciertos elementos, como el tama\u00f1o de una posici\u00f3n en relaci\u00f3n al tama\u00f1o de una cuenta y el criterio para entrar o salir en una operaci\u00f3n del mercado de Forex, conforman componentes claves para muchos planes de Trading. Adem\u00e1s, un trader se beneficiar\u00e1 enormemente al desarrollar un plan, ya que deber\u00e1 investigar el mercado para descubrir como funciona y cuales son sus posibles cambios.<\/p>\n<p>Otros elementos que utilizan la mayor\u00eda de los traders es el an\u00e1lisis t\u00e9cnico de los gr\u00e1ficos de precios del mercado. La plataformas de trading para brokers de Forex en l\u00ednea incluyen, generalmente, gr\u00e1ficos destacables y otros software de an\u00e1lisis t\u00e9cnico.<\/p>\n<p>Un plan de trading no estar\u00eda completo sin un componente de gesti\u00f3n de riesgo. Administrar el riesgo en cada una de las operaciones, as\u00ed como ajustarse a pautas estrictas para colocar \u00f3rdenes de Stop-Loss luego de realizar una operaci\u00f3n, puede mantener vivo al trader en el mercado de Forex.<\/p>\n<h2>Emular el plan de otra persona para probar planes de trading<\/h2>\n<p>Muchos traders exitosos de Forex operan con el plan de otras personas, o adoptaron muchos de los par\u00e1metros ya utilizados por otros traders a tu propio plan de trading en Forex. Adem\u00e1s muchos de los mejores brokers de Forex y desarrolladores independientes ofrecen servicios de indicadores para trading que se pueden utilizar como parte de un plan de trading.<\/p>\n<p>Otra forma de obtener un plan de trading consiste en la utilizaci\u00f3n de un software asesor experto de Forex y aplicarlo o modificar sus par\u00e1metros a tu propio sistema. La utilizaci\u00f3n de varios robots de trading diferentes te servir\u00e1 para determinar cual funciona mejor y cual consideras que es m\u00e1s rentable.<\/p>\n<p>Una vez que hayas desarrollado tu propio plan de trading, o hayas decidido utilizar el de otra persona, podr\u00e1s ejecutarlo en una plataforma de trading como MetaTrader y probarlo accediendo a los datos hist\u00f3ricos para comprobarlo.<\/p>\n<p><span style=\"font-weight: 400;\">Para probar tu plan de trading en tiempo real, muchos brokers de Forex online ofrecen una cuenta demo gratuita donde puedes operar con MetaTrader. Recuerda siempre probar tu plan de operaciones en una cuenta gratuita antes de comenzar a arriesgar dinero ya que puede ahorrarte una cantidad considerable de problemas si el plan ejecutado no es tan exitoso como esperabas. <\/span><\/p>\n","protected":false},"excerpt":{"rendered":"Realizar operaciones en el mercado de Forex sin tener un plan de trading es muy parecido a navegar sin br","protected":false},"author":19,"featured_media":84916,"parent":0,"menu_order":0,"comment_status":"closed","ping_status":"closed","template":"","meta":{"_mi_skip_tracking":false},"acf":[],"yoast_head":"<!-- This site is optimized with the Yoast SEO plugin v20.4 - https:\/\/yoast.com\/wordpress\/plugins\/seo\/ -->\n<title>La importancia de un plan de Trading en el mercado de Forex<\/title>\n<meta name=\"description\" content=\"Gu\u00eda y consejos para la correcta planificaci\u00f3n de un plan de traiding de Forex. Importancia, ventajas y c\u00f3mo desarrollar tu propio plan.\" \/>\n<meta name=\"robots\" content=\"index, follow, max-snippet:-1, max-image-preview:large, max-video-preview:-1\" \/>\n<link rel=\"canonical\" href=\"https:\/\/forextradingbonus.com\/es\/importancia-plan-de-traiding\/\" \/>\n<meta property=\"og:locale\" content=\"es_ES\" \/>\n<meta property=\"og:type\" content=\"article\" \/>\n<meta property=\"og:title\" content=\"La importancia de un plan de Trading en el mercado de Forex\" \/>\n<meta property=\"og:description\" content=\"Gu\u00eda y consejos para la correcta planificaci\u00f3n de un plan de traiding de Forex. Importancia, ventajas y c\u00f3mo desarrollar tu propio plan.\" \/>\n<meta property=\"og:url\" content=\"https:\/\/forextradingbonus.com\/es\/importancia-plan-de-traiding\/\" \/>\n<meta property=\"og:site_name\" content=\"Forex Trading Bonus\" \/>\n<meta property=\"og:image\" content=\"https:\/\/forextradingbonus.com\/wp-content\/img\/2019\/03\/planificacion-exito.jpg\" \/>\n\t<meta property=\"og:image:width\" content=\"1200\" \/>\n\t<meta property=\"og:image:height\" content=\"800\" \/>\n\t<meta property=\"og:image:type\" content=\"image\/jpeg\" \/>\n<meta name=\"twitter:card\" content=\"summary_large_image\" \/>\n<meta name=\"twitter:label1\" content=\"Tiempo de lectura\" \/>\n\t<meta name=\"twitter:data1\" content=\"4 minutos\" \/>\n<!-- \/ Yoast SEO plugin. -->","yoast_head_json":{"title":"La importancia de un plan de Trading en el mercado de Forex","description":"Gu\u00eda y consejos para la correcta planificaci\u00f3n de un plan de traiding de Forex. Importancia, ventajas y c\u00f3mo desarrollar tu propio plan.","robots":{"index":"index","follow":"follow","max-snippet":"max-snippet:-1","max-image-preview":"max-image-preview:large","max-video-preview":"max-video-preview:-1"},"canonical":"https:\/\/forextradingbonus.com\/es\/importancia-plan-de-traiding\/","og_locale":"es_ES","og_type":"article","og_title":"La importancia de un plan de Trading en el mercado de Forex","og_description":"Gu\u00eda y consejos para la correcta planificaci\u00f3n de un plan de traiding de Forex. Importancia, ventajas y c\u00f3mo desarrollar tu propio plan.","og_url":"https:\/\/forextradingbonus.com\/es\/importancia-plan-de-traiding\/","og_site_name":"Forex Trading Bonus","og_image":[{"width":1200,"height":800,"url":"https:\/\/forextradingbonus.com\/wp-content\/img\/2019\/03\/planificacion-exito.jpg","type":"image\/jpeg"}],"twitter_card":"summary_large_image","twitter_misc":{"Tiempo de lectura":"4 minutos"},"schema":{"@context":"https:\/\/schema.org","@graph":[{"@type":"WebPage","@id":"https:\/\/forextradingbonus.com\/es\/importancia-plan-de-traiding\/","url":"https:\/\/forextradingbonus.com\/es\/importancia-plan-de-traiding\/","name":"La importancia de un plan de Trading en el mercado de Forex","isPartOf":{"@id":"https:\/\/forextradingbonus.com\/#website"},"datePublished":"2019-03-31T15:37:16+00:00","dateModified":"2019-03-31T15:37:16+00:00","description":"Gu\u00eda y consejos para la correcta planificaci\u00f3n de un plan de traiding de Forex. Importancia, ventajas y c\u00f3mo desarrollar tu propio plan.","breadcrumb":{"@id":"https:\/\/forextradingbonus.com\/es\/importancia-plan-de-traiding\/#breadcrumb"},"inLanguage":"es","potentialAction":[{"@type":"ReadAction","target":["https:\/\/forextradingbonus.com\/es\/importancia-plan-de-traiding\/"]}]},{"@type":"BreadcrumbList","@id":"https:\/\/forextradingbonus.com\/es\/importancia-plan-de-traiding\/#breadcrumb","itemListElement":[{"@type":"ListItem","position":1,"name":"Home","item":"https:\/\/forextradingbonus.com\/es\/"},{"@type":"ListItem","position":2,"name":"La importancia de un plan de Trading para Forex"}]},{"@type":"WebSite","@id":"https:\/\/forextradingbonus.com\/#website","url":"https:\/\/forextradingbonus.com\/","name":"Forex Trading Bonus","description":"Best Forex Trading Bonus Reviews. Deposit &amp; No Deposit FX Bonuses and Tips","potentialAction":[{"@type":"SearchAction","target":{"@type":"EntryPoint","urlTemplate":"https:\/\/forextradingbonus.com\/?s={search_term_string}"},"query-input":"required name=search_term_string"}],"inLanguage":"es"}]}},"_links":{"self":[{"href":"https:\/\/forextradingbonus.com\/es\/wp-json\/wp\/v2\/pages\/84914"}],"collection":[{"href":"https:\/\/forextradingbonus.com\/es\/wp-json\/wp\/v2\/pages"}],"about":[{"href":"https:\/\/forextradingbonus.com\/es\/wp-json\/wp\/v2\/types\/page"}],"author":[{"embeddable":true,"href":"https:\/\/forextradingbonus.com\/es\/wp-json\/wp\/v2\/users\/19"}],"replies":[{"embeddable":true,"href":"https:\/\/forextradingbonus.com\/es\/wp-json\/wp\/v2\/comments?post=84914"}],"version-history":[{"count":4,"href":"https:\/\/forextradingbonus.com\/es\/wp-json\/wp\/v2\/pages\/84914\/revisions"}],"predecessor-version":[{"id":85656,"href":"https:\/\/forextradingbonus.com\/es\/wp-json\/wp\/v2\/pages\/84914\/revisions\/85656"}],"wp:featuredmedia":[{"embeddable":true,"href":"https:\/\/forextradingbonus.com\/es\/wp-json\/wp\/v2\/media\/84916"}],"wp:attachment":[{"href":"https:\/\/forextradingbonus.com\/es\/wp-json\/wp\/v2\/media?parent=84914"}],"curies":[{"name":"wp","href":"https:\/\/api.w.org\/{rel}","templated":true}]}}