{"id":84952,"date":"2019-03-31T15:21:11","date_gmt":"2019-03-31T15:21:11","guid":{"rendered":"http:\/\/forextradingbonus.com\/?page_id=84952"},"modified":"2019-03-31T15:21:11","modified_gmt":"2019-03-31T15:21:11","slug":"indicador-de-aceleracion","status":"publish","type":"page","link":"https:\/\/forextradingbonus.com\/es\/indicador-de-aceleracion\/","title":{"rendered":"\u00bfQu\u00e9 es el indicador Oscilador de Aceleraci\u00f3n?"},"content":{"rendered":"<p>El problema con la industria Forex (que realmente no es un problema, sino que es mucho mejor llamarlo trabajo) es que existen muchos temas que presentan cierta complejidad los cuales un trader necesita saber y aprender antes de comenzar a operar. Todos estos conceptos que necesita saber un principiante antes de comenzar a operar y no quedarse estancados en el mismo lugar de donde comenzaron. Uno de los conceptos que m\u00e1s se dejan de lado es el Indicador Oscilador de Aceleraci\u00f3n. \u00bfQu\u00e9 es?\u00bfC\u00f3mo funciona?\u00bfQu\u00e9 hace? y \u00bfPor qu\u00e9 deber\u00edas usarlo? son algunas de las preguntas m\u00e1s frecuentes que un trader se hace. Es un tema que se pasa por alto porque sinceramente es un tema muy breve y bastante b\u00e1sico. Esto hace que muchas fuentes educativas pasen por alto este tema. Nuestra funci\u00f3n es ayudar a los principiantes, por lo que vamos a pasar a explicarte este peque\u00f1o tema con lujo de detalles. \u00a0Vamos a discutir qu\u00e9 es, c\u00f3mo puedes utilizarlo y c\u00f3mo dise\u00f1ar estrategias en base a este indicador para que de alguna manera te permita alcanzar el m\u00e1ximo \u00e9xito en tu trading. Tambi\u00e9n estaremos planteando c\u00f3mo este indicador se compara con otros, como por ejemplo el indicador RSI y el indicador ADX. Al final de este art\u00edculo tendr\u00e1s una absoluta comprensi\u00f3n del concepto.<\/p>\n<h2>Indicador de FX Oscilador de Aceleraci\u00f3n en FX<\/h2>\n<img decoding=\"async\" loading=\"lazy\" width=\"1024\" height=\"683\" class=\"aligncenter size-large wp-image-84953\" src=\"http:\/\/forextradingbonus.com\/wp-content\/img\/2019\/03\/INDICADOR-OSCILADOR-DE-AC-1024x683.jpg\" alt=\"Oscilador de AC en FX\" \/>\n<p>El nombre precisamente es Indicador T\u00e9cnico de Aceleraci\u00f3n \/ Desaceleraci\u00f3n o AC en breves. Este indicador, al igual que otros indicadores lo que intenta hacer es predecir los cambios del mercado y proporcionar se\u00f1ales de compra y venta antes que se produzcan los cambios en los precios. El indicador T\u00e9cnico Aceleraci\u00f3n \/ Desaceleraci\u00f3n puede ser el m\u00e1s b\u00e1sico de todos los indicadores que te puede ofrecer una plataforma de trading, pero sin embargo es uno de los que debes aprender a usar lo m\u00e1s r\u00e1pido posible. Comprender las fuerzas de tendencias del mercado y los cambios direccionales de estas te permitir\u00e1n cambiar tus estrategias y trabajar en un mejor mercado. El AC te permitir\u00e1 ver que tan r\u00e1pido esta acelerando o desacelerando la fuerza que se est\u00e1 produciendo, proporcionando \u201cl\u00edneas\u201d que indican los cambios direccionales en la fuerza de un mercado. Permiti\u00e9ndote crear una estrategia de trading con el indicador oscilador de aceleraci\u00f3n, que podr\u00e1s utilizar para maximizar tus ganancias.<\/p>\n<h3>\u00bfC\u00f3mo se utiliza el Indicador Oscilador de aceleraci\u00f3n?<\/h3>\n<p>Para utilizar el indicador Oscilador del Acelerador, debes comprender c\u00f3mo funciona, lo cual es muy f\u00e1cil de entender. No es necesario realizar un complejo seguimiento de l\u00edneas o realizar c\u00e1lculos descabellados. Lo que debes hacer es un seguimiento de los colores que se presentan en la tabla. El oscilador de aceleraci\u00f3n y desaceleraci\u00f3n es muy f\u00e1cil de discernir, ya que se presenta con colores verde y rojo y la informaci\u00f3n que presenta esta muy bien detallada. Observamos que cuando el color del gr\u00e1fico esta de color rojo, las fuerzas del mercado sobre un activo o una moneda se est\u00e1 desacelerando y no debes comprar ese instrumento. Cuando el color del gr\u00e1fico (o de la barra, si prefieres llamarlo de esa manera) es verde, no debes vender. Si bien parece ser reglas arbitrarias, lo que estamos observando en estos gr\u00e1ficos es simplemente la aceleraci\u00f3n o desaceleraci\u00f3n del mercado.Si las fuerzas del mercado se desaceleran, en consecuencia el activo comenzar\u00e1 a perder valor en cuesti\u00f3n de minutos. Significando que el activo entra en p\u00e9rdida porque los precios pronto caer\u00e1n. El procedimiento de la columna ser\u00e1 de la misma forma pero a la inversa.<\/p>\n<p>Para profundizar mucho m\u00e1s sobre las reglas del indicador oscilador de aceleraci\u00f3n y poder comprender la base de su uso, necesitas saber algo muy importante. El indicador se mide contra la l\u00ednea nula o l\u00ednea de punto \u201c0\u201d. Si el indicador se posa por encima de esta l\u00ednea, las barras aparecer\u00e1n de color verde debido a que las fuerzas del mercado son positivas para este activo. Cuando el indicador cae por debajo de la l\u00ednea nula, significa que las fuerzas del mercado est\u00e1n desacelerando, representado en barras de color rojo, provocando la ca\u00edda de los precios. La idea es bastante simple y a la vez muy \u00fatil. Aunque no debes utilizar este indicador como una se\u00f1al de compra o venta. Util\u00edzalo como una se\u00f1al de \u201cNo\u201d comprar o \u201cNo\u201d vender. Si deseas tener se\u00f1ales de compra y venta en tu indicador, deber\u00e1s implementarlo con la combinaci\u00f3n de otros indicadores. Tener muchas m\u00e1s fuentes de informaci\u00f3n ser\u00e1n mucho m\u00e1s \u00fatiles que tener solo una cuando se trata de visualizar la situaci\u00f3n del mercado. La raz\u00f3n de que no se utilice este indicador como fuente de compraventa es la diferencia que encuentra con el indicador \u201cOscilador Asombroso\u201d.<\/p>\n<h3>C\u00e1lculo<\/h3>\n<p>El c\u00e1lculo que existe detr\u00e1s de este indicador es muy simple. Si bien es posible que no seas un matem\u00e1tico y que ni siquiera est\u00e9s interesado en c\u00f3mo se hace, de todas formas te brindaremos algunos detalles al respecto para que puedas entender un poco mejor los conceptos del Indicador Oscilador de Aceleraci\u00f3n. El primer paso es la determinaci\u00f3n del precio medio, que es una simplemente dividir por dos la suma de los precios altos y bajos. Luego el oscilador asombroso hace su trabajo, restando el precio promedio simple \u201cSMA\u201d 34 del precio promedio simple \u201cSMA\u201d 5. Para que finalmente, el Oscilador de Aceleraci\u00f3n calcule el SMA AO 5 que proviene del propio AO. El resultado es el valor que determina el oscilador de aceleraci\u00f3n que determina el cambio del color, permitiendo tomar la decisi\u00f3n correcta en relaci\u00f3n con las fuerzas dominantes del mercado.<\/p>\n<p>Or\u00edgenes\u00a0del Indicador Oscilador de\u00a0aceleraci\u00f3n<\/p>\n<p>Ahora que comprendes los conceptos b\u00e1sicos de c\u00f3mo usar el indicador Oscilador de Aceleraci\u00f3n, debes saber de d\u00f3nde viene y por qu\u00e9 tienes que considerar su uso. El creador de este indicador, as\u00ed como tantos otros en la industria fu\u00e9 Bill Williams. Este hombre es una de las leyendas del trading y se encuentra entre uno de los traders m\u00e1s exitosos del mundo. Naci\u00f3 en la d\u00e9cada de 1930 (un hombre de avanzada edad), d\u00f3nde ha pasado a\u00f1os trabajando para la industria del trading y desarrollando teor\u00edas para intentar contextualizar los mercados y las fuerzas que a este lo impulsan. Ha trabajado con la teor\u00eda del caos, an\u00e1lisis t\u00e9cnico y ha desarrollado una serie de indicadores para predecir las actitudes del mercado. Tambi\u00e9n es el hombre quien desarroll\u00f3 el indicador CA, que definitivamente debes utilizar. Seg\u00fan el creador de este indicador, esta es la forma m\u00e1s temprana para pronosticar las fuerzas del mercado y las actitudes de los traders. Su uso le otorgar\u00e1 a aquel trader una ventaja sobre otro que lo ignore por completo. Bill Williams se un profesional muy respetado en el ambiente, con muchos a\u00f1os de experiencia en acciones, commodities y operaciones en Forex. Sus opiniones son realmente muy apreciadas por todos los traders, y si quieres convertirte en un trader exitoso debes considerar aprender mucho m\u00e1s de \u00e9l.<\/p>\n<img decoding=\"async\" loading=\"lazy\" width=\"1024\" height=\"683\" class=\"aligncenter size-large wp-image-84954\" src=\"http:\/\/forextradingbonus.com\/wp-content\/img\/2019\/03\/bill-williams-Indicador-Oscilador-AC-1024x683.jpg\" alt=\"Ind Oscilador de Aceleraci\u00f3n FX\" \/>\n<p>Hemos planteado esto muchas veces, estudiar es el mejor camino y una de las cosas claves que debes hacer si deseas convertirte en un trader exitoso en Forex. Aunque aprender sobre el indicador CA puede ser algo b\u00e1sico, es una buena idea mirar desde cerca el uso del Oscilador de Aceleraci\u00f3n de Bill Williams en un gr\u00e1fico de acciones y sus libros de como aprender sobre los mercados, las teor\u00edas sobre las fuerzas que los impulsan y otros detalles muy interesantes para tu trading. Crear conocimientos y comprensi\u00f3n te\u00f3rica para luego contextualizarlos en el mercado donde te encuentres operando puede ser una gran ventaja que otros traders no tendr\u00e1n a su disposici\u00f3n.<\/p>\n<h2>\u00bfC\u00f3mo habilitar el indicador CA en MetaTrader4?<\/h2>\n<img decoding=\"async\" loading=\"lazy\" width=\"1024\" height=\"683\" class=\"aligncenter size-large wp-image-84955\" src=\"http:\/\/forextradingbonus.com\/wp-content\/img\/2019\/03\/oscilador-AC-MT4-1024x683.jpg\" alt=\"indicador AC en MT4\" \/>\n<p>Luego de que obtuvimos mayor informaci\u00f3n sobre el Indicador Oscilador de Aceleraci\u00f3n, seguramente tendr\u00e1s que encontrarle la manera de buscarle una correcta aplicaci\u00f3n en tu trading. La \u00fanica forma de realizarlo es habilitar el indicador CA en tu cuenta de MetaTrader 4 o 5, si es que lo tiene. Si operas otro tipo de plataforma es posible que el indicador posea otro nombre, por ende tendr\u00e1s que habilitarlo de otra forma, pero deber\u00eda estar presente en cualquier plataforma.<\/p>\n<p>MetaTrader clasifica a todos sus indicadores en cuatro . La categor\u00eda que t\u00fa est\u00e1s buscando es la de Bill Williams. Por esta raz\u00f3n, al existir esta categor\u00eda es la clara se\u00f1al de que tu tienes que operar este indicador y adem\u00e1s podr\u00e1s aprender un poco m\u00e1s de su estilo de estrategia, en general. Lo que tu estar\u00e1s buscando en esta categor\u00eda es el indicador de aceleraci\u00f3n. Al seleccionarlo, se desplazar\u00e1 una ventana emergente que te permitir\u00e1 establecer los colores de las barras del indicador. Selecciona aceptar y listo, a partir de ahora tendr\u00e1s acceso al indicador de aceleraci\u00f3n. Comienza a utilizarlo desde el primer instante, ya que te permitir\u00e1 entender los primeros s\u00edntomas del mercado para luego acertar en tu pr\u00f3xima decisi\u00f3n.<\/p>\n<p>Por el momento es todo lo que te podemos ofrecer acerca del indicador CA. Con esta informaci\u00f3n brindada creemos que estar\u00e1s completamente en condiciones de operar con este indicador. Recuerda que este es uno de los indicadores m\u00e1s importantes y vers\u00e1tiles que puedes utilizar para tu trading. De hecho muchos usuarios los utilizan en los distintos mercados como por ejemplo, el oscilador de aceleraci\u00f3n en el cryptomercado, Commodities y acciones. Razones por las cuales debes considerar su utilizaci\u00f3n y comenzarlo, desde ya, mucha suerte en tu trading.<\/p>\n","protected":false},"excerpt":{"rendered":"El problema con la industria Forex (que realmente no es un problema, sino que es mucho mejor llamarlo trabajo) es","protected":false},"author":19,"featured_media":84956,"parent":0,"menu_order":0,"comment_status":"closed","ping_status":"closed","template":"","meta":{"_mi_skip_tracking":false},"acf":[],"yoast_head":"<!-- This site is optimized with the Yoast SEO plugin v20.4 - https:\/\/yoast.com\/wordpress\/plugins\/seo\/ -->\n<title>\u00bfQu\u00e9 es el Indicador Oscilador de Aceleraci\u00f3n para Forex?<\/title>\n<meta name=\"description\" content=\"Gu\u00eda completa del Indicador Oscilador de Aceleraci\u00f3n para Forex, ventajas, uso, descripci\u00f3n en MT4 y MT5, or\u00edgenes del indicador y m\u00e1s\" \/>\n<meta name=\"robots\" content=\"index, follow, max-snippet:-1, max-image-preview:large, max-video-preview:-1\" \/>\n<link rel=\"canonical\" href=\"https:\/\/forextradingbonus.com\/es\/indicador-de-aceleracion\/\" \/>\n<meta property=\"og:locale\" content=\"es_ES\" \/>\n<meta property=\"og:type\" content=\"article\" \/>\n<meta property=\"og:title\" content=\"\u00bfQu\u00e9 es el Indicador Oscilador de Aceleraci\u00f3n para Forex?\" \/>\n<meta property=\"og:description\" content=\"Gu\u00eda completa del Indicador Oscilador de Aceleraci\u00f3n para Forex, ventajas, uso, descripci\u00f3n en MT4 y MT5, or\u00edgenes del indicador y m\u00e1s\" \/>\n<meta property=\"og:url\" content=\"https:\/\/forextradingbonus.com\/es\/indicador-de-aceleracion\/\" \/>\n<meta property=\"og:site_name\" content=\"Forex Trading Bonus\" \/>\n<meta property=\"og:image\" content=\"https:\/\/forextradingbonus.com\/wp-content\/img\/2019\/03\/Indicador-Oscilador-de-Aceleraci\u00f3n.jpg\" \/>\n\t<meta property=\"og:image:width\" content=\"1200\" \/>\n\t<meta property=\"og:image:height\" content=\"800\" \/>\n\t<meta property=\"og:image:type\" content=\"image\/jpeg\" \/>\n<meta name=\"twitter:card\" content=\"summary_large_image\" \/>\n<meta name=\"twitter:label1\" content=\"Tiempo de lectura\" \/>\n\t<meta name=\"twitter:data1\" content=\"8 minutos\" \/>\n<!-- \/ Yoast SEO plugin. -->","yoast_head_json":{"title":"\u00bfQu\u00e9 es el Indicador Oscilador de Aceleraci\u00f3n para Forex?","description":"Gu\u00eda completa del Indicador Oscilador de Aceleraci\u00f3n para Forex, ventajas, uso, descripci\u00f3n en MT4 y MT5, or\u00edgenes del indicador y m\u00e1s","robots":{"index":"index","follow":"follow","max-snippet":"max-snippet:-1","max-image-preview":"max-image-preview:large","max-video-preview":"max-video-preview:-1"},"canonical":"https:\/\/forextradingbonus.com\/es\/indicador-de-aceleracion\/","og_locale":"es_ES","og_type":"article","og_title":"\u00bfQu\u00e9 es el Indicador Oscilador de Aceleraci\u00f3n para Forex?","og_description":"Gu\u00eda completa del Indicador Oscilador de Aceleraci\u00f3n para Forex, ventajas, uso, descripci\u00f3n en MT4 y MT5, or\u00edgenes del indicador y m\u00e1s","og_url":"https:\/\/forextradingbonus.com\/es\/indicador-de-aceleracion\/","og_site_name":"Forex Trading Bonus","og_image":[{"width":1200,"height":800,"url":"https:\/\/forextradingbonus.com\/wp-content\/img\/2019\/03\/Indicador-Oscilador-de-Aceleraci\u00f3n.jpg","type":"image\/jpeg"}],"twitter_card":"summary_large_image","twitter_misc":{"Tiempo de lectura":"8 minutos"},"schema":{"@context":"https:\/\/schema.org","@graph":[{"@type":"WebPage","@id":"https:\/\/forextradingbonus.com\/es\/indicador-de-aceleracion\/","url":"https:\/\/forextradingbonus.com\/es\/indicador-de-aceleracion\/","name":"\u00bfQu\u00e9 es el Indicador Oscilador de Aceleraci\u00f3n para Forex?","isPartOf":{"@id":"https:\/\/forextradingbonus.com\/#website"},"datePublished":"2019-03-31T15:21:11+00:00","dateModified":"2019-03-31T15:21:11+00:00","description":"Gu\u00eda completa del Indicador Oscilador de Aceleraci\u00f3n para Forex, ventajas, uso, descripci\u00f3n en MT4 y MT5, or\u00edgenes del indicador y m\u00e1s","breadcrumb":{"@id":"https:\/\/forextradingbonus.com\/es\/indicador-de-aceleracion\/#breadcrumb"},"inLanguage":"es","potentialAction":[{"@type":"ReadAction","target":["https:\/\/forextradingbonus.com\/es\/indicador-de-aceleracion\/"]}]},{"@type":"BreadcrumbList","@id":"https:\/\/forextradingbonus.com\/es\/indicador-de-aceleracion\/#breadcrumb","itemListElement":[{"@type":"ListItem","position":1,"name":"Home","item":"https:\/\/forextradingbonus.com\/es\/"},{"@type":"ListItem","position":2,"name":"\u00bfQu\u00e9 es el indicador Oscilador de Aceleraci\u00f3n?"}]},{"@type":"WebSite","@id":"https:\/\/forextradingbonus.com\/#website","url":"https:\/\/forextradingbonus.com\/","name":"Forex Trading Bonus","description":"Best Forex Trading Bonus Reviews. Deposit &amp; No Deposit FX Bonuses and Tips","potentialAction":[{"@type":"SearchAction","target":{"@type":"EntryPoint","urlTemplate":"https:\/\/forextradingbonus.com\/?s={search_term_string}"},"query-input":"required name=search_term_string"}],"inLanguage":"es"}]}},"_links":{"self":[{"href":"https:\/\/forextradingbonus.com\/es\/wp-json\/wp\/v2\/pages\/84952"}],"collection":[{"href":"https:\/\/forextradingbonus.com\/es\/wp-json\/wp\/v2\/pages"}],"about":[{"href":"https:\/\/forextradingbonus.com\/es\/wp-json\/wp\/v2\/types\/page"}],"author":[{"embeddable":true,"href":"https:\/\/forextradingbonus.com\/es\/wp-json\/wp\/v2\/users\/19"}],"replies":[{"embeddable":true,"href":"https:\/\/forextradingbonus.com\/es\/wp-json\/wp\/v2\/comments?post=84952"}],"version-history":[{"count":3,"href":"https:\/\/forextradingbonus.com\/es\/wp-json\/wp\/v2\/pages\/84952\/revisions"}],"predecessor-version":[{"id":85644,"href":"https:\/\/forextradingbonus.com\/es\/wp-json\/wp\/v2\/pages\/84952\/revisions\/85644"}],"wp:featuredmedia":[{"embeddable":true,"href":"https:\/\/forextradingbonus.com\/es\/wp-json\/wp\/v2\/media\/84956"}],"wp:attachment":[{"href":"https:\/\/forextradingbonus.com\/es\/wp-json\/wp\/v2\/media?parent=84952"}],"curies":[{"name":"wp","href":"https:\/\/api.w.org\/{rel}","templated":true}]}}