{"id":84959,"date":"2019-03-31T14:54:36","date_gmt":"2019-03-31T14:54:36","guid":{"rendered":"http:\/\/forextradingbonus.com\/?page_id=84959"},"modified":"2019-03-31T14:54:36","modified_gmt":"2019-03-31T14:54:36","slug":"como-operar-con-patrones-123-en-fx","status":"publish","type":"page","link":"https:\/\/forextradingbonus.com\/es\/como-operar-con-patrones-123-en-fx\/","title":{"rendered":"Trucos para Acci\u00f3n de Precios: \u00bfC\u00f3mo operar con patrones 1-2-3?"},"content":{"rendered":"<p>El patr\u00f3n 1-2-3 es uno de los patrones del mundo del trading m\u00e1s com\u00fan y popular entre los patrones. Cuando cuentes con una basta experiencia en el trading, podr\u00e1s notar estos patrones por todos lados. Sin embargo, y como todos los patrones que existen, este patr\u00f3n no es 100% confiable. De todos modos, su utilizaci\u00f3n puede formar parte de una estrategia o sistema de trading para mejorar tus operaciones. \u00a1Sumerj\u00e1monos en el mundo de la Acci\u00f3n de Precio y descubramos el patr\u00f3n 1-2-3!<\/p>\n<h2>\u00bfQu\u00e9 es el Patr\u00f3n 1-2-3?<\/h2>\n<p>Se puede decir que este patr\u00f3n es la parte inferior, un testeo en el precio alto y luego un rebote. El patr\u00f3n se presenta generalmente en el final de las tendencias. Son una indicaci\u00f3n clara de un cambio en la tendencia. Tambi\u00e9n lo podr\u00e1s encontrar en un rango de cotizaci\u00f3n en el cual el impulso direccional de una tendencia est\u00e1 disminuyendo.<\/p>\n<img decoding=\"async\" loading=\"lazy\" width=\"1024\" height=\"683\" class=\"aligncenter size-large wp-image-84961\" src=\"http:\/\/forextradingbonus.com\/wp-content\/img\/2019\/03\/patron-123-alcista-1024x683.jpg\" alt=\"patr\u00f3n 123 alcista\" \/>\n<h3>Patr\u00f3n 1-2-3 en una Tendencia alcista:<\/h3>\n<ul>\n<li style=\"font-weight: 400;\">El punto 1 es el m\u00e1s bajo, formando un nivel de soporte de precio.<\/li>\n<li style=\"font-weight: 400;\">El punto 2 es el punto m\u00e1s alto, estableciendo un pico que forma un nivel de resistencia<\/li>\n<li style=\"font-weight: 400;\">El punto 3 ser\u00e1 el segundo punto bajo del patr\u00f3n (este debe ser m\u00e1s alto que el punto n\u00famero 1)<\/li>\n<li style=\"font-weight: 400;\">La ruptura del punto n\u00famero 2 se\u00f1alar\u00e1 la continuaci\u00f3n de una tendencia alcista.<\/li>\n<\/ul>\n<h3>Patr\u00f3n 1-2-3 en una Tendencia bajista:<\/h3>\n<ul>\n<li style=\"font-weight: 400;\">El punto 1 es el m\u00e1s alto, formando una resistencia haciendo que el precio se mueva hacia abajo.<\/li>\n<li style=\"font-weight: 400;\">El punto 2 es el punto m\u00e1s bajo, formando la zona de soporte.<\/li>\n<li style=\"font-weight: 400;\">El punto 3 se genera cuando el precio sube formando una nueva resistencia.<\/li>\n<li style=\"font-weight: 400;\">La ruptura de los precios por debajo del nivel del punto n\u00famero 2, indicar\u00e1 que lo m\u00e1s probable es que el mercado pr\u00f3ximamente contin\u00fae una tendencia bajista.<\/li>\n<\/ul>\n<img decoding=\"async\" loading=\"lazy\" width=\"1024\" height=\"683\" class=\"aligncenter size-large wp-image-84962\" src=\"http:\/\/forextradingbonus.com\/wp-content\/img\/2019\/03\/patron-123-bajista-1024x683.jpg\" alt=\"patron 123 bajista\" \/>\n<p>Los patrones 123 son llamados tambi\u00e9n como patrones de continuaci\u00f3n que representan quiebres en los precios consolidados en la direcci\u00f3n de una tendencia. Tambi\u00e9n, pueden indicar un movimiento de retroceso, pero lo discutiremos en la siguiente secci\u00f3n.<\/p>\n<h2>\u00bfC\u00f3mo operar con patrones 1-2-3?<\/h2>\n<h3>Continuaci\u00f3n de la tendencia<\/h3>\n<p>Antes que nada, debes considerar una tendencia a corto plazo y un trading en la direcci\u00f3n generada. No tomaremos en cuenta una tendencia a largo plazo porque la idea no es operar en ella. El siguiente gr\u00e1fico present\u00f3 una tendencia alcista, se pueden ver los puntos de Swing (punto de cambio de tendencia) desde el m\u00ednimo hasta el m\u00e1ximo. Para encontrarse desde el lado correcto, los traders deben observar tendencias a corto plazo.<\/p>\n<p>Consejo de un Profesional: Considera siempre analizar fracciones de tiempo para realizar un trade. Por ejemplo, si est\u00e1s operando en un gr\u00e1fico M15, opera con la tendencia del gr\u00e1fico M15, no interesa lo que est\u00e9 sucediendo en un gr\u00e1fico diario. Esto es muy importante, ya que cada gr\u00e1fico tiene su propia tendencia. El gr\u00e1fico H4 podr\u00eda tener una tendencia absolutamente distinta a la de un gr\u00e1fico de 15 minutos. En el siguiente ejemplo, la idea es cambiar el Swing a otro utilizando una tendencia a corto plazo para asegurarnos que nos encontremos en lugar correcto cuando encontremos el siguiente Swing.<\/p>\n<img decoding=\"async\" loading=\"lazy\" width=\"1024\" height=\"683\" class=\"aligncenter size-large wp-image-84964\" src=\"http:\/\/forextradingbonus.com\/wp-content\/img\/2019\/03\/punto-de-swing-1024x683.jpg\" alt=\"patron 123 punto swing\" \/>\n<h3>Cambio de tendencia<\/h3>\n<p>\u00bfQu\u00e9 es lo primero que debemos notar en un patr\u00f3n 1-2-3? bueno, lo primero que debes notar es su primer etapa de retroceso. Por ejemplo, en una tendencia alcista, el patr\u00f3n n\u00famero 1 tendr\u00eda un nuevo punto bajo m\u00e1s bajo. El patr\u00f3n n\u00famero 2, ser\u00e1 cuando el precio retroceda pero no alcanza un nivel alto o bajo. Por lo tanto podr\u00e1s observar que en el primer tramo la tendencia se mueve hacia abajo, y luego retrocede sin encontrar un punto m\u00e1ximo, para luego completar un nuevo m\u00ednimo alto. Si el precio vuelve a obtener un nuevo m\u00e1ximo, se podr\u00e1 observar la tendencia alcista. Por \u00faltimo, el n\u00famero 3, se mover\u00e1 hacia abajo, superando el m\u00ednimo m\u00e1s bajo anterior que se form\u00f3 en el primer tramo, continuando para ser un nuevo m\u00ednimo m\u00e1s bajo.<\/p>\n<img decoding=\"async\" loading=\"lazy\" width=\"1024\" height=\"683\" class=\"aligncenter size-large wp-image-84965\" src=\"http:\/\/forextradingbonus.com\/wp-content\/img\/2019\/03\/patr\u00f3n-123-cambio-de-tendencia-1024x683.jpg\" alt=\"patron 123 cambio de tendencia\" \/>\n<p>En este ejemplo puedes ver que el precio se muestra en una tendencia bajista, y para que la tendencia cambie, buscamos el cambio con un patr\u00f3n 1-2-3. El primer paso de un patr\u00f3n de cambio de tendencia es que el precio presenta un nuevo m\u00ednimo m\u00e1s alto. El siguiente paso de nuestro patr\u00f3n es que el precio es impulsado hacia un nuevo nivel m\u00e1s alto. Es importante que en el segundo paso el precio no vuelva a presentar un m\u00ednimo m\u00e1s bajo, lo cual indicar\u00eda que la tendencia sigue siendo bajista. Lo \u00faltimo en este patr\u00f3n y confirmaci\u00f3n de tendencia a corto plazo el el cambio con el patr\u00f3n n\u00famero 3, en donde el precio vuelve a bajar realizando un nuevo m\u00ednimo m\u00e1s alto.<\/p>\n<p>&nbsp;<\/p>\n<h2>Indicador de patr\u00f3n 1-2-3 de Forex<\/h2>\n<p>Para tener un sistema de trading completo, los traders necesitan m\u00e1s que solo un indicador, necesitan en un sistema de un gestor de riesgos, calendarios, tama\u00f1os de una posici\u00f3n,, evaluaciones de trading diario, reglas de entrada y salida, etc.<\/p>\n<p>Para estas acciones, el sitio web oficial de <a href=\"https:\/\/www.mql5.com\/\">MQL5<\/a> nos ofrece un indicador gratuito para detectar patrones 1-2-3. De hecho, siendo ya un trader profesional, prefiero detectar estos patrones por m\u00ed mismo.<\/p>\n<p>Tambi\u00e9n debes considerar descargar MetaTrader4 Supreme Edition que posee cantidades ilimitadas de funciones \u00fatiles, como el medidor de fuerza divisa, proporcionando una clara ventaja para operar con patrones 1-2-3.<\/p>\n<p>&nbsp;<\/p>\n<h2>Ejercicio para dibujar un patr\u00f3n 1-2-3 manualmente<\/h2>\n<h3>Patrones dentro de una Tendencia<\/h3>\n<ul>\n<li style=\"font-weight: 400;\">Abre tu gr\u00e1fica en MT4<\/li>\n<li style=\"font-weight: 400;\">Encuentra una tendencia que represente m\u00e1ximos m\u00e1s altos o m\u00ednimos cada vez m\u00e1s bajos<\/li>\n<li style=\"font-weight: 400;\">Dibuja tus puntos 1-2-3 y el precio movi\u00e9ndose en una nueva tendencia<\/li>\n<li style=\"font-weight: 400;\">Entra en el punto de quiebre del punto n\u00famero 2 con un stop-loss debajo del punto n\u00famero 3<\/li>\n<li style=\"font-weight: 400;\">Sigue el mercado de acuerdo a la tendencia, hacia arriba o hacia abajo<\/li>\n<\/ul>\n<img decoding=\"async\" loading=\"lazy\" width=\"1024\" height=\"683\" class=\"aligncenter size-large wp-image-84966\" src=\"http:\/\/forextradingbonus.com\/wp-content\/img\/2019\/03\/patron-123-Forex-1024x683.jpg\" alt=\"\" \/>\n<p>Como puedes observar en el ejemplo anterior, el par de divisas EUR \/ USD ofrece una tendencia alcista, por lo cual necesitamos tomar los patrones 1-2-3 en direcci\u00f3n a esta tendencia (osea, hacia arriba). Los retrocesos ser\u00e1n ignorados. Como podemos ver en el ejemplo, no hubo una entrada en el punto n\u00famero 2 porque el mismo no present\u00f3 un quiebre, y el retroceso ocurri\u00f3 justo antes de que precio se encuentre en alza.<\/p>\n<h3>Patrones dentro de un retroceso<\/h3>\n<ul>\n<li style=\"font-weight: 400;\">Espera a que termine una tendencia<\/li>\n<li style=\"font-weight: 400;\">Generalmente, esto sucede cuando el precio se acerca a sus extremos<\/li>\n<li style=\"font-weight: 400;\">Dibuja los puntos 1-2-3 en medida que el precio se mueva hacia la tendencia.<\/li>\n<li style=\"font-weight: 400;\">Entra en el quiebre del punto 2, con un stop-loss arriba o debajo del punto 3<\/li>\n<li style=\"font-weight: 400;\">Sigue el mercado hacia arriba o hacia abajo dependiendo del retroceso de la nueva tendencia<\/li>\n<\/ul>\n<img decoding=\"async\" loading=\"lazy\" width=\"1024\" height=\"683\" class=\"aligncenter size-large wp-image-84967\" src=\"http:\/\/forextradingbonus.com\/wp-content\/img\/2019\/03\/patrones-123-dentro-de-un-retroces-1024x683.jpg\" alt=\"patrones 123 en un retroces\" \/>\n<p>Los retrocesos ocurrieron \u00a0en la parte superior e inferior, como observamos en el gr\u00e1fico de arriba. Si tienes problemas para identificar los extremos de los precios, te sugerimos que utilices los indicadores ATR o bandas Bollinger.<\/p>\n<p>Como podemos ver, los patrones 1-2-3 se pueden aplicar en varios sistemas o estrategias de trading de Forex y CFDs, pero se utilizan principalmente para el trading de acci\u00f3n de precios. En otro momento, te presentamos otra gu\u00eda para hablar c\u00f3mo fijar objetivos utilizando los patrones 1-2-3.<\/p>\n<p><span style=\"font-weight: 400;\">Si tienes alguna otra duda, no dudes en dejarnos tus comentarios a continuaci\u00f3n, saludos y que tengas un exitoso trading. <\/span><\/p>\n","protected":false},"excerpt":{"rendered":"El patr\u00f3n 1-2-3 es uno de los patrones del mundo del trading m\u00e1s com\u00fan y","protected":false},"author":19,"featured_media":84960,"parent":0,"menu_order":0,"comment_status":"closed","ping_status":"closed","template":"","meta":{"_mi_skip_tracking":false},"acf":[],"yoast_head":"<!-- This site is optimized with the Yoast SEO plugin v20.4 - https:\/\/yoast.com\/wordpress\/plugins\/seo\/ -->\n<title>Trucos para Acci\u00f3n de Precios: \u00bfC\u00f3mo operar con patrones 1-2-3 en FX?<\/title>\n<meta name=\"description\" content=\"Gu\u00eda para operar con los patrones 1-2-3 en Forex. Qu\u00e9 es un patr\u00f3n 123. Gr\u00e1ficos, ejemplos en tendencias alcistas y bajistas.\" \/>\n<meta name=\"robots\" content=\"index, follow, max-snippet:-1, max-image-preview:large, max-video-preview:-1\" \/>\n<link rel=\"canonical\" href=\"https:\/\/forextradingbonus.com\/es\/como-operar-con-patrones-123-en-fx\/\" \/>\n<meta property=\"og:locale\" content=\"es_ES\" \/>\n<meta property=\"og:type\" content=\"article\" \/>\n<meta property=\"og:title\" content=\"Trucos para Acci\u00f3n de Precios: \u00bfC\u00f3mo operar con patrones 1-2-3 en FX?\" \/>\n<meta property=\"og:description\" content=\"Gu\u00eda para operar con los patrones 1-2-3 en Forex. Qu\u00e9 es un patr\u00f3n 123. Gr\u00e1ficos, ejemplos en tendencias alcistas y bajistas.\" \/>\n<meta property=\"og:url\" content=\"https:\/\/forextradingbonus.com\/es\/como-operar-con-patrones-123-en-fx\/\" \/>\n<meta property=\"og:site_name\" content=\"Forex Trading Bonus\" \/>\n<meta property=\"og:image\" content=\"https:\/\/forextradingbonus.com\/wp-content\/img\/2019\/03\/Patr\u00f3n-1-2-3.jpg\" \/>\n\t<meta property=\"og:image:width\" content=\"1200\" \/>\n\t<meta property=\"og:image:height\" content=\"800\" \/>\n\t<meta property=\"og:image:type\" content=\"image\/jpeg\" \/>\n<meta name=\"twitter:card\" content=\"summary_large_image\" \/>\n<meta name=\"twitter:label1\" content=\"Tiempo de lectura\" \/>\n\t<meta name=\"twitter:data1\" content=\"6 minutos\" \/>\n<!-- \/ Yoast SEO plugin. -->","yoast_head_json":{"title":"Trucos para Acci\u00f3n de Precios: \u00bfC\u00f3mo operar con patrones 1-2-3 en FX?","description":"Gu\u00eda para operar con los patrones 1-2-3 en Forex. Qu\u00e9 es un patr\u00f3n 123. Gr\u00e1ficos, ejemplos en tendencias alcistas y bajistas.","robots":{"index":"index","follow":"follow","max-snippet":"max-snippet:-1","max-image-preview":"max-image-preview:large","max-video-preview":"max-video-preview:-1"},"canonical":"https:\/\/forextradingbonus.com\/es\/como-operar-con-patrones-123-en-fx\/","og_locale":"es_ES","og_type":"article","og_title":"Trucos para Acci\u00f3n de Precios: \u00bfC\u00f3mo operar con patrones 1-2-3 en FX?","og_description":"Gu\u00eda para operar con los patrones 1-2-3 en Forex. Qu\u00e9 es un patr\u00f3n 123. Gr\u00e1ficos, ejemplos en tendencias alcistas y bajistas.","og_url":"https:\/\/forextradingbonus.com\/es\/como-operar-con-patrones-123-en-fx\/","og_site_name":"Forex Trading Bonus","og_image":[{"width":1200,"height":800,"url":"https:\/\/forextradingbonus.com\/wp-content\/img\/2019\/03\/Patr\u00f3n-1-2-3.jpg","type":"image\/jpeg"}],"twitter_card":"summary_large_image","twitter_misc":{"Tiempo de lectura":"6 minutos"},"schema":{"@context":"https:\/\/schema.org","@graph":[{"@type":"WebPage","@id":"https:\/\/forextradingbonus.com\/es\/como-operar-con-patrones-123-en-fx\/","url":"https:\/\/forextradingbonus.com\/es\/como-operar-con-patrones-123-en-fx\/","name":"Trucos para Acci\u00f3n de Precios: \u00bfC\u00f3mo operar con patrones 1-2-3 en FX?","isPartOf":{"@id":"https:\/\/forextradingbonus.com\/#website"},"datePublished":"2019-03-31T14:54:36+00:00","dateModified":"2019-03-31T14:54:36+00:00","description":"Gu\u00eda para operar con los patrones 1-2-3 en Forex. Qu\u00e9 es un patr\u00f3n 123. Gr\u00e1ficos, ejemplos en tendencias alcistas y bajistas.","breadcrumb":{"@id":"https:\/\/forextradingbonus.com\/es\/como-operar-con-patrones-123-en-fx\/#breadcrumb"},"inLanguage":"es","potentialAction":[{"@type":"ReadAction","target":["https:\/\/forextradingbonus.com\/es\/como-operar-con-patrones-123-en-fx\/"]}]},{"@type":"BreadcrumbList","@id":"https:\/\/forextradingbonus.com\/es\/como-operar-con-patrones-123-en-fx\/#breadcrumb","itemListElement":[{"@type":"ListItem","position":1,"name":"Home","item":"https:\/\/forextradingbonus.com\/es\/"},{"@type":"ListItem","position":2,"name":"Trucos para Acci\u00f3n de Precios: \u00bfC\u00f3mo operar con patrones 1-2-3?"}]},{"@type":"WebSite","@id":"https:\/\/forextradingbonus.com\/#website","url":"https:\/\/forextradingbonus.com\/","name":"Forex Trading Bonus","description":"Best Forex Trading Bonus Reviews. Deposit &amp; No Deposit FX Bonuses and Tips","potentialAction":[{"@type":"SearchAction","target":{"@type":"EntryPoint","urlTemplate":"https:\/\/forextradingbonus.com\/?s={search_term_string}"},"query-input":"required name=search_term_string"}],"inLanguage":"es"}]}},"_links":{"self":[{"href":"https:\/\/forextradingbonus.com\/es\/wp-json\/wp\/v2\/pages\/84959"}],"collection":[{"href":"https:\/\/forextradingbonus.com\/es\/wp-json\/wp\/v2\/pages"}],"about":[{"href":"https:\/\/forextradingbonus.com\/es\/wp-json\/wp\/v2\/types\/page"}],"author":[{"embeddable":true,"href":"https:\/\/forextradingbonus.com\/es\/wp-json\/wp\/v2\/users\/19"}],"replies":[{"embeddable":true,"href":"https:\/\/forextradingbonus.com\/es\/wp-json\/wp\/v2\/comments?post=84959"}],"version-history":[{"count":3,"href":"https:\/\/forextradingbonus.com\/es\/wp-json\/wp\/v2\/pages\/84959\/revisions"}],"predecessor-version":[{"id":85619,"href":"https:\/\/forextradingbonus.com\/es\/wp-json\/wp\/v2\/pages\/84959\/revisions\/85619"}],"wp:featuredmedia":[{"embeddable":true,"href":"https:\/\/forextradingbonus.com\/es\/wp-json\/wp\/v2\/media\/84960"}],"wp:attachment":[{"href":"https:\/\/forextradingbonus.com\/es\/wp-json\/wp\/v2\/media?parent=84959"}],"curies":[{"name":"wp","href":"https:\/\/api.w.org\/{rel}","templated":true}]}}