{"id":84974,"date":"2019-03-31T15:05:09","date_gmt":"2019-03-31T15:05:09","guid":{"rendered":"http:\/\/forextradingbonus.com\/?page_id=84974"},"modified":"2019-03-31T15:05:09","modified_gmt":"2019-03-31T15:05:09","slug":"indicador-osma","status":"publish","type":"page","link":"https:\/\/forextradingbonus.com\/es\/indicador-osma\/","title":{"rendered":"Todo lo que debes saber acerca del Indicador \u201cOscilador de Promedio M\u00f3vil\u201d (OsMA)"},"content":{"rendered":"<p>El Indicador \u201cOscilador de Promedio M\u00f3vil\u201d (OsMA), tambi\u00e9n conocido como Indicador Oscilador de Promedio M\u00f3vil, es una herramienta que permite identificar el momento en el que el mercado esta sobre-comprado o sobre-vendido.\u00bfC\u00f3mo es posible esto? pues, midiendo qu\u00e9 tan lejos se encuentra el oscilador del promedio m\u00f3vil. En este art\u00edculo analizaremos los c\u00e1lculos que realiza este indicador y como se puede utilizar esta herramienta en MetaTrader 4.<\/p>\n<img decoding=\"async\" loading=\"lazy\" width=\"1024\" height=\"683\" class=\"aligncenter size-large wp-image-84975\" src=\"http:\/\/forextradingbonus.com\/wp-content\/img\/2019\/03\/OsMA-indicador-1024x683.jpg\" alt=\"Indicador OsMA\" \/>\n<p>El sentido gen\u00e9rico del indicador Oscilador de Promedio M\u00f3vil, se encuentra entre la diferencia que existe con su versi\u00f3n mejorada. Para ser m\u00e1s espec\u00edficos, los valores que ofrece el indicador OsMA es un derivado del indicador MACD. Pero antes de explicar y dar detalles del indicador Oscilador de Promedio M\u00f3vil, le daremos un peque\u00f1o vistazo al indicador MACD.<\/p>\n<p>El indicador MACD (Indicador de divergencia y convergencia de promedio m\u00f3vil) es pr\u00e1cticamente un oscilador. La diferencia principal es entre el EMA 12-periodos y el EMA de 26-periodos. El indicador tambi\u00e9n representar\u00e1 una l\u00ednea de se\u00f1al, cuyo valor es de 9-periodos del indicador MACD. El indicador OsMA es el resultado de la diferencia o restante entre los valores de estos instrumentos del indicador MACD. Para ser m\u00e1s exacto, calcula la diferencia entre el indicador MACD y la l\u00ednea de se\u00f1al.<\/p>\n<ul>\n<li style=\"font-weight: 400;\">F\u00f3rmula: OsMA = MACD &#8211; Se\u00f1al<\/li>\n<\/ul>\n<p>Es importante advertir que no siempre debes utilizar un MACD, tambi\u00e9n puedes utilizar otros osciladores, aplicando los conceptos b\u00e1sicos para calcular el OsMA como la diferencia de alg\u00fan oscilador y la diferencia de su promedio. De todos modos la forma m\u00e1s com\u00fan del indicador OsMA es que utiliza un MACD. M\u00e9todo utilizado por MetaTrader 4, que es donde nos enfocaremos principalmente.<\/p>\n<h2>Utilizando el indicador OsMA en MetaTrader 4<\/h2>\n<p>El indicador de Promedio M\u00f3vil es uno de los indicadores m\u00e1s comunes que presenta la plataforma MetaTrader 4. Recuerda que los valores del Oscilador de Promedio M\u00f3vil se basan exclusivamente de los valores del MACD. Si deseas utilizar otros tipos de indicadores OsMA deber\u00e1s realizar una descarga personalizada de los mismos. Los indicadores que vienen por defecto con MetaTrader 4 se clasifican en cuatro grupos dentro del navegador de su plataforma. Estos son:<\/p>\n<ul>\n<li style=\"font-weight: 400;\">Tendencia<\/li>\n<li style=\"font-weight: 400;\">Osciladores<\/li>\n<li style=\"font-weight: 400;\">Volumen<\/li>\n<li style=\"font-weight: 400;\">Bill Williams<\/li>\n<\/ul>\n<p>El indicador OsMA est\u00e1 dentro de la clasificaci\u00f3n de \u201cOsciladores\u201d, cuyo nombre es Oscilador Promedio M\u00f3vil o probablemente lo encontrar\u00e1s en Ingl\u00e9s (Moving Average Oscillator):<\/p>\n<img decoding=\"async\" loading=\"lazy\" width=\"1024\" height=\"683\" class=\"aligncenter size-large wp-image-84976\" src=\"http:\/\/forextradingbonus.com\/wp-content\/img\/2019\/03\/ubicaci\u00f3n-del-indicador-OsMA-1024x683.jpg\" alt=\"browser de Indicadores \" \/>\n<p>Al hacer click en el nombre del indicador, se abrir\u00e1 una ventana de interacci\u00f3n que te permitir\u00e1 configurar cuatro aspectos b\u00e1sicos. Tres de estos conceptos estar\u00e1n orientados a los c\u00e1lculos de los distintos periodos. La opci\u00f3n \u201cAplicar a\u201d, definir\u00e1 el tipo de valor del precio que se utiliza para los c\u00e1lculos. La imagen superior muestra las distintas opciones que nos ofrece, con la opci\u00f3n predeterminada como \u201ccerrar\u201d cuya opci\u00f3n figura resaltada.<\/p>\n<p>Como puedes ver, el oscilador de promedio m\u00f3vil utiliza un MACD, con el indicador de promedio de movimiento simple (SMA) que usa la l\u00ednea de se\u00f1al. Los valores predeterminados para los EMA lentos y r\u00e1pidos son est\u00e1ndar, y utilizan la construcci\u00f3n de MACD. Por esto, los indicadores EMA r\u00e1pidos est\u00e1n configurados en 12 periodos, y los EMA lentos en 26 periodos.<\/p>\n<p>Como mencionamos antes, MACD es la diferencia entre estos dos valores:<\/p>\n<ul>\n<li style=\"font-weight: 400;\">MACD = fast EMA &#8211; slow EMA<\/li>\n<\/ul>\n<p>Luego el indicador OsMA resta la l\u00ednea de se\u00f1al (Los 9 periodos SMA del MACD). La siguiente imagen te mostrar\u00e1 los valores predeterminados de OsMA, aplicados en un gr\u00e1fico del par EUR\/USD:<\/p>\n<img decoding=\"async\" loading=\"lazy\" width=\"1024\" height=\"683\" class=\"aligncenter size-large wp-image-84977\" src=\"http:\/\/forextradingbonus.com\/wp-content\/img\/2019\/03\/operando-con-OsMA-1024x683.jpg\" alt=\"Trading con OsMA\" \/>\n<p>Puedes encontrar los valores de OsMA en la parte inferior del gr\u00e1fico principal. \u00bfQu\u00e9 es lo que podemos apreciar? Recuerda siempre que OsMA es la diferencia entre un MACD y un SMA de 9 periodos del MACD. Los picos m\u00e1ximos y los valles del histograma nos muestran los momentos en los que el MACD se alej\u00f3 mucho m\u00e1s de su promedio m\u00f3vil. Estos son los momentos en los cuales se espera una alta probabilidad de retrocesos. Adem\u00e1s, podemos encontrar otros caminos para utilizar en nuestro trading y utilizar nuestro indicador Oscilador de Promedio M\u00f3vil.<\/p>\n<h2>Trading con el indicador OsMA<\/h2>\n<p>Generalmente, aumentar los valores del Indicador OsMA sugiere una obligaci\u00f3n de compra en el mercado, independientemente si sus valores est\u00e1n por debajo o por encima del valor cero. De todos modos, la disminuci\u00f3n de los niveles del Indicador OsMA sugiere una obligaci\u00f3n de venta. Pero es muy importante que los valores crucen la l\u00ednea cero, ya que es una confirmaci\u00f3n adicional del estado del mercado. Una cruz hacia abajo es bajista mientras que una hacia arriba es alcista.<\/p>\n<p>Siempre debes estar atento ante la divergencia del movimiento del indicador OsMA y el movimiento del precio. Ser\u00e1 una se\u00f1al clave que te ayudar\u00e1 a determinar cu\u00e1nta convicci\u00f3n tiene el movimiento de un mercado. Por ejemplo, si el mercado nos ofrece nuevos m\u00e1ximos, pero el indicador OsMA no lo hace, o esta descendiendo, este sugiere que existe una debilidad en la tendencia. Un cambio en la direcci\u00f3n del Indicador OsMA nos mostrar\u00e1 un cambio de tendencia. Si el indicador OsMA deja de disminuir, y por lo opuesto comienza a aumentar su valor, ser\u00e1 mejor realizar una operaci\u00f3n en largo que en lugar de entrar en corto.<\/p>\n<h2>Indicador OsMA de Forex: Fortalezas y debilidades<\/h2>\n<p>Una de las fallas que presenta el indicador OsMA es que al depender ciertamente del MACD, se convierte un indicador de retraso. \u00bfQu\u00e9 queremos decir con esto? que ante la posibilidad de un mercado vol\u00e1til, su utilizaci\u00f3n no ser\u00e1 conveniente porque su uso no se aplicar\u00e1 efectivamente. En la mayor\u00eda de los casos, este indicador tiende a lanzar se\u00f1ales falsas. Por lo que es conveniente utilizar este indicador como medio para confirmar cambios de tendencia.<\/p>\n<p>Tienes que tener en cuenta que ning\u00fan indicador puede hacer todo en forma aut\u00f3noma. Cada uno de ellos tendr\u00e1 sus puntos fuertes y sus puntos d\u00e9biles. Es totalmente imprudente fiarse \u00fanicamente del indicador OsMA para tomar ciertas decisiones en tu trading. Debes ser mucho m\u00e1s inteligente y combinar el Indicador OsMA con otro indicador (incluso los dos) para subsanar sus debilidades.<\/p>\n<p>Una de los mejores caminos para aumentar tu arsenal de herramientas de trading es descargarse el complemento gratuito MetaTrader Supreme Edition. MTSE es un complemento para MetaTrader 4 y MetaTrader 5, especialmente personalizadas por profesionales que ofrece una amplia variedad de herramientas e indicadores. \u00bfQue estas esperando para descubrir estos beneficios y contar con las mejores herramientas a tu disposici\u00f3n?<\/p>\n<p>Otra forma para mejorar la efectividad de los indicadores es mirar m\u00faltiples fracciones de tiempo. Esto nos proveer\u00e1 un mejor panorama de lo que est\u00e1 sucediendo. A veces, simplemente mirando lo que sucede en una fracci\u00f3n de tiempo podemos obtener informaci\u00f3n certera. Por lo tanto, si observas fracciones de tiempo en largo plazo, ayudar\u00e1 a que entiendas como la historia encaja sobre los patrones de precios altos en un mercado.<\/p>\n<p>Una de las principales ventajas de este indicador es que nos facilita la identificaci\u00f3n visual de los niveles de sobre-venta o sobre-compra que pueden ocurrir. No olvides que es primordial contar con la habilidad de invertir en condiciones de sobrecompra y sobreventa es poder administrar el riesgo. \u00bfPor qu\u00e9? Porque si el retroceso no se materializa, estar\u00e1s en el lado opuesto de la tendencia de un mercado. Por ende, aseg\u00farate de mantener siempre un enfoque disciplinado en todo momento para reducir p\u00e9rdidas.<\/p>\n<p>La forma m\u00e1s segura de saber si funciona o no es intent\u00e1ndolo. Obviamente que experimentar con dinero real ser\u00e1 costoso, por lo que es mucho m\u00e1s seguro probar distintas estrategias en una cuenta demo. Esto te permitir\u00e1 operar dentro del mercado real sin asumir riesgos que puedan perjudicarte. Esperamos que este art\u00edculo sobre el Indicador OsMA te sirva de gran inspiraci\u00f3n para tu trading.<\/p>\n<p><span style=\"font-weight: 400;\">El material brindado no contiene ni debe interpretarse como contenido en alusi\u00f3n a invertir, ni una oferta o solicitud para cualquier tipo de transacci\u00f3n en cualquier tipo de instrumento financiero. Ten en cuenta que este an\u00e1lisis no es un indicador confiable para ning\u00fan desempe\u00f1o en la actualidad o en el futuro, ya que las circunstancias pueden cambiar en cualquier momento. Antes de iniciar cualquier tipo de inversi\u00f3n debes contar con el asesoramiento de profesionales o de asesores independientes para asegurarse que comprendes todos los riesgos. <\/span><\/p>\n","protected":false},"excerpt":{"rendered":"El Indicador \u201cOscilador de Promedio M\u00f3vil\u201d (OsMA), tambi\u00e9n conocido como Indicador Oscilador de Promedio M\u00f3vil, es una","protected":false},"author":19,"featured_media":84978,"parent":0,"menu_order":0,"comment_status":"closed","ping_status":"closed","template":"","meta":{"_mi_skip_tracking":false},"acf":[],"yoast_head":"<!-- This site is optimized with the Yoast SEO plugin v20.4 - https:\/\/yoast.com\/wordpress\/plugins\/seo\/ -->\n<title>Lo que debes saber del indicador OsMA para Forex<\/title>\n<meta name=\"description\" content=\"Gu\u00eda de las funciones principales del indicador OsMA, para qu\u00e9 se utiliza, cu\u00e1ndo emplearlo, cu\u00e1les son sus ventajas y desventajas y m\u00e1s.\" \/>\n<meta name=\"robots\" content=\"index, follow, max-snippet:-1, max-image-preview:large, max-video-preview:-1\" \/>\n<link rel=\"canonical\" href=\"https:\/\/forextradingbonus.com\/es\/indicador-osma\/\" \/>\n<meta property=\"og:locale\" content=\"es_ES\" \/>\n<meta property=\"og:type\" content=\"article\" \/>\n<meta property=\"og:title\" content=\"Lo que debes saber del indicador OsMA para Forex\" \/>\n<meta property=\"og:description\" content=\"Gu\u00eda de las funciones principales del indicador OsMA, para qu\u00e9 se utiliza, cu\u00e1ndo emplearlo, cu\u00e1les son sus ventajas y desventajas y m\u00e1s.\" \/>\n<meta property=\"og:url\" content=\"https:\/\/forextradingbonus.com\/es\/indicador-osma\/\" \/>\n<meta property=\"og:site_name\" content=\"Forex Trading Bonus\" \/>\n<meta property=\"og:image\" content=\"https:\/\/forextradingbonus.com\/wp-content\/img\/2019\/03\/indicador-OsMA-portada.jpg\" \/>\n\t<meta property=\"og:image:width\" content=\"1200\" \/>\n\t<meta property=\"og:image:height\" content=\"800\" \/>\n\t<meta property=\"og:image:type\" content=\"image\/jpeg\" \/>\n<meta name=\"twitter:card\" content=\"summary_large_image\" \/>\n<meta name=\"twitter:label1\" content=\"Tiempo de lectura\" \/>\n\t<meta name=\"twitter:data1\" content=\"7 minutos\" \/>\n<!-- \/ Yoast SEO plugin. -->","yoast_head_json":{"title":"Lo que debes saber del indicador OsMA para Forex","description":"Gu\u00eda de las funciones principales del indicador OsMA, para qu\u00e9 se utiliza, cu\u00e1ndo emplearlo, cu\u00e1les son sus ventajas y desventajas y m\u00e1s.","robots":{"index":"index","follow":"follow","max-snippet":"max-snippet:-1","max-image-preview":"max-image-preview:large","max-video-preview":"max-video-preview:-1"},"canonical":"https:\/\/forextradingbonus.com\/es\/indicador-osma\/","og_locale":"es_ES","og_type":"article","og_title":"Lo que debes saber del indicador OsMA para Forex","og_description":"Gu\u00eda de las funciones principales del indicador OsMA, para qu\u00e9 se utiliza, cu\u00e1ndo emplearlo, cu\u00e1les son sus ventajas y desventajas y m\u00e1s.","og_url":"https:\/\/forextradingbonus.com\/es\/indicador-osma\/","og_site_name":"Forex Trading Bonus","og_image":[{"width":1200,"height":800,"url":"https:\/\/forextradingbonus.com\/wp-content\/img\/2019\/03\/indicador-OsMA-portada.jpg","type":"image\/jpeg"}],"twitter_card":"summary_large_image","twitter_misc":{"Tiempo de lectura":"7 minutos"},"schema":{"@context":"https:\/\/schema.org","@graph":[{"@type":"WebPage","@id":"https:\/\/forextradingbonus.com\/es\/indicador-osma\/","url":"https:\/\/forextradingbonus.com\/es\/indicador-osma\/","name":"Lo que debes saber del indicador OsMA para Forex","isPartOf":{"@id":"https:\/\/forextradingbonus.com\/#website"},"datePublished":"2019-03-31T15:05:09+00:00","dateModified":"2019-03-31T15:05:09+00:00","description":"Gu\u00eda de las funciones principales del indicador OsMA, para qu\u00e9 se utiliza, cu\u00e1ndo emplearlo, cu\u00e1les son sus ventajas y desventajas y m\u00e1s.","breadcrumb":{"@id":"https:\/\/forextradingbonus.com\/es\/indicador-osma\/#breadcrumb"},"inLanguage":"es","potentialAction":[{"@type":"ReadAction","target":["https:\/\/forextradingbonus.com\/es\/indicador-osma\/"]}]},{"@type":"BreadcrumbList","@id":"https:\/\/forextradingbonus.com\/es\/indicador-osma\/#breadcrumb","itemListElement":[{"@type":"ListItem","position":1,"name":"Home","item":"https:\/\/forextradingbonus.com\/es\/"},{"@type":"ListItem","position":2,"name":"Todo lo que debes saber acerca del Indicador \u201cOscilador de Promedio M\u00f3vil\u201d (OsMA)"}]},{"@type":"WebSite","@id":"https:\/\/forextradingbonus.com\/#website","url":"https:\/\/forextradingbonus.com\/","name":"Forex Trading Bonus","description":"Best Forex Trading Bonus Reviews. Deposit &amp; No Deposit FX Bonuses and Tips","potentialAction":[{"@type":"SearchAction","target":{"@type":"EntryPoint","urlTemplate":"https:\/\/forextradingbonus.com\/?s={search_term_string}"},"query-input":"required name=search_term_string"}],"inLanguage":"es"}]}},"_links":{"self":[{"href":"https:\/\/forextradingbonus.com\/es\/wp-json\/wp\/v2\/pages\/84974"}],"collection":[{"href":"https:\/\/forextradingbonus.com\/es\/wp-json\/wp\/v2\/pages"}],"about":[{"href":"https:\/\/forextradingbonus.com\/es\/wp-json\/wp\/v2\/types\/page"}],"author":[{"embeddable":true,"href":"https:\/\/forextradingbonus.com\/es\/wp-json\/wp\/v2\/users\/19"}],"replies":[{"embeddable":true,"href":"https:\/\/forextradingbonus.com\/es\/wp-json\/wp\/v2\/comments?post=84974"}],"version-history":[{"count":4,"href":"https:\/\/forextradingbonus.com\/es\/wp-json\/wp\/v2\/pages\/84974\/revisions"}],"predecessor-version":[{"id":85626,"href":"https:\/\/forextradingbonus.com\/es\/wp-json\/wp\/v2\/pages\/84974\/revisions\/85626"}],"wp:featuredmedia":[{"embeddable":true,"href":"https:\/\/forextradingbonus.com\/es\/wp-json\/wp\/v2\/media\/84978"}],"wp:attachment":[{"href":"https:\/\/forextradingbonus.com\/es\/wp-json\/wp\/v2\/media?parent=84974"}],"curies":[{"name":"wp","href":"https:\/\/api.w.org\/{rel}","templated":true}]}}