{"id":84981,"date":"2019-03-31T15:27:22","date_gmt":"2019-03-31T15:27:22","guid":{"rendered":"http:\/\/forextradingbonus.com\/?page_id=84981"},"modified":"2019-03-31T15:27:22","modified_gmt":"2019-03-31T15:27:22","slug":"estrategia-de-day-trading","status":"publish","type":"page","link":"https:\/\/forextradingbonus.com\/es\/estrategia-de-day-trading\/","title":{"rendered":"Estrategias para Forex: Day Trading para principiantes"},"content":{"rendered":"<p>Si tu quieres ser un trader exitoso y plenamente activo, existen b\u00e1sicamente dos opciones: ser un \u201cDay Trader\u201d o un \u201cSwing Trader\u201d. Ambas estrategias se benefician de los movimientos en corto plazo. T\u00fa tambi\u00e9n puedes ser un Scalping, pero es una estrategia para un estilo de trading mucho m\u00e1s agresiva. Aqu\u00ed nos enfocaremos en la estrategia Day Trading: te mostraremos cuales son sus ventajas y desventajas, y si este estilo o estrategia de trading encaja contigo.<\/p>\n<img decoding=\"async\" loading=\"lazy\" class=\"aligncenter wp-image-84982 size-large\" src=\"http:\/\/forextradingbonus.com\/wp-content\/img\/2019\/03\/daytrading-1024x683.jpg\" alt=\"Day trading Forex\" width=\"1024\" height=\"683\" \/>\n<h2>\u00bfQu\u00e9 es el Day Trading?<\/h2>\n<h3>Definici\u00f3n<\/h3>\n<p>El trade diario es aquel que permanece abierto desde unos pocos minutos y hasta algunas horas. El objetivo del day trade es obtener aquellos movimientos dentro de un dia en una tendencia. La caracter\u00edstica principal del day trading, es que cualquier operaci\u00f3n abierta durante el d\u00eda debe de cerrarse al final del d\u00eda. Un day trader nunca debe encontrarse en una posici\u00f3n durante la noche.<\/p>\n<h3>Ventajas<\/h3>\n<ul>\n<li style=\"font-weight: 400;\">Beneficios sustanciales: Se pueden encontrar oportunidades a diario, lo que ofrece la posibilidad de obtener ganancias todos los d\u00edas, a diferencia de las inversiones a largo plazo, donde puedes estar por mucho tiempo antes de que el comercio sea lo suficientemente rentable.<\/li>\n<li style=\"font-weight: 400;\">El nivel de apalancamiento y requerimiento del capital: gracias a los ajustes de m\u00e1rgenes, un day trader puede estar dentro con una cantidad peque\u00f1a de capital, y con un apalancamiento de hasta 1:400, dependiendo el mercado en el que quieras invertir.<\/li>\n<li style=\"font-weight: 400;\">Nivel alto de emociones y adrenalina: Es fundamental que los day traders sean reactivos y ejecuten decisiones muy r\u00e1pidas. Es muy poco probable que los traders experimenten momentos sumamente aburridos dentro de los mercados. Esto es porque inician un trade por un breve momento con el fin de beneficiarse con un movimiento.<\/li>\n<\/ul>\n<h3>Desventajas<\/h3>\n<ul>\n<li style=\"font-weight: 400;\">Posibles P\u00e9rdidas sustanciales: Del mismo modo que los traders utilizan un alto nivel de apalancamiento, tambi\u00e9n pueden experimentar grandes p\u00e9rdidas, inclusive pueden tener una p\u00e9rdida mayor a la de su inversi\u00f3n.<\/li>\n<li style=\"font-weight: 400;\">M\u00e1rgenes variables: Muchos brokers aplican m\u00e1rgenes variables, en lugar de ofrecer m\u00e1rgenes fijos, especialmente cuando ocurren noticias importantes que pueden afectar al mercado aumentando el costo de una operaci\u00f3n. El margen es la comisi\u00f3n del broker (diferencia entre el precio de una operaci\u00f3n de compra &#8211; venta)<\/li>\n<li style=\"font-weight: 400;\">Desfase: El desfasaje te puede llevar a tener grandes p\u00e9rdidas. \u00a0Este se produce cuando el precio requerido y el precio en cual se inicia un operaci\u00f3n es actualmente distinto. Puede ser causado debido a las noticias de ultimo momento sobre eventos muy importantes que impactan sobre el mercado.<\/li>\n<li style=\"font-weight: 400;\">Posibilidad de enfrentar un episodio de estr\u00e9s y agotamiento: El day trading en Forex es una estrategia sumamente agotadora y estresante, ya que los traders necesitan operar y monitorear m\u00faltiples pantallas para poder lograr detectar las oportunidades que se les presentan y as\u00ed actuar r\u00e1pidamente. Requiere un grado muy alto de enfoque y concentraci\u00f3n para poder lograrlo.<\/li>\n<\/ul>\n<h2>\u00bfCu\u00e1les son las principales caracter\u00edsticas de un Day Trader?<\/h2>\n<ul>\n<li style=\"font-weight: 400;\">Poseer capital suficiente para poder comenzar: La actividad de trading es una realmente una actividad muy riesgosa en donde puedes perder m\u00e1s capital del que invertiste. Es importante que que no utilices el dinero que realmente necesitas ya que el riesgo es muy grande.<\/li>\n<li style=\"font-weight: 400;\">Conocimientos Financieros y econ\u00f3micos: Cualquier trader que no tenga los conocimientos b\u00e1sicos del mercado terminar\u00e1 perdiendo grandes cantidades de dinero. Los traders necesitan entender los mercados financieros, el mercado espec\u00edfico en el cual operar\u00e1, conocer los conceptos b\u00e1sicos de la jerga que se utiliza, an\u00e1lisis interno del mercado y entender los distintos tipos de gr\u00e1ficos.<\/li>\n<li style=\"font-weight: 400;\">Disciplina y paciencia: El poder de la paciencia y la disciplina no deben ser subestimados cuando est\u00e1s aprendiendo c\u00f3mo convertirte en un trader. Hay muchas caracter\u00edsticas que un trader debe tener para tener \u00e9xito a largo plazo. Teniendo la paciencia y disciplina necesaria a la hora de esperar la oportunidad correcta y seguir un correcto plan de trading har\u00e1n que las chances de convertirte en un exitoso trader se incrementen.<\/li>\n<\/ul>\n<img decoding=\"async\" loading=\"lazy\" width=\"1024\" height=\"683\" class=\"aligncenter size-large wp-image-84983\" src=\"http:\/\/forextradingbonus.com\/wp-content\/img\/2019\/03\/paciencia-en-Forex-1024x683.jpg\" alt=\"paciencia en Forex\" \/>\n<h3>Conclusi\u00f3n:<\/h3>\n<p>Para asegurarte de que la estrategia de Day trading es para ti<span style=\"font-weight: 400;\">, t\u00fa necesitas saber primero si esta encaja con tu personalidad. \u00bfEres lo suficientemente eficiente bajo presi\u00f3n?\u00bfPuedes olvidar r\u00e1pidamente los errores cometidos en el pasado para tomar ventaja sobre las nuevas oportunidades de trading que se te presenten? Tambi\u00e9n necesitas saber que debes contar con el tiempo necesario para pasar largas horas en frente de gr\u00e1ficos para poder tomar las oportunidades que se te puedan presentar ya que esto demanda mucho tiempo. <\/span><\/p>\n","protected":false},"excerpt":{"rendered":"Si tu quieres ser un trader exitoso y plenamente activo, existen b\u00e1sicamente dos opciones: ser un \u201cDay Trader\u201d o","protected":false},"author":19,"featured_media":84984,"parent":0,"menu_order":0,"comment_status":"closed","ping_status":"closed","template":"","meta":{"_mi_skip_tracking":false},"acf":[],"yoast_head":"<!-- This site is optimized with the Yoast SEO plugin v20.4 - https:\/\/yoast.com\/wordpress\/plugins\/seo\/ -->\n<title>Estrategia de Day Trading en el mercado de Forex<\/title>\n<meta name=\"description\" content=\"Gu\u00eda y concejos para la utilizaci\u00f3n de la estrategia de Day Trading para operar en el mercado de Forex, ventajas y desventajas, aplicaciones, etc...\" \/>\n<meta name=\"robots\" content=\"index, follow, max-snippet:-1, max-image-preview:large, max-video-preview:-1\" \/>\n<link rel=\"canonical\" href=\"https:\/\/forextradingbonus.com\/es\/estrategia-de-day-trading\/\" \/>\n<meta property=\"og:locale\" content=\"es_ES\" \/>\n<meta property=\"og:type\" content=\"article\" \/>\n<meta property=\"og:title\" content=\"Estrategia de Day Trading en el mercado de Forex\" \/>\n<meta property=\"og:description\" content=\"Gu\u00eda y concejos para la utilizaci\u00f3n de la estrategia de Day Trading para operar en el mercado de Forex, ventajas y desventajas, aplicaciones, etc...\" \/>\n<meta property=\"og:url\" content=\"https:\/\/forextradingbonus.com\/es\/estrategia-de-day-trading\/\" \/>\n<meta property=\"og:site_name\" content=\"Forex Trading Bonus\" \/>\n<meta property=\"og:image\" content=\"https:\/\/forextradingbonus.com\/wp-content\/img\/2019\/03\/daytrader.jpg\" \/>\n\t<meta property=\"og:image:width\" content=\"1200\" \/>\n\t<meta property=\"og:image:height\" content=\"800\" \/>\n\t<meta property=\"og:image:type\" content=\"image\/jpeg\" \/>\n<meta name=\"twitter:card\" content=\"summary_large_image\" \/>\n<meta name=\"twitter:label1\" content=\"Tiempo de lectura\" \/>\n\t<meta name=\"twitter:data1\" content=\"4 minutos\" \/>\n<!-- \/ Yoast SEO plugin. -->","yoast_head_json":{"title":"Estrategia de Day Trading en el mercado de Forex","description":"Gu\u00eda y concejos para la utilizaci\u00f3n de la estrategia de Day Trading para operar en el mercado de Forex, ventajas y desventajas, aplicaciones, etc...","robots":{"index":"index","follow":"follow","max-snippet":"max-snippet:-1","max-image-preview":"max-image-preview:large","max-video-preview":"max-video-preview:-1"},"canonical":"https:\/\/forextradingbonus.com\/es\/estrategia-de-day-trading\/","og_locale":"es_ES","og_type":"article","og_title":"Estrategia de Day Trading en el mercado de Forex","og_description":"Gu\u00eda y concejos para la utilizaci\u00f3n de la estrategia de Day Trading para operar en el mercado de Forex, ventajas y desventajas, aplicaciones, etc...","og_url":"https:\/\/forextradingbonus.com\/es\/estrategia-de-day-trading\/","og_site_name":"Forex Trading Bonus","og_image":[{"width":1200,"height":800,"url":"https:\/\/forextradingbonus.com\/wp-content\/img\/2019\/03\/daytrader.jpg","type":"image\/jpeg"}],"twitter_card":"summary_large_image","twitter_misc":{"Tiempo de lectura":"4 minutos"},"schema":{"@context":"https:\/\/schema.org","@graph":[{"@type":"WebPage","@id":"https:\/\/forextradingbonus.com\/es\/estrategia-de-day-trading\/","url":"https:\/\/forextradingbonus.com\/es\/estrategia-de-day-trading\/","name":"Estrategia de Day Trading en el mercado de Forex","isPartOf":{"@id":"https:\/\/forextradingbonus.com\/#website"},"datePublished":"2019-03-31T15:27:22+00:00","dateModified":"2019-03-31T15:27:22+00:00","description":"Gu\u00eda y concejos para la utilizaci\u00f3n de la estrategia de Day Trading para operar en el mercado de Forex, ventajas y desventajas, aplicaciones, etc...","breadcrumb":{"@id":"https:\/\/forextradingbonus.com\/es\/estrategia-de-day-trading\/#breadcrumb"},"inLanguage":"es","potentialAction":[{"@type":"ReadAction","target":["https:\/\/forextradingbonus.com\/es\/estrategia-de-day-trading\/"]}]},{"@type":"BreadcrumbList","@id":"https:\/\/forextradingbonus.com\/es\/estrategia-de-day-trading\/#breadcrumb","itemListElement":[{"@type":"ListItem","position":1,"name":"Home","item":"https:\/\/forextradingbonus.com\/es\/"},{"@type":"ListItem","position":2,"name":"Estrategias para Forex: Day Trading para principiantes"}]},{"@type":"WebSite","@id":"https:\/\/forextradingbonus.com\/#website","url":"https:\/\/forextradingbonus.com\/","name":"Forex Trading Bonus","description":"Best Forex Trading Bonus Reviews. Deposit &amp; No Deposit FX Bonuses and Tips","potentialAction":[{"@type":"SearchAction","target":{"@type":"EntryPoint","urlTemplate":"https:\/\/forextradingbonus.com\/?s={search_term_string}"},"query-input":"required name=search_term_string"}],"inLanguage":"es"}]}},"_links":{"self":[{"href":"https:\/\/forextradingbonus.com\/es\/wp-json\/wp\/v2\/pages\/84981"}],"collection":[{"href":"https:\/\/forextradingbonus.com\/es\/wp-json\/wp\/v2\/pages"}],"about":[{"href":"https:\/\/forextradingbonus.com\/es\/wp-json\/wp\/v2\/types\/page"}],"author":[{"embeddable":true,"href":"https:\/\/forextradingbonus.com\/es\/wp-json\/wp\/v2\/users\/19"}],"replies":[{"embeddable":true,"href":"https:\/\/forextradingbonus.com\/es\/wp-json\/wp\/v2\/comments?post=84981"}],"version-history":[{"count":3,"href":"https:\/\/forextradingbonus.com\/es\/wp-json\/wp\/v2\/pages\/84981\/revisions"}],"predecessor-version":[{"id":85653,"href":"https:\/\/forextradingbonus.com\/es\/wp-json\/wp\/v2\/pages\/84981\/revisions\/85653"}],"wp:featuredmedia":[{"embeddable":true,"href":"https:\/\/forextradingbonus.com\/es\/wp-json\/wp\/v2\/media\/84984"}],"wp:attachment":[{"href":"https:\/\/forextradingbonus.com\/es\/wp-json\/wp\/v2\/media?parent=84981"}],"curies":[{"name":"wp","href":"https:\/\/api.w.org\/{rel}","templated":true}]}}