{"id":85129,"date":"2019-03-31T15:06:06","date_gmt":"2019-03-31T15:06:06","guid":{"rendered":"http:\/\/forextradingbonus.com\/?page_id=85129"},"modified":"2019-03-31T15:06:06","modified_gmt":"2019-03-31T15:06:06","slug":"mejores-consejos-para-forex","status":"publish","type":"page","link":"https:\/\/forextradingbonus.com\/es\/mejores-consejos-para-forex\/","title":{"rendered":"Los mejores consejos para Forex"},"content":{"rendered":"<p>El Forex trading se ha convertido en una de las actividades m\u00e1s rentables en los \u00faltimos a\u00f1os. Cada vez son m\u00e1s las personas que intentan involucrarse en el esta fabuloso mundo financiero. Como sabemos, el mercado de divisas mueve trillones de d\u00f3lares a diario, raz\u00f3n por la cu\u00e1l atrae a tantos traders a participar en el. Una de las razones por el gran inter\u00e9s de este mercado es la gran liquidez que tiene el mercado de Forex. Sonar\u00e1 alocado, pero puedes convertirte en una persona millonaria si cuentas con la sabidur\u00eda y frialdad a la hora de operar. En esta gu\u00eda te presentaremos los mejores consejos para Forex, para que puedas ser un exitoso trader.<\/p>\n<img decoding=\"async\" loading=\"lazy\" width=\"1024\" height=\"512\" class=\"aligncenter size-large wp-image-85156\" src=\"http:\/\/forextradingbonus.com\/wp-content\/img\/2019\/03\/consejos-forex-1024x512.jpg\" alt=\"consejos para FX\" \/>\n<p>Sin embargo, ser un trader de Forex no es una tarea f\u00e1cil. Por lo contrario, demanda de mucho esfuerzo, tiempo y trabajo para que puedas ser uno de los mejores. Quiz\u00e1s tu idea no es convertirte el mejor trader del mundo, pero queremos orientarte por lo menos a reducir el margen de error que puedas cometer a lo largo de tu carrera de trader. Nada en este mundo es f\u00e1cil, y menos cuando de dinero se trata. Pero con el avance tecnol\u00f3gico de los \u00faltimos tiempos, educarte, aprender y operar en Forex, resulta ser mucho m\u00e1s sencillo que d\u00e9cadas atr\u00e1s.<\/p>\n<p>En este art\u00edculo trataremos de desmenuzar cada aspecto que debes tener presente para actuar en el mercado m\u00e1s importante del mundo financiero. Tocaremos temas b\u00e1sicos como la educaci\u00f3n que debes recibir, hasta algunos m\u00e1s complejos como el manejo de estrategias y planes de trading. Creemos que no te convertir\u00e1s en el nuevo trader que haga quebrar el banco de Inglaterra. Pero b\u00e1sicamente la idea es que en base a esta lista de consejos importantes de Forex, puedas mejorar tus ideas y entender mucho mejor el movimiento del mercado.<\/p>\n<h2>Consejos para Forex<\/h2>\n<p>A continuaci\u00f3n empezaremos a enumerar los consejos para operar en Forex, y que realmente te ser\u00e1n de gran utilidad para el Forex trading. Comencemos a detallarlos:<\/p>\n<h3>Educaci\u00f3n:<\/h3>\n<p><img decoding=\"async\" loading=\"lazy\" width=\"300\" height=\"150\" class=\"alignleft size-medium wp-image-85157\" src=\"http:\/\/forextradingbonus.com\/wp-content\/img\/2019\/03\/educacion-300x150.jpg\" alt=\"consejo en FX\" \/>Un \u00edtem que debes tener presente para cada cosa que emprendas en tu vida. Todo lo que resulte nuevo para ti precisa de la necesidad de saber de que se trata. El Forex Trading no es la excepci\u00f3n y menos sabiendo que se trata de invertir y ganar de dinero con esto. El proceso de educaci\u00f3n puede ser un proceso muy tedioso y aburrido, pero cr\u00e9enos que es la base de tu \u00e9xito. No conocemos un solo trader que dependa del azar, si crees que el azar existe en el mundo del trading, estar\u00e1s frito en cuesti\u00f3n de minutos.<\/p>\n<p>Hoy en d\u00eda absorber informaci\u00f3n para realizar el trading es muy f\u00e1cil. Pero creemos que un sabio consejo en FX, es que te apuntes en una academia o escuela de trading. Ser\u00e1 un proceso sumamente caro al principio. Pero las escuelas de trading cuentan con profesionales que tienen amplia experiencia en el mercado y te brindar\u00e1n informaci\u00f3n totalmente ordenada. Te ense\u00f1ar\u00e1n primero a caminar, para que luego comiences a correr.<\/p>\n<p>Si no es de tu agrado el invertir en una escuela de trading, existe la posibilidad de indagar por tu propia cuenta. Los sitios de Internet est\u00e1n llenos de informaci\u00f3n al respecto. Aseg\u00farate de que el sitio que consulte tenga buena reputaci\u00f3n para que puedas aprender lo correcto del trading.<\/p>\n<p>Adem\u00e1s, muchos brokers pueden brindarte informaci\u00f3n educativa y operativa practica en sus plataformas. Seg\u00fan la cuenta en la que te apuntes, tendr\u00e1s acceso a este material como libros educativos, v\u00eddeo conferencias y webinarios con traders expertos.<\/p>\n<p>Consideramos tambi\u00e9n, que mantenerte informado con las noticias que suceden en el \u00e1mbito financiero mundial y del pa\u00eds en el que est\u00e9s operando forma parte del proceso de educaci\u00f3n e informaci\u00f3n. Esto te ayudar\u00e1 a anticipar las jugadas del mercado y prevenir posibles p\u00e9rdidas por no saber si te encuentras en un mercado altamente riesgoso.<\/p>\n<h3>Preparaci\u00f3n<\/h3>\n<p>Es el proceso de volcar todo lo que aprendiste a nivel te\u00f3rico. Por suerte, los brokers mejores brokers de Forex cuentan con la capacidad de brindarle a sus clientes una cuenta de demostraci\u00f3n gratuita. Un consejo para operar en FX es que practiques todo lo anteriormente aprendido. Ensaya todas tus estrategias en estas plataformas de dinero ficticio que te muestran el mercado real pero tus operaciones no ser\u00e1n reales ni afectaran tu bolsillo. Es de vital importancia que puedas prepararte en estas cuentas y que no pierdas dinero invertido en el proceso de aprendizaje.<\/p>\n<h3>Correcta selecci\u00f3n de un broker<\/h3>\n<p>La correcta selecci\u00f3n del broker es fundamental para las operaciones que ejecutes d\u00eda. Recuerda que existen brokers en la actualidad cuyo fin es estafar a las personas. Ten muy en cuenta que el broker que desees operar cuente con las credenciales y licencias que otorgan los entes reguladores. Los organismos m\u00e1s importantes del mundo en la actualidad son: NFA, CTFC, FCA, CySEC o ASIC. Es uno de los mejores consejos para FX que puedes tomar para tu seguridad.<\/p>\n<p>Sin embargo tambi\u00e9n existen brokers que no est\u00e1n regulados y son muy buenos, pero debes tener especial cuidado antes de operarlos. Aseg\u00farate de investigar arduamente la reputaci\u00f3n del mismo para no tener que estar lament\u00e1ndote en un futuro.<\/p>\n<p>Por otro lado,\u00a0 debes tener presente el tipo de estrategia que vas a utilizar para tu trading. Ten en cuenta que muchos brokers no permiten realizar estrategias de trading y por lo tanto cuando las ejecutes correr\u00e1s el riesgo del cierre de tu cuenta. Debes leer muy bien los t\u00e9rminos y condiciones de cada broker para evitar correr estos riesgos.<\/p>\n<p>Dentro de esta secci\u00f3n, debes tambi\u00e9n tener muy en cuenta los costos de comisiones, m\u00e1rgenes y apalancamiento. Son datos que debes tener muy presentes para operar dentro de un broker. Aseg\u00farate de tener muy claro todos estos conceptos, para poder fijar tus objetivos.<\/p>\n<h3>Plataforma operativa<\/h3>\n<p>La selecci\u00f3n de la correcta plataforma operativa es fundamental para tu trading. Nuestro consejo para el trading de FX es que operes en una plataforma altamente intuitiva y f\u00e1cil de utilizar para agilizar las operaciones. Ten en cuenta tambi\u00e9n que tu plataforma de trabajo sea lo m\u00e1s estable posible, ya que si operas en una plataforma inestable podr\u00edas sufrir grandes perdidas. Por ejemplo, si ejecutas una orden, y tu plataforma no es lo suficientemente estable, esta no entrara en el sistema y podr\u00edas perder la oportunidad de ganar o incluso perder much\u00edsimo dinero por realizar una operaci\u00f3n no deseada.<\/p>\n<p>Es un dato que debes tener muy presente. Conocer con detalle la plataforma en la que desees trabajar es realmente muy importante. Aseg\u00farate de aprender todas sus funciones. Si Puedes leer a la perfecci\u00f3n la plataforma de trabajo podr\u00e1s tomar decisiones m\u00e1s r\u00e1pidas y eficaces en el momento apropiado.<\/p>\n<h3>Utiliza los stop-loss<\/h3>\n<p>Es una herramienta muy practica ya que te permitir\u00e1 gestionar el riesgo de tus operaciones. Por razones humanas no puedes permanecer dentro del mercado las 24 horas del d\u00eda, por lo que utilizar un stop-loss te resultar\u00e1 muy practico si la situaci\u00f3n se sale de las manos en alg\u00fan momento.<\/p>\n<h3>No dependas todo el tiempo de indicadores<\/h3>\n<p>Convertirte en un dependiente de indicadores puede llevarte a cometer consecutivos errores. Recuerda que todos los indicadores no son 100% confiables, lo que no quiere decir que sean malos. Pero a veces es mejor contar con tu experiencia y volcar lo aprendido en clase.<\/p>\n<h3>Metas Cortas, grandes Objetivos<\/h3>\n<p>Esto es b\u00e1sicamente como el proceso de educaci\u00f3n, donde te recalcamos que como cualquier cosa que quieras emprender necesita un orden. Fijar metas cortas para tu trading significa lograr objetivos a largo plazo. Un gran consejo para Forex es determinar metas diarias como fijar horarios de operaci\u00f3n y cantidad de operaciones por d\u00eda. Esto claramente ayudar\u00e1 al desarrollo de un plan de trading.<\/p>\n<h3>Establecer un plan de Trading<\/h3>\n<p>Establecer un plan de trading es la llave del \u00e9xito. El plan de trading ser\u00e1 aquel que se ajuste correctamente a tus distintas estrategias de trading. Recuerda siempre ajustarte a este plan, ya que si te desv\u00edas un poco podr\u00edas fracasar diariamente. No te veas tentado ante la posibilidad de cambios, recuerda que un plan de trading bien respetado generar\u00e1 mayores ganancias.<\/p>\n<p>Tambi\u00e9n puedes ajustarte a un plan de trading ya existente de alguna persona y reciclarlo o cambiar algunos aspectos que se adecuen a tu car\u00e1cter. De hecho, muchos traders exitosos copian planes de trading y realizan algunos cambios. Recuerda tambi\u00e9n que este plan este a tu alcance, ya que ser\u00eda descabellado ejecutar un plan que no puedas implementar por el nivel de costos que se requiera.<\/p>\n<h3>Br\u00edndate un respiro<\/h3>\n<p>Como ya debes saber, el trading es una actividad que requiere y demanda de mucho tiempo. Nuestro sano consejo para operar en FX, es que incluyas dentro de tu plan de trading las operativas que pasar\u00e1s frente a la pantalla. Recuerda que esta actividad puede convertirse en algo sumamente adictivo, lo que puede convertirse en algo muy peligros para tu salud. Aprende a establecer horarios de operaci\u00f3n y luego aj\u00fastate a ellos. Despeja tu mente, luego de haber operado. Pasar largas horas mirando gr\u00e1ficos resulta de una actividad sumamente estresante, por lo que es necesario que tu mente se despeje. Cr\u00e9enos, pasar largas horas en frente de la pantalla te llevar\u00e1 a cometer errores fatales que se ver\u00e1n reflejados con grandes p\u00e9rdidas.<\/p>\n<h3>Trabaja tu Psicolog\u00eda<\/h3>\n<img decoding=\"async\" loading=\"lazy\" width=\"300\" height=\"150\" class=\"aligncenter size-medium wp-image-85158\" src=\"http:\/\/forextradingbonus.com\/wp-content\/img\/2019\/03\/psicologia-300x150.jpg\" alt=\"el mejor consejo para FX\" \/>\n<p>Este es un factor que afecta generalmente a los traders principiantes. Usualmente, te puedes dejar llevar por tus emociones y cometer muchos errores. Trabajar tu psicolog\u00eda y controlar tus emociones es uno de los consejos m\u00e1s importantes de Forex que podemos brindarte. Recuerda que el mundo del trading es un mundo que te golpear\u00e1 en varias ocasiones. Tambi\u00e9n puede llevarte a la confusi\u00f3n, por ejemplo si tuviste una excelente semana, esto generar\u00e1 en ti un exceso de confianza y posteriormente la ruptura de tu plan de trading. Aseg\u00farate siempre de permanecer en calma y tomar esas situaciones de la mejor manera posible.<\/p>\n<h3>Utiliza el dinero que no necesites<\/h3>\n<p>Es raro apuntar a este \u00edtem, pero ciertamente es algo que debes tener en cuenta. No arriesgues todo el capital que poseas, ni el dinero que sea necesario para tu vida cotidiana. Aparta el dinero destinado para el trading, ya que puedes llegar a perder todo, y tu esposa no estar\u00e1 muy contenta cuando se entere que utilizaste el dinero de la renta para perder todo en una sola posici\u00f3n.<\/p>\n<p>Siempre ten en cuenta la relaci\u00f3n de administraci\u00f3n de dinero y la relaci\u00f3n de riesgo \/ recompensa por cada operaci\u00f3n que realices.<\/p>\n<h3>Mantente siempre actualizado<\/h3>\n<p>Es importante que te mantengas siempre actualizado, sobre noticias y el uso de plataformas nuevas. Mantenerte actualizado en un gran consejo para el Forex Trading, ya que las plataformas van cambiando y agregando nuevas aplicaciones a sus sistemas de trading.<\/p>\n<h3>Eval\u00faa tu desempe\u00f1o mensualmente<\/h3>\n<p>Al final de cada mes, procura tener un registro de todas las operaciones exitosas y fallidas, para tener un resumen y saber si estas ejecutando correctamente tu plan o si necesitas cambiarlo en algunos aspectos. Adem\u00e1s, te permitir\u00e1 reconocer distintos patrones del comportamiento del mercado y poder detectarlos m\u00e1s adelante. Cuando cuentes con un amplio registro de res\u00famenes mensuales, notar\u00e1s que el mercado muchas veces resulta ser c\u00edclico o que presenta movimientos muy establecidos en ciertos momentos del a\u00f1o. Cuando menos lo notes, tendr\u00e1s en tu cabeza un calendario financiero en tu cabeza que te permitir\u00e1 tomar sabias decisiones a la hora de ejecutar una orden.<\/p>\n<h2>Conclusi\u00f3n<\/h2>\n<p>Pr\u00e1cticamente hemos tocado muchos aspectos para que tengas en cuenta a la hora de comenzar a realizar el trading de Forex. Bas\u00e1ndonos en nuestra experiencia nuestro mejor consejo de FX para ti es que te prepares de todas las formas posibles. Adquiere muchos conocimientos antes de lanzarte a invertir tu valioso dinero en el mercado. Recuerda siempre seleccionar la informaci\u00f3n que puedas llegar a leer. Si aprendes algo errado estar\u00e1s en problemas y no puedes volver el tiempo atr\u00e1s. Consideramos tambi\u00e9n que invertir tu dinero y tiempo en educaci\u00f3n es una de las mejores opciones que tienes. Por otro lado, tambi\u00e9n considera ajustarte a un plan de trading y trabaja mucho tu psicolog\u00eda, ya que es de vital importancia que te encuentres plenamente entero desde lo mental. Si te ajustas a todos estos consejos te aseguramos que ser\u00e1s uno de los traders m\u00e1s exitosos.<\/p>\n","protected":false},"excerpt":{"rendered":"El Forex trading se ha convertido en una de las actividades m\u00e1s rentables en los \u00faltimos a\u00f1os. Cada","protected":false},"author":19,"featured_media":85155,"parent":0,"menu_order":0,"comment_status":"closed","ping_status":"closed","template":"","meta":{"_mi_skip_tracking":false},"acf":[],"yoast_head":"<!-- This site is optimized with the Yoast SEO plugin v20.4 - https:\/\/yoast.com\/wordpress\/plugins\/seo\/ -->\n<title>Los mejores consejos para Forex que puedes encontrar<\/title>\n<meta name=\"description\" content=\"Gu\u00eda pr\u00e1ctica de los mejores consejos para operar en Forex. Detalles y caracteristicas que debe tener un trader para ser exitoso.\" \/>\n<meta name=\"robots\" content=\"index, follow, max-snippet:-1, max-image-preview:large, max-video-preview:-1\" \/>\n<link rel=\"canonical\" href=\"https:\/\/forextradingbonus.com\/es\/mejores-consejos-para-forex\/\" \/>\n<meta property=\"og:locale\" content=\"es_ES\" \/>\n<meta property=\"og:type\" content=\"article\" \/>\n<meta property=\"og:title\" content=\"Los mejores consejos para Forex que puedes encontrar\" \/>\n<meta property=\"og:description\" content=\"Gu\u00eda pr\u00e1ctica de los mejores consejos para operar en Forex. Detalles y caracteristicas que debe tener un trader para ser exitoso.\" \/>\n<meta property=\"og:url\" content=\"https:\/\/forextradingbonus.com\/es\/mejores-consejos-para-forex\/\" \/>\n<meta property=\"og:site_name\" content=\"Forex Trading Bonus\" \/>\n<meta property=\"og:image\" content=\"https:\/\/forextradingbonus.com\/wp-content\/img\/2019\/03\/mejores-consejos-de-Forex.jpg\" \/>\n\t<meta property=\"og:image:width\" content=\"1024\" \/>\n\t<meta property=\"og:image:height\" content=\"512\" \/>\n\t<meta property=\"og:image:type\" content=\"image\/jpeg\" \/>\n<meta name=\"twitter:card\" content=\"summary_large_image\" \/>\n<meta name=\"twitter:label1\" content=\"Tiempo de lectura\" \/>\n\t<meta name=\"twitter:data1\" content=\"11 minutos\" \/>\n<!-- \/ Yoast SEO plugin. -->","yoast_head_json":{"title":"Los mejores consejos para Forex que puedes encontrar","description":"Gu\u00eda pr\u00e1ctica de los mejores consejos para operar en Forex. Detalles y caracteristicas que debe tener un trader para ser exitoso.","robots":{"index":"index","follow":"follow","max-snippet":"max-snippet:-1","max-image-preview":"max-image-preview:large","max-video-preview":"max-video-preview:-1"},"canonical":"https:\/\/forextradingbonus.com\/es\/mejores-consejos-para-forex\/","og_locale":"es_ES","og_type":"article","og_title":"Los mejores consejos para Forex que puedes encontrar","og_description":"Gu\u00eda pr\u00e1ctica de los mejores consejos para operar en Forex. Detalles y caracteristicas que debe tener un trader para ser exitoso.","og_url":"https:\/\/forextradingbonus.com\/es\/mejores-consejos-para-forex\/","og_site_name":"Forex Trading Bonus","og_image":[{"width":1024,"height":512,"url":"https:\/\/forextradingbonus.com\/wp-content\/img\/2019\/03\/mejores-consejos-de-Forex.jpg","type":"image\/jpeg"}],"twitter_card":"summary_large_image","twitter_misc":{"Tiempo de lectura":"11 minutos"},"schema":{"@context":"https:\/\/schema.org","@graph":[{"@type":"WebPage","@id":"https:\/\/forextradingbonus.com\/es\/mejores-consejos-para-forex\/","url":"https:\/\/forextradingbonus.com\/es\/mejores-consejos-para-forex\/","name":"Los mejores consejos para Forex que puedes encontrar","isPartOf":{"@id":"https:\/\/forextradingbonus.com\/#website"},"datePublished":"2019-03-31T15:06:06+00:00","dateModified":"2019-03-31T15:06:06+00:00","description":"Gu\u00eda pr\u00e1ctica de los mejores consejos para operar en Forex. Detalles y caracteristicas que debe tener un trader para ser exitoso.","breadcrumb":{"@id":"https:\/\/forextradingbonus.com\/es\/mejores-consejos-para-forex\/#breadcrumb"},"inLanguage":"es","potentialAction":[{"@type":"ReadAction","target":["https:\/\/forextradingbonus.com\/es\/mejores-consejos-para-forex\/"]}]},{"@type":"BreadcrumbList","@id":"https:\/\/forextradingbonus.com\/es\/mejores-consejos-para-forex\/#breadcrumb","itemListElement":[{"@type":"ListItem","position":1,"name":"Home","item":"https:\/\/forextradingbonus.com\/es\/"},{"@type":"ListItem","position":2,"name":"Los mejores consejos para Forex"}]},{"@type":"WebSite","@id":"https:\/\/forextradingbonus.com\/#website","url":"https:\/\/forextradingbonus.com\/","name":"Forex Trading Bonus","description":"Best Forex Trading Bonus Reviews. Deposit &amp; No Deposit FX Bonuses and Tips","potentialAction":[{"@type":"SearchAction","target":{"@type":"EntryPoint","urlTemplate":"https:\/\/forextradingbonus.com\/?s={search_term_string}"},"query-input":"required name=search_term_string"}],"inLanguage":"es"}]}},"_links":{"self":[{"href":"https:\/\/forextradingbonus.com\/es\/wp-json\/wp\/v2\/pages\/85129"}],"collection":[{"href":"https:\/\/forextradingbonus.com\/es\/wp-json\/wp\/v2\/pages"}],"about":[{"href":"https:\/\/forextradingbonus.com\/es\/wp-json\/wp\/v2\/types\/page"}],"author":[{"embeddable":true,"href":"https:\/\/forextradingbonus.com\/es\/wp-json\/wp\/v2\/users\/19"}],"replies":[{"embeddable":true,"href":"https:\/\/forextradingbonus.com\/es\/wp-json\/wp\/v2\/comments?post=85129"}],"version-history":[{"count":5,"href":"https:\/\/forextradingbonus.com\/es\/wp-json\/wp\/v2\/pages\/85129\/revisions"}],"predecessor-version":[{"id":85630,"href":"https:\/\/forextradingbonus.com\/es\/wp-json\/wp\/v2\/pages\/85129\/revisions\/85630"}],"wp:featuredmedia":[{"embeddable":true,"href":"https:\/\/forextradingbonus.com\/es\/wp-json\/wp\/v2\/media\/85155"}],"wp:attachment":[{"href":"https:\/\/forextradingbonus.com\/es\/wp-json\/wp\/v2\/media?parent=85129"}],"curies":[{"name":"wp","href":"https:\/\/api.w.org\/{rel}","templated":true}]}}