{"id":85285,"date":"2019-03-31T15:07:03","date_gmt":"2019-03-31T15:07:03","guid":{"rendered":"http:\/\/forextradingbonus.com\/?page_id=85285"},"modified":"2019-03-31T15:07:03","modified_gmt":"2019-03-31T15:07:03","slug":"mejores-consejos-para-trader-ganador","status":"publish","type":"page","link":"https:\/\/forextradingbonus.com\/es\/mejores-consejos-para-trader-ganador\/","title":{"rendered":"Los mejores consejos de Forex para convertirte en un Trader ganador"},"content":{"rendered":"<p>Cuando comienzas a adentrarte en el mundo de Forex, es muy com\u00fan no saber por donde comenzar. Comienzas tu b\u00fasqueda para informarte y resulta ser que encuentras demasiada informaci\u00f3n que todav\u00eda no estas preparado para entenderla. En este art\u00edculo trataremos de organizar toda esa informaci\u00f3n para que puedas entender todos los conceptos que necesitas para operar en Forex. Comencemos a destacar los mejores consejos de Forex para que puedas convertirte en uno de los mejores traders del mundo.<\/p>\n<p>En nuestros consejos de Forex organizaremos todas las pautas para facilitarte el proceso de recolecci\u00f3n de informaci\u00f3n. Desde lo que necesitas saber como la educaci\u00f3n hasta la organizaci\u00f3n de estrategias que debes aprender. Por lo tanto, si eres un trader principiante, toda esta informaci\u00f3n organizada ser\u00e1 de gran ayuda para t\u00ed. Tu proceso de aprendizaje es realmente muy importante, y contar con una buena base es de suma importancia.<\/p>\n<h2>El mejor consejo de Forex: La educaci\u00f3n<\/h2>\n<p>Creemos que la educaci\u00f3n para todo lo que es nuevo en nuestra vida es sumamente muy importante. Por lo tanto el mejor consejo de Forex que podemos darte es educarte en este aspecto. La educaci\u00f3n es la base del \u00e9xito de todo trader y considerar este \u00edtem es sumamente importante para tu trading. Existen muchas t\u00e9cnicas para aprender la actividad de trading. Pero te presentaremos algunas formas a la que puedes acudir para aprender r\u00e1pidamente tu estrategia y t\u00e9cnica de trading.<\/p>\n<img decoding=\"async\" loading=\"lazy\" width=\"1200\" height=\"800\" class=\"aligncenter size-full wp-image-85296\" src=\"http:\/\/forextradingbonus.com\/wp-content\/img\/2019\/03\/books.jpg\" alt=\"consejos de FX educaci\u00f3n\" \/>\n<h3>Ap\u00fantate en una academia de Trading<\/h3>\n<p>Es una de la opciones que debes considerar, pues invertir tu dinero en educaci\u00f3n para Forex no es una mala idea. Muchas academias o escuelas de trading cuentan con consejos de Forex Profesionales.\u00a0La mayor\u00eda de los traders profesionales comparten la experiencia de sus operaciones en el mercado de divisas. Contar con el apoyo de profesionales o traders con amplia experiencia ser\u00e1 de mucha utilidad para el proceso de aprendizaje. Adem\u00e1s, la gran ventaja de esto es que tendr\u00e1s un gu\u00eda que te orientar\u00e1 paso a paso para conocer el movimiento del mercado. Podr\u00e1s aprender con detalles cada estrategia para aplicar en tu trading. Sin embargo, debes asegurarte de que la academia o el curso que pagues para aprender tenga valoraci\u00f3n y prestigio. Aseg\u00farate de que te encuentres en el lugar correcto, ya que muchas academias tienen baja reputaci\u00f3n y sus cursos no son lo bastante bueno.<\/p>\n<h3>Educaci\u00f3n por parte del broker<\/h3>\n<p>Si no est\u00e1 en tus planes apuntarte en una academia o escuela de trading, otra opci\u00f3n que debes contemplar es tomar los cursos que brindan los brokers. Si eres principiante debes considerar tomar los cursos de preparaci\u00f3n que brindan los brokers. Generalmente debes tomar los cursos de brokers tipo ECN o STP, ya que estos brokers ganan dinero en base a tus operaciones exitosas. M\u00e1s adelante explicaremos cu\u00e1les son los tipos de brokers, pero vayamos por parte. Ten mucho cuidado en este punto, pues otros brokers tipo Market Makers o &#8220;Creadores de Mercado&#8221;, no obtienen dinero en base a tus operaciones exitosas. Al contrario, ellos obtienen sus ganancias cuando pierdes tu dinero. As\u00ed que ten mucho cuidado al recibir educaci\u00f3n por parte de ellos.<\/p>\n<h3>Vuelca tus conocimientos en cuentas demo<\/h3>\n<p>Una vez que re\u00fanas todos los conocimientos previos para comenzar a operar en FX, implementa todos tus conocimientos en una cuenta demo. Es la mejor forma de obtener consistencia y probar tus habilidades. Muchos brokers de FX ofrecen la oportunidad de contar con cuentas demo. All\u00ed podr\u00e1s implementar las estrategias que aprendiste en tus cursos para principiantes. Adem\u00e1s podr\u00e1s interactuar con las plataformas disponibles para el mercado de Forex. Este es un punto muy importante, ya que cuando empieces a operar en vivo, tienes que tener la habilidad de ejecutar y actuar r\u00e1pidamente en el mercado. Al practicar en una cuenta demo, podr\u00e1s entender todos los atajos para poder ejecutar operaciones exitosas.<\/p>\n<h2>Establece un presupuesto<\/h2>\n<p>Otra recomendaci\u00f3n de Forex es establecer un presupuesto adecuado para la operativa en FX. Si realmente quieres tener consistencia en tus operaciones, toma como uno de los primeros puntos, establecer un presupuesto antes de comenzar a operar. Esto mantendr\u00e1 tus pies sobre la tierra y te permitir\u00e1 establecer tus metas. Para no ser tan extensos te nombraremos algunos \u00edtem que debes tener en cuenta para armar tu presupuesto. Recuerda que no todos los presupuestos son los mismos para todas las personas, pero b\u00e1sicamente estos son los puntos a tener en cuenta:<\/p>\n<ul>\n<li>Preparaci\u00f3n o Educaci\u00f3n<\/li>\n<li>Capital de Margen<\/li>\n<li>Capital de Riesgo<\/li>\n<li>Datos provistos<\/li>\n<li>Env\u00edos de dinero<\/li>\n<li>Comisiones<\/li>\n<li>Licencias de plataformas (en el que caso que se establezcan)<\/li>\n<li>Tarifas de PayPal<\/li>\n<li>Imprevistos<\/li>\n<\/ul>\n<img decoding=\"async\" loading=\"lazy\" width=\"1200\" height=\"800\" class=\"aligncenter size-full wp-image-85297\" src=\"http:\/\/forextradingbonus.com\/wp-content\/img\/2019\/03\/PRESUPUESTO-1.jpg\" alt=\"CONSEJO DE FX PRESUPUESTO\" \/>\n<p>Ser\u00e1 una de las tareas que debes tener a la hora de comenzar a operar en Forex. Aseg\u00farate de recabar la informaci\u00f3n de estos \u00edtems en cada uno de los brokers que est\u00e9s interesado. Recuerda que al realizar un presupuesto, podr\u00e1s saber bien cual es el capital con el contar\u00e1s para afrontar las futuras operaciones. Nuestro gran consejo de FX sobre esto es que lo realices en el per\u00edodo de investigaci\u00f3n. Esto te permitir\u00e1 saber con cuanto dinero tendr\u00e1s que contar antes de entrar en el mundo de Forex.<\/p>\n<h2>Selecci\u00f3n del broker<\/h2>\n<p>Es un proceso que te demandar\u00e1 un tiempo, ya que es un proceso que demanda de mucho tiempo e investigaci\u00f3n. Pero aseg\u00farate de elegir el broker correcto para operar en Forex. Es de suma importancia que busques un broker regulado, ya que te garantizar\u00e1 que tus operaciones se realicen con mayor seguridad. Debes tener en cuenta que en la actualidad existen brokers regulados y no regulados. Nuestra recomendaci\u00f3n de FX es que desestimes a los brokers no regulados. Pero, \u00bfC\u00f3mo diferenciar un broker regulado de uno no regulado? Destaquemos las diferencias:<\/p>\n<h3>Brokers regulados:<\/h3>\n<p>Los brokers regulados est\u00e1n bajo la constante supervisi\u00f3n de las agencias de regulaci\u00f3n m\u00e1s importantes del mundo. Estas agencias realizan exhaustivos controles mensuales y anuales a las distintas casas de corretaje. Poseer la licencia de estos entes reguladores garantizan la operatividad asegurando que las operaciones est\u00e1n bajo estricto control. Cualquier eventualidad que no est\u00e9 bajo los par\u00e1metros legales de estas agencias, puede ser denunciada por el trader. De esta forma, los brokers prefieren operar bajo las normativas y no acceder a sanciones de estos reguladores. Las agencias de regulaci\u00f3n m\u00e1s importantes en el mundo son:<\/p>\n<img decoding=\"async\" loading=\"lazy\" width=\"600\" height=\"400\" class=\"alignright size-full wp-image-85295\" src=\"http:\/\/forextradingbonus.com\/wp-content\/img\/2019\/03\/reguladores-m\u00e1s-importantes-del-mundo-2.jpg\" alt=\"los mejores consejos de FX reguladores\" \/>\n<ul>\n<li>Estados Unidos: FINRA (Financial Industry Regulatory Authority) \/ FDIC (Federal Deposit Insurance Corporation) \/ SEC (Security and Exchange Commission) \/ CFTC (Commodity Futures Trading Commission) \/ NFA (National Futures Association)<\/li>\n<li>Reino Unido: FSA (Financial Services Authority)<\/li>\n<li>Europa: ESMA (European Securities and Markets Authority)<\/li>\n<li>Jap\u00f3n: FSA (Financial Service Agency) \/ SESC (Securities and Exchanges Survelliance Commission)<\/li>\n<li>Suiza: FINMA (Eidgen\u00f6ssische Finanzmarktaufsicht)<\/li>\n<li>Alemania: BaFin (Bundesanstalt f\u00fcr Finanzdienstleistungsaufsicht)<\/li>\n<li>Espa\u00f1a: CNMV (Comisi\u00f3n Nacional del Mercado de Valores)<\/li>\n<li>Francia: AMF (Autorit\u00e9 des March\u00e9s Financiers)<\/li>\n<li>Australia: ASIC (Australian Securities and Investments Commission)<\/li>\n<li>Canad\u00e1: MFDA (Mutual Fund Dealers of Canada) \/ IIROC (Investment Industry Regulatory Organitation of Canada)<\/li>\n<li>Chipre: CySEC (Cyprus Securities and Exchanges Commission)<\/li>\n<li>Dinamarca: FSA Danesa<\/li>\n<li>Hong Kong: SFC (Securities and Futures Commission)<\/li>\n<\/ul>\n<p>\u00bfSon demasiados verdad? Pero queremos que est\u00e9s al tanto de todas las agencias reguladoras del mundo para garantizarte la seguridad en tus operaciones. Recuerda que estamos aqu\u00ed para brindarte los mejores consejos de FX, y brindarte informaci\u00f3n de m\u00e1s nunca viene mal. Adem\u00e1s podr\u00e1s saber cual es la autoridad del pa\u00eds que decidas operar.<\/p>\n<h3>Tipos de Brokers<\/h3>\n<p>Es importante que est\u00e9s al tanto de los tipos de brokers que puedes llegar a encontrar. Ten en cuenta que no todos los brokers son iguales por lo que nos vemos en la necesidad de detallarlos a cada uno de ellos:<\/p>\n<ul>\n<li>Market Makers &#8220;Creadores de Mercado: Este tipo de broker opera con una mesa de negocios, \u00bfqu\u00e9 quiere decir esto? que todas las operaciones estar\u00e1n bajo el control absoluto del broker. Ellos siempre ser\u00e1n la contrapartida. Este tipo de Broker es ideal para realizar inversiones muy bajas y traders principiantes. Sin embargo, ten en cuenta que todas las operaciones estar\u00e1n bajo su control y ganan su dinero en base a las p\u00e9rdidas de sus traders. Las ventajas que otorgan son los spreads fijos y generalmente no aplican comisiones a las operaciones (algunos si).<\/li>\n<li>STP: Brokers de Proceso directo que ponen en contacto con el mercado rea poni\u00e9ndose en contacto con los proveedores de liquidez m\u00e1s importantes (bancos y empresas financieras). La gran desventaja de operar en estos brokers es que necesitas una inversi\u00f3n muy alta. Existe gran volatilidad en el mercado y los spreads son variables. El precio en este caso es real.<\/li>\n<li>ECN: ES una Red Electr\u00f3nica de comunicaci\u00f3n. Poni\u00e9ndonos en contacto con bancos, grandes empresas financieras y ademas otros traders. Act\u00faan como los STP. Su precio es m\u00e1s real que los markets makers. Suelen buscar el precio entre todos sus participantes, otorgando un spread m\u00e1s bajo. Es uno de los m\u00e1s recomendados para los traders.<\/li>\n<li>H\u00edbridos: Se denominan h\u00edbridos a aquellos brokers que ofrecen la posibilidad de contar entre sus cuentas las caracter\u00edsticas de ser un market maker o operar como STP o ECN.<\/li>\n<\/ul>\n<h3>Apalancamiento<\/h3>\n<p>Es una caracter\u00edstica propios de un broker. El grado de apalancamiento que tenga que ofrecer debe ser acorde a la necesidad del trader. Un alto nivel de apalancamiento te permitir\u00e1 acceder a operaciones de mayor beneficio. Sin embargo, pueden volverse en tu contra. Recuerda que operar con un alto nivel de apalancamiento representa mayores riesgos a tus inversiones. Consulta muy bien cuales son las posibilidades de apalancamiento antes de operar con un broker espec\u00edfico. Todos los brokers te ofrecen la posibilidad de visualizar el nivel de apalancamiento.<\/p>\n<h2>Plan de Trading<\/h2>\n<p>Debes realizar un plan de trading que est\u00e9 en sincron\u00eda a tu personalidad, estrategia de inversi\u00f3n y tu broker. Debes tener paciencia al implementar este punto, ya que no puedes salirte de u plan de trading por haber realizado malas operaciones. Un buen plan de trading aporta disciplina y concentraci\u00f3n, formando la base de tu rentabilidad a futuro. En conjunto con el plan de trading, debes considerar tu fortaleza mental. Considera no quebrarte ante las operaciones fallidas, pues la desestabilidad mental te llevar\u00e1 a cometer m\u00e1s errores. El plan de trading se sustenta tambi\u00e9n en las estrategias que desees implementar para operar en el mercado. No entraremos en detalles de cada una, pues existen nuestras rese\u00f1as para tal motivo, nuestra sugerencia de Forex es que leas cada una de ellas. Sin embargo te nombraremos cuales son las m\u00e1s importantes para que tengas en cuenta en tu plan de trading:<\/p>\n<ul>\n<li>Estrategia Day Trading<\/li>\n<li>Estrategia Scalping<\/li>\n<\/ul>\n<p>Recuerda no tentarte ante la posibilidad de abrir o cerrar posiciones en los momentos indebidos, ya que puede volverse en tu contra en un futuro y cometer errores que no querr\u00e1s pagar.<\/p>\n<h2>Plataformas de operaci\u00f3n<\/h2>\n<p>La plataforma para un trader es el todo de sus operaciones. Ten en cuenta que es el veh\u00edculo o portal de acceso al mercado y por ende debe ser confortable operar en ella. Imagina que lo comparas con un auto de \u00faltimo modelo, debe contar con todas las comodidades para tu bienestar. Bueno, esto es exactamente lo mismo. La plataforma de trabajo debe contar con todas las herramientas posibles para la correcta operatividad. Debe ser muy intuitiva y f\u00e1cil de utilizar. Adem\u00e1s, debe contar con todos los instrumentos al alcance de tu mano. No debe limitarte a una \u00fanica disponibilidad en sus gr\u00e1ficos y poseer una amplia gama de opciones en este punto. Adem\u00e1s debe contar con la posibilidad de tener consigo los indicadores m\u00e1s comunes para que estos te puedan ayudar en la toma de decisiones.<\/p>\n<img decoding=\"async\" loading=\"lazy\" width=\"1024\" height=\"512\" class=\"aligncenter size-full wp-image-85126\" src=\"http:\/\/forextradingbonus.com\/wp-content\/img\/2019\/03\/MetaTrader4.jpg\" alt=\"consejos de Forex plataformas\" \/>\n<p>Uno de los consejos de FX m\u00e1s importante que podemos darte es que utilices plataformas como MetaTrader 4 o MetaTrader 5. Ya que cuentan con la posibilidad de utilizar los indicadores m\u00e1s populares para las operativas de trading en la actualidad. Adem\u00e1s, est\u00e1n disponibles la utilizaci\u00f3n de agentes autom\u00e1ticos que pueden realizar las operativas en forma autom\u00e1tica.\u00a0 De todos modos, no hay mejor agente de operaciones que tu mismo. Ya que eres el responsable de manejar y operar tu dinero a tu conveniencia. Otros brokers tambi\u00e9n ofrecen plataformas web trader, pero aseg\u00farate de probarlas con una cuenta demo antes de comenzar a operar con dinero real.<\/p>\n<h2>Conclusi\u00f3n<\/h2>\n<p>Este es el punto final de nuestro art\u00edculo y el fin del mismo es inspirarte a la seguridad de tus operativas. Durante este art\u00edculo te mostramos distintos aspectos a tener en cuenta para mejorar d\u00eda a d\u00eda tu trading. Creemos que nuestros sabios consejos de FX, est\u00e1n basados en las experiencias personales y la de muchos otros traders que han superado el proceso de aprendizaje. Debemos destacar que siempre elijas el broker adecuadamente regulado. Te presentamos una amplia lista de las agencias reguladoras m\u00e1s importantes del mundo para que tengas en cuenta. No puedes decir que no te avisamos. Adem\u00e1s, el mejor consejo de FX que podemos darte es que te capacites para operar FX. Este mercado es bastante rentable, pero lo ser\u00e1 una vez que hayas entendido el movimiento del mismo.<\/p>\n<p>En lo que respecta a los tipos de brokers, creemos que la mejor opci\u00f3n es elegir quedarte con un broker tipo ECN. Debido a que garantiza m\u00e1s transparencia al estar negociando directamente con todos los participantes del mercado de FX. Recuerda que nuestra funci\u00f3n en todo esto es asesorarte y brindarte la mayor cantidad de informaci\u00f3n para que puedas operar con mayor facilidad en el mercado de divisas. Sin m\u00e1s que decir, \u00bfQu\u00e9 est\u00e1s esperando para comenzar a aprender el mercado de Forex? Tus herramientas sobran.<\/p>\n","protected":false},"excerpt":{"rendered":"Cuando comienzas a adentrarte en el mundo de Forex, es muy com\u00fan no saber por donde comenzar. Comienzas tu","protected":false},"author":19,"featured_media":85298,"parent":0,"menu_order":0,"comment_status":"closed","ping_status":"closed","template":"","meta":{"_mi_skip_tracking":false},"acf":[],"yoast_head":"<!-- This site is optimized with the Yoast SEO plugin v20.4 - https:\/\/yoast.com\/wordpress\/plugins\/seo\/ -->\n<title>Los mejores consejos de Forex para convertirte en un Trader Ganador<\/title>\n<meta name=\"description\" content=\"Gu\u00eda de los mejores consejos de Forex para principiantes. Consejos educativos y selecci\u00f3n del broker correcto para comenzar a operar en FX\" \/>\n<meta name=\"robots\" content=\"index, follow, max-snippet:-1, max-image-preview:large, max-video-preview:-1\" \/>\n<link rel=\"canonical\" href=\"https:\/\/forextradingbonus.com\/es\/mejores-consejos-para-trader-ganador\/\" \/>\n<meta property=\"og:locale\" content=\"es_ES\" \/>\n<meta property=\"og:type\" content=\"article\" \/>\n<meta property=\"og:title\" content=\"Los mejores consejos de Forex para convertirte en un Trader Ganador\" \/>\n<meta property=\"og:description\" content=\"Gu\u00eda de los mejores consejos de Forex para principiantes. Consejos educativos y selecci\u00f3n del broker correcto para comenzar a operar en FX\" \/>\n<meta property=\"og:url\" content=\"https:\/\/forextradingbonus.com\/es\/mejores-consejos-para-trader-ganador\/\" \/>\n<meta property=\"og:site_name\" content=\"Forex Trading Bonus\" \/>\n<meta property=\"og:image\" content=\"https:\/\/forextradingbonus.com\/wp-content\/img\/2019\/03\/los-mejores-consejos-de-Forex.jpg\" \/>\n\t<meta property=\"og:image:width\" content=\"1200\" \/>\n\t<meta property=\"og:image:height\" content=\"800\" \/>\n\t<meta property=\"og:image:type\" content=\"image\/jpeg\" \/>\n<meta name=\"twitter:card\" content=\"summary_large_image\" \/>\n<meta name=\"twitter:label1\" content=\"Tiempo de lectura\" \/>\n\t<meta name=\"twitter:data1\" content=\"12 minutos\" \/>\n<!-- \/ Yoast SEO plugin. -->","yoast_head_json":{"title":"Los mejores consejos de Forex para convertirte en un Trader Ganador","description":"Gu\u00eda de los mejores consejos de Forex para principiantes. Consejos educativos y selecci\u00f3n del broker correcto para comenzar a operar en FX","robots":{"index":"index","follow":"follow","max-snippet":"max-snippet:-1","max-image-preview":"max-image-preview:large","max-video-preview":"max-video-preview:-1"},"canonical":"https:\/\/forextradingbonus.com\/es\/mejores-consejos-para-trader-ganador\/","og_locale":"es_ES","og_type":"article","og_title":"Los mejores consejos de Forex para convertirte en un Trader Ganador","og_description":"Gu\u00eda de los mejores consejos de Forex para principiantes. Consejos educativos y selecci\u00f3n del broker correcto para comenzar a operar en FX","og_url":"https:\/\/forextradingbonus.com\/es\/mejores-consejos-para-trader-ganador\/","og_site_name":"Forex Trading Bonus","og_image":[{"width":1200,"height":800,"url":"https:\/\/forextradingbonus.com\/wp-content\/img\/2019\/03\/los-mejores-consejos-de-Forex.jpg","type":"image\/jpeg"}],"twitter_card":"summary_large_image","twitter_misc":{"Tiempo de lectura":"12 minutos"},"schema":{"@context":"https:\/\/schema.org","@graph":[{"@type":"WebPage","@id":"https:\/\/forextradingbonus.com\/es\/mejores-consejos-para-trader-ganador\/","url":"https:\/\/forextradingbonus.com\/es\/mejores-consejos-para-trader-ganador\/","name":"Los mejores consejos de Forex para convertirte en un Trader Ganador","isPartOf":{"@id":"https:\/\/forextradingbonus.com\/#website"},"datePublished":"2019-03-31T15:07:03+00:00","dateModified":"2019-03-31T15:07:03+00:00","description":"Gu\u00eda de los mejores consejos de Forex para principiantes. Consejos educativos y selecci\u00f3n del broker correcto para comenzar a operar en FX","breadcrumb":{"@id":"https:\/\/forextradingbonus.com\/es\/mejores-consejos-para-trader-ganador\/#breadcrumb"},"inLanguage":"es","potentialAction":[{"@type":"ReadAction","target":["https:\/\/forextradingbonus.com\/es\/mejores-consejos-para-trader-ganador\/"]}]},{"@type":"BreadcrumbList","@id":"https:\/\/forextradingbonus.com\/es\/mejores-consejos-para-trader-ganador\/#breadcrumb","itemListElement":[{"@type":"ListItem","position":1,"name":"Home","item":"https:\/\/forextradingbonus.com\/es\/"},{"@type":"ListItem","position":2,"name":"Los mejores consejos de Forex para convertirte en un Trader ganador"}]},{"@type":"WebSite","@id":"https:\/\/forextradingbonus.com\/#website","url":"https:\/\/forextradingbonus.com\/","name":"Forex Trading Bonus","description":"Best Forex Trading Bonus Reviews. Deposit &amp; No Deposit FX Bonuses and Tips","potentialAction":[{"@type":"SearchAction","target":{"@type":"EntryPoint","urlTemplate":"https:\/\/forextradingbonus.com\/?s={search_term_string}"},"query-input":"required name=search_term_string"}],"inLanguage":"es"}]}},"_links":{"self":[{"href":"https:\/\/forextradingbonus.com\/es\/wp-json\/wp\/v2\/pages\/85285"}],"collection":[{"href":"https:\/\/forextradingbonus.com\/es\/wp-json\/wp\/v2\/pages"}],"about":[{"href":"https:\/\/forextradingbonus.com\/es\/wp-json\/wp\/v2\/types\/page"}],"author":[{"embeddable":true,"href":"https:\/\/forextradingbonus.com\/es\/wp-json\/wp\/v2\/users\/19"}],"replies":[{"embeddable":true,"href":"https:\/\/forextradingbonus.com\/es\/wp-json\/wp\/v2\/comments?post=85285"}],"version-history":[{"count":4,"href":"https:\/\/forextradingbonus.com\/es\/wp-json\/wp\/v2\/pages\/85285\/revisions"}],"predecessor-version":[{"id":85632,"href":"https:\/\/forextradingbonus.com\/es\/wp-json\/wp\/v2\/pages\/85285\/revisions\/85632"}],"wp:featuredmedia":[{"embeddable":true,"href":"https:\/\/forextradingbonus.com\/es\/wp-json\/wp\/v2\/media\/85298"}],"wp:attachment":[{"href":"https:\/\/forextradingbonus.com\/es\/wp-json\/wp\/v2\/media?parent=85285"}],"curies":[{"name":"wp","href":"https:\/\/api.w.org\/{rel}","templated":true}]}}