{"id":85376,"date":"2019-03-31T15:04:21","date_gmt":"2019-03-31T15:04:21","guid":{"rendered":"http:\/\/forextradingbonus.com\/?page_id=85376"},"modified":"2019-03-31T15:04:21","modified_gmt":"2019-03-31T15:04:21","slug":"velas-japonesas","status":"publish","type":"page","link":"https:\/\/forextradingbonus.com\/es\/velas-japonesas\/","title":{"rendered":"Todo lo que necesitas saber sobre el trading con velas japonesas"},"content":{"rendered":"<p>Las velas japonesas proporcionan distintas se\u00f1ales visuales que a simple vista facilitan la comprensi\u00f3n sobre la acci\u00f3n del precio. Visualizar el mercado con gr\u00e1ficos de velas japonesas permite a los traders comprender mucho mejor el sentimiento del mercado. Gracias a Steve Nison, las gr\u00e1ficas de velas japonesas ofrecen una mayor informaci\u00f3n en comparaci\u00f3n con las barras tradicionales.<\/p>\n<img decoding=\"async\" loading=\"lazy\" width=\"1440\" height=\"810\" class=\"aligncenter size-full wp-image-85377\" src=\"http:\/\/forextradingbonus.com\/wp-content\/img\/2019\/03\/VELAS-JAPONESAS.jpeg\" alt=\"VELAS JAPONESAS\" \/>\n<p>En los gr\u00e1ficos de barras, se hace hincapi\u00e9 en los m\u00e1ximos y m\u00ednimos m\u00e1s que cualquier otra cosa, en cambio las velas japonesas se enfatizan en la relaci\u00f3n entre el precio de apertura y cierre. Los gr\u00e1ficos de velas ofrecen a los traders una descripci\u00f3n m\u00e1s detallada en un gr\u00e1fico de precios, con un efecto pr\u00e1cticamente tridimencional.<\/p>\n<p>Lo que m\u00e1s se destaca de este tipo de gr\u00e1ficas es que puedes notar patrones con mayor claridad en comparaci\u00f3n con otros tipos de gr\u00e1ficos. Los traders pueden identificar de esta forma distintos patrones que le permiten notar los posibles retrocesos o la continuaci\u00f3n de una tendencia. Adem\u00e1s, cuando se combinan con otras herramientas de an\u00e1lisis t\u00e9cnico, obtenemos una anticipaci\u00f3n mucho m\u00e1s precisa de los posibles movimientos.<\/p>\n<h2>Explicaci\u00f3n de Velas Japonesas<\/h2>\n<img decoding=\"async\" loading=\"lazy\" width=\"600\" height=\"600\" class=\"aligncenter size-full wp-image-85381\" src=\"http:\/\/forextradingbonus.com\/wp-content\/img\/2019\/03\/detalles-velas-japonesas.jpg\" alt=\"partes de velas japonesas\" \/>\n<p>Como podemos observar en la imagen de arriba, un precio que se cierra por encima de donde se abri\u00f3 producir\u00e1 una vela blanca (alcista). Un precio m\u00e1s bajo producir\u00e1 una vela negra (bajista). Las cajas, que son formadas por la acci\u00f3n del precio se denominan &#8220;cuerpo&#8221;. Los extremos del movimiento diario de los precios se representan mediante l\u00edneas se denominan &#8220;estelas, colas, mechas o sombras&#8221;. La parte m\u00e1s peque\u00f1a se la denomina &#8220;nariz&#8221;.<\/p>\n<p>Un cierre de precio que se produce donde se abri\u00f3 o relativamente cerca de lo denomina Doji. Memorizar los nombres de las velas japonesas no es un requisito previo que debes tener para realizar un trading exitoso. Sin embargo, la acci\u00f3n de precios es muy \u00fatil para todos los traders. Al observar las velas, los comerciantes pueden ver el impulso, la direcci\u00f3n, los compradores o vendedores en esos momentos y el movimiento general del mercado.<\/p>\n<img decoding=\"async\" loading=\"lazy\" width=\"1554\" height=\"749\" class=\"aligncenter size-full wp-image-85382\" src=\"http:\/\/forextradingbonus.com\/wp-content\/img\/2019\/03\/3.png\" alt=\"gr\u00e1fica de velas japonesas en plataforma\" \/>\n<h2>\u00bfC\u00f3mo medir la longitud de una vela?<\/h2>\n<p>La vela es un tipo de medida entre su gran tama\u00f1o o peque\u00f1ez. El m\u00e1ximo de una vela act\u00faa como resistencia, mientras que el m\u00e1s bajo act\u00faa como soporte. Cuanto m\u00e1s grande es la vela, m\u00e1s fuertes son los niveles de soportes y resistencia (especialmente durante el intercambio en una vela denominada Vela Maestra)<\/p>\n<img decoding=\"async\" loading=\"lazy\" width=\"1600\" height=\"647\" class=\"aligncenter size-full wp-image-85383\" src=\"http:\/\/forextradingbonus.com\/wp-content\/img\/2019\/03\/4.png\" alt=\"vela japonesa master\" \/>\n<p>En el gr\u00e1fico anterior, la ventana de tu izquierda es la ventana de datos. Muestra los datos cruciales de las velas que necesitas conocer, incluyendo los precios m\u00e1ximos y m\u00ednimos, como tambi\u00e9n el precio de apertura y cierre. Estos son los datos predeterminados en la plataforma MetaTrader 4 (MT4).<\/p>\n<h2>Los tres componentes principales de un gr\u00e1fico de velas japonesas<\/h2>\n<ul>\n<li>Tama\u00f1o \/ longitud de toda la vela<\/li>\n<li>Correlaci\u00f3n entre apertura y cierre<\/li>\n<li>Sombras o estelas y correlaci\u00f3n con el cuerpo de la vela<\/li>\n<\/ul>\n<h3>Tama\u00f1o \/ longitud de la vela<\/h3>\n<p>Las velas que se abren a la baja, muy cercanas a la alta, o aquellas que son extremadamente largas suceden com\u00fanmente. Si hay una tendencia bajista larga, la vela indicar\u00e1 que se est\u00e1 produciendo un retroceso importante en la tendencia. Por lo contrario, luego de una tendencia alcista, si una vela inusualmente larga se cierra, eso mostrar\u00eda una estela larga a la alza, o un cuerpo fuerte bajista desde la parte superior. Entonces estaremos hablando de un agotamiento.<\/p>\n<img decoding=\"async\" loading=\"lazy\" width=\"1554\" height=\"749\" class=\"aligncenter size-full wp-image-85384\" src=\"http:\/\/forextradingbonus.com\/wp-content\/img\/2019\/03\/soportes-y-resistencias.jpg\" alt=\"velas japones soportes y resistencias\" \/>\n<h3>Correlaci\u00f3n entre apertura y cierre<\/h3>\n<p>Debido que el cuerpo del color de la vela representa una lectura positiva o negativa durante las tendencias alcistas o en condiciones de mercado alcistas, las compras se realizan generalmente en las aperturas. El precio deber\u00eda subir, formando una vela blanca y hueca. A medida que los inversores alcistas, denominados &#8220;toros&#8221; en la jerga, controlan la acci\u00f3n del precio en el mercado, se genera una gran longitud entre la apertura y cierre que refleja tal dominio.<\/p>\n<p>En condiciones de mercado bajista, o durante una tendencia bajista, se formar\u00e1 una vela de cuerpo oscuro. En este momento lo que se representar\u00e1 es a los inversores bajistas que dominan el mercado denominados &#8220;osos&#8221;. Los gr\u00e1ficos de velas permiten grandes an\u00e1lisis de formas y colores seg\u00fan el cuerpo de las velas, en comparaci\u00f3n con los gr\u00e1ficos de barras.<\/p>\n<h3>Sombras o estelas y correlaci\u00f3n con el cuerpo de la vela<\/h3>\n<p>La longitud de la estela o mecha representa el precio bajo y \/ o alto, en comparaci\u00f3n con los precios de apertura y cierre que se muestran en el cuerpo real de la vela. Lo que tambi\u00e9n se puede representar es un nivel de soporte y resistencia en el mercado. Si podemos ver colas largas, o mechas o estelas, es importante considerar que si se forman despu\u00e9s de una tendencia larga bajista, ya que indica la posibilidad de que la tendencia se agote, y que la demanda aumente y la oferta disminuya.<\/p>\n<p>Si tenemos colas o sombras, estelas o como prefieras llamarlo, formadas en la parte superior de los cuerpos, luego de un largo aumento de precios indicar\u00e1 que la demanda est\u00e1 cesando y que la oferta est\u00e1 aumentando. Cuanto m\u00e1s grande sea la estela o sombra, m\u00e1s importante es su an\u00e1lisis con el cuerpo , ya que puede se\u00f1alar la fuerza de la inversi\u00f3n. Los m\u00e1s fuertes son los que tienen forma de pines.<\/p>\n<img decoding=\"async\" loading=\"lazy\" width=\"1554\" height=\"749\" class=\"aligncenter size-full wp-image-85389\" src=\"http:\/\/forextradingbonus.com\/wp-content\/img\/2019\/03\/alcista-y-bajista.jpg\" alt=\"velas japonesas alfileres\" \/>\n<p>En la imagen de arriba, la cola de la candela alcista est\u00e1 clavada hacia abajo, rechazando el soporte. Esto indica por el &#8220;pin&#8221; alcista, notar\u00edamos una oleada de compradores en estos momentos y en consecuencia el precio aumentar\u00eda. Inversamente, cuando la cola de una barra de inversores bajista se est\u00e1 inmovilizando y rechazando la resistencia. Notar\u00edamos una oleada de vendedores en este caso. Las velas de reversi\u00f3n m\u00e1s fuertes tienen mechas que son m\u00e1s largas que los cuerpos, y una nariz muy peque\u00f1a o directamente est\u00e1n sin nariz.<\/p>\n<img decoding=\"async\" loading=\"lazy\" width=\"1554\" height=\"749\" class=\"aligncenter size-full wp-image-85390\" src=\"http:\/\/forextradingbonus.com\/wp-content\/img\/2019\/03\/6.png\" alt=\"velas japonesas estelas y correlaci\u00f3n\" \/>\n<h2>Velas japonesas de impulso fuerte<\/h2>\n<p>Las velas japonesas de impulso fuerte generalmente se abren en un nivel de soporte o resistencia, y son denominadas Marubozu. Las velas japonesas Marubozu son velas de impulso con cola peque\u00f1a o directamente sin cola o estela. Este tipo de patr\u00f3n de velas es realmente poderoso y tiene mucho significado con respecto al movimiento de precios. Marubozu define una fuerte resistencia a la venta o una compra fuerte en un soporte. El significado de Marubozu en japon\u00e9s significa cabeza calva.<\/p>\n<p>Esto se debe a que dicha vela no tiene sombra o estela, o es muy peque\u00f1a. Un Marubozu puede tener mechas cortas en ambos lados y pueden considerarse v\u00e1lidos tambi\u00e9n. Por eso se denomina tambi\u00e9n como vela momentum. Una vela blanca de Marubozu que aparece en una tendencia alcista, puede sugerir la continuaci\u00f3n de la misma. Mientras que una tendencia bajista, un Marubozu blanco puede significar un patr\u00f3n de un retroceso alcista. Aqu\u00ed te mostraremos algunos ejemplos de Candelas Japonesas Marubozus blancos:<\/p>\n<img decoding=\"async\" loading=\"lazy\" width=\"1554\" height=\"749\" class=\"aligncenter size-full wp-image-85391\" src=\"http:\/\/forextradingbonus.com\/wp-content\/img\/2019\/03\/7.png\" alt=\"velas japonesas Marubozu\" \/>\n<p>Por el contrario, un Marubozu negro que aparece en una tendencia bajista sugiere la continuaci\u00f3n de esa tendencia. Mientras que en una tendencia alcista un Marubozu negro sugiere un patr\u00f3n de retroceso bajista. Aqu\u00ed podr\u00e1s observar estos ejemplos:<\/p>\n<img decoding=\"async\" loading=\"lazy\" width=\"1554\" height=\"749\" class=\"aligncenter size-full wp-image-85392\" src=\"http:\/\/forextradingbonus.com\/wp-content\/img\/2019\/03\/8.png\" alt=\"velas japonesas marubozu nego\" \/>\n<h2>Los patrones de velas japonesas m\u00e1s comunes<\/h2>\n<p>Los patrones de velas japonesas pueden observarse muy a menudo en los mercados de Forex, CFDs, acciones e \u00edndices. Los m\u00e1s populares son:<\/p>\n<ul>\n<li>Vela en forma de martillo<\/li>\n<li>Vela Estrella Fugaz<\/li>\n<li>Vela tipo hombre colgante<\/li>\n<li>Vela L\u00ednea perforada<\/li>\n<li>Vela envolvente alcista \/ bajista<\/li>\n<li>Vela Nube oscura<\/li>\n<li>Vela de hilado<\/li>\n<li>Vela de los tres cuervos negros<\/li>\n<li>Vela estrella de la ma\u00f1ana<\/li>\n<\/ul>\n<p>Por supuesto que existen muchos m\u00e1s patrones. Pero m\u00e1s adelante te brindaremos una rese\u00f1a especialmente de patrones de velas. Ahora, echemos un vistazo de estas velas.<\/p>\n<h3>Martillo<\/h3>\n<img decoding=\"async\" loading=\"lazy\" width=\"1554\" height=\"749\" class=\"aligncenter size-full wp-image-85393\" src=\"http:\/\/forextradingbonus.com\/wp-content\/img\/2019\/03\/9.png\" alt=\"velas japonesas patr\u00f3n martillo\" \/>\n<p>El patr\u00f3n vela japonesa martillo, tiene una estela larga y por debajo, que suele ser el doble que el cuerpo. Es un patr\u00f3n de vela alcista y por lo tanto inversi\u00f3n alcista. Suele aparecer en las partes inferiores de las tendencias bajistas. El cuerpo puede ser alcista o bajista, pero se considera m\u00e1s certero si es alcista.<\/p>\n<h3>La estrella Fugaz<\/h3>\n<img decoding=\"async\" loading=\"lazy\" width=\"1554\" height=\"749\" class=\"aligncenter size-full wp-image-85394\" src=\"http:\/\/forextradingbonus.com\/wp-content\/img\/2019\/03\/10.png\" alt=\"velas japonesas patr\u00f3n estrella fugaz\" \/>\n<p>El patr\u00f3n vela japonesa estrella fugaz aparece en las tendencias alcistas, lo que demuestra es un potencial retroceso. La estela es mucho m\u00e1s larga que el el cuerpo. El cuerpo puede ser alcista o bajista, pero se considera m\u00e1s certero si es bajista.<\/p>\n<h3>Hombre Colgante<\/h3>\n<img decoding=\"async\" loading=\"lazy\" width=\"1554\" height=\"749\" class=\"aligncenter size-full wp-image-85395\" src=\"http:\/\/forextradingbonus.com\/wp-content\/img\/2019\/03\/11.png\" alt=\"patr\u00f3n de vela japonesa hombre colgante\" \/>\n<p>El patr\u00f3n de vela japonesa hombre colgante es muy similar al martillo, pero se produce principalmente en las tendencias alcistas y puede actuar como una advertencia de un posible retroceso.<\/p>\n<h3>L\u00ednea perforada<\/h3>\n<img decoding=\"async\" loading=\"lazy\" width=\"1554\" height=\"749\" class=\"aligncenter size-full wp-image-85396\" src=\"http:\/\/forextradingbonus.com\/wp-content\/img\/2019\/03\/12.png\" alt=\"patr\u00f3n de velas japonesas piercing\" \/>\n<p>El patr\u00f3n de vela japonesa L\u00ednea perforada o &#8220;piercing&#8221; es un patr\u00f3n de vela alcista y por ende de inversi\u00f3n alcista. Es muy com\u00fan apreciarlo en el mercado de Forex. Este patr\u00f3n se produce cuando la segunda vela alcista se cierra por encima de la mitad de la primera vela bajista. El nivel bajo de la segunda vela es m\u00e1s bajo que el nivel bajo de la primera vela. En el mercado de Forex, el patr\u00f3n es valido inclusive si el m\u00ednimo de la segunda vela es igual al m\u00ednimo de la primera vela.<\/p>\n<h3>Velas japonesas envolvente alcista y bajista<\/h3>\n<p>Los patrones de velas japonesas envolventes alcistas y bajistas, son patrones de inversi\u00f3n. Las velas alcistas generalmente ocurren al final de una tendencia bajista, mientras que las velas bajistas se ven en la parte superior de una tendencia alcista. El patr\u00f3n envolvente alcista se caracteriza por dos velas. El primero est\u00e1 dentro del cuerpo de la segunda vela, que siempre es alcista. El patr\u00f3n envolvente bajista tambi\u00e9n se caracteriza por dos velas. El primero est\u00e1 dentro del cuerpo de la segunda vela, que siempre es bajista.<\/p>\n<p>Aqu\u00ed un ejemplo alcista:<\/p>\n<img decoding=\"async\" loading=\"lazy\" width=\"1554\" height=\"749\" class=\"aligncenter size-full wp-image-85397\" src=\"http:\/\/forextradingbonus.com\/wp-content\/img\/2019\/03\/13.png\" alt=\"velas japonesas envolvente alcista\" \/>\n<p>Aqu\u00ed un ejemplo bajista:<\/p>\n<img decoding=\"async\" loading=\"lazy\" width=\"1554\" height=\"749\" class=\"aligncenter size-full wp-image-85398\" src=\"http:\/\/forextradingbonus.com\/wp-content\/img\/2019\/03\/14.png\" alt=\"velas japonesas envolvente bajista\" \/>\n<h3>Nube oscura<\/h3>\n<img decoding=\"async\" loading=\"lazy\" width=\"1554\" height=\"749\" class=\"aligncenter size-full wp-image-85399\" src=\"http:\/\/forextradingbonus.com\/wp-content\/img\/2019\/03\/15.png\" alt=\"velas japonesas nube oscura\" \/>\n<p>El\u00a0patr\u00f3n de vela japonesa nube oscura es un patr\u00f3n de inversi\u00f3n bajista que se puede observar en las tendencias alcistas. Esta compuesta por dos velas. El primero es alcista, y el segundo es bajista. La nube oscura se forma cuando la segunda vela se abre por encima del m\u00e1ximo de la primera vela pero luego cae y se cierra por encima del precio de apertura de la primera vela.<\/p>\n<p>Este patr\u00f3n es el reverso de la l\u00ednea de piercing. Del mismo modo, en el mercado de Forex, Las velas Nubes oscuras es v\u00e1lido inclusive cuando la segunda vela se abre al m\u00e1ximo del primero. Lo importante, es que la segunda vela en este patr\u00f3n debe cerrarse en alg\u00fan lugar por debajo del 50% de la primera (cuerpo de la vela bajista)<\/p>\n<h2>Concepto Vela Maestro<\/h2>\n<img decoding=\"async\" loading=\"lazy\" width=\"1554\" height=\"749\" class=\"aligncenter size-full wp-image-85400\" src=\"http:\/\/forextradingbonus.com\/wp-content\/img\/2019\/03\/16.png\" alt=\"velas japonesas vela mestro\" \/>\n<p>El concepto vela maestro es conocido por la mayor\u00eda de los traders de acci\u00f3n de precios. La vela maestro se define por una vela de entre 30-150 pip que envuelve a las siguientes cuatro velas. El quiebre de este concepto se dar\u00e1 cuando la 5ta, 6ta, o 7ma vela rompa el rango de la vela maestro. Reci\u00e9n ah\u00ed ser\u00e1 considerado v\u00e1lido.<\/p>\n<img decoding=\"async\" loading=\"lazy\" width=\"960\" height=\"540\" class=\"aligncenter size-full wp-image-85402\" src=\"http:\/\/forextradingbonus.com\/wp-content\/img\/2019\/03\/17.png\" alt=\"velas japonesas candela maestro\" \/>\n<img decoding=\"async\" loading=\"lazy\" width=\"960\" height=\"545\" class=\"aligncenter size-full wp-image-85403\" src=\"http:\/\/forextradingbonus.com\/wp-content\/img\/2019\/03\/18.png\" alt=\"velas japonesas candela maestro\" \/>\n<p>Es una excelente formaci\u00f3n de patrones de velas que debes revisar regularmente.<\/p>\n<h3>Estrategias de trading con patrones de velas japonesas<\/h3>\n<p>Como su nombre indica, esta estrategia de trading de velas japonesas es adecuada para cualquier tipo de trader. Day trader, Swing, o Scalpers, que desean obtener ganancias en periodos de corto plazo.<\/p>\n<p>Observemos un ejemplo:<\/p>\n<ul>\n<li>Indicadores EMA (Media M\u00f3vil Exponencial) 30, 60, 100 establecido al cierre<\/li>\n<li>Se\u00f1al de Entrada: Patr\u00f3n de vela<\/li>\n<li>Marco de tiempo: 4 hs<\/li>\n<\/ul>\n<p>Primero debemos configurar el indicador EMA para que corresponda con la direcci\u00f3n de la tendencia general. Tambi\u00e9n se necesita instalar tres EMA en la tabla. Como podr\u00e1s ver en el ejemplo del siguiente gr\u00e1fico, EMA 20 es azul, EMA 60 es rojo y EMA 100 es verde. Los tres indicadores EMA deben estar alineados para mostrar una tendencia. Cuando el EMA azul esta por debajo de los rojos y verdes, la tendencia es bajista. Cuando el EMA azul esta por encima de los rojos y verdes, la tendencia es alista.<\/p>\n<h3>Tendencia bajista<\/h3>\n<img decoding=\"async\" loading=\"lazy\" width=\"1510\" height=\"672\" class=\"aligncenter size-full wp-image-85405\" src=\"http:\/\/forextradingbonus.com\/wp-content\/img\/2019\/03\/19.png\" alt=\"velas japonesas tendencia baijsta\" \/>\n<h3>Tendencia alcista<\/h3>\n<img decoding=\"async\" loading=\"lazy\" width=\"1510\" height=\"672\" class=\"aligncenter size-full wp-image-85406\" src=\"http:\/\/forextradingbonus.com\/wp-content\/img\/2019\/03\/20.png\" alt=\"velas japonesas tendencia alcista\" \/>\n<p>&nbsp;<\/p>\n<p>Debes tener en cuenta que los indicadores EMA deben alinearse correctamente para mostrar la tendencia. Si los EMA est\u00e1n interrelacionados, significa que no tenemos una tendencia definida. Las entradas se realizan cuando el precio hace retrocesos hacia los EMA. Cuando observamos un retroceso, lo siguiente que ocurre es la aparici\u00f3n de una vela alcista o bajista, dependiendo la direcci\u00f3n de la tendencia. Las entradas se realizar\u00e1n en cualquiera de las velas que mencionamos antes. Por ejemplo:<\/p>\n<ul>\n<li>Martillo<\/li>\n<li>Estrella fugaz<\/li>\n<li>Hombre colgante<\/li>\n<li>Piercing Line o L\u00ednea perforada<\/li>\n<li>Envolvente alcista \/ bajista<\/li>\n<li>Nube Oscura<\/li>\n<\/ul>\n<p>El stop-loss se colocar\u00e1 10 pips por encima de la vela de entrada. El objetivo se fijar\u00e1 con el indicador Admiral seteado en una fracci\u00f3n de tiempo semanal.<\/p>\n<h3>Ejemplo de un trade bajista<\/h3>\n<img decoding=\"async\" loading=\"lazy\" width=\"1554\" height=\"749\" class=\"aligncenter size-full wp-image-85407\" src=\"http:\/\/forextradingbonus.com\/wp-content\/img\/2019\/03\/bajista.jpg\" alt=\"velas japonesas trade bajista\" \/>\n<h3>Ejemplo de un trade alcista<\/h3>\n<img decoding=\"async\" loading=\"lazy\" width=\"1510\" height=\"672\" class=\"aligncenter size-full wp-image-85411\" src=\"http:\/\/forextradingbonus.com\/wp-content\/img\/2019\/03\/alcista.png\" alt=\"velas japonesas trade alcista\" \/>\n<p>Consejo: Siempre es mejor esperar que un retroceso toque al menos la EMA azul antes de una entrada. El trading con velas japonesas puede ser muy rentable si se implementa la gesti\u00f3n de riesgos en tus estrategias y logras administrar efectivamente los riesgos. Procura siempre practicar con una cuenta demo antes de pasar a operaciones en vivo. Al hacerlo de esta forma, podr\u00e1s permitirte cometer errores\u00a0 y aprender en un entorno sin riesgos, antes de implementar tus estrategias en un mercado en vivo.<\/p>\n","protected":false},"excerpt":{"rendered":"Las velas japonesas proporcionan distintas se\u00f1ales visuales que a simple vista facilitan la comprensi\u00f3n sobre la acci\u00f3n","protected":false},"author":19,"featured_media":85412,"parent":0,"menu_order":0,"comment_status":"closed","ping_status":"closed","template":"","meta":{"_mi_skip_tracking":false},"acf":[],"yoast_head":"<!-- This site is optimized with the Yoast SEO plugin v20.4 - https:\/\/yoast.com\/wordpress\/plugins\/seo\/ -->\n<title>Todo lo que necesitas saber sobre el trading con velas japonesas<\/title>\n<meta name=\"description\" content=\"Gu\u00eda sobre todo lo que tienes que tener en cuenta sobre las velas japonesas. Conformaci\u00f3n de una vela, patrones m\u00e1s populares y gr\u00e1ficos explicativos.\" \/>\n<meta name=\"robots\" content=\"index, follow, max-snippet:-1, max-image-preview:large, max-video-preview:-1\" \/>\n<link rel=\"canonical\" href=\"https:\/\/forextradingbonus.com\/es\/velas-japonesas\/\" \/>\n<meta property=\"og:locale\" content=\"es_ES\" \/>\n<meta property=\"og:type\" content=\"article\" \/>\n<meta property=\"og:title\" content=\"Todo lo que necesitas saber sobre el trading con velas japonesas\" \/>\n<meta property=\"og:description\" content=\"Gu\u00eda sobre todo lo que tienes que tener en cuenta sobre las velas japonesas. Conformaci\u00f3n de una vela, patrones m\u00e1s populares y gr\u00e1ficos explicativos.\" \/>\n<meta property=\"og:url\" content=\"https:\/\/forextradingbonus.com\/es\/velas-japonesas\/\" \/>\n<meta property=\"og:site_name\" content=\"Forex Trading Bonus\" \/>\n<meta property=\"og:image\" content=\"https:\/\/forextradingbonus.com\/wp-content\/img\/2019\/03\/velas-japonesas.jpg\" \/>\n\t<meta property=\"og:image:width\" content=\"1400\" \/>\n\t<meta property=\"og:image:height\" content=\"900\" \/>\n\t<meta property=\"og:image:type\" content=\"image\/jpeg\" \/>\n<meta name=\"twitter:card\" content=\"summary_large_image\" \/>\n<meta name=\"twitter:label1\" content=\"Tiempo de lectura\" \/>\n\t<meta name=\"twitter:data1\" content=\"12 minutos\" \/>\n<!-- \/ Yoast SEO plugin. -->","yoast_head_json":{"title":"Todo lo que necesitas saber sobre el trading con velas japonesas","description":"Gu\u00eda sobre todo lo que tienes que tener en cuenta sobre las velas japonesas. Conformaci\u00f3n de una vela, patrones m\u00e1s populares y gr\u00e1ficos explicativos.","robots":{"index":"index","follow":"follow","max-snippet":"max-snippet:-1","max-image-preview":"max-image-preview:large","max-video-preview":"max-video-preview:-1"},"canonical":"https:\/\/forextradingbonus.com\/es\/velas-japonesas\/","og_locale":"es_ES","og_type":"article","og_title":"Todo lo que necesitas saber sobre el trading con velas japonesas","og_description":"Gu\u00eda sobre todo lo que tienes que tener en cuenta sobre las velas japonesas. Conformaci\u00f3n de una vela, patrones m\u00e1s populares y gr\u00e1ficos explicativos.","og_url":"https:\/\/forextradingbonus.com\/es\/velas-japonesas\/","og_site_name":"Forex Trading Bonus","og_image":[{"width":1400,"height":900,"url":"https:\/\/forextradingbonus.com\/wp-content\/img\/2019\/03\/velas-japonesas.jpg","type":"image\/jpeg"}],"twitter_card":"summary_large_image","twitter_misc":{"Tiempo de lectura":"12 minutos"},"schema":{"@context":"https:\/\/schema.org","@graph":[{"@type":"WebPage","@id":"https:\/\/forextradingbonus.com\/es\/velas-japonesas\/","url":"https:\/\/forextradingbonus.com\/es\/velas-japonesas\/","name":"Todo lo que necesitas saber sobre el trading con velas japonesas","isPartOf":{"@id":"https:\/\/forextradingbonus.com\/#website"},"datePublished":"2019-03-31T15:04:21+00:00","dateModified":"2019-03-31T15:04:21+00:00","description":"Gu\u00eda sobre todo lo que tienes que tener en cuenta sobre las velas japonesas. Conformaci\u00f3n de una vela, patrones m\u00e1s populares y gr\u00e1ficos explicativos.","breadcrumb":{"@id":"https:\/\/forextradingbonus.com\/es\/velas-japonesas\/#breadcrumb"},"inLanguage":"es","potentialAction":[{"@type":"ReadAction","target":["https:\/\/forextradingbonus.com\/es\/velas-japonesas\/"]}]},{"@type":"BreadcrumbList","@id":"https:\/\/forextradingbonus.com\/es\/velas-japonesas\/#breadcrumb","itemListElement":[{"@type":"ListItem","position":1,"name":"Home","item":"https:\/\/forextradingbonus.com\/es\/"},{"@type":"ListItem","position":2,"name":"Todo lo que necesitas saber sobre el trading con velas japonesas"}]},{"@type":"WebSite","@id":"https:\/\/forextradingbonus.com\/#website","url":"https:\/\/forextradingbonus.com\/","name":"Forex Trading Bonus","description":"Best Forex Trading Bonus Reviews. Deposit &amp; No Deposit FX Bonuses and Tips","potentialAction":[{"@type":"SearchAction","target":{"@type":"EntryPoint","urlTemplate":"https:\/\/forextradingbonus.com\/?s={search_term_string}"},"query-input":"required name=search_term_string"}],"inLanguage":"es"}]}},"_links":{"self":[{"href":"https:\/\/forextradingbonus.com\/es\/wp-json\/wp\/v2\/pages\/85376"}],"collection":[{"href":"https:\/\/forextradingbonus.com\/es\/wp-json\/wp\/v2\/pages"}],"about":[{"href":"https:\/\/forextradingbonus.com\/es\/wp-json\/wp\/v2\/types\/page"}],"author":[{"embeddable":true,"href":"https:\/\/forextradingbonus.com\/es\/wp-json\/wp\/v2\/users\/19"}],"replies":[{"embeddable":true,"href":"https:\/\/forextradingbonus.com\/es\/wp-json\/wp\/v2\/comments?post=85376"}],"version-history":[{"count":2,"href":"https:\/\/forextradingbonus.com\/es\/wp-json\/wp\/v2\/pages\/85376\/revisions"}],"predecessor-version":[{"id":85624,"href":"https:\/\/forextradingbonus.com\/es\/wp-json\/wp\/v2\/pages\/85376\/revisions\/85624"}],"wp:featuredmedia":[{"embeddable":true,"href":"https:\/\/forextradingbonus.com\/es\/wp-json\/wp\/v2\/media\/85412"}],"wp:attachment":[{"href":"https:\/\/forextradingbonus.com\/es\/wp-json\/wp\/v2\/media?parent=85376"}],"curies":[{"name":"wp","href":"https:\/\/api.w.org\/{rel}","templated":true}]}}