{"id":85414,"date":"2019-03-31T14:53:27","date_gmt":"2019-03-31T14:53:27","guid":{"rendered":"http:\/\/forextradingbonus.com\/?page_id=85414"},"modified":"2019-03-31T14:53:27","modified_gmt":"2019-03-31T14:53:27","slug":"herramientas-de-forex-trading","status":"publish","type":"page","link":"https:\/\/forextradingbonus.com\/es\/herramientas-de-forex-trading\/","title":{"rendered":"Vitales herramientas de Forex trading que todo trader de Forex necesita"},"content":{"rendered":"<p>La vida de un trader de Forex est\u00e1 lleno de eventos impredecibles. Nunca sabr\u00e1s cuando los grandes bancos realizar\u00e1n una acci\u00f3n que mover\u00e1 el mercado. Por lo tanto, surge la necesidad de contar con un conjunto de herramientas de trading para el mercado de Forex.<\/p>\n<p>En principio, no te limites a pensar que las herramientas de trading de FX son solo t\u00e9cnicas. Piensa en la suma de todos los elementos que ayudan a un trader de Forex.<\/p>\n<p>Por ejemplo, tener un diario de trading de Forex. Podr\u00e1 sonar clich\u00e9, pero realmente ayuda y mucho.<\/p>\n<p>Un trader de Forex termina conoci\u00e9ndose a s\u00ed mismo. Esto es solo un ejemplo de todas las correctas herramientas de trading que son ignoradas en la actualidad por muchos traders.<\/p>\n<p>Debido a que es un tema bastante amplio, no inclinaremos en estos temas en este art\u00edculo: Plataformas de Forex: \u00bfCu\u00e1les son las mejores?, Herramientas de trading de Forex que ya vienen con la configuraci\u00f3n predeterminada. El mejor software para el trading de Forex. Ventajas y desventajas. \/ Gr\u00e1ficos de Forex: Tipos de gr\u00e1ficos y que hacer con ellos. \/ La importancia de mantener registros de Forex : Paper Trading como un diario de trading de FX \/ Entendiendo las estrategias de las velas de Forex y sus ventajas contra los patrones de an\u00e1lisis t\u00e9cnico clasico. \/ \u00bfPor qu\u00e9 estar al d\u00eda en los blogs de Forex es una de las condiciones obligatorias para un trading con \u00e9xito? \/ Record utilizando una cuenta demo en Forex<\/p>\n<p>Por lo tanto, este art\u00edculo tratar\u00e1 de las herramientas de Forex trading que ayudan a los traders a tener \u00e9xito, y c\u00f3mo aprovecharlas al m\u00e1ximo.<\/p>\n<p>Lo curioso es que muchos traders pasan por alto algunas de las herramientas anteriormente mencionadas y hasta se r\u00eden cuando se habla de operar en una cuenta demo.<\/p>\n<p>\u00bfPero por qu\u00e9 alguien necesita de una cuenta demo?<\/p>\n<p>Bueno, pues as\u00ed es como comienza la p\u00e9rdida de la primera cuenta de trading. \u00bftenemos tu atenci\u00f3n ahora?<\/p>\n<h2>Las plataformas de Forex es una de las herramientas de trading m\u00e1s importantes de Forex<\/h2>\n<img decoding=\"async\" loading=\"lazy\" width=\"1400\" height=\"900\" class=\"aligncenter size-full wp-image-85435\" src=\"http:\/\/forextradingbonus.com\/wp-content\/img\/2019\/03\/stencil-1-1.jpg\" alt=\"herramientas de Forex Trading\" \/>\n<p>Una de las primeras cosas que debes hacer antes de comenzar a operar con un broker es conocer su plataforma de operaci\u00f3n. Es igual de importante tanto como para los traders experimentados como tambi\u00e9n para los traders reci\u00e9n llegados.<\/p>\n<p>Al decidirse por un broker como intermediario, la plataforma de Forex es fundamental. Por ejemplo, la mayor\u00eda de los brokers hacia traders minoristas ofrecen la plataforma MetaTrader4.<\/p>\n<p>O la versi\u00f3n nueva de la misma MetaTrader5 o MT5. A pesar de ser similares en muchos casos, existen en ellas algunas restricciones esenciales.<\/p>\n<p>Por ejemplo, la plataforma MT5 proh\u00edbe la estrategia de hedging o de &#8220;cobertura&#8221;. Como estrategia, la cobertura es una parte importante de la gesti\u00f3n del dinero.<\/p>\n<p>Ayuda a un trader de Forex a poder sobrellevar tiempos dif\u00edciles. Como tambi\u00e9n, para hacer frente a los mercados que se ponen en contra tuya.<\/p>\n<p>La cobertura tambi\u00e9n funciona cuando se opera con una estrategia de operaciones de Forex con m\u00faltiples marcos de tiempo. Una dura cinco minutos, corta cada hora y as\u00ed sucesivamente.<\/p>\n<p>Sin embargo en algunas partes del mundo la regulaci\u00f3n es muy dura. Por ejemplo, en los Estados Unidos, la cobertura en la misma cuenta de trading es imposible.<\/p>\n<p>Adem\u00e1s, los traders deben utilizar una regla denominada FIFO (First In First On En ingl\u00e9s) y el MT5 lo tiene incorporado pero por el contrario el MT4 no.<\/p>\n<p>El trader de Forex que utiliza las plataformas MT4 o MT5 evitar\u00e1 el trading con otros brokers. El MT4 permite importar los perfiles, an\u00e1lisis, etc. Adem\u00e1s, los traders ya conocen todas las herramientas de operaciones de trading que este ofrece.<\/p>\n<p>Sin embargo, algunos brokers prefieren invertir en una plataforma totalmente integrada. Esto trae algunas ventajas y desventajas:<\/p>\n<ul>\n<li>F\u00e1cil retenci\u00f3n de clientes<\/li>\n<li>Implementaci\u00f3n de indicadores personalizados mucho m\u00e1s sencilla<\/li>\n<li>Software de trading de Forex a medida<\/li>\n<li>Condiciones \u00fanicas de mercado<\/li>\n<\/ul>\n<p>El lado negativo de esto es que construir una plataforma personalizada cuesta mucho dinero.<\/p>\n<p>Por lo tanto, los brokers sacrifican la rentabilidad para los traders a corto plazo sobre la inversi\u00f3n a largo plazo. Y cuando el dinero no es un problema, puede ser una de las mejores soluciones para un trader de Forex.<\/p>\n<h2>Herramientas T\u00e9cnicas y Fundamentales del Forex Trading<\/h2>\n<p>El trading llega luego del final de un proceso de an\u00e1lisis t\u00e9cnico fundamental. Cuando ambos se alinean en una misma direcci\u00f3n, el trader por lo general termina acertando.<\/p>\n<p>El an\u00e1lisis fundamental finaliza con la raz\u00f3n y por lo tanto el mercado comienza a moverse. Y el an\u00e1lisis t\u00e9cnico con la direcci\u00f3n.<\/p>\n<p>Al combinarse ambos, el trader de Forex se acerca a los componentes de precio y tiempo haciendo un trading perfecto.<\/p>\n<h3>Herramientas t\u00e9cnicas de Forex Trading<\/h3>\n<p>Cualquier cosa que puedas imaginar con respecto al punto de vista T\u00e9cnico encaja en esta categor\u00eda. Las siguientes forman parte de cualquier plataforma para Forex:<\/p>\n<ul>\n<li>L\u00edneas de Tendencia<\/li>\n<li>Marcos de Tiempo<\/li>\n<li>Tipos de Gr\u00e1ficos<\/li>\n<li>Indicadores de Tendencia<\/li>\n<li>Osciladores<\/li>\n<li>Herramientas Fibonacci (Retroceso, Expansi\u00f3n, Fans, Zonas Horarias, Arcos)<\/li>\n<li>Herramientas Gann (L\u00edneas, Fan, Cuadr\u00edculas, Horquillas de Andrew)<\/li>\n<\/ul>\n<p>Cualquier an\u00e1lisis t\u00e9cnico necesita instrumentos de trading de Forex para ayudar a realizar un pronostico. M\u00e1s precisamente, para ayudar a analizar el precio hist\u00f3rico. Y por lo tanto, para pronosticar un futuro.<\/p>\n<h3>Herramientas Fundamentales de Forex Trading<\/h3>\n<p>Cuando uno est\u00e1 un poco confuso, el Forex trader necesitar\u00e1 el acceso a herramientas fundamentales del Forex trading. Por ejemplo, \u00bfQu\u00e9 hay del calendario?<\/p>\n<h4>\u00bfPor qu\u00e9 mantener el ojo en un calendario econ\u00f3mico?<\/h4>\n<p>Es un medio de trading de FX espectacular, esto mantiene una disciplina para el trading. \u00a1As\u00ed es!<\/p>\n<p>Por ejemplo, que vas a querer operar agresivamente el Euro desde el Lunes, pero debes tener en cuenta que el Banco Central de Europa no mover\u00e1 el mercado hasta que su conferencia de inicio comience.<\/p>\n<p>Por lo tanto, el calendario evita el comercio excesivo. Tambi\u00e9n mantiene informado al trader sobre las posibles noticias que afecten a los mercados.<\/p>\n<p>Pero a veces, los traders de Forex pueden observar que el mercado aparenta moverse sin raz\u00f3n alguna. \u00bfQu\u00e9 hacer ante esta situaci\u00f3n?\u00bfNecesitas tener dedos m\u00e1s r\u00e1pidos? o \u00bfRealmente algo extraordinario est\u00e1 sucediendo?<\/p>\n<h3>Chequea Twitter<\/h3>\n<p>Creas o no, existe una gran comunidad financiera en Twitter. La comunidad conocida como FinTwitt lo sabe casi todo.<\/p>\n<p>Por eso, todo el mundo env\u00eda mensajes a twitter cu\u00e1ndo algo est\u00e1 sucediendo en cualquier parte del mundo. Twitter es una soluci\u00f3n que est\u00e1 a mano para el Trader de Forex, para poder entender mejor que es lo que est\u00e1 sucediendo.<\/p>\n<h2>Los software para el trading de Forex ayudan enormemente al trader<\/h2>\n<p>En el siglo XXI, el trading se enfoca primero en la velocidad y segundo en el capital.<\/p>\n<p>Algunas compa\u00f1\u00edas de vastos recursos por un numero constante de traders de Forex minoristas. Incluso, muchos traders minoristas llegan al mundo de Forex diariamente y esto sigue aumentando. Sin embargo, muchos lo abandonan r\u00e1pidamente.<\/p>\n<p>Las estad\u00edsticas no ayudan. La mayor\u00eda de los trader minoristas pierden su primer dep\u00f3sito por falta de experiencia ,confianza, capital y otras razones. As\u00ed que simplemente terminan rindi\u00e9ndose.<\/p>\n<p>Los que buscan darle otra oportunidad al mercado buscan ayuda. Hay muchas empresas que ofrecen un software de trading de Forex.<\/p>\n<p>Algunas de forma gratuita. Algunas otras, por dinero. Si vale el dinero invertido en ellos, esa ya es otra historia. Lo que realmente importa es que a muchos traders les resulta mucho m\u00e1s c\u00f3modo utilizar un software para el trading de Forex de una empresa mucho m\u00e1s confiable.<\/p>\n<p>Debido a que muchas veces el software ya viene incluida una estrategia de Trading de Forex, un trader seguramente invertir\u00e1 su dinero en esa estrategia al menos una vez en su carrera de trading.<\/p>\n<p>Marcas como Ninja Trader, eSignal, ProfitSource, MetaStock, pueden hacer crecer a los traders de la noche a la ma\u00f1ana. Sin embargo debes conocer muy bien las desventajas de utilizar dicho software.<\/p>\n<p>Por ejemplo, estos brokers ofrecen poco o nada gratis. Y si ofrecen algo gratis, es relativamente lo m\u00e1s b\u00e1sico. Podr\u00e1s observar anuncios como:<\/p>\n<p>\u00bfQuieres acceder a m\u00e1s mercados? Puedes hacerlo con una suscripci\u00f3n<\/p>\n<p>\u00bfNecesitas m\u00e1s datos? \u00bfQu\u00e9 tal una suscripci\u00f3n?<\/p>\n<p>Adem\u00e1s, siempre ser\u00e1 inminente la creaci\u00f3n de un nuevo software en desarrollo. Haciendo que los traders no terminen de sumergirse de lleno en \u00e9l. Resultando esto, muy rentable para la compa\u00f1\u00eda del software.<\/p>\n<p>La ventaja de estos, es que los traders utilizan m\u00e9todos ya probados. Y al respetar las reglas, detectan r\u00e1pidamente los mejores trades. Eso s\u00ed, si el mercado no presenta cambios repentinos mientras tanto.<\/p>\n<h2>La importancia de operar primero en una cuenta demo<\/h2>\n<p>\u00a1Nunca subestimes la importancia de operar una cuenta demo! Todo trader minorista de Forex sabes este detalle. Sin embargo, pocos siguen este simple consejo, pero muy pr\u00e1ctico.<\/p>\n<p>\u00bfC\u00f3mo puedes acostumbrarte al mercado de divisas si no lo pruebas primero? y este es un consejo v\u00e1lido tanto como para principiantes y traders experimentados.<\/p>\n<p>Para los traders reci\u00e9n llegados, operar con una cuenta demo ayudar\u00e1 a conocer las herramientas de Forex trading disponibles. Adem\u00e1s de familiarizarse con la oferta del broker de Forex que est\u00e1 utilizando.<\/p>\n<p>Hoy en d\u00eda no solo se trata de operaciones en el mercado de divisas y pares de divisas. Los brokers extendieron sus servicios a m\u00e1s mercados.<\/p>\n<p>Gracias a los CFDs (contratos por diferencia), los traders tienen acceso a mercados como los metales preciosos como son el oro, la plata, tambi\u00e9n el petr\u00f3leo, acciones e \u00edndices individuales e incluso bonos. Lo que es m\u00e1s importante a\u00fan, todo bajo un mismo techo.<\/p>\n<p>Con una cuenta demo, un trader de Forex minorista aprende todo sobre los productos ofrecidos:<\/p>\n<ul>\n<li>Spreads<\/li>\n<li>Comisiones<\/li>\n<li>Margen necesario<\/li>\n<li>Tama\u00f1o m\u00ednimo de operaci\u00f3n<\/li>\n<\/ul>\n<p>Una vez que se tiene toda esta informaci\u00f3n, los traders facilitar\u00e1n la transici\u00f3n a una cuenta real.<\/p>\n<p>El inconveniente principal de utilizar una cuenta demo es que no puede apreciar el entorno o ambiente que hay en una cuenta en vivo. M\u00e1s precisamente, las emociones involucradas.<\/p>\n<p>No existe una herramienta de trading de FX para poder manejar las emociones. Excepto, la gesti\u00f3n de dinero si es correctamente aplicada.<\/p>\n<p>Aun as\u00ed, en una cuenta demo siempre existe la sensaci\u00f3n de que todo lo que sucede en el mercado es falso. Una p\u00e9rdida, no es realmente una p\u00e9rdida, mientras que una operaci\u00f3n ganadora tampoco brinda ninguna sensaci\u00f3n de emoci\u00f3n. Por lo tanto, algunos traders la evitan.<\/p>\n<p>Mientras todo esto es realmente cierto, para el proceso de aprendizaje sigue siendo v\u00e1lido. La mejor forma de usar todas las herramientas de Trading de Forex disponibles es comenzar a operar en una cuenta demo.<\/p>\n<h2>Back-Test Manual Una estrategia de trading de Forex<\/h2>\n<p>A veces, un trader de Forex debe realizar las cosas por su cuenta. Hoy en d\u00eda las computadoras hacen casi todo.<\/p>\n<p>Sin embargo, algunas cosas deben permanecer como est\u00e1n. Por ejemplo, probar una estrategia de compraventa de divisas. \u00bfPero por qu\u00e9?<\/p>\n<p>Una de las herramientas de trading de Forex m\u00e1s utilizadas en la actualidad es el trading automatizado. Una estad\u00edstica se\u00f1ala que casi el 80% de las operaciones se llevan a cabo de esta forma.<\/p>\n<p>Todas las plataformas de trading ofrecen la posibilidad de automatizar una estrategia. Todo lo que necesita un trader de Forex es tener una idea. A continuaci\u00f3n mostraremos una estrategia.<\/p>\n<p>Naturalmente, se sigue un sistema de gesti\u00f3n de dinero. Con s\u00f3lidos ratio de riesgo-recompensa.<\/p>\n<p>Por \u00faltimo, la plataforma de trading prueba la estrategia autom\u00e1ticamente. Se lleva adelante en s\u00f3lo cuesti\u00f3n de minutos.<\/p>\n<p>Para un trader de Forex, los resultados lo son todo. Sin embargo el peligro es que no tendr\u00e1n la informaci\u00f3n relevante.<\/p>\n<p>Cuando se vuelve a probar una estrategia autom\u00e1ticamente y se intenta cambiarla manualmente, generalmente ocurren problemas de ejecuci\u00f3n. Para que lo tengas en cuenta, el trading humano no puede coincidir con los robots.<\/p>\n<p>Adem\u00e1s, repasar manualmente las entradas de un per\u00edodo del pasado te ofrecer\u00e1 soluciones a problemas imprevistos. Debido a que el mercado cambia todo el tiempo, los traders mejoran su estrategia continuamente. \u00bfQu\u00e9 mejor forma de hacerlo es revisar manualmente las estradas \/ salidas y tomar nota de cada una para desarrollar una nueva estrategia?<\/p>\n<h2>La importancia de las anotaciones de Trading &#8211; \u00bfC\u00f3mo puede ayudar al Forex trading?<\/h2>\n<p>Las anotaciones para el trading son lo mejor. Una de las estrategias m\u00e1s subestimadas. Pero este sistema genera confianza.<\/p>\n<p>A veces, la confianza es todo lo que necesita un trader de Forex. El trading con anotaciones es como mantener una revista de Forex para posiciones ficticias.<\/p>\n<p>As\u00ed construyen y prueban los traders el sistema de administraci\u00f3n de dinero y como se adapta mejor a la estrategia. Por ejemplo, muchos traders arriesgan un porcentaje especifico para un tipo de mercado determinado.<\/p>\n<p>Es est\u00e1ndar es el un por ciento de cada mercado. Con ese riesgo, incluso una catarata de operaciones perdedoras como por ejemplo setenta operaciones seguidas, no quebrar\u00e1n la cuenta de trading.<\/p>\n<p>De hecho, solo disminuir\u00e1 a la mitad. Pero sin embargo, para los traders experimentados resultar\u00e1 dif\u00edcil llegar a este rendimiento.<\/p>\n<p>Por lo tanto, pueden querer llegar a aumentar ese riesgo. \u00bfPero c\u00f3mo saber qu\u00e9 porcentaje funciona mejor si no intentamos ni probamos distintos tipos de escenarios primero?<\/p>\n<p>Los blogs de Forex tambi\u00e9n ayudan bastante. A veces, muchas estrategias de trading parecen tan simple que todo el mundo cree que ganar\u00e1 dinero con ella.<\/p>\n<p>La realidad es que el trader de Forex debe saber que los buenos resultados no son nada f\u00e1ciles. Y probablemente la raz\u00f3n por la que no funcione una estrategia ser\u00e1 f\u00e1cil de encontrar.<\/p>\n<p>El mejor ejemplo se da en el uso de los indicadores que repintan. Que se vuelvan a repintar significa que los niveles anteriores cambiar\u00e1n seg\u00fan los futuros.<\/p>\n<p>Un indicador que repinta es el Zig-Zag, por ejemplo. Un error terrible es usarlo colocando el stop-loss en los m\u00e1ximos y m\u00ednimos con la idea de que esos fondos o stops est\u00e9n en su lugar. Porque vuelve a cambiar los niveles todo el tiempo. En otras palabras, muestra condiciones temporales. Cuando el mercado cambia, los resultados tambi\u00e9n cambian.<\/p>\n<h2>El marco de Tiempo mensual es el Rey &#8211; Utilizar grandes marcos de tiempo es una buena herramienta de Forex Trading<\/h2>\n<p>Por \u00faltimo, pero no menos importante, los grandes marcos de tiempo filtran mucho ruido. Generalmente, durante el d\u00eda, los grandes bancos dicen una cosa, los pol\u00edticos dicen otra y los movimientos de mercado se detienen en marcos de tiempo m\u00e1s bajos.<\/p>\n<p>Sin embargo, mantener un enfoque en plazos m\u00e1s grandes mantiene la disciplina del trader de Forex. El tiempo mensual es el rey, como dicen algunos.<\/p>\n<p>Las velas de Forex en los marcos temporales m\u00e1s grandes refuerzan a\u00fan m\u00e1s la opini\u00f3n. Lo que parece una cat\u00e1strofe en un marco de tiempo corto, parece s\u00f3lo un retroceso en un marco de tiempo mensual.<\/p>\n<p>Los patrones de las velas japonesas son efectivas herramientas de Forex Trading, que se pueden utilizar en plazos m\u00e1s importantes. Ten en cuenta, un patr\u00f3n martillo, por ejemplo.<\/p>\n<p>Para un patr\u00f3n de inversi\u00f3n, solo se necesita una vela para invertir en los precios. Sin embargo, la mayor\u00eda de las veces los comerciantes de las tendencias bajistas no renunciar\u00e1n a la batalla tan f\u00e1cilmente.<\/p>\n<p>Como tal, cuando se termine la vela en el mes, el pr\u00f3ximo mes el mercado intentar\u00e1 romper el m\u00ednimo del martillo. Es habitual que el precio en la vela que le sigue al martillo retroceda entre un cincuenta por ciento y el 61.8% de la longitud total del martillo.<\/p>\n<p>Si la estrategia de compraventa de divisas proviene de un gran periodo de tiempo como este, el gr\u00e1fico en horas se ver\u00e1 desastroso. Sin embargo, es solo una oportunidad para comprar en un retroceso basado en los patrones de los tiempos mensuales.<\/p>\n<p>Los traders aman los patrones de velas japonesas. Especialmente en periodos grandes de tiempo.<\/p>\n<p>La raz\u00f3n de esto es que toman poco tiempo para formarse. Cuando se comparan con otros patrones como (hombro y cabeza, cu\u00f1as, tri\u00e1ngulos) los patrones de velas tomaron, una, dos o a veces tres velas. \u00a1As\u00ed es!<\/p>\n<p>Por lo tanto, las velas de Forex de esta categor\u00eda son fabulosas herramientas de Forex Trading que mantienen en la vereda correcta del mercado.<\/p>\n<h2>Conclusi\u00f3n<\/h2>\n<p>Cada trader de Forex tiene su propia forma de acercarse al mercado. Algunos con mucha m\u00e1s confianza luego de haber pasado largas horas detr\u00e1s de la pantalla y observar el mercado.<\/p>\n<p>Obtuvieron experiencia y como tales, conf\u00edan en su estrategia. Buscan optimizar sus herramientas de trading de Forex de tal forma que no dejan nada librado al azar.<\/p>\n<p>Otros traders novatos buscan generalmente rezarle a los santos del trading. Bueno, esto no existe, enti\u00e9ndelo.<\/p>\n<p>En cambio, una buena combinaci\u00f3n de herramientas de trading de Forex puede darte muy buenos resultados. Como las condiciones no son buenas para todos las herramientas difieren entre cada trader.<\/p>\n<p>Instrumentos de FX trading los hay de cualquier clase. Como t\u00e9cnicas y fundamentales, y algunas otras que hemos mencionado en este art\u00edculo.<\/p>\n<p>Sin embargo, no son todas. Existen muchas otras con varios par\u00e1metros mejorados.<\/p>\n<p>Hablemos del tiempo por ejemplo. En el trading, el tiempo significa disponibilidad para un trade. \u00bfSe puede optimizar esto? \u00a1claro que si!<\/p>\n<p>Pero el tiempo tambi\u00e9n es parte de algunas estrategias de trading. Por lo general, cuando se combinan con precio y tiempo, es resultado es mucho m\u00e1s relevante.<\/p>\n<p>Para un trader de Forex, todos los aspectos cubiertos en este art\u00edculo son realmente muy importantes. En alg\u00fan momento de la carrera de cualquier trader, desempa\u00f1ar\u00e1 un papel importante en la evoluci\u00f3n de un trader.<\/p>\n<p>Todo termina cuando el trader de Forex solo se ajusta a sus m\u00ednimas herramientas de Forex. All\u00ed entrar\u00e1 en conciencia y el comercio ser\u00e1 mucho m\u00e1s real.<\/p>\n","protected":false},"excerpt":{"rendered":"La vida de un trader de Forex est\u00e1 lleno de eventos impredecibles. Nunca sabr\u00e1s cuando los grandes bancos realizar","protected":false},"author":19,"featured_media":85436,"parent":0,"menu_order":0,"comment_status":"closed","ping_status":"closed","template":"","meta":{"_mi_skip_tracking":false},"acf":[],"yoast_head":"<!-- This site is optimized with the Yoast SEO plugin v20.4 - https:\/\/yoast.com\/wordpress\/plugins\/seo\/ -->\n<title>Vitales herramientas de trading de Forex que todo Trader necesita<\/title>\n<meta name=\"description\" content=\"Gu\u00eda que te facilita las herramientas de trading de Forex m\u00e1s importantes para poder ser un trader exitoso y no morir en el intento.\" \/>\n<meta name=\"robots\" content=\"index, follow, max-snippet:-1, max-image-preview:large, max-video-preview:-1\" \/>\n<link rel=\"canonical\" href=\"https:\/\/forextradingbonus.com\/es\/herramientas-de-forex-trading\/\" \/>\n<meta property=\"og:locale\" content=\"es_ES\" \/>\n<meta property=\"og:type\" content=\"article\" \/>\n<meta property=\"og:title\" content=\"Vitales herramientas de trading de Forex que todo Trader necesita\" \/>\n<meta property=\"og:description\" content=\"Gu\u00eda que te facilita las herramientas de trading de Forex m\u00e1s importantes para poder ser un trader exitoso y no morir en el intento.\" \/>\n<meta property=\"og:url\" content=\"https:\/\/forextradingbonus.com\/es\/herramientas-de-forex-trading\/\" \/>\n<meta property=\"og:site_name\" content=\"Forex Trading Bonus\" \/>\n<meta property=\"og:image\" content=\"https:\/\/forextradingbonus.com\/wp-content\/img\/2019\/03\/tools.jpg\" \/>\n\t<meta property=\"og:image:width\" content=\"1400\" \/>\n\t<meta property=\"og:image:height\" content=\"900\" \/>\n\t<meta property=\"og:image:type\" content=\"image\/jpeg\" \/>\n<meta name=\"twitter:card\" content=\"summary_large_image\" \/>\n<meta name=\"twitter:label1\" content=\"Tiempo de lectura\" \/>\n\t<meta name=\"twitter:data1\" content=\"16 minutos\" \/>\n<!-- \/ Yoast SEO plugin. -->","yoast_head_json":{"title":"Vitales herramientas de trading de Forex que todo Trader necesita","description":"Gu\u00eda que te facilita las herramientas de trading de Forex m\u00e1s importantes para poder ser un trader exitoso y no morir en el intento.","robots":{"index":"index","follow":"follow","max-snippet":"max-snippet:-1","max-image-preview":"max-image-preview:large","max-video-preview":"max-video-preview:-1"},"canonical":"https:\/\/forextradingbonus.com\/es\/herramientas-de-forex-trading\/","og_locale":"es_ES","og_type":"article","og_title":"Vitales herramientas de trading de Forex que todo Trader necesita","og_description":"Gu\u00eda que te facilita las herramientas de trading de Forex m\u00e1s importantes para poder ser un trader exitoso y no morir en el intento.","og_url":"https:\/\/forextradingbonus.com\/es\/herramientas-de-forex-trading\/","og_site_name":"Forex Trading Bonus","og_image":[{"width":1400,"height":900,"url":"https:\/\/forextradingbonus.com\/wp-content\/img\/2019\/03\/tools.jpg","type":"image\/jpeg"}],"twitter_card":"summary_large_image","twitter_misc":{"Tiempo de lectura":"16 minutos"},"schema":{"@context":"https:\/\/schema.org","@graph":[{"@type":"WebPage","@id":"https:\/\/forextradingbonus.com\/es\/herramientas-de-forex-trading\/","url":"https:\/\/forextradingbonus.com\/es\/herramientas-de-forex-trading\/","name":"Vitales herramientas de trading de Forex que todo Trader necesita","isPartOf":{"@id":"https:\/\/forextradingbonus.com\/#website"},"datePublished":"2019-03-31T14:53:27+00:00","dateModified":"2019-03-31T14:53:27+00:00","description":"Gu\u00eda que te facilita las herramientas de trading de Forex m\u00e1s importantes para poder ser un trader exitoso y no morir en el intento.","breadcrumb":{"@id":"https:\/\/forextradingbonus.com\/es\/herramientas-de-forex-trading\/#breadcrumb"},"inLanguage":"es","potentialAction":[{"@type":"ReadAction","target":["https:\/\/forextradingbonus.com\/es\/herramientas-de-forex-trading\/"]}]},{"@type":"BreadcrumbList","@id":"https:\/\/forextradingbonus.com\/es\/herramientas-de-forex-trading\/#breadcrumb","itemListElement":[{"@type":"ListItem","position":1,"name":"Home","item":"https:\/\/forextradingbonus.com\/es\/"},{"@type":"ListItem","position":2,"name":"Vitales herramientas de Forex trading que todo trader de Forex necesita"}]},{"@type":"WebSite","@id":"https:\/\/forextradingbonus.com\/#website","url":"https:\/\/forextradingbonus.com\/","name":"Forex Trading Bonus","description":"Best Forex Trading Bonus Reviews. Deposit &amp; No Deposit FX Bonuses and Tips","potentialAction":[{"@type":"SearchAction","target":{"@type":"EntryPoint","urlTemplate":"https:\/\/forextradingbonus.com\/?s={search_term_string}"},"query-input":"required name=search_term_string"}],"inLanguage":"es"}]}},"_links":{"self":[{"href":"https:\/\/forextradingbonus.com\/es\/wp-json\/wp\/v2\/pages\/85414"}],"collection":[{"href":"https:\/\/forextradingbonus.com\/es\/wp-json\/wp\/v2\/pages"}],"about":[{"href":"https:\/\/forextradingbonus.com\/es\/wp-json\/wp\/v2\/types\/page"}],"author":[{"embeddable":true,"href":"https:\/\/forextradingbonus.com\/es\/wp-json\/wp\/v2\/users\/19"}],"replies":[{"embeddable":true,"href":"https:\/\/forextradingbonus.com\/es\/wp-json\/wp\/v2\/comments?post=85414"}],"version-history":[{"count":5,"href":"https:\/\/forextradingbonus.com\/es\/wp-json\/wp\/v2\/pages\/85414\/revisions"}],"predecessor-version":[{"id":85618,"href":"https:\/\/forextradingbonus.com\/es\/wp-json\/wp\/v2\/pages\/85414\/revisions\/85618"}],"wp:featuredmedia":[{"embeddable":true,"href":"https:\/\/forextradingbonus.com\/es\/wp-json\/wp\/v2\/media\/85436"}],"wp:attachment":[{"href":"https:\/\/forextradingbonus.com\/es\/wp-json\/wp\/v2\/media?parent=85414"}],"curies":[{"name":"wp","href":"https:\/\/api.w.org\/{rel}","templated":true}]}}