{"id":85439,"date":"2019-03-31T14:06:02","date_gmt":"2019-03-31T14:06:02","guid":{"rendered":"http:\/\/forextradingbonus.com\/?page_id=85439"},"modified":"2019-03-31T14:06:26","modified_gmt":"2019-03-31T14:06:26","slug":"metatrader-4-vs-metatrader-5","status":"publish","type":"page","link":"https:\/\/forextradingbonus.com\/es\/plataformas\/metatrader-4-vs-metatrader-5\/","title":{"rendered":"MetaTrader 4 VS MetaTrader 5"},"content":{"rendered":"<p>El Forex trading y CFDs no es lo mismo que hace diez a\u00f1os. Las plataformas de trading surgieron en los a\u00f1os 90. En ese entonces, pudimos ver a varios desarrolladores producir un software muy especial para el trading. Eran plataformas de trading, o mejor dicho se llamaban terminales de trading. Limpiaron el camino para la creciente popularidad del trading minorista y ofrecieron a muchas personas poder realizar el Forex Trading y CFDs. Y MetaTrader de MetaQuotes logr\u00f3 mejorar esta situaci\u00f3n.<\/p>\n<img decoding=\"async\" loading=\"lazy\" width=\"1440\" height=\"810\" class=\"aligncenter size-full wp-image-85440\" src=\"http:\/\/forextradingbonus.com\/wp-content\/img\/2019\/03\/1.jpeg\" alt=\"MetaTrader 4 vs MetaTrader 5\" \/>\n<p>En a\u00f1os de nuestra actualidad, las plataformas de trading comenzaron a ofrecer operaciones con criptomonedas. Bitcoin, Etherum y Ripple son algunos de los instrumentos m\u00e1s populares en el mundo de las criptomonedas en evoluci\u00f3n. MetaTrader4 (MT4) de MetaQuotes Software Corp ha sido muy popular durante m\u00e1s de diez a\u00f1os, inclusive puedes descargarla de forma gratuita. A\u00fan as\u00ed, debes saber que es la plataforma MT4 y para que puedes utilizarla.<\/p>\n<p>Las plataformas de trading son el espacio de trabajo de un trader. Ah\u00ed es donde pasar\u00e1s la mayor parte de tus d\u00edas de trading. Es vital conectar a un trader con el servidor de un broker para proporcionarle acceso a diferentes tipos de CFDs y mercados financieros. Al hacer esto, te proporcionan diferentes instrumentos financieros. Tu puedes operar con Forex, as\u00ed como tambi\u00e9n CFDs y Criptomonedas, \u00edndices, acciones, bonos y commodities (o productos b\u00e1sicos). Una de las caracter\u00edsticas principales de MT4 incluyen la movilidad, seguridad y multifuncionalidad.<\/p>\n<h2>MetaTrader 4<\/h2>\n<h3>Movilidad<\/h3>\n<p>MT4 es una plataforma m\u00f3vil, y nos referimos al trading desde computadores y tambi\u00e9n en tel\u00e9fonos m\u00f3viles, y tablets. MT4 est\u00e1 disponible para tres formatos diferentes: Escritorio, m\u00f3vil y navegador. Tanto m\u00f3vil (iOS, Android) como la plataforma MetaTrader Webtrader son altamente compatibles con las terminales de escritorio.<\/p>\n<p>Si abres una operaci\u00f3n desde tu computadora podr\u00e1s administrarlo f\u00e1cilmente desde tu tablet a trav\u00e9s de la versi\u00f3n m\u00f3vil para dispositivos Android \/ iOS. Todos los datos se podr\u00e1n visualizar perfectamente. El punto principal con el navegador y la plataforma m\u00f3vil es que eres independiente del lugar y el tiempo. Siempre podr\u00e1s verificar la cuenta u optar por cerrar una operaci\u00f3n en cualquier momento y desde cualquier dispositivo que est\u00e9 conectado a Internet.<\/p>\n<h3>Multifuncionalidad<\/h3>\n<p>MetaQuotes Software Corp ha implementado m\u00faltiples funciones para el trading con diferentes instrumentos de Forex y CFD. MT4 ofrece diferentes tecnolog\u00edas de trading y anal\u00edticas, como tambi\u00e9n servicios adicionales para traders profesionales. Tiene mucho que ofrecer para el Forex Trading y CFDs. Una de las fortalezas claves de MT4 es el trading algor\u00edtmico. El trading algor\u00edtmico es el trading con ayuda de sistemas de trading automatizados.<\/p>\n<p>Los Asesores Expertos (EA) operan con un algoritmo predeterminado. El IDE de MQL4 est\u00e1 integrado a la plataforma, permitiendo crear un asesor personal o robot de cualquier tipo de complejidad. La mayor\u00eda de los traders nuevos no est\u00e1n familiarizados con MQL4, pero a\u00fan puedes usar la tienda de aplicaciones integrada &#8220;MetaTrader Market&#8221; y la biblioteca gratuita &#8220;Code Base&#8221;. All\u00ed encontrar\u00e1s todo lo que necesitas para operar eficientemente: variedad de distintos indicadores t\u00e9cnicos, scripts y EA.<\/p>\n<h3>Seguridad<\/h3>\n<p>En MT4, el intercambio de informaci\u00f3n entre t\u00fa, la terminal y los servidores de la plataforma est\u00e1 cifrada con claves de 128 bits. La plataforma tambi\u00e9n admite un sistema de seguridad mejorado basado en RSA, algoritmo de cifrado asim\u00e9trico.<\/p>\n<h2>MetaTrader 5<\/h2>\n<p>Como probablemente intuyas, la industria esta mutando lentamente pero de forma constante hacia la plataforma MetaTrader 5 (MT5). MT5 es posiblemente el futuro del trading minorista. \u00a1Averig\u00fcemos que tiene de especial esta plataforma renovada!<\/p>\n<ul>\n<li>Cobertura permitida<\/li>\n<li>Ninguna regla FIFO<\/li>\n<li>Calendario Fundamental integrado<\/li>\n<li>Integraci\u00f3n de Comercio<\/li>\n<li>Gr\u00e1ficos y Marcos de tiempos mejorados<\/li>\n<li>Indicadores exclusivos de primera clase<\/li>\n<li>Capacidad de ordenes en mercados m\u00faltiples<\/li>\n<\/ul>\n<h2>Los beneficios de MT5<\/h2>\n<p>Uno de los mayores beneficios de la plataforma MT5 es que los traders no est\u00e1n restringidos a usar los recursos anal\u00edticos incorporados, como las tablas MT5, indicadores y gr\u00e1ficos. Gracias a MQL5, un lenguaje de programaci\u00f3n orientado a objetos de alto rendimiento, los traders pueden crear sus propios indicadores t\u00e9cnicos.<\/p>\n<p>La codificaci\u00f3n es mucho m\u00e1s simple que la de MQ4, de tal modo que los traders pueden incluso crear robots para trading o Asesores Expertos (EA). Los robots comerciales (EA) son capaces de realizar autom\u00e1ticamente distintas estrategias de trading basadas en una serie de diferentes entradas. De esta manera, los traders tienen la capacidad de acceder a an\u00e1lisis y pron\u00f3sticos del mercado mucho m\u00e1s precisos.<\/p>\n<p>A partir de la versi\u00f3n Beta Build 1281, MT5 permiti\u00f3 una cobertura que solo era posible con MT4. A diferencia del sistema de red est\u00e1ndar, la cobertura permite realizar m\u00faltiples operaciones, incluso en direcci\u00f3n opuesta del mismo s\u00edmbolo. Ahora, los traders pueden utilizar el nuevo sistema de red para intercambiar instrumentos de cambio y coberturas para el Forex trading, utilizando la plataforma institucional MetaTrader 5.<\/p>\n<p>MetaTrader 5 tambi\u00e9n ofrece capacidades mejoradas en la gesti\u00f3n de pedidos (por ejemplo: el cumplimiento de pedidos con m\u00faltiples ofertas, incluyendo las de relleno parcial). Si un trader tiene una posici\u00f3n abierta en un s\u00edmbolo y realiza una nueva transacci\u00f3n, se abrir\u00e1 una nueva posici\u00f3n. Esa es la idea central del sistema de cobertura de MetaTrader 5. El trader puede establecer los niveles de Stop-Loss y Take-profit, as\u00ed como ver el nivel de beneficio obtenido para cada posici\u00f3n.<\/p>\n<h3>Plataforma Multimercado<\/h3>\n<p>Debes tener en cuenta que MetaTrader 5 es una plataforma multimercado, lo que significa que puedes comerciar tanto con mercados centralizados como no centralizados.<\/p>\n<h3>Datos reales de Volumen<\/h3>\n<p>MT5 permite a los traders acceder a datos reales de volumen, y no s\u00f3lo datos del volumen de tick. Con volumen de tick nos referimos al numero de cambios de precios que se producen en el curso de las barras. Con Mt4, simplemente no reconoce el numero de volumen real (contratos o lotes) que se est\u00e1n negociando.<\/p>\n<h3>Descargar el historial de Ticks<\/h3>\n<p>En MT5, puedes descargar y consultar el historial de ticks de tu broker. En MT4, solo puedes guardar los datos de tick manualmente, lo que resulta a muchas limitaciones. Debes tener la plataforma encendida las 24 horas y a\u00fan as\u00ed nunca mantendr\u00e1s todos los ticks. En MT4, nunca se puede saber cual es el precio o el grupo m\u00e1s negociado en el rango elegido.<\/p>\n<p>Deber\u00e1s realizar una estimaci\u00f3n utilizando las barras M1, lo cual es un gran inconveniente en comparaci\u00f3n con el historial real de ticks del broker, especialmente si realizas un backtesting. \u00bfPor qu\u00e9 esto es importante? Debido a que existen muchos traders que utilizan herramientas como &#8220;perfil de mercado, Volumen de delta&#8221; y otras herramientas (es decir niveles de perfil \/POC reales \/VOC).<\/p>\n<h2>Numerosas herramientas en MT5<\/h2>\n<h3>Orden de escala simple de Trading<\/h3>\n<p>Estas herramienta permite una precisi\u00f3n sin precedentes en t\u00e9rminos de abrir y administrar posiciones r\u00e1pidamente. Los traders pueden abrir tanto pedidos pendientes del mercado utilizando una escala de pedidos. El riesgo y la recompensa de los pedidos se calcular\u00e1n sobre la marcha y son relativamente muy f\u00e1ciles de configurar.<\/p>\n<p>Por ejemplo, para abrir una orden de compra pendiente, puedes simplemente hacer click en la escala azul al precio solicitado, mover el mouse hacia arriba para obtener tus ganancias y hacia abajo para detener las p\u00e9rdidas, y para abrir una orden, simplemente debes mantener presionado la tecla &#8220;Shift&#8221; en el teclado y dirije el mouse hacia la escala.<\/p>\n<p>&nbsp;<\/p>\n<h3>Terminal Mini Expandida con M\u00faltiples caracter\u00edsticas<\/h3>\n<p>Puedes expandir la Terminal Mini en un panel de control con todas las funciones para toda la cuenta con solo hacer un click en el respectivo bot\u00f3n. De esta manera, deber\u00eda poder abrirse\u00a0 y administrar los pedidos con mayor facilidad as\u00ed como recibir informaci\u00f3n relevante sobre la divisa que se est\u00e9 operando.<\/p>\n<p>&nbsp;<\/p>\n<h2>Comparando MetaTrader 4 y MetaTrader 5<\/h2>\n<p>MT5 es m\u00e1s r\u00e1pido que MT4. No ralentiza tu plataforma. Es una plataforma de m\u00faltiples subprocesos de 64 bits, mientras que MT4 es una plataforma de subprocesos mono de 32 bits con 2 GB (o un l\u00edmite de memoria de 4 GB si utilizas un sistema operativo de 64 bits). MT5, al ser la \u00faltima versi\u00f3n del software, se ejecuta de manera excelente en sistemas operativos 64 bits, mientras que MT4 es ideal para un sistema operativo de 32 bits.<\/p>\n<p>Necesitar\u00e1s el archivo de ejecuci\u00f3n de configuraci\u00f3n para instalar el software. Es muy importante tener en cuenta que MT5 puede ejecutarse sin problemas con un sistema operativo de 32 bits tambi\u00e9n. Sin embargo cuando se trata de ejecutar MT4 con un sistema operativo de 64 bits, notar\u00e1s que no funciona tan r\u00e1pido como con uno de 32 bits. No siempre es as\u00ed, pero si usas MT4 con un servidor VPS con m\u00faltiples n\u00facleos de CPU, no funcionar\u00e1 de forma eficiente.<\/p>\n<p>MT4 y MT5 tienen distintos servidores. MT4 tiene un solo servidor dedicado que est\u00e1 restringido en su comunicaci\u00f3n con otros servidores. MT5, por otro lado, implementa trabajos en otros servidores y trabajan juntos, proporcionan sinergia y pueden lograr utilidad de hardware, debido a que los diferentes servidores se comunican y trabajan juntos. Lo que lleva a la optimizaci\u00f3n de los recursos.<\/p>\n<p>Hay cuatro servidores principales que utiliza MT5: el servidor de acceso, el servidor de trading, el servidor de historial y el servidor de respaldo. Esto contrasta con MT4, que utiliza solo un motor de servidor. En la plataforma MT4, los informes que puede extraer del software solo est\u00e1n disponibles en formato HTML. Con MT5, los informes est\u00e1n disponibles en los formatos de HTML y Open XML formato de hojas de c\u00e1lculo.<\/p>\n<h3>Caracter\u00edsticas especiales de MetaTrader para el Forex Trading<\/h3>\n<p>MetaTrader 4 sigue siendo sencillo y simple. Tiene alrededor de 30 indicadores incorporados y 33 objetos para an\u00e1lisis. Permite dos tipos de ordenes pendientes, dos modos de ejecuci\u00f3n , dos ordenes de detenci\u00f3n y una funci\u00f3n de detenci\u00f3n final. Todav\u00eda es f\u00e1cil navegar a trav\u00e9s de esta plataforma, y muchos traders se sienten muy a gusto por utilizarlo.<\/p>\n<p>MT5 tiene 38 indicadores incorporados. Ofrece una pesta\u00f1a de calendario econ\u00f3mico separada con caracter\u00edsticas como &#8220;evento de noticias&#8221;, &#8220;horario&#8221;,&#8221;impacto&#8221;, &#8220;previsi\u00f3n&#8221;, &#8220;anterior&#8221;y muchas m\u00e1s. Ofrece 6 tipos de \u00f3rdenes pendientes, acceso a DOM (profundidad del mercado) y datos a tiempo, as\u00ed como ventas de intercambio. El n\u00famero de objetos anal\u00edticos que ayudan a identificar las tendencias de los precios de los instrumentos financieros se limita a 31 en MT4, y en MT5 es de 44.<\/p>\n<p>Estos objetos pueden detectar ciclos y niveles de soporte \/ resistencia, construir canales y dem\u00e1s. Tambi\u00e9n se pueden detectar diferencias en los archivos de registro. En MT5, los archivos de registro se comprimen autom\u00e1ticamente, mientras que en MT4, esto no sucede. En MT5, puede recibir c\u00f3digos desde la &#8220;base de c\u00f3digos&#8221;, ya que las carpetas comprimidas est\u00e1n disponibles en la plataforma MT5, las cuales puedes almacenar en tu unidad local.<\/p>\n<p>MT5 permite pedidos parciales, por ejemplo si se cumple el volumen m\u00e1ximo de un trade y no se realiza la operaci\u00f3n, los traders pueden seleccionar &#8220;edici\u00f3n parcial&#8221; para permitir la cancelaci\u00f3n del volumen restante. La industria est\u00e1 avanzando y evolucionando hacia MT5. Seg\u00fan MetaQuotes se est\u00e1n enfocando de lleno en MT5.<\/p>\n<p>Los traders pueden obtener acceso a indicadores personalizados y una amplia gama de <a href=\"https:\/\/forextradingbonus.com\/es\/?page_id=85414&amp;preview=true\">herramientas de Forex trading<\/a> \u00fatiles en MetaTrader 4 y MetaTrader 5. Alternativamente, si los traders no desean descargar ninguna plataforma de trading, pueden operar desde MetaTrader Webtrader. Plataforma disponible directamente desde tu navegador<\/p>\n<h3>Plataformas Disponibles:<\/h3>\n<ul>\n<li><a href=\"https:\/\/www.metatrader4.com\/es\">MetaTrader 4 (MT4)<\/a><\/li>\n<li><a href=\"https:\/\/www.metatrader5.com\/es\">MetaTrader 5 (MT5)<\/a><\/li>\n<li>MetaTrader Webtrader<\/li>\n<\/ul>\n<p>&nbsp;<\/p>\n","protected":false},"excerpt":{"rendered":"El Forex trading y CFDs no es lo mismo que hace diez a\u00f1os. Las plataformas de trading surgieron en","protected":false},"author":19,"featured_media":85444,"parent":84707,"menu_order":0,"comment_status":"closed","ping_status":"closed","template":"","meta":{"_mi_skip_tracking":false},"acf":[],"yoast_head":"<!-- This site is optimized with the Yoast SEO plugin v20.4 - https:\/\/yoast.com\/wordpress\/plugins\/seo\/ -->\n<title>Comparaci\u00f3n de MetaTrader 4 y Metatrader 5, las diferencias entre s\u00ed<\/title>\n<meta name=\"description\" content=\"Gu\u00eda de comparaci\u00f3n entre MetaTrader 4 (MT4) y MetaTrader (MT5), \u00bfCu\u00e1les son sus diferencias? ventajas y desventajas, distintas herramientas.\" \/>\n<meta name=\"robots\" content=\"index, follow, max-snippet:-1, max-image-preview:large, max-video-preview:-1\" \/>\n<link rel=\"canonical\" href=\"https:\/\/forextradingbonus.com\/es\/plataformas\/metatrader-4-vs-metatrader-5\/\" \/>\n<meta property=\"og:locale\" content=\"es_ES\" \/>\n<meta property=\"og:type\" content=\"article\" \/>\n<meta property=\"og:title\" content=\"Comparaci\u00f3n de MetaTrader 4 y Metatrader 5, las diferencias entre s\u00ed\" \/>\n<meta property=\"og:description\" content=\"Gu\u00eda de comparaci\u00f3n entre MetaTrader 4 (MT4) y MetaTrader (MT5), \u00bfCu\u00e1les son sus diferencias? ventajas y desventajas, distintas herramientas.\" \/>\n<meta property=\"og:url\" content=\"https:\/\/forextradingbonus.com\/es\/plataformas\/metatrader-4-vs-metatrader-5\/\" \/>\n<meta property=\"og:site_name\" content=\"Forex Trading Bonus\" \/>\n<meta property=\"article:modified_time\" content=\"2019-03-31T14:06:26+00:00\" \/>\n<meta property=\"og:image\" content=\"https:\/\/forextradingbonus.com\/wp-content\/img\/2019\/03\/mt4-vs-mt5.jpg\" \/>\n\t<meta property=\"og:image:width\" content=\"1400\" \/>\n\t<meta property=\"og:image:height\" content=\"900\" \/>\n\t<meta property=\"og:image:type\" content=\"image\/jpeg\" \/>\n<meta name=\"twitter:card\" content=\"summary_large_image\" \/>\n<meta name=\"twitter:label1\" content=\"Tiempo de lectura\" \/>\n\t<meta name=\"twitter:data1\" content=\"10 minutos\" \/>\n<!-- \/ Yoast SEO plugin. -->","yoast_head_json":{"title":"Comparaci\u00f3n de MetaTrader 4 y Metatrader 5, las diferencias entre s\u00ed","description":"Gu\u00eda de comparaci\u00f3n entre MetaTrader 4 (MT4) y MetaTrader (MT5), \u00bfCu\u00e1les son sus diferencias? ventajas y desventajas, distintas herramientas.","robots":{"index":"index","follow":"follow","max-snippet":"max-snippet:-1","max-image-preview":"max-image-preview:large","max-video-preview":"max-video-preview:-1"},"canonical":"https:\/\/forextradingbonus.com\/es\/plataformas\/metatrader-4-vs-metatrader-5\/","og_locale":"es_ES","og_type":"article","og_title":"Comparaci\u00f3n de MetaTrader 4 y Metatrader 5, las diferencias entre s\u00ed","og_description":"Gu\u00eda de comparaci\u00f3n entre MetaTrader 4 (MT4) y MetaTrader (MT5), \u00bfCu\u00e1les son sus diferencias? ventajas y desventajas, distintas herramientas.","og_url":"https:\/\/forextradingbonus.com\/es\/plataformas\/metatrader-4-vs-metatrader-5\/","og_site_name":"Forex Trading Bonus","article_modified_time":"2019-03-31T14:06:26+00:00","og_image":[{"width":1400,"height":900,"url":"https:\/\/forextradingbonus.com\/wp-content\/img\/2019\/03\/mt4-vs-mt5.jpg","type":"image\/jpeg"}],"twitter_card":"summary_large_image","twitter_misc":{"Tiempo de lectura":"10 minutos"},"schema":{"@context":"https:\/\/schema.org","@graph":[{"@type":"WebPage","@id":"https:\/\/forextradingbonus.com\/es\/plataformas\/metatrader-4-vs-metatrader-5\/","url":"https:\/\/forextradingbonus.com\/es\/plataformas\/metatrader-4-vs-metatrader-5\/","name":"Comparaci\u00f3n de MetaTrader 4 y Metatrader 5, las diferencias entre s\u00ed","isPartOf":{"@id":"https:\/\/forextradingbonus.com\/#website"},"datePublished":"2019-03-31T14:06:02+00:00","dateModified":"2019-03-31T14:06:26+00:00","description":"Gu\u00eda de comparaci\u00f3n entre MetaTrader 4 (MT4) y MetaTrader (MT5), \u00bfCu\u00e1les son sus diferencias? ventajas y desventajas, distintas herramientas.","breadcrumb":{"@id":"https:\/\/forextradingbonus.com\/es\/plataformas\/metatrader-4-vs-metatrader-5\/#breadcrumb"},"inLanguage":"es","potentialAction":[{"@type":"ReadAction","target":["https:\/\/forextradingbonus.com\/es\/plataformas\/metatrader-4-vs-metatrader-5\/"]}]},{"@type":"BreadcrumbList","@id":"https:\/\/forextradingbonus.com\/es\/plataformas\/metatrader-4-vs-metatrader-5\/#breadcrumb","itemListElement":[{"@type":"ListItem","position":1,"name":"Home","item":"https:\/\/forextradingbonus.com\/es\/"},{"@type":"ListItem","position":2,"name":"Las mejores plataformas de Forex","item":"https:\/\/forextradingbonus.com\/es\/plataformas\/"},{"@type":"ListItem","position":3,"name":"MetaTrader 4 VS MetaTrader 5"}]},{"@type":"WebSite","@id":"https:\/\/forextradingbonus.com\/#website","url":"https:\/\/forextradingbonus.com\/","name":"Forex Trading Bonus","description":"Best Forex Trading Bonus Reviews. Deposit &amp; No Deposit FX Bonuses and Tips","potentialAction":[{"@type":"SearchAction","target":{"@type":"EntryPoint","urlTemplate":"https:\/\/forextradingbonus.com\/?s={search_term_string}"},"query-input":"required name=search_term_string"}],"inLanguage":"es"}]}},"_links":{"self":[{"href":"https:\/\/forextradingbonus.com\/es\/wp-json\/wp\/v2\/pages\/85439"}],"collection":[{"href":"https:\/\/forextradingbonus.com\/es\/wp-json\/wp\/v2\/pages"}],"about":[{"href":"https:\/\/forextradingbonus.com\/es\/wp-json\/wp\/v2\/types\/page"}],"author":[{"embeddable":true,"href":"https:\/\/forextradingbonus.com\/es\/wp-json\/wp\/v2\/users\/19"}],"replies":[{"embeddable":true,"href":"https:\/\/forextradingbonus.com\/es\/wp-json\/wp\/v2\/comments?post=85439"}],"version-history":[{"count":3,"href":"https:\/\/forextradingbonus.com\/es\/wp-json\/wp\/v2\/pages\/85439\/revisions"}],"predecessor-version":[{"id":85612,"href":"https:\/\/forextradingbonus.com\/es\/wp-json\/wp\/v2\/pages\/85439\/revisions\/85612"}],"up":[{"embeddable":true,"href":"https:\/\/forextradingbonus.com\/es\/wp-json\/wp\/v2\/pages\/84707"}],"wp:featuredmedia":[{"embeddable":true,"href":"https:\/\/forextradingbonus.com\/es\/wp-json\/wp\/v2\/media\/85444"}],"wp:attachment":[{"href":"https:\/\/forextradingbonus.com\/es\/wp-json\/wp\/v2\/media?parent=85439"}],"curies":[{"name":"wp","href":"https:\/\/api.w.org\/{rel}","templated":true}]}}