{"id":85449,"date":"2019-03-31T15:05:28","date_gmt":"2019-03-31T15:05:28","guid":{"rendered":"http:\/\/forextradingbonus.com\/?page_id=85449"},"modified":"2019-03-31T15:05:28","modified_gmt":"2019-03-31T15:05:28","slug":"indicador-centro-de-gravedad","status":"publish","type":"page","link":"https:\/\/forextradingbonus.com\/es\/indicador-centro-de-gravedad\/","title":{"rendered":"Operando con el indicador Centro de gravedad"},"content":{"rendered":"<p>Este art\u00edculo proporcionar\u00e1 a los traders una mayor comprensi\u00f3n del Indicador Centro de gravedad &#8220;COG&#8221; en sus siglas. Aprender\u00e1s que es el indicador COG, c\u00f3mo usarlo, c\u00f3mo descargar e implementar el indicador COG en MetaTrader 4 (MT4) y mucho m\u00e1s.<\/p>\n<h2>\u00bfQu\u00e9 es el indicador Centro de gravedad?<\/h2>\n<p>El indicador Centro de Gravedad, tambi\u00e9n conocido como indicador COG, es una herramienta gr\u00e1fica que ayuda a identificar los niveles de soportes y resistencias. La forma cl\u00e1sica del indicadores es como un oscilador, formado por un promedio m\u00f3vil ponderado. Es relativamente nuevo comparado con otros indicadores mucho m\u00e1s conocidos, pero su popularidad est\u00e1 aumentando cada vez m\u00e1s y se utiliza como un m\u00e9todo para tratar de obtener informaci\u00f3n sobre futuros cambios de precios.<\/p>\n<p>Como oscilador, ofrece dos beneficios muy importantes: un bajo retraso en respuesta al precio (su creador afirm\u00f3 que el retraso es de &#8220;cero&#8221;) y puntos de inflexi\u00f3n bastantes claros. Sin embargo, hay varias implementaciones del concepto ra\u00edz. A pesar de sus diferencias, todos estos tienen como objetivo lograr lo mismo: identificar d\u00f3nde se encuentran los limites externos de un rango de negociaci\u00f3n.<\/p>\n<h2>Una palabra sobre los indicadores L\u00edderes y de retraso<\/h2>\n<p>Los indicadores se pueden dividir en dos grandes categor\u00edas: los que lideran y los que de retraso. Los indicadores iniciales son predictivos e intentan proporcionar se\u00f1ales antes de un movimiento. Los indicadores de retraso se producen despu\u00e9s de un movimiento y generalmente se utilizan como una herramienta de confirmaci\u00f3n. Los indicadores de retraso son \u00fatiles para los mercados en tendencia. Por ejemplo, te permiten confirmar que una tendencia ha comenzado, y luego permite ir hasta la parte posterior de la misma. Por lo contrario, los indicadores l\u00edderes o de adelanto, se\u00f1alan un movimiento antes de que este ocurra.<\/p>\n<p>A menudo, los indicadores principales toman forma de osciladores, significando que su valor oscila hacia arriba o hacia abajo dentro de un rango limitado. Un ejemplo de un oscilador conocido es el \u00cdndice de Fuerza Relativa (RSI), el cual var\u00eda entre 0 y 100. Intenta, dentro de este rango de valores, indicar si un mercado est\u00e1 sobre comprado o sobre vendido. Como se se\u00f1al\u00f3 anteriormente en la introducci\u00f3n de este art\u00edculo, el indicador de gravedad se utiliza como oscilador.<\/p>\n<h2>Origenes del oscliador centro de gravedad<\/h2>\n<p>El t\u00e9cnico analista John Ehlers propuso por primera vez un sistema de trading de gravedad. Consideraba que los promedios m\u00f3viles ponderados del precio eran an\u00e1logos a la v\u00eda de coordinaci\u00f3n entre los objetos f\u00edsicos y las masas de distribuci\u00f3n, en t\u00e9rminos de como se define la gravedad. Describi\u00f3 el centro de gravedad para un periodo de tiempo dado como la suma del producto de una posici\u00f3n multiplicada por el precio, que luego es dividida por la suma de los precios. La posici\u00f3n es el conteo de barras hacia atr\u00e1s de la barra actual. En simples palabras, esta es la ecuaci\u00f3n de la f\u00f3rmula\u00a0 COG que se le ocurri\u00f3:<\/p>\n<ul>\n<li>COG = ON (xi + 1) Precio = ON precio<\/li>\n<\/ul>\n<p>Las implementaciones cl\u00e1sicas del centro de gravedad utilizan\u00a0 este c\u00e1lculo para producir un oscilador, y existen m\u00e1s de una versi\u00f3n disponibles en MT4.<\/p>\n<h2>Descargar indicador COG en MT4<\/h2>\n<img decoding=\"async\" loading=\"lazy\" width=\"1024\" height=\"512\" class=\"aligncenter size-full wp-image-85452\" src=\"http:\/\/forextradingbonus.com\/wp-content\/img\/2019\/03\/2-1.png\" alt=\"indicador de centro de gravedad\" \/>\n<p>El gr\u00e1fico anterior muestra una\u00a0versi\u00f3n convencional del indicador oscilador centro de gravedad COG descargado para MT4. Las lineas del centro de gravedad aparecen debajo del gr\u00e1fico, que se muestran como dos lineas azules y rojas muy similares. La se\u00f1al para tener en cuenta es cuando estas lineas se cruzan una con otra. La direcci\u00f3n del trade deber\u00e1 estar en direcci\u00f3n del cruce. El comportamiento de este oscilador se determina en ultima instancia seg\u00fan el periodo que se elija, y puede generar distintos resultados muy variables.<\/p>\n<p>Si descargas el indicador centro de gravedad, tendr\u00e1s una variedad de opciones, y las diferencias entre ellas pueden ser muy significativas. Algunos traders trazan un canal COG en el gr\u00e1fico real, mientras que otros trazan un oscilador debajo del gr\u00e1fico principal (como se muestra en el gr\u00e1fico anterior). Es un indicador que traza l\u00edneas claras de soporte y \/ o resistencia para ayudarte a tomar decisiones.<\/p>\n<h2>\u00bfCu\u00e1ndo utilizar el indicador centro de gravedad en una estrategia de Forex?<\/h2>\n<p>Como anunciamos anteriormente, el indicador COG es un indicador muy importante. Los indicadores de adelanto suelen ser \u00fatiles en mercados con limites de rango, y pueden usarse para identificar donde es probable que se encuentren los limites superior e inferior del rango. Esto ayuda al trading de acci\u00f3n de precios. El sistema de centro de gravedad no es adecuado para un mercado de tendencias, ya que realizar trades en estos puntos de inflexi\u00f3n en esas circunstancias puede ser muy riesgoso. Es importante identificar primero el mercado con limites de rango.<\/p>\n<p>Buscamos un mercado que fluct\u00fae hacia arriba o hacia abajo regularmente, pero sin un movimiento neto generalizado. Es posible que encuentre otro indicador, o una combinaci\u00f3n de otros indicadores que te ayuden a identificar un mercado que se mueve lateralmente.<\/p>\n<p>Es muy sabio decir que la utilidad de un indicador t\u00e9cnico se puede mejorar comparando los hallazgos con los de otros indicadores. El mejor indicador del mundo puede estar equivocado en muchas oportunidades. Por lo tanto, es una buena idea descubrir las se\u00f1ales falsas a tiempo cuantas veces puedas.<\/p>\n<h2>Indicador centro de gravedad para una estrategia de Forex: La palabra final<\/h2>\n<p>Como lo venimos repitiendo anteriormente, existen varios tipos de indicadores COG MT4 disponibles para descargar. Cualquiera que elijas, debes asegurarte de probarlo primero sin arriesgar dinero real. Ponlo a prueba en una cuenta de demostraci\u00f3n sin riesgos para experimentar diferentes indicadores y estrategias de Forex trading. Al hacerlo, podr\u00e1s que indicador centro de gravedad es el ideal para tus estrategias de Forex trading. Esperamos que esta gu\u00eda sobre el indicador centro de gravedad y te haya sido de gran ayuda para que tus operaciones sean totalmente rentables.<\/p>\n","protected":false},"excerpt":{"rendered":"Este art\u00edculo proporcionar\u00e1 a los traders una mayor comprensi\u00f3n del Indicador Centro de gravedad &#8220;COG&#8221; en","protected":false},"author":19,"featured_media":85454,"parent":0,"menu_order":0,"comment_status":"closed","ping_status":"closed","template":"","meta":{"_mi_skip_tracking":false},"acf":[],"yoast_head":"<!-- This site is optimized with the Yoast SEO plugin v20.4 - https:\/\/yoast.com\/wordpress\/plugins\/seo\/ -->\n<title>Operando con el indicador Centro de gravedad (COG)<\/title>\n<meta name=\"description\" content=\"Gu\u00eda para la aplicaci\u00f3n del indicador Centro de Gravedad (COG) para la implementaci\u00f3n de una estrategia de Forex Trading. \u00bfCu\u00e1ndo utilizarlo y C\u00f3mo?\" \/>\n<meta name=\"robots\" content=\"index, follow, max-snippet:-1, max-image-preview:large, max-video-preview:-1\" \/>\n<link rel=\"canonical\" href=\"https:\/\/forextradingbonus.com\/es\/indicador-centro-de-gravedad\/\" \/>\n<meta property=\"og:locale\" content=\"es_ES\" \/>\n<meta property=\"og:type\" content=\"article\" \/>\n<meta property=\"og:title\" content=\"Operando con el indicador Centro de gravedad (COG)\" \/>\n<meta property=\"og:description\" content=\"Gu\u00eda para la aplicaci\u00f3n del indicador Centro de Gravedad (COG) para la implementaci\u00f3n de una estrategia de Forex Trading. \u00bfCu\u00e1ndo utilizarlo y C\u00f3mo?\" \/>\n<meta property=\"og:url\" content=\"https:\/\/forextradingbonus.com\/es\/indicador-centro-de-gravedad\/\" \/>\n<meta property=\"og:site_name\" content=\"Forex Trading Bonus\" \/>\n<meta property=\"og:image\" content=\"https:\/\/forextradingbonus.com\/wp-content\/img\/2019\/03\/indicador-COG.jpg\" \/>\n\t<meta property=\"og:image:width\" content=\"1400\" \/>\n\t<meta property=\"og:image:height\" content=\"900\" \/>\n\t<meta property=\"og:image:type\" content=\"image\/jpeg\" \/>\n<meta name=\"twitter:card\" content=\"summary_large_image\" \/>\n<meta name=\"twitter:label1\" content=\"Tiempo de lectura\" \/>\n\t<meta name=\"twitter:data1\" content=\"5 minutos\" \/>\n<!-- \/ Yoast SEO plugin. -->","yoast_head_json":{"title":"Operando con el indicador Centro de gravedad (COG)","description":"Gu\u00eda para la aplicaci\u00f3n del indicador Centro de Gravedad (COG) para la implementaci\u00f3n de una estrategia de Forex Trading. \u00bfCu\u00e1ndo utilizarlo y C\u00f3mo?","robots":{"index":"index","follow":"follow","max-snippet":"max-snippet:-1","max-image-preview":"max-image-preview:large","max-video-preview":"max-video-preview:-1"},"canonical":"https:\/\/forextradingbonus.com\/es\/indicador-centro-de-gravedad\/","og_locale":"es_ES","og_type":"article","og_title":"Operando con el indicador Centro de gravedad (COG)","og_description":"Gu\u00eda para la aplicaci\u00f3n del indicador Centro de Gravedad (COG) para la implementaci\u00f3n de una estrategia de Forex Trading. \u00bfCu\u00e1ndo utilizarlo y C\u00f3mo?","og_url":"https:\/\/forextradingbonus.com\/es\/indicador-centro-de-gravedad\/","og_site_name":"Forex Trading Bonus","og_image":[{"width":1400,"height":900,"url":"https:\/\/forextradingbonus.com\/wp-content\/img\/2019\/03\/indicador-COG.jpg","type":"image\/jpeg"}],"twitter_card":"summary_large_image","twitter_misc":{"Tiempo de lectura":"5 minutos"},"schema":{"@context":"https:\/\/schema.org","@graph":[{"@type":"WebPage","@id":"https:\/\/forextradingbonus.com\/es\/indicador-centro-de-gravedad\/","url":"https:\/\/forextradingbonus.com\/es\/indicador-centro-de-gravedad\/","name":"Operando con el indicador Centro de gravedad (COG)","isPartOf":{"@id":"https:\/\/forextradingbonus.com\/#website"},"datePublished":"2019-03-31T15:05:28+00:00","dateModified":"2019-03-31T15:05:28+00:00","description":"Gu\u00eda para la aplicaci\u00f3n del indicador Centro de Gravedad (COG) para la implementaci\u00f3n de una estrategia de Forex Trading. \u00bfCu\u00e1ndo utilizarlo y C\u00f3mo?","breadcrumb":{"@id":"https:\/\/forextradingbonus.com\/es\/indicador-centro-de-gravedad\/#breadcrumb"},"inLanguage":"es","potentialAction":[{"@type":"ReadAction","target":["https:\/\/forextradingbonus.com\/es\/indicador-centro-de-gravedad\/"]}]},{"@type":"BreadcrumbList","@id":"https:\/\/forextradingbonus.com\/es\/indicador-centro-de-gravedad\/#breadcrumb","itemListElement":[{"@type":"ListItem","position":1,"name":"Home","item":"https:\/\/forextradingbonus.com\/es\/"},{"@type":"ListItem","position":2,"name":"Operando con el indicador Centro de gravedad"}]},{"@type":"WebSite","@id":"https:\/\/forextradingbonus.com\/#website","url":"https:\/\/forextradingbonus.com\/","name":"Forex Trading Bonus","description":"Best Forex Trading Bonus Reviews. Deposit &amp; No Deposit FX Bonuses and Tips","potentialAction":[{"@type":"SearchAction","target":{"@type":"EntryPoint","urlTemplate":"https:\/\/forextradingbonus.com\/?s={search_term_string}"},"query-input":"required name=search_term_string"}],"inLanguage":"es"}]}},"_links":{"self":[{"href":"https:\/\/forextradingbonus.com\/es\/wp-json\/wp\/v2\/pages\/85449"}],"collection":[{"href":"https:\/\/forextradingbonus.com\/es\/wp-json\/wp\/v2\/pages"}],"about":[{"href":"https:\/\/forextradingbonus.com\/es\/wp-json\/wp\/v2\/types\/page"}],"author":[{"embeddable":true,"href":"https:\/\/forextradingbonus.com\/es\/wp-json\/wp\/v2\/users\/19"}],"replies":[{"embeddable":true,"href":"https:\/\/forextradingbonus.com\/es\/wp-json\/wp\/v2\/comments?post=85449"}],"version-history":[{"count":3,"href":"https:\/\/forextradingbonus.com\/es\/wp-json\/wp\/v2\/pages\/85449\/revisions"}],"predecessor-version":[{"id":85628,"href":"https:\/\/forextradingbonus.com\/es\/wp-json\/wp\/v2\/pages\/85449\/revisions\/85628"}],"wp:featuredmedia":[{"embeddable":true,"href":"https:\/\/forextradingbonus.com\/es\/wp-json\/wp\/v2\/media\/85454"}],"wp:attachment":[{"href":"https:\/\/forextradingbonus.com\/es\/wp-json\/wp\/v2\/media?parent=85449"}],"curies":[{"name":"wp","href":"https:\/\/api.w.org\/{rel}","templated":true}]}}