{"id":85456,"date":"2019-03-31T15:15:34","date_gmt":"2019-03-31T15:15:34","guid":{"rendered":"http:\/\/forextradingbonus.com\/?page_id=85456"},"modified":"2019-03-31T15:15:34","modified_gmt":"2019-03-31T15:15:34","slug":"scalping-velas-heikin-ashi","status":"publish","type":"page","link":"https:\/\/forextradingbonus.com\/es\/scalping-velas-heikin-ashi\/","title":{"rendered":"\u00bfC\u00f3mo hacer Forex Scalping con velas Heikin Ashi?"},"content":{"rendered":"<p>Otro concepto japon\u00e9s, las velas Heikin Ashi proporcionan una excelente configuraci\u00f3n tanto en el swing trading como para el scalping en Forex.<\/p>\n<p>Cuando el mundo del an\u00e1lisis t\u00e9cnico occidental se encontr\u00f3 con el enfoque japones, los traders se sorprendieron al descubrir la simplicidad y el poder de las velas japonesas.<\/p>\n<p>Los traders japoneses utilizaron patrones de velas para pronosticar los futuros del arroz en la d\u00e9cada de 1700, mucho antes de que naciera el concepto del mercado de valores en los Estados Unidos.<\/p>\n<p>Los traders de Forex minoristas de la actualidad utilizan mucho m\u00e1s los conceptos t\u00e9cnicos provenientes del enfoque japones. Los m\u00e1s relevantes son:<\/p>\n<ul>\n<li>Indicador Ichimoku Kynko Hyo<\/li>\n<li>Estrellas de la ma\u00f1ana y de la tarde<\/li>\n<li>Velas Doji<\/li>\n<li>Gr\u00e1ficas de Velas<\/li>\n<li>Envolventes bajistas y alcistas<\/li>\n<li>Nubes oscuras y Penetrantes<\/li>\n<li>Martillos y Estrellas fugases<\/li>\n<\/ul>\n<p>Para adherir a estos conceptos, las velas Heikin Ashi completan el enfoque japones para el an\u00e1lisis t\u00e9cnico. Son \u00fatiles tanto para el swing trading como para el scalping Trading de Forex. Son una alternativa a los cl\u00e1sicos gr\u00e1ficos que ofrecen generalmente los brokers.<\/p>\n<p>En este art\u00edculo, cubriremos las velas Heikin Ashi como un indicador de Scalping de Forex. Precisamente nos enfocaremos en:<\/p>\n<ul>\n<li>\u00bfQu\u00e9 es la reventa en Forex?<\/li>\n<li>\u00bfC\u00f3mo hacer Scalping en Forex?<\/li>\n<li>\u00bfC\u00f3mo construir un gr\u00e1fico de Velas Heikin Ashi?<\/li>\n<li>La mejor estrategia de Forex utilizando velas Heikin Ashi<\/li>\n<li>La diferencia entre Forex Scalping y otros estilos de Trading<\/li>\n<li>\u00bfC\u00f3mo leer las velas Heikin?<\/li>\n<li>Comprender las tendencias de Forex con velas en periodos de corto plazo<\/li>\n<\/ul>\n<p>Pero por sobre todo, este articulo apunta a proporcionar\u00a0 una mayor comprensi\u00f3n de las velas Heikin Ashi como el Scalping de Forex. Las estrategias de Scalping de Forex que se plasmar\u00e1n aqu\u00ed combinan los dos conceptos para brindar poderosas configuraciones de trading.<\/p>\n<p>Al final, podr\u00e1s descubrir que las velas Heikin Ashi vienen a completar el enfoque japon\u00e9s del an\u00e1lisis t\u00e9cnico.<\/p>\n<h2>Comprendiendo las velas Heikin Ashi<\/h2>\n<p>La traducci\u00f3n de Heikin en japon\u00e9s significa &#8220;promedio&#8221; y Ashi es &#8220;ritmo&#8221;. Por lo tanto un gr\u00e1fico de Heikin Ashi nos muestra el &#8220;Ritmo Promedio&#8221;. Obviamente el promedio del ritmo de los precios. La principal contribuci\u00f3n japonesa al an\u00e1lisis t\u00e9cnico con las velas japonesas. Hasta el an\u00e1lisis t\u00e9cnico occidental utiliza el gr\u00e1fico de velas japonesas.<\/p>\n<p>La diferencia entre los dos proviene de la visibilidad. Las velas denotan un cuerpo real y las sombras o estelas. Heikin se presenta como un indicador integrado en la plataforma MT4. Sin embargo, este no aparece en la pesta\u00f1a de indicadores regulares. La plataforma MT4 lo ofrece como un indicador personalizado. De hecho, es un indicador que construye velas \u00fanicas de Forex.<\/p>\n<img decoding=\"async\" loading=\"lazy\" width=\"1400\" height=\"900\" class=\"aligncenter size-full wp-image-85463\" src=\"http:\/\/forextradingbonus.com\/wp-content\/img\/2019\/03\/heikin-ashi.jpg\" alt=\"Heikin Ashi\" \/>\n<p>Una vez aplicado en un gr\u00e1fico, lo transformar\u00e1 radicalmente. Por lo tanto, antes de utilizar cualquier estrategia de trading de Forex con las velas Heikin Ashi, debemos entender como generar el gr\u00e1fico<\/p>\n<h2>Construyendo un gr\u00e1fico de velas Heikin Ashi<\/h2>\n<p>Una comprensi\u00f3n de un gr\u00e1fico de velas Heikin Ashi comienza comparando pares de divisas y el gr\u00e1fico. La comparaci\u00f3n debe ser entre el mismo par de divisas y el gr\u00e1fico.<\/p>\n<img decoding=\"async\" loading=\"lazy\" width=\"1350\" height=\"584\" class=\"aligncenter size-full wp-image-85465\" src=\"http:\/\/forextradingbonus.com\/wp-content\/img\/2019\/03\/2-2.png\" alt=\"Gr\u00e1fico Heikin Ashi\" \/>\n<p>Este es un gr\u00e1fico de EUR \/ USD. Muestra velas con cuerpos verdes y rojos, y varias sombras o estelas superiores e inferiores.<\/p>\n<p>En un gr\u00e1fico de velas, esto juega un papel muy importante:<\/p>\n<ul>\n<li>Precio de apertura<\/li>\n<li>Precio de Cierre<\/li>\n<li>Alto<\/li>\n<li>Bajo<\/li>\n<\/ul>\n<p>Con esta informaci\u00f3n, los traders construyen un gr\u00e1fico de velas Heikin Ashi. El gr\u00e1fico de EUR \/ USD se transforma de la siguiente manera:<\/p>\n<img decoding=\"async\" loading=\"lazy\" width=\"1350\" height=\"584\" class=\"aligncenter size-full wp-image-85466\" src=\"http:\/\/forextradingbonus.com\/wp-content\/img\/2019\/03\/3-2.png\" alt=\"Gr\u00e1fica Heikin Ashi\" \/>\n<p>Los dos gr\u00e1ficos entre si no difieren de mucho. Sin embargo existen diferencias entre ellos. Adem\u00e1s los colores tienen continuidad. En este caso utilizamos el color azul para alcistas y el rojo para bajistas. Esta es la configuraci\u00f3n de color para evitar cualquier elemento no deseado en las gr\u00e1ficas de velas originales.<\/p>\n<img decoding=\"async\" loading=\"lazy\" width=\"1342\" height=\"663\" class=\"aligncenter size-full wp-image-85468\" src=\"http:\/\/forextradingbonus.com\/wp-content\/img\/2019\/03\/4-1.png\" alt=\"Velas Heikin Ashi\" \/>\n<p>Para facilitar la visibilidad del Indicador Heikin Ashi, todas las barras de configuraci\u00f3n de MT4 tienen color blanco activado. Adem\u00e1s, el fondo es de color blanco, denotando las velas Heikin en su m\u00e1ximo esplendor.<\/p>\n<h2>C\u00e1lculos de las velas Heikin Ashi<\/h2>\n<p>Obviamente existe una formula detr\u00e1s de los ritmo del precio promedio que se muestran en dicho gr\u00e1fico. Y realmente es muy interesante. Este enfoque japon\u00e9s para representar los gr\u00e1ficos utiliza elementos claves de un gr\u00e1fico de velas tal como describimos anteriormente. Aqu\u00ed est\u00e1n de nuevo:<\/p>\n<ul>\n<li>Precio de apertura<\/li>\n<li>Precio de Cierre<\/li>\n<li>Alto<\/li>\n<li>Bajo<\/li>\n<\/ul>\n<p>El calculo de una vela Heikin Ashi necesita informaci\u00f3n de las velas actuales y pasadas. Adem\u00e1s, necesita informaci\u00f3n tanto de los gr\u00e1ficos de velas japonesas como de las velas Heikin Ashi anteriores.<\/p>\n<h3>C\u00e1lculo de cierre de Heikin Ashi<\/h3>\n<p>El primer paso es calcular el Heikin Ashi m\u00e1s cerca. Realizar un promedio de los cuatro precios del per\u00edodo actual. Precisamente, agr\u00e9galos a todos (abrir, cerrar, alto y bajo)<\/p>\n<h3>C\u00e1lculo de apertura de Heikin Ashi<\/h3>\n<p>Para la apertura necesitamos otro promedio. Solo que esta vez, considera estos dos elementos: apertura y cierre. De esta manera, todo el gr\u00e1fico comienza a tener sentido, ya que cada vela depende de la anterior.<\/p>\n<h3>C\u00e1lculo de Heikin Ashi alto<\/h3>\n<p>Es un valor interesante para descubrir. M\u00e1s exactamente, el Heikin Ashi alto es el m\u00e1ximo valor de los tres puntos. Es decir, el indicador compara entre lo siguiente y elige el valor m\u00e1s alto de todos:<\/p>\n<ul>\n<li>La vela m\u00e1s alta actual<\/li>\n<li>Apertura de Heikin Ashi\u00a0 para la vela actual<\/li>\n<li>Cierre Heikin Ashi por la vela actual<\/li>\n<\/ul>\n<h3>C\u00e1lculo de Heikin Ashi bajo<\/h3>\n<p>Por su parte, el Heikin bajo es el m\u00ednimo entre:<\/p>\n<ul>\n<li>\u00a0La vela m\u00e1s baja actual<\/li>\n<li>Apertura de Heikin para la vela actual<\/li>\n<li>Cierre de Heikin para la vela actual<\/li>\n<\/ul>\n<p>En estos momentos la gr\u00e1fica de velas Heikin Ashi comienzan a tener sentido. Los traders encuentran un gran valor en el uso de este indicador para Forex, ya que el m\u00e9todo utilizado es \u00fanico en este mercado.<\/p>\n<h2>Forex Scalping con velas Heikin Ashi<\/h2>\n<p>El principal efecto de un indicador Heikin Ashi en un gr\u00e1fico es que lo hace uniforme. Por esta raz\u00f3n las velas Heikin Ashi funcionan muy bien para el trading a corto plazo, o para el Forex Scalping. El Forex Scalping es el camino preferido para los traders minoristas. dejando a un lado del trading de alta frecuencia (HTF), el Forex Scalping se realiza principalmente por traders minoristas.<\/p>\n<p>Los scalpers compran o venden los pares de divisas muchas veces al d\u00eda. Normalmente, los scalpers no mantienen posiciones abiertas durante la noche. Por lo tanto, no deben preocuparse por los posibles cambios negativos que cobra un par de divisa por mantener abierta una operaci\u00f3n por m\u00e1s de un d\u00eda.<\/p>\n<p>En comparaci\u00f3n con los swings traders, los scalpers son traders orientados al corto plazo. Una operaci\u00f3n puede tardar unos segundos o unos minutos y raras veces duran horas.<\/p>\n<p>Por el contrario, los swing traders mantienen sus posiciones abiertas por periodos m\u00e1s prolongados. Puede suceder que un trade permanezca abierto durante unas horas y tambi\u00e9n durante algunas semanas.<\/p>\n<p>El ultimo estilo de trading es la inversi\u00f3n de largo plazo, cuya caracter\u00edstica pertenece los traders fundamentales. Interpretan los datos econ\u00f3micos a largo plazo y apuestan a los cambios que se llevar\u00e1n a cabo en un nivel macro. Para los inversores el tiempo no es un problema.<\/p>\n<p>A continuaci\u00f3n mostraremos las fracciones de tiempo m\u00e1s utilizadas por los Scalping traders:<\/p>\n<ul>\n<li>Un minuto<\/li>\n<li>Cinco minutos<\/li>\n<li>Quince minutos<\/li>\n<li>Treinta minutos<\/li>\n<li>Cada una hora<\/li>\n<\/ul>\n<p>Ten en cuenta que el gr\u00e1fico por hora esta all\u00ed solo para mostrar el plazo m\u00e1ximo para este estilo de trading. De lo contrario los scalpers rara vez lo utilizan. En su lugar, se enfocan mucho m\u00e1s en los periodos de tiempo m\u00e1s bajos.<\/p>\n<h2>Forex Scalping con velas Heikin Ashi<\/h2>\n<p>Las estrategias que presentaremos aqu\u00ed pertenecen al Scalping de Forex y funcionan en todos los marcos de tiempo anteriormente mencionados.<\/p>\n<p>Una de las maneras m\u00e1s simples de usar las velas Heikin Ashi es aprovechar a uniformidad del gr\u00e1fico. M\u00e1s precisamente, debes centrarte en los colores.<\/p>\n<p>Sin embargo, la tarea principal de un trader es definir que debe hacer:<\/p>\n<ul>\n<li>Seguir una tendencia<\/li>\n<li>Detectar un retroceso<\/li>\n<\/ul>\n<p>Las tendencias forman parte de los marcos de tiempos peque\u00f1os. De hecho, el trading de tendencias de marcos temporales m\u00e1s bajos tiene mayor sentido ya que el mercado de Forex se consolida la mayor\u00eda de las veces en los m\u00e1s grandes<\/p>\n<h3>Scalping de Forex con tendencias en velas Heikin Ashin<\/h3>\n<p>El trading con tendencias es el sue\u00f1o de todo trader minorista. Los estudios demuestran que esta es la raz\u00f3n del porque los traders acuden al mercado de Forex. Para sumarse a una tendencia. Sin embargo, el problema con el trading de tendencias es que no se forman con frecuencia. Es decir, en los plazos de tiempos m\u00e1s grandes. En los marcos de tiempo m\u00e1s peque\u00f1os, aparecen mini tendencias o micro tendencias cada d\u00eda. Por lo tanto, los traders pueden detectarlos f\u00e1cilmente, especialmente si utilizan el indicador Heikin Ashi para filtrar el ruido. As\u00ed es, es una de las mayores ventajas de indicador Heikin Ashi, filtrar el ruido.<\/p>\n<p>Adem\u00e1s de identificar las velas del mercado de Forex pertenecientes a tendencias alcistas y bajistas, el gr\u00e1fico de Heikin Ashi muestra las direcciones muy claramente. Pero a\u00fan los traders deben realizar una cosa: definir la tendencia.<\/p>\n<p>Se aplican las siguientes reglas para definir la tendencia:<\/p>\n<ul>\n<li>Esperar una serie de m\u00ednimos m\u00e1s bajos y m\u00e1ximos m\u00e1s bajos para una tendencia bajista.<\/li>\n<li>Esperar un serie de m\u00e1ximos m\u00e1s altos y m\u00ednimos m\u00e1s altos para una tendencia alcista.<\/li>\n<\/ul>\n<h3>Scalping de Forex cuando el indicador Heikin Ashi cambia de color<\/h3>\n<p>Tenga muy en cuenta que esta es una t\u00e9cnica de Scalping de Forex de tendencias. Como tal, el trade siempre tendr\u00e1 lugar en la direcci\u00f3n de la tendencia latente.Por ende , lo primero que debes hacer es definir la tendencia. Usando las reglas que mencionamos en los p\u00e1rrafos anteriores, aqu\u00ed observar\u00e1s una tendencia bajista en un gr\u00e1fico de cinco minutos de EUR \/ USD.<\/p>\n<img decoding=\"async\" loading=\"lazy\" width=\"1358\" height=\"584\" class=\"aligncenter size-full wp-image-85471\" src=\"http:\/\/forextradingbonus.com\/wp-content\/img\/2019\/03\/5.png\" alt=\"scalping con tendencias Heikin Ashi\" \/>\n<p>Los m\u00e1ximos y m\u00ednimos m\u00e1s bajos son suficientes para decirnos que estamos frente a una tendencia bajista. Por lo tanto, los traders que utilizan el scalping de Forex consideraran se\u00f1ales de venta.<\/p>\n<p>Como sugiere el nombre de este p\u00e1rrafo, la entrada en corto ser\u00e1 cuando las velas de Heikin Ashi cambien de Azul a Rojo.\u00a0 O cuando se reanude la tendencia bajista.<\/p>\n<p>En el Forex trading, la administraci\u00f3n del dinero es m\u00e1s importante que la estrategia de trading. Por esta raz\u00f3n, el enfoque siempre debe estar entre la relaci\u00f3n riesgo &#8211; recompensa.<\/p>\n<p>Lo m\u00e1s adecuado para el trading de Forex son las proporciones mayores que dos o cerca de tres. Para ser m\u00e1s preciso, cada riesgo de un pip, los traders ganan 2 o 3 pips. \u00bfNo esta nada mal para un trade verdad?<\/p>\n<img decoding=\"async\" loading=\"lazy\" width=\"1358\" height=\"584\" class=\"aligncenter size-full wp-image-85476\" src=\"http:\/\/forextradingbonus.com\/wp-content\/img\/2019\/03\/6-1.png\" alt=\"entrada Scalping Heikin Ashi\" \/>\n<p>Con todo lo detallado anteriormente, esta es la primer entrada que utiliza el gr\u00e1fico Heikin Ashi como indicador de tendencia. Cuando la primera vela despu\u00e9s de los m\u00e1ximos m\u00e1s bajos retomo para testear, o tendencia bajista, los traders ingresan en corta.<\/p>\n<p>El stop-loss es la parte m\u00e1s dif\u00edcil debido al hecho que el indicador Heikin Ashi &#8221; oculta&#8221; las sombras de las velas originales o algunas de ellas.<\/p>\n<p>Por esta raz\u00f3n, no se recomienda colocar un stop-loss m\u00e1ximo a la vela de entrada. En su lugar, los traders utilizan el puntos m\u00e1s alto del swing anterior para establecer el stop-loss. Ese es el riesgo definido. A continuaci\u00f3n los traders proyectan el riesgo para consultar la relaci\u00f3n m\u00ednima entre riesgo y recompensa que se debe establecer.<\/p>\n<h3>Agregar una posici\u00f3n de Forex Scalping<\/h3>\n<p>Anteriormente mencionamos que el scalping de Forex significa tomar m\u00faltiples posiciones durante el transcurso de la jornada de trading. Para realizar eso los traders buscan diferentes pares de divisas y siguen la misma estrategia de trading de tendencias. O bien, se a\u00f1aden otra a la posici\u00f3n original. La adici\u00f3n aumenta la exposici\u00f3n en cualquier periodo de tiempo y pares de divisas. Algunos dicen que de esta forma el riesgo aumenta tambi\u00e9n. Pues, eso es incorrecto. Mientras las reglas de administraci\u00f3n del dinero contin\u00faen existiendo, los traders evitan el comercio excesivo.<\/p>\n<p>En este caso, las mismas reglas se aplican a cada trade individual.<\/p>\n<ul>\n<li>Los traders se quedan en corto con cada vela roja despu\u00e9s de una correcci\u00f3n de una vela azul.<\/li>\n<li>Marca el stop luego del swing m\u00e1s alto previo (vela Heikin Ashi m\u00e1s alta en el gr\u00e1fico de velas)<\/li>\n<li>Utiliza una relaci\u00f3n de riesgo-recompensa de 1:2 o 1:3 para la salida.<\/li>\n<\/ul>\n<p>Los traders m\u00e1s conservadores mueven inmediatamente el stop-loss hasta alcanzar el punto de equilibrio al momento que el precio alcance el nivel 1:1 en relaci\u00f3n de riesgo. De esta manera, los traders controlan el riesgo de manera agresiva, incluso rastrean la para evitar perder un solo pip.<\/p>\n<img decoding=\"async\" loading=\"lazy\" width=\"1358\" height=\"584\" class=\"aligncenter size-full wp-image-85477\" src=\"http:\/\/forextradingbonus.com\/wp-content\/img\/2019\/03\/8-1.png\" alt=\"agregando posiciones en Heikin Ashin\" \/>\n<p>Aqui hay otros tres ejemplos de operaciones en corto que forman parte de la misma estrategia de Trading de Forex. Uno de ellos puede ser detenido. Esa es una se\u00f1al de que la tendencia bajista finaliz\u00f3. El argumento a favor viene del precio que tuvo el poder de romper los m\u00ednimos m\u00e1s bajos. O si lo haces, las reglas de la tendencia bajistas ya no est\u00e1n en donde deben estar. Por lo tanto, la estrategia de trading de Forex para el trading con tendencias finaliza con la primera operaci\u00f3n que se detiene.<\/p>\n<h3>Scalping de Forex &#8211; Retrocesos en una tendencia con velas Heikin Ashi<\/h3>\n<p>Otra forma de hacer scalping de Forex con velas Heikin Ashi es detectar los retrocesos. Debido a la forma en que aparecen las velas Heikin Ashin en el gr\u00e1fico, los patrones de inversi\u00f3n japoneses no funcionar\u00e1n. Enumeramos los m\u00e1s relevantes al comienzo de este articulo. En cambio las velas proyectadas por el indicador Heikin Ashi se parecen o pr\u00e1cticamente son iguales.<\/p>\n<p>Sin embargo, hay un patr\u00f3n de retroceso que funciona con los gr\u00e1ficos de Heikin Ashi tambi\u00e9n. El patr\u00f3n Doji. Tratamos este tipo de patr\u00f3n en otros art\u00edculos en nuestro blog. Ahora ser\u00e1 un momento perfecto para probar este concepto.<\/p>\n<p>Para que recuerdes, una vela Doji tiene un cuerpo peque\u00f1o, casi invisible. La vela Doji perfecta tiene los mismos precios de apertura y cierre. Esto es muy dif\u00edcil en la actualidad debido a la naturaleza del mercado. Hoy en d\u00eda los brokers de Forex utilizan en sus cotizaciones cinco d\u00edgitos para la mayor\u00eda de los pares que forman parte del panel de Forex. Por lo tanto, es poco probable que una vela obtenga el precio de apertura y cierre exactamente igual. Por lo tanto, los traders adaptaron el concepto y en su lugar usan velas con un cuerpo real peque\u00f1o. Esa es la clave para detectar los cambios en los marcos temporales de corto plazo con las velas Heikin Ashi.<\/p>\n<p>Para incluir las se\u00f1ales, los traders esperan que el precio se revierta mas all\u00e1 del valor m\u00e1s alto o m\u00e1s bajo de la vela Doji (seg\u00fan la tendencia, claro est\u00e1). Lo que sigue, es entrar en corto o largo. Finalmente se establece el objetivo a una distancia igual o tres veces del riesgo (se detiene en la parte inferior o superior)<\/p>\n<h2>Conclusi\u00f3n<\/h2>\n<p>El scalping de Forex con candelas Heikin Ashi brindan una excelente oportunidad para aprovechar las oscilaciones del mercado. Al utilizar marcos de tiempo mucho m\u00e1s bajos, los traders aprovechan todos los movimientos del mercado. Sin embargo, el scalping de Forex tiene la desventaja de ser una actividad que demanda mucho tiempo. Por lo tanto algunos traders dedican muchas horas de trading en frente de sus pantallas para poder obtener mayores beneficios con el scalping en Forex. Los patrones de an\u00e1lisis t\u00e9cnicos son f\u00e1ciles de detectar con un gr\u00e1fico de velas Heikin Ashin. Se pueden observar los tri\u00e1ngulos y banderas tambi\u00e9n. El indicador proporciona una imagen clara de la actividad general del mercado y los operadores utilizaran m\u00e1s estrategias de trading a favor de las tendencias que las estrategias de retrocesos. S\u00f3lo es razonable realizar esto ya que los gr\u00e1ficos de candelas Heikin Ashi filtran el ruido del mercado de Forex y revelan las tendencias que se est\u00e1n gestando.<\/p>\n<p>En general, este es un gran indicador para utilizar junto con las reglas de administraci\u00f3n de riesgo. Los indices de riesgo &#8211; recompensa de 1:2 o 1:3 son faciels de detectar y utilizar, permitiendo que el saldo de la cuenta de trading crezca. Otro concepto japon\u00e9s fue adoptado por el mundo occidental. Y por razones correctas, ya que nos proporciona excelentes herramientas de an\u00e1lisis t\u00e9cnico.<\/p>\n<p>&nbsp;<\/p>\n","protected":false},"excerpt":{"rendered":"Otro concepto japon\u00e9s, las velas Heikin Ashi proporcionan una excelente configuraci\u00f3n tanto en el swing trading como para","protected":false},"author":19,"featured_media":85478,"parent":0,"menu_order":0,"comment_status":"closed","ping_status":"closed","template":"","meta":{"_mi_skip_tracking":false},"acf":[],"yoast_head":"<!-- This site is optimized with the Yoast SEO plugin v20.4 - https:\/\/yoast.com\/wordpress\/plugins\/seo\/ -->\n<title>\u00bfC\u00f3mo hacer Forex Scalping con velas Heikin Ashi?<\/title>\n<meta name=\"description\" content=\"\u00bfC\u00f3mo hacer Forex Scalping con velas Heikin Ashi? Gu\u00eda completa para saber como funciona el indicador de tendencias para el Forex Trading\" \/>\n<meta name=\"robots\" content=\"index, follow, max-snippet:-1, max-image-preview:large, max-video-preview:-1\" \/>\n<link rel=\"canonical\" href=\"https:\/\/forextradingbonus.com\/es\/scalping-velas-heikin-ashi\/\" \/>\n<meta property=\"og:locale\" content=\"es_ES\" \/>\n<meta property=\"og:type\" content=\"article\" \/>\n<meta property=\"og:title\" content=\"\u00bfC\u00f3mo hacer Forex Scalping con velas Heikin Ashi?\" \/>\n<meta property=\"og:description\" content=\"\u00bfC\u00f3mo hacer Forex Scalping con velas Heikin Ashi? Gu\u00eda completa para saber como funciona el indicador de tendencias para el Forex Trading\" \/>\n<meta property=\"og:url\" content=\"https:\/\/forextradingbonus.com\/es\/scalping-velas-heikin-ashi\/\" \/>\n<meta property=\"og:site_name\" content=\"Forex Trading Bonus\" \/>\n<meta property=\"og:image\" content=\"https:\/\/forextradingbonus.com\/wp-content\/img\/2019\/03\/scalping-con-velas-Heikin-Ashi.jpg\" \/>\n\t<meta property=\"og:image:width\" content=\"1200\" \/>\n\t<meta property=\"og:image:height\" content=\"800\" \/>\n\t<meta property=\"og:image:type\" content=\"image\/jpeg\" \/>\n<meta name=\"twitter:card\" content=\"summary_large_image\" \/>\n<meta name=\"twitter:label1\" content=\"Tiempo de lectura\" \/>\n\t<meta name=\"twitter:data1\" content=\"15 minutos\" \/>\n<!-- \/ Yoast SEO plugin. -->","yoast_head_json":{"title":"\u00bfC\u00f3mo hacer Forex Scalping con velas Heikin Ashi?","description":"\u00bfC\u00f3mo hacer Forex Scalping con velas Heikin Ashi? Gu\u00eda completa para saber como funciona el indicador de tendencias para el Forex Trading","robots":{"index":"index","follow":"follow","max-snippet":"max-snippet:-1","max-image-preview":"max-image-preview:large","max-video-preview":"max-video-preview:-1"},"canonical":"https:\/\/forextradingbonus.com\/es\/scalping-velas-heikin-ashi\/","og_locale":"es_ES","og_type":"article","og_title":"\u00bfC\u00f3mo hacer Forex Scalping con velas Heikin Ashi?","og_description":"\u00bfC\u00f3mo hacer Forex Scalping con velas Heikin Ashi? Gu\u00eda completa para saber como funciona el indicador de tendencias para el Forex Trading","og_url":"https:\/\/forextradingbonus.com\/es\/scalping-velas-heikin-ashi\/","og_site_name":"Forex Trading Bonus","og_image":[{"width":1200,"height":800,"url":"https:\/\/forextradingbonus.com\/wp-content\/img\/2019\/03\/scalping-con-velas-Heikin-Ashi.jpg","type":"image\/jpeg"}],"twitter_card":"summary_large_image","twitter_misc":{"Tiempo de lectura":"15 minutos"},"schema":{"@context":"https:\/\/schema.org","@graph":[{"@type":"WebPage","@id":"https:\/\/forextradingbonus.com\/es\/scalping-velas-heikin-ashi\/","url":"https:\/\/forextradingbonus.com\/es\/scalping-velas-heikin-ashi\/","name":"\u00bfC\u00f3mo hacer Forex Scalping con velas Heikin Ashi?","isPartOf":{"@id":"https:\/\/forextradingbonus.com\/#website"},"datePublished":"2019-03-31T15:15:34+00:00","dateModified":"2019-03-31T15:15:34+00:00","description":"\u00bfC\u00f3mo hacer Forex Scalping con velas Heikin Ashi? Gu\u00eda completa para saber como funciona el indicador de tendencias para el Forex Trading","breadcrumb":{"@id":"https:\/\/forextradingbonus.com\/es\/scalping-velas-heikin-ashi\/#breadcrumb"},"inLanguage":"es","potentialAction":[{"@type":"ReadAction","target":["https:\/\/forextradingbonus.com\/es\/scalping-velas-heikin-ashi\/"]}]},{"@type":"BreadcrumbList","@id":"https:\/\/forextradingbonus.com\/es\/scalping-velas-heikin-ashi\/#breadcrumb","itemListElement":[{"@type":"ListItem","position":1,"name":"Home","item":"https:\/\/forextradingbonus.com\/es\/"},{"@type":"ListItem","position":2,"name":"\u00bfC\u00f3mo hacer Forex Scalping con velas Heikin Ashi?"}]},{"@type":"WebSite","@id":"https:\/\/forextradingbonus.com\/#website","url":"https:\/\/forextradingbonus.com\/","name":"Forex Trading Bonus","description":"Best Forex Trading Bonus Reviews. Deposit &amp; No Deposit FX Bonuses and Tips","potentialAction":[{"@type":"SearchAction","target":{"@type":"EntryPoint","urlTemplate":"https:\/\/forextradingbonus.com\/?s={search_term_string}"},"query-input":"required name=search_term_string"}],"inLanguage":"es"}]}},"_links":{"self":[{"href":"https:\/\/forextradingbonus.com\/es\/wp-json\/wp\/v2\/pages\/85456"}],"collection":[{"href":"https:\/\/forextradingbonus.com\/es\/wp-json\/wp\/v2\/pages"}],"about":[{"href":"https:\/\/forextradingbonus.com\/es\/wp-json\/wp\/v2\/types\/page"}],"author":[{"embeddable":true,"href":"https:\/\/forextradingbonus.com\/es\/wp-json\/wp\/v2\/users\/19"}],"replies":[{"embeddable":true,"href":"https:\/\/forextradingbonus.com\/es\/wp-json\/wp\/v2\/comments?post=85456"}],"version-history":[{"count":2,"href":"https:\/\/forextradingbonus.com\/es\/wp-json\/wp\/v2\/pages\/85456\/revisions"}],"predecessor-version":[{"id":85638,"href":"https:\/\/forextradingbonus.com\/es\/wp-json\/wp\/v2\/pages\/85456\/revisions\/85638"}],"wp:featuredmedia":[{"embeddable":true,"href":"https:\/\/forextradingbonus.com\/es\/wp-json\/wp\/v2\/media\/85478"}],"wp:attachment":[{"href":"https:\/\/forextradingbonus.com\/es\/wp-json\/wp\/v2\/media?parent=85456"}],"curies":[{"name":"wp","href":"https:\/\/api.w.org\/{rel}","templated":true}]}}