{"id":85497,"date":"2019-03-31T15:16:33","date_gmt":"2019-03-31T15:16:33","guid":{"rendered":"http:\/\/forextradingbonus.com\/?page_id=85497"},"modified":"2019-03-31T15:16:33","modified_gmt":"2019-03-31T15:16:33","slug":"indicador-adx-mt4","status":"publish","type":"page","link":"https:\/\/forextradingbonus.com\/es\/indicador-adx-mt4\/","title":{"rendered":"\u00bfC\u00f3mo utilizar el indicador ADX en MT4?"},"content":{"rendered":"<p>Este art\u00edculo te explicar\u00e1 qu\u00e9 es el indicador ADX, cubriendo el c\u00e1lculo del indicador ADX de Forex en detalles. Tambi\u00e9n analizar\u00e1 el indicador avanzado de Forex ADX para MetaTrader 4 (MT4), explicando c\u00f3mo leer el indicador ADX y para medir la fuerza de la tendencia y mucho m\u00e1s.<\/p>\n<img decoding=\"async\" loading=\"lazy\" width=\"1440\" height=\"810\" class=\"aligncenter size-full wp-image-85498\" src=\"http:\/\/forextradingbonus.com\/wp-content\/img\/2019\/03\/1-2.jpeg\" alt=\"indicador ADX para MT4\" \/>\n<p>Muchas de las estrategias de Trading m\u00e1s importantes giran en torno a las tendencias que se generan en el mercado. Tambi\u00e9n hay estrategias que buscan obtener ganancias en contra de las tendencias. Si puedes identificar correctamente cuando se est\u00e1 formando una tendencia, estar\u00e1s sumando las probabilidades a tu favor.<\/p>\n<p>Igual de \u00fatil es la capacidad de medir la fuerza de un trade. Hay una variedad muy grande de indicadores. Muchos indicadores intentan hacer esto. El indicador ADX es una de esas herramientas. Fu\u00e9 desarrollado por J. Welles Wilder, quien tambi\u00e9n invent\u00f3 otros indicadores t\u00e9cnicos extremadamente populares, tales como:<\/p>\n<ul>\n<li>Indicador RSI<\/li>\n<li>Indicador ATR<\/li>\n<li>Indicador Parab\u00f3lico SAR<\/li>\n<\/ul>\n<h2>\u00bfQu\u00e9 es el indicador ADX?<\/h2>\n<p>El indicador ADX o \u00cdndice Direccional Promedio, es una herramienta t\u00e9cnica dise\u00f1ada para medir la fortaleza de una tendencia del mercado. El indicador ADX es utilizado para varios prop\u00f3sitos, como medir la fortaleza de las tendencias, como un buscador de tendencias y rangos, y como un filtro para diferentes estrategias de operaciones de Forex.<\/p>\n<h2>C\u00e1lculo del indicador ADX de Forex<\/h2>\n<p>El indicador t\u00e9cnico ADX se deriva de dos de os indicadores direccionales de Wilder:<\/p>\n<ul>\n<li>El indicador direccional positivo (+DI)<\/li>\n<li>El indicador direccional negativo (-DI)<\/li>\n<\/ul>\n<p>Estos indicadores complementan el ADX al proporcionar una gu\u00eda de la direcci\u00f3n de la tendencia y provienen de medidas bastantes simples del movimiento direccional del mercado. Definen el movimiento direccional comparando el m\u00e1ximo y el m\u00ednimo del per\u00edodo anterior. Wilder defini\u00f3 dos t\u00e9rminos t\u00e9rminos que ayudan aqu\u00ed:<\/p>\n<ul>\n<li>Movimiento direccional positivo (+DM)<\/li>\n<li>Movimiento direccional negativo (-DM)<\/li>\n<\/ul>\n<p>El movimiento direccional puede ser positivo, negativo o nulo (cero). No puede tener ambas caracter\u00edsticas (positivo y negativo), y estar\u00e1 arriba o por debajo. Entonces, cuando el +DM tiene un valor distinto de cero, el -DM es cero. Y cuando el -DM tiene un valor distinto de cero, el +DM es cero. El movimiento direccional es positivo cuando el m\u00e1ximo actual menos el m\u00e1ximo anterior es tanto positivo como mayor en valor, que el m\u00ednimo actual menos el m\u00ednimo anterior.<\/p>\n<p>El movimiento direccional negativo se define de manera similar. El movimiento direccional es negativo cuando el m\u00ednimo anterior menos el m\u00ednimo actual es tanto positivo como mayor en valor, que el m\u00e1ximo anterior menos el m\u00e1ximo actual. Cuando el +DMI est\u00e1 por encima del -DMI, los precios suben y el ADX mide la fuerza de la tendencia alcista. Cuando el -DMI est\u00e1 por encima del +DMI, los precios bajan y el ADX mide la fuerza de la tendencia bajista.<\/p>\n<p>Para los traders, la buena noticia es que el software de trading realiza los c\u00e1lculos autom\u00e1ticamente. La plataforma est\u00e1ndar MetaTrader 4 viene con el indicador ADX incluido, por lo que no es necesario descargar el indicador ADX de forma separada. Si deseas aumentar tu inversi\u00f3n en Forex y CFD con una combinaci\u00f3n de otros indicadores para tal fin.<\/p>\n<h2>El avanzado indicador ADX de Forex para MetaTrader 4<\/h2>\n<p>Una vez que hayas instalado MetaTrader 4 en tu ordenador o dispositivo, encontrar\u00e1s el indicador t\u00e9cnico ADX m\u00e1s avanzado en comparaci\u00f3n con lo que Wilder propuso inicialmente. Esto se debe a que el MT4 ADX utiliza t\u00e9cnicas de auto reparaci\u00f3n ligeramente diferentes que proporcionan un gr\u00e1fico m\u00e1s preciso. El siguiente gr\u00e1fico muestra el \u00edndice de movimiento direccional promedio como el primer elemento en la lista de indicadores de tendencias. Simplemente arrastre y suelte en el gr\u00e1fico, como lo demuestra el siguiente GIF:<\/p>\n<img decoding=\"async\" loading=\"lazy\" width=\"1600\" height=\"667\" class=\"aligncenter size-full wp-image-85499\" src=\"http:\/\/forextradingbonus.com\/wp-content\/img\/2019\/03\/gift.gif\" alt=\"indicador ADX de Forex\" \/>\n<p>Si seleccionas &#8220;ADX&#8221;, MT4 te solicitar\u00e1 que ingreses un valor para el per\u00edodo. Tambi\u00e9n puede cambiar los colores del indicador para que coincidan con los colores que se muestran en las gr\u00e1ficas. Puedes hacerlo en las propiedades del indicador como se muestra en la siguiente captura de pantalla:<\/p>\n<img decoding=\"async\" loading=\"lazy\" width=\"442\" height=\"242\" class=\"aligncenter size-full wp-image-85500\" src=\"http:\/\/forextradingbonus.com\/wp-content\/img\/2019\/03\/3-3.png\" alt=\"Men\u00fa Indicador ADX \" \/>\n<p>Los valores predeterminados son 14, y la forma est\u00e1ndar de representaci\u00f3n del ADX muestra tres l\u00edneas debajo del gr\u00e1fico de precios principal. Estas l\u00edneas incluyen una l\u00ednea gruesa de color azul claro para el propio ADX, una l\u00ednea de puntos verdes para los valores de +DI y una l\u00ednea de puntos rojos para los valores de -DI. Los paquetes de software generalmente trazar\u00e1n valores para +DI y -DI junto con el valor del ADX.<\/p>\n<img decoding=\"async\" loading=\"lazy\" width=\"1554\" height=\"748\" class=\"aligncenter size-full wp-image-85501\" src=\"http:\/\/forextradingbonus.com\/wp-content\/img\/2019\/03\/4-2.png\" alt=\"gr\u00e1fico de Indicador ADX\" \/>\n<h2>\u00bfC\u00f3mo leer el indicador ADX?<\/h2>\n<p>En este momento, esperar\u00e1s que entiendas que el indicador ADX se utilice para mostrar si el mercado se encuentra en tendencia o no. Pero, \u00bfC\u00f3mo sabemos cu\u00e1ndo se produce una tendencia? B\u00e1sicamente, el ADX var\u00eda entre 0 y 100. Wilder consider\u00f3 que un valor por encima de 25 sugiere un mercado con tendencia, mientras que un valor por debajo de 20 sugiere que hay poca o ninguna tendencia. Pero como puede ver, estos valores te dejan a la deriva en los valores entre 20 y 25. Por esta raz\u00f3n, muchos indicadores t\u00e9cnicos modernos utilizan 25 como el punto clave de demarcaci\u00f3n entre &#8220;tendencia&#8221; y &#8220;no tendencia&#8221;.<\/p>\n<h2>Medici\u00f3n de la fuerza de las tendencias<\/h2>\n<p>El sistema direccional ADX de Wilder tambi\u00e9n puede medir el cambio en la confianza del mercado al rastrear los cambios dentro del rango de precios. Al leer la l\u00ednea ADX, podemos medir la fuerza de una tendencia inferior. Por ejemplo:<\/p>\n<ul>\n<li>Si el valor ADX est\u00e1 entre 0 y 25, la intensidad de la tendencia se considera ausente o d\u00e9bil.<\/li>\n<li>Si el valor de ADX est\u00e1 entre 25 y 50, la intensidad de la tendencia se considera fuerte.<\/li>\n<li>Si el valor ADX est\u00e1 entre 50-75, la intensidad de la tendencia es muy fuerte.<\/li>\n<li>Si el valor del indicador ADX est\u00e1 entre 75-100, la intensidad de la tendencia es extremadamente fuerte.<\/li>\n<\/ul>\n<p>Puedes agregar estos niveles manualmente dentro de las propiedades del indicador. La siguiente captura pantalla muestra c\u00f3mo realizar esta acci\u00f3n en MetaTrader 4:<\/p>\n<img decoding=\"async\" loading=\"lazy\" width=\"442\" height=\"242\" class=\"aligncenter size-full wp-image-85502\" src=\"http:\/\/forextradingbonus.com\/wp-content\/img\/2019\/03\/5-1.png\" alt=\"configuraciones indicador ADX en MT4\" \/>\n<p>Esta es la configuraci\u00f3n manual en MT4 para el indicador ADX.<\/p>\n<h2>Buscador de tendencias y rangos<\/h2>\n<p>Como podemos ver, el ADX muestra cuando la tendencia se debilit\u00f3 y est\u00e1 entrando en un per\u00edodo de consolidaci\u00f3n de rangos. Las condiciones de rangos existen cuando el ADX cae de m\u00e1s de 25 a menos de 25. Tambi\u00e9n podemos ver dos l\u00edneas de puntos. El azul (+DI) y el rojo (-DI). Si la l\u00ednea +DI est\u00e1 por encima de la l\u00ednea de -DI, sugiere una tendencia alcista. Por lo contrario, si la l\u00ednea -DI est\u00e1 por encima de la l\u00ednea +DI, sugiere una tendencia bajista. La fuerza de esa tendencia se refleja en la l\u00ednea ADX.<\/p>\n<p>As\u00ed es como Wilder te sugiere que interpretes la informaci\u00f3n del indicador ADX: Wilder declar\u00f3 que cuando la l\u00ednea ADX aumenta, sugiere que la tendencia se est\u00e1 fortaleciendo, por lo que debe operar en la direcci\u00f3n de l\u00ednea DI que sea m\u00e1s alta. Si la l\u00ednea azul est\u00e1 por encima de la l\u00ednea roja, significa que la tendencia alcista est\u00e1 dominando, y viceversa. Por lo tanto, con el ADX, puede medir la intensidad de la tendencia y la direcci\u00f3n de la tendencia. Observa la siguiente gr\u00e1fica que est\u00e1 a continuaci\u00f3n, que muestra una fuerte tendencia alcista diaria:<\/p>\n<img decoding=\"async\" loading=\"lazy\" width=\"1510\" height=\"672\" class=\"aligncenter size-full wp-image-85503\" src=\"http:\/\/forextradingbonus.com\/wp-content\/img\/2019\/03\/6-2.png\" alt=\"tendencia alcista indicador ADX\" \/>\n<h2>Filtro para distintas estrategias de Forex Trading<\/h2>\n<p>El indicador ADX de Forex tambi\u00e9n se puede utilizar en diferentes estrategias de Forex Trading. Este es un ejemplo de una estrategia de trading con el indicador ADX que podemos utilizar para operar en el mercado de Forex. La estrategia tambi\u00e9n se complementa con el indicador MACD, que utiliza diferentes configuraciones predeterminadas.<\/p>\n<h2>Conclusi\u00f3n<\/h2>\n<p>Al igual que tantas medidas de tendencias &#8220;de retrocesos&#8221;, el indicador ADX tambi\u00e9n es un indicador de retrocesos. Esto significa que no indicar\u00e1 una tendencia hasta despu\u00e9s de que haya ocurrido una. El indicador ADX se incluye en el pack b\u00e1sico de MT4, por lo que no es necesario descargarlo por separado. Aseg\u00farate de chequear nuestros art\u00edculos y tutoriales si deseas enterarte de m\u00e1s informaci\u00f3n sobre el mercado de Forex y CFD.<\/p>\n","protected":false},"excerpt":{"rendered":"Este art\u00edculo te explicar\u00e1 qu\u00e9 es el indicador ADX, cubriendo el c\u00e1lculo del indicador ADX de Forex en","protected":false},"author":19,"featured_media":85504,"parent":0,"menu_order":0,"comment_status":"closed","ping_status":"closed","template":"","meta":{"_mi_skip_tracking":false},"acf":[],"yoast_head":"<!-- This site is optimized with the Yoast SEO plugin v20.4 - https:\/\/yoast.com\/wordpress\/plugins\/seo\/ -->\n<title>\u00bfC\u00f3mo utilizar el indicador ADX en MT4? Detalle t\u00e9cnico<\/title>\n<meta name=\"description\" content=\"Gu\u00eda para entender C\u00f3mo utilizar el indicador ADX en MT4 para el mercado de Forex. Detalles de los anal\u00edsis t\u00e9cnicos de este indicador.\" \/>\n<meta name=\"robots\" content=\"index, follow, max-snippet:-1, max-image-preview:large, max-video-preview:-1\" \/>\n<link rel=\"canonical\" href=\"https:\/\/forextradingbonus.com\/es\/indicador-adx-mt4\/\" \/>\n<meta property=\"og:locale\" content=\"es_ES\" \/>\n<meta property=\"og:type\" content=\"article\" \/>\n<meta property=\"og:title\" content=\"\u00bfC\u00f3mo utilizar el indicador ADX en MT4? Detalle t\u00e9cnico\" \/>\n<meta property=\"og:description\" content=\"Gu\u00eda para entender C\u00f3mo utilizar el indicador ADX en MT4 para el mercado de Forex. Detalles de los anal\u00edsis t\u00e9cnicos de este indicador.\" \/>\n<meta property=\"og:url\" content=\"https:\/\/forextradingbonus.com\/es\/indicador-adx-mt4\/\" \/>\n<meta property=\"og:site_name\" content=\"Forex Trading Bonus\" \/>\n<meta property=\"og:image\" content=\"https:\/\/forextradingbonus.com\/wp-content\/img\/2019\/03\/indicador-ADX-para-MT4.jpg\" \/>\n\t<meta property=\"og:image:width\" content=\"1200\" \/>\n\t<meta property=\"og:image:height\" content=\"800\" \/>\n\t<meta property=\"og:image:type\" content=\"image\/jpeg\" \/>\n<meta name=\"twitter:card\" content=\"summary_large_image\" \/>\n<meta name=\"twitter:label1\" content=\"Tiempo de lectura\" \/>\n\t<meta name=\"twitter:data1\" content=\"7 minutos\" \/>\n<!-- \/ Yoast SEO plugin. -->","yoast_head_json":{"title":"\u00bfC\u00f3mo utilizar el indicador ADX en MT4? Detalle t\u00e9cnico","description":"Gu\u00eda para entender C\u00f3mo utilizar el indicador ADX en MT4 para el mercado de Forex. Detalles de los anal\u00edsis t\u00e9cnicos de este indicador.","robots":{"index":"index","follow":"follow","max-snippet":"max-snippet:-1","max-image-preview":"max-image-preview:large","max-video-preview":"max-video-preview:-1"},"canonical":"https:\/\/forextradingbonus.com\/es\/indicador-adx-mt4\/","og_locale":"es_ES","og_type":"article","og_title":"\u00bfC\u00f3mo utilizar el indicador ADX en MT4? Detalle t\u00e9cnico","og_description":"Gu\u00eda para entender C\u00f3mo utilizar el indicador ADX en MT4 para el mercado de Forex. Detalles de los anal\u00edsis t\u00e9cnicos de este indicador.","og_url":"https:\/\/forextradingbonus.com\/es\/indicador-adx-mt4\/","og_site_name":"Forex Trading Bonus","og_image":[{"width":1200,"height":800,"url":"https:\/\/forextradingbonus.com\/wp-content\/img\/2019\/03\/indicador-ADX-para-MT4.jpg","type":"image\/jpeg"}],"twitter_card":"summary_large_image","twitter_misc":{"Tiempo de lectura":"7 minutos"},"schema":{"@context":"https:\/\/schema.org","@graph":[{"@type":"WebPage","@id":"https:\/\/forextradingbonus.com\/es\/indicador-adx-mt4\/","url":"https:\/\/forextradingbonus.com\/es\/indicador-adx-mt4\/","name":"\u00bfC\u00f3mo utilizar el indicador ADX en MT4? Detalle t\u00e9cnico","isPartOf":{"@id":"https:\/\/forextradingbonus.com\/#website"},"datePublished":"2019-03-31T15:16:33+00:00","dateModified":"2019-03-31T15:16:33+00:00","description":"Gu\u00eda para entender C\u00f3mo utilizar el indicador ADX en MT4 para el mercado de Forex. Detalles de los anal\u00edsis t\u00e9cnicos de este indicador.","breadcrumb":{"@id":"https:\/\/forextradingbonus.com\/es\/indicador-adx-mt4\/#breadcrumb"},"inLanguage":"es","potentialAction":[{"@type":"ReadAction","target":["https:\/\/forextradingbonus.com\/es\/indicador-adx-mt4\/"]}]},{"@type":"BreadcrumbList","@id":"https:\/\/forextradingbonus.com\/es\/indicador-adx-mt4\/#breadcrumb","itemListElement":[{"@type":"ListItem","position":1,"name":"Home","item":"https:\/\/forextradingbonus.com\/es\/"},{"@type":"ListItem","position":2,"name":"\u00bfC\u00f3mo utilizar el indicador ADX en MT4?"}]},{"@type":"WebSite","@id":"https:\/\/forextradingbonus.com\/#website","url":"https:\/\/forextradingbonus.com\/","name":"Forex Trading Bonus","description":"Best Forex Trading Bonus Reviews. Deposit &amp; No Deposit FX Bonuses and Tips","potentialAction":[{"@type":"SearchAction","target":{"@type":"EntryPoint","urlTemplate":"https:\/\/forextradingbonus.com\/?s={search_term_string}"},"query-input":"required name=search_term_string"}],"inLanguage":"es"}]}},"_links":{"self":[{"href":"https:\/\/forextradingbonus.com\/es\/wp-json\/wp\/v2\/pages\/85497"}],"collection":[{"href":"https:\/\/forextradingbonus.com\/es\/wp-json\/wp\/v2\/pages"}],"about":[{"href":"https:\/\/forextradingbonus.com\/es\/wp-json\/wp\/v2\/types\/page"}],"author":[{"embeddable":true,"href":"https:\/\/forextradingbonus.com\/es\/wp-json\/wp\/v2\/users\/19"}],"replies":[{"embeddable":true,"href":"https:\/\/forextradingbonus.com\/es\/wp-json\/wp\/v2\/comments?post=85497"}],"version-history":[{"count":2,"href":"https:\/\/forextradingbonus.com\/es\/wp-json\/wp\/v2\/pages\/85497\/revisions"}],"predecessor-version":[{"id":85639,"href":"https:\/\/forextradingbonus.com\/es\/wp-json\/wp\/v2\/pages\/85497\/revisions\/85639"}],"wp:featuredmedia":[{"embeddable":true,"href":"https:\/\/forextradingbonus.com\/es\/wp-json\/wp\/v2\/media\/85504"}],"wp:attachment":[{"href":"https:\/\/forextradingbonus.com\/es\/wp-json\/wp\/v2\/media?parent=85497"}],"curies":[{"name":"wp","href":"https:\/\/api.w.org\/{rel}","templated":true}]}}