{"id":85506,"date":"2019-03-31T14:56:25","date_gmt":"2019-03-31T14:56:25","guid":{"rendered":"http:\/\/forextradingbonus.com\/?page_id=85506"},"modified":"2019-03-31T14:56:25","modified_gmt":"2019-03-31T14:56:25","slug":"3-consejos-para-estrategias-de-fx","status":"publish","type":"page","link":"https:\/\/forextradingbonus.com\/es\/3-consejos-para-estrategias-de-fx\/","title":{"rendered":"Tres consejos para construir una poderosa estrategia de Forex Trading"},"content":{"rendered":"<p>Crear una poderosa estrategia de Forex trading no es tarea f\u00e1cil, y debes pensarlo en funci\u00f3n de la tolerancia al riesgo, tu estilo de trading y tu situaci\u00f3n financiera. Perm\u00edteme darte una idea de las 3 estrategias poderosas de Forex que puedes implementar para llevar tus operaciones al siguiente nivel.<\/p>\n<h2>Tres consejos para construir una poderosa estrategia de Forex Trading<\/h2>\n<p>En t\u00e9rminos generales, hay tres tipos de an\u00e1lisis del mercado: An\u00e1lisis Fundamental, An\u00e1lisis T\u00e9cnico y An\u00e1lisis de Sentimientos.<\/p>\n<p>Te estar\u00e1s preguntando, \u00bfCu\u00e1l de estos es el mejor? pues, no es posible decirte que uno es mejor que el otro: todas aportan un papel el cual desempe\u00f1ar, y todos miran al mercado de distintas maneras. Algunos dir\u00e1n que el An\u00e1lisis Fundamental y T\u00e9cnico se usan con mayor frecuencia que el An\u00e1lisis de Sentimientos, otros dir\u00e1n que no pueden usar uno sino otro, o que no deber\u00edas utilizar An\u00e1lisis T\u00e9cnico si tu estrategia se basa principalmente en el An\u00e1lisis Fundamental.<\/p>\n<p>Hablemos de cada una individualmente y veamos como puedes utilizarlos en sus operaciones para mejorar tu rendimiento.<\/p>\n<h2>An\u00e1lisis Fundamental<\/h2>\n<p>En este tipo de enfoque, est\u00e1s analizando el impacto de la fortaleza o la debilidad de la perspectiva econ\u00f3mica de un pa\u00eds en su divisa. Si un pa\u00eds tiene una buena perspectiva econ\u00f3mica actual \/ futura, entonces su moneda ser\u00e1 muy fuerte y deber\u00eda fortalecerse con su contra parte.<\/p>\n<p>Cuando la econom\u00eda de un pa\u00eds es fuerte entonces m\u00e1s inversionistas extranjeros quieren invertir en ese pa\u00eds. Por ende, van a necesitar la divisa de ese pa\u00eds y comprarla, aumentando as\u00ed su valor.<\/p>\n<p>Con el an\u00e1lisis fundamental, est\u00e1s buscando en el mercado de Forex la situaci\u00f3n econ\u00f3mica y social global, as\u00ed como la inestabilidad pol\u00edtica tambi\u00e9n puede afectar la oferta y la demanda de una divisa de un pa\u00eds.<\/p>\n<p>Las fuerzas de la oferta y la demanda liquidan principalmente el precio de cualquier activo financiero. As\u00ed que si quieres saber hacia d\u00f3nde se dirige el precio de un par de divisa, necesitas poder reconocer los factores que afectan las fuerzas de oferta y demanda.<\/p>\n<p>Conocer el perfil y las caracter\u00edsticas de cada moneda tambi\u00e9n es una ventaja, ya que entonces sabr\u00e1s cuales son los principales impulsores. Las divisas de los commodities, por ejemplo, son &#8220;monedas de pa\u00edses que poseen grandes cantidades de productos b\u00e1sicos u otros recursos naturales&#8221;, que representan las principales exportaciones del pa\u00eds. Si inviertes en esas monedas (CAD, AUD, NZD) debes supervisar de cerca la evoluci\u00f3n de los precios de los commodities, ya que tendr\u00e1n impacto en el crecimiento de estos pa\u00edses.<\/p>\n<h3>A. Estrategia de an\u00e1lisis fundamental: Trading con Noticias<\/h3>\n<p>Con esta estrategia de Forex en particular, est\u00e1s siguiendo las noticias econ\u00f3micas y abriendo posiciones basadas en estad\u00edsticas en vivo que se est\u00e1n publicando en el acto. Las estad\u00edsticas m\u00e1s importantes tienen un impacto significativo en el mercado de Forex, ya que te facilitan una pista sobre la fortaleza o la debilidad de una econom\u00eda determinada. Entonces sabr\u00e1s si es bueno o malo para la moneda del pa\u00eds.<\/p>\n<p>Las decisiones de los bancos centrales tienen el mayor impacto en el mercado de Forex, ya que deciden cuanto dinero inyectar\u00e1n dentro de la econom\u00eda. No volveremos sobre la pol\u00edtica monetaria, como vimos en otros art\u00edculos. Cualquier noticia que sea importante para los bancos centrales (inflaci\u00f3n, empleo, consumo, etc) tambi\u00e9n tendr\u00e1 un impacto muy importante en Forex. Los informes de la PFN son un claro ejemplo de esto.<\/p>\n<p>No puedes trabajar con esta estrategia de Forex sin seguir el calendario econ\u00f3mico, ya que te guiar\u00e1 para saber cuando esperar que se anuncien grandes noticias. Unos de los mejores calendarios de Forex a seguir es el de <a href=\"https:\/\/www.forexfactory.com\/calendar.php\">FOREX Factory<\/a>. Debes tener mucho cuidado al utilizar el trading con noticias, ya que las estad\u00edsticas pueden desencadenar picos extremos de volatilidad. Cuando el mercado reacciona luego de las noticias, existen numerosas oportunidades para ganar dinero r\u00e1pidamente, pero obviamente, tambi\u00e9n es demasiado arriesgado.<\/p>\n<h3>B. Estrategia de an\u00e1lisis fundamental: Trading de intercambio<\/h3>\n<p>B\u00e1sicamente, el Trading de intercambio, consiste en tomar una moneda que tiene una tasa de inter\u00e9s baja, para que luego pueda financiar la compra de otra moneda para obtener una tasa de inter\u00e9s mas alta.<\/p>\n<p>Como mencionamos en otros art\u00edculos, cuando est\u00e1s invirtiendo en el mercado de Forex, est\u00e1s comprando una divisa y vendiendo otra simult\u00e1neamente. Entonces, con el trading de intercambio o Carry Trade, est\u00e1s pagando intereses sobre la posici\u00f3n en la divisa que est\u00e1s vendiendo, y est\u00e1s cobrando intereses sobre la posici\u00f3n en la divisa que est\u00e1s comprando.<\/p>\n<p>Est\u00e1 t\u00e9cnica fundamental de trading de Forex puede ser otra forma de ganar dinero con divisas sin tener que encontrar una manera de comprar barato y vender caro, as\u00ed como de soportar la volatilidad. Los traders no se centran en el recorrido de una divisa sino en la diferencia de las tasas. Sin embargo, debes tener cuidado con las monedas en la que se decide invertir, ya que puede ser muy arriesgado elegir una moneda solo si el pa\u00eds tiene una tasa de inter\u00e9s muy alta.<\/p>\n<p>Algunas personas aconsejan utilizar estrategias fundamentales en combinaci\u00f3n con otra estrategia. Por ejemplo, cuando est\u00e1s intercambiando noticias, puedes predecir que impacto tendr\u00e1n en los mercados.<\/p>\n<h2>An\u00e1lisis de los sentimientos<\/h2>\n<p>Con esta estrategia de FX trading, est\u00e1s intentando evaluar como piensan los inversores, su estado de \u00e1nimo, pero por sobre todo cuales son sus expectativas sobre los mercados . Las personas son las que toman las decisiones, por lo que es normal querer saber como se sienten con respecto a la direcci\u00f3n del precio de un activo, ya que esto le dar\u00e1 una idea de lo fuerte que puede ser un movimiento, o la direcci\u00f3n de un mercado.<\/p>\n<p>Por ejmplo, puedes identificar el sentimiento del mercado cuando se produce un fuerte movimiento de tendencia alcista o bajista, qu\u00e9 tan r\u00e1pido est\u00e1 subiendo o bajando un movimiento, qu\u00e9 tan nerviosos est\u00e1n los traders cuando tienen mayor volatilidad o ante los patrones de consolidaciones.<\/p>\n<p>Las plataformas de trading sociales, y las redes sociales como Facebook y Twitter pueden ayudarte a recibir un pantallazo de lo que piensan muchas personas.<\/p>\n<p>Puedes utilizar tambi\u00e9n el COT, (Commitment of Traders) que proporciona una visi\u00f3n interna de las posiciones largas y cortas de la semana anterior en poder de los traders m\u00e1s importantes del mundo.<\/p>\n<h3>A. Estrategia de an\u00e1lisis de sentimiento: El COT<\/h3>\n<p>El uso del COT te permitir\u00e1 aprovechar las posiciones de los traders profesionales en el mercado de Forex para poder explorar tendencias importantes. Olv\u00eddate del scalping con esta estrategia, ya que los datos publicados son datos de la semana anterior. Es m\u00e1s para detectar tendencias subyacentes y detectar situaciones extremas ante un cambio de tendencia.<\/p>\n<p>Este informe se publica todos los viernes por la CFTC. Utiliza la informaci\u00f3n del mercado de Futuros.<\/p>\n<p>Una vez que est\u00e9s en el sitio web, despl\u00e1zate hacia abajo y busca la categor\u00eda de &#8220;Informes de patrimonio actual&#8221;. Luego debes seleccionar &#8220;Chicago Mercantile Exchange &#8211; Short Format&#8221;, encontrar la selecci\u00f3n de moneda en el documento y elegir la moneda que est\u00e1s operando. El siguiente ejemplo es sobre la libra esterlina, una eleccion motivada por todos los debates actuales sobre Brexit.<\/p>\n<p>En esta captura de pantalla, las 4 piezas de informaci\u00f3n m\u00e1s importantes que debe tomar en cuenta son las siguientes:<\/p>\n<ul>\n<li>Direcci\u00f3n del movimiento del precio: largo o corto.<\/li>\n<li>Traders no-comerciales: Son grandes especuladores, como los fondos de inversi\u00f3n, y los inversores institucionales que siguen la tendencia y tratan de ganar dinero con las actividades comerciales.<\/li>\n<li>Traders comerciales: Son en su mayoria hedgers, quienes marcan la tendencia. Bancos o negocios que intentan obtener un beneficio para sus productos, en lugar de obtener ganancias. Tienen innumerables medios para protegerse contra movimientos inseperados de los precios.<\/li>\n<li>Inter\u00e9s abierto: Representan el volumen de posiciones que permanecen abiertas.<\/li>\n<\/ul>\n<p>La raz\u00f3n por la que deber\u00eda usar este informe en tu trading es porque miden el sentimiento de los traders influyentes durante un periodo de tiempo espec\u00edfico y te permiten determinar los extremos de un mercado. Esos extremos se materializan a trav\u00e9s de los m\u00e1ximos y m\u00ednimos del mercado.<\/p>\n<p>Los traders comerciales y no comerciales operan en direcci\u00f3n opuesta. Los Hedgers est\u00e1n comprando cuando est\u00e1n tocando fondo, mientras que los especuladores est\u00e1n vendiendo cuando los precios bajan.\u00a0 Por otro lado, cuando el mercado sube, los hedgers vender\u00e1n para protegerse contra un repunte del mercado, mientras que los especuladores comprar\u00e1n para ir junto con la tendencia.<\/p>\n<p>Luego, puede concluir que las posiciones de los traders no comerciales indiquen la direcci\u00f3n de la tendencia y las posiciones de los traders comerciales se\u00f1alen patrones de retrocesos. Por lo tanto, si los traders no comerciales siguen aumentando sus posiciones cortas, los traders comerciales aumentar\u00e1n sus posiciones en largo, entonces pronto aparecer\u00e1 un punto muy alto y viceversa.<\/p>\n<p>Para detectar mejor los niveles extremos, tambi\u00e9n puedes utilizar el an\u00e1lisis t\u00e9cnico o TA, que utiliza datos del mercado anterior para pronosticar los movimientos de precios futuros.<\/p>\n<img decoding=\"async\" loading=\"lazy\" width=\"768\" height=\"512\" class=\"aligncenter size-full wp-image-85525\" src=\"http:\/\/forextradingbonus.com\/wp-content\/img\/2019\/03\/compra-y-venta.jpeg\" alt=\"poderosa estrategia de FX trading\" \/>\n<h2>An\u00e1lisis t\u00e9cnico<\/h2>\n<p>La poderosa estrategia de Forex trading de An\u00e1lisis t\u00e9cnico,\u00a0 te permitir\u00e1 determinar las condiciones de trading actuales y el movimiento futuro de los precios.<\/p>\n<p>Hay 3 especulaciones principales:<\/p>\n<ul>\n<li>Los precios de los mercados descuentan todo: El an\u00e1lisis t\u00e9cnico solo tiene en cuenta los datos del mercado, no los datos fundamentales, bas\u00e1ndose en el supuesto de que los precios integran toda la informaci\u00f3n de forma inmediata. Toda informaci\u00f3n relevante es plasmada en los precios. Entonces puedes comprender como el an\u00e1lisis de los sentimientos es importante aqu\u00ed, porque es necesario saber como los inversores usan esa informaci\u00f3n, como se percibe y como se interpreta.<\/li>\n<li>El precio se mueve en las tendencias: Con el An\u00e1lisis T\u00e9cnico,\u00a0 se cree que los precios siguen las tendencias. Tendencias alcistas, tendencias bajistas o consolidaciones laterales. Hay dos conceptos importantes sobre esto: La teor\u00eda DOW y la Hipotesis de mercado Eficiente (EMH).<\/li>\n<li>La historia tiende a repetirse: Se trata del movimiento de precios. La psicolog\u00eda del mercado tiende a fortalecer la naturaleza repetitiva de los movimientos de precios. Las reacciones de los participantes del mercado a veces son las mismas a lo largo del tiempo.<\/li>\n<\/ul>\n<h3>A. Fundamentos de an\u00e1lisis t\u00e9cnico Soportes y resistencia y lineas de tendencias<\/h3>\n<p>Los conceptos de soportes y resistencias son los conceptos b\u00e1sicos del an\u00e1lisis de gr\u00e1ficos. Ilustran el hecho de que los mercados a veces tropiezan con los mismos umbrales y por lo tanto, resaltan dos elementos claves sobre el mercado: su psicolog\u00eda y su memoria.<\/p>\n<p>Un nivel de soporte es un nivel en un gr\u00e1fico por encima del cual los intereses de los compradores son lo suficientemente fuerte como para superar la presi\u00f3n de las ventas. Cuando los precios tocan la linea de soporte, tienen una tendencia a volver a subir.<\/p>\n<p>Un nivel de resistencia es un nivel en un gr\u00e1fico debajo del cual los intereses de los vendedores superan la presi\u00f3n de compra. Cuando los precios tocan la linea de resistencia, tienen una tendencia a volver a bajar.<\/p>\n<p>Una linea de tendencia es una herramienta que te permite determinar si la tendencia sigue siendo siendo v\u00e1lida. Cuando hay una tendencia alcista: debes intentar dibujar\u00a0 una linea de tendencia de soportes ascendente. Por el contrario, si hay una tendencia bajista: debes tratar de dibujar una l\u00ednea de tendencia de resistencia descendente.<\/p>\n<h3>B. Estrategias t\u00e9cnicas de Forex trading<\/h3>\n<p>Como acabamos de describir, puedes utilizar el an\u00e1lisis de gr\u00e1ficos como una estrategia poderosa de Forex,operar con l\u00edneas de soporte, resistencia, l\u00edneas de tendencia, canales y otros patrones de continuidad o retrocesos.<\/p>\n<p>La mayor\u00eda de los traders de Forex que utilizan el An\u00e1lisis T\u00e9cnico emplean el Scalping o Day Trading, ya que son estrategia muy especulativas y muy populares basadas en operaciones cortas y r\u00e1pidas.<\/p>\n<p>Presentaremos las estrategias de Forex trading m\u00e1s poderosas y m\u00e1s populares utilizando indicadores t\u00e9cnicos con tus estrategias.<\/p>\n<p>El an\u00e1lisis t\u00e9cnico se basa en indicadores matem\u00e1ticos, que se pueden dividir en 3 grupos:<\/p>\n<ul>\n<li>Indicadores de tendencia: Construidos en base a los promedios m\u00f3viles, determinan la din\u00e1mica de un mercado.<\/li>\n<li>Osciladores: Indicadores que var\u00edan alrededor de 0, o entre rangos. Te permiten anticipar la aceleraci\u00f3n, sobre compra y sobre venta. Ejemplos de esto son los indicadores RSI y Estoc\u00e1stico.<\/li>\n<li>Indicadores de Fuerza: Calculan la potencia de una tendencia, como el indice DMI.<\/li>\n<\/ul>\n<h3>C. Ejemplos: Promedios M\u00f3viles, Bandas MACD y Bollinger<\/h3>\n<p>Medias M\u00f3viles:<\/p>\n<p>Las medias m\u00f3viles (MA) responden a la pregunta \u00bfCu\u00e1l es el precio promedio de un activo que ha sido negociado en el ultimo periodo? Tambi\u00e9n reflejan la opini\u00f3n del mercado sobre esos periodos.<\/p>\n<p>Los per\u00edodos comunes utilizados por los traders son 20 y 50 para los traders a corto plazo, y 100 y 200 para los traders a largo plazo.<\/p>\n<p>MACD:<\/p>\n<p>Este es uno de los indicadores matem\u00e1ticos m\u00e1s utilizados. El MACD es la diferencia entre dos promedios m\u00f3viles exponenciales, uno corto y otro largo. Cuando el MA corto pasa por encima del largo, el MACD es positivo y generalmente es una se\u00f1al de compra. A la inversa, cuando el MA m\u00e1s corto est\u00e1 por debajo del largo, el MACD es negativo y nos da una se\u00f1al de venta.<\/p>\n<p>El MACD tambi\u00e9n se compone de su propia media m\u00f3vil llamada &#8220;l\u00ednea de se\u00f1al&#8221;.\u00a0 Cuando el MACD cruza la l\u00ednea de se\u00f1al hacia arriba, los compradores dominan el mercado. Cuando la l\u00ednea cruza la se\u00f1al, los vendedores dominan el mercado.<\/p>\n<p>Por lo tanto, los 2 m\u00e9todos m\u00e1s comunes utilizados para interpretar el MACD son los cruces de l\u00edneas del indicador y las divergencias con la evoluci\u00f3n de los precios. Se puede observar una divergencia cuando el valor actual de un activo y el MACD divergen, o se mueven en direcciones opuestas.<\/p>\n<p>Bandas Bollinger:<\/p>\n<p>Las bandas bollinger (BB) reflejan los promedios m\u00f3viles con un nuevo par\u00e1metro: la volatilidad del mercado<\/p>\n<img decoding=\"async\" loading=\"lazy\" width=\"768\" height=\"369\" class=\"aligncenter size-full wp-image-85524\" src=\"http:\/\/forextradingbonus.com\/wp-content\/img\/2019\/03\/bb.png\" alt=\"las estrategias m\u00e1s poderosas de Forex Trading\" \/>\n<p>El indicador consta de tres lineas:<\/p>\n<ol>\n<li>Un MA de generalmente 20 d\u00edas<\/li>\n<li>Una banda inferior que localiza la volatilidad por debajo del promedio m\u00f3vil.<\/li>\n<li>Una banda superior que localiza la volatilidad por encima del promedio m\u00f3vil.<\/li>\n<\/ol>\n<p>Este indicador te brinda informaci\u00f3n sobre:<\/p>\n<ul>\n<li>La tendencia: Ser\u00e1 m\u00e1s fuerte cuando las bandas se ensanchen (ve el punto A del gr\u00e1fico). Por el contrario, una tendencia d\u00e9bil mostrar\u00e1 un estrechamiento entre las bandas.<\/li>\n<li>Niveles de precios: por encima de la banda superior, los precios se consideran altos.<\/li>\n<li>Se\u00f1ales de Retrocesos: el breve descanso de la banda superior es generalmente una se\u00f1al de retroceso bajista y, a la inversa.<\/li>\n<li>Se\u00f1ales de aceleraci\u00f3n: Un canal estrecho, pronostica una futura aceleraci\u00f3n de precios.<\/li>\n<\/ul>\n<h2>Conclusi\u00f3n:<\/h2>\n<p>Las estrategias de FX trading m\u00e1s poderosas se basan en el an\u00e1lisis fundamental, an\u00e1lisis t\u00e9cnico o una mezcla de ellas, aunque no debes dejar de lado el an\u00e1lisis sentimental. Es importante saber como piensan los comerciantes y como reaccionar\u00e1n ante las estad\u00edsticas o cualquier noticia que pueda influir en el mercado.<\/p>\n<p>No olvides que el mercado presenta una psicolog\u00eda y memoria predeterminada, y los traders tienden a reaccionar de la misma forma con el tiempo. Esta es la raz\u00f3n por la cual el an\u00e1lisis t\u00e9cnico puede tender a repetirse. Los niveles de Soportes y Resistencias representan reacciones pasadas y se supone que en esos niveles algo suceder\u00e1 advirtiendo a los traders.<\/p>\n<p>Esos niveles, materializando las opiniones de los traders, son tambi\u00e9n los conceptos b\u00e1sicos del an\u00e1lisis de gr\u00e1ficos, y es utilizan en combinaci\u00f3n con indicadores matem\u00e1ticos. esos indicadores se pueden analizar individualmente en conjunto con los precios para detectar posibles divergencias.<\/p>\n","protected":false},"excerpt":{"rendered":"Crear una poderosa estrategia de Forex trading no es tarea f\u00e1cil, y debes pensarlo en funci\u00f3n de la","protected":false},"author":19,"featured_media":85527,"parent":0,"menu_order":0,"comment_status":"closed","ping_status":"closed","template":"","meta":{"_mi_skip_tracking":false},"acf":[],"yoast_head":"<!-- This site is optimized with the Yoast SEO plugin v20.4 - https:\/\/yoast.com\/wordpress\/plugins\/seo\/ -->\n<title>Tres consejos para construir una poderosa estrategia de Forex Trading<\/title>\n<meta name=\"description\" content=\"Gu\u00eda con Tres consejos para construir una poderosa estrategia de Forex Trading. Detalles de c\u00f3mo utiilizar los indicadores m\u00e1s importantes.\" \/>\n<meta name=\"robots\" content=\"index, follow, max-snippet:-1, max-image-preview:large, max-video-preview:-1\" \/>\n<link rel=\"canonical\" href=\"https:\/\/forextradingbonus.com\/es\/3-consejos-para-estrategias-de-fx\/\" \/>\n<meta property=\"og:locale\" content=\"es_ES\" \/>\n<meta property=\"og:type\" content=\"article\" \/>\n<meta property=\"og:title\" content=\"Tres consejos para construir una poderosa estrategia de Forex Trading\" \/>\n<meta property=\"og:description\" content=\"Gu\u00eda con Tres consejos para construir una poderosa estrategia de Forex Trading. Detalles de c\u00f3mo utiilizar los indicadores m\u00e1s importantes.\" \/>\n<meta property=\"og:url\" content=\"https:\/\/forextradingbonus.com\/es\/3-consejos-para-estrategias-de-fx\/\" \/>\n<meta property=\"og:site_name\" content=\"Forex Trading Bonus\" \/>\n<meta property=\"og:image\" content=\"https:\/\/forextradingbonus.com\/wp-content\/img\/2019\/03\/stencil-2-1.jpg\" \/>\n\t<meta property=\"og:image:width\" content=\"1400\" \/>\n\t<meta property=\"og:image:height\" content=\"900\" \/>\n\t<meta property=\"og:image:type\" content=\"image\/jpeg\" \/>\n<meta name=\"twitter:card\" content=\"summary_large_image\" \/>\n<meta name=\"twitter:label1\" content=\"Tiempo de lectura\" \/>\n\t<meta name=\"twitter:data1\" content=\"14 minutos\" \/>\n<!-- \/ Yoast SEO plugin. -->","yoast_head_json":{"title":"Tres consejos para construir una poderosa estrategia de Forex Trading","description":"Gu\u00eda con Tres consejos para construir una poderosa estrategia de Forex Trading. Detalles de c\u00f3mo utiilizar los indicadores m\u00e1s importantes.","robots":{"index":"index","follow":"follow","max-snippet":"max-snippet:-1","max-image-preview":"max-image-preview:large","max-video-preview":"max-video-preview:-1"},"canonical":"https:\/\/forextradingbonus.com\/es\/3-consejos-para-estrategias-de-fx\/","og_locale":"es_ES","og_type":"article","og_title":"Tres consejos para construir una poderosa estrategia de Forex Trading","og_description":"Gu\u00eda con Tres consejos para construir una poderosa estrategia de Forex Trading. Detalles de c\u00f3mo utiilizar los indicadores m\u00e1s importantes.","og_url":"https:\/\/forextradingbonus.com\/es\/3-consejos-para-estrategias-de-fx\/","og_site_name":"Forex Trading Bonus","og_image":[{"width":1400,"height":900,"url":"https:\/\/forextradingbonus.com\/wp-content\/img\/2019\/03\/stencil-2-1.jpg","type":"image\/jpeg"}],"twitter_card":"summary_large_image","twitter_misc":{"Tiempo de lectura":"14 minutos"},"schema":{"@context":"https:\/\/schema.org","@graph":[{"@type":"WebPage","@id":"https:\/\/forextradingbonus.com\/es\/3-consejos-para-estrategias-de-fx\/","url":"https:\/\/forextradingbonus.com\/es\/3-consejos-para-estrategias-de-fx\/","name":"Tres consejos para construir una poderosa estrategia de Forex Trading","isPartOf":{"@id":"https:\/\/forextradingbonus.com\/#website"},"datePublished":"2019-03-31T14:56:25+00:00","dateModified":"2019-03-31T14:56:25+00:00","description":"Gu\u00eda con Tres consejos para construir una poderosa estrategia de Forex Trading. Detalles de c\u00f3mo utiilizar los indicadores m\u00e1s importantes.","breadcrumb":{"@id":"https:\/\/forextradingbonus.com\/es\/3-consejos-para-estrategias-de-fx\/#breadcrumb"},"inLanguage":"es","potentialAction":[{"@type":"ReadAction","target":["https:\/\/forextradingbonus.com\/es\/3-consejos-para-estrategias-de-fx\/"]}]},{"@type":"BreadcrumbList","@id":"https:\/\/forextradingbonus.com\/es\/3-consejos-para-estrategias-de-fx\/#breadcrumb","itemListElement":[{"@type":"ListItem","position":1,"name":"Home","item":"https:\/\/forextradingbonus.com\/es\/"},{"@type":"ListItem","position":2,"name":"Tres consejos para construir una poderosa estrategia de Forex Trading"}]},{"@type":"WebSite","@id":"https:\/\/forextradingbonus.com\/#website","url":"https:\/\/forextradingbonus.com\/","name":"Forex Trading Bonus","description":"Best Forex Trading Bonus Reviews. Deposit &amp; No Deposit FX Bonuses and Tips","potentialAction":[{"@type":"SearchAction","target":{"@type":"EntryPoint","urlTemplate":"https:\/\/forextradingbonus.com\/?s={search_term_string}"},"query-input":"required name=search_term_string"}],"inLanguage":"es"}]}},"_links":{"self":[{"href":"https:\/\/forextradingbonus.com\/es\/wp-json\/wp\/v2\/pages\/85506"}],"collection":[{"href":"https:\/\/forextradingbonus.com\/es\/wp-json\/wp\/v2\/pages"}],"about":[{"href":"https:\/\/forextradingbonus.com\/es\/wp-json\/wp\/v2\/types\/page"}],"author":[{"embeddable":true,"href":"https:\/\/forextradingbonus.com\/es\/wp-json\/wp\/v2\/users\/19"}],"replies":[{"embeddable":true,"href":"https:\/\/forextradingbonus.com\/es\/wp-json\/wp\/v2\/comments?post=85506"}],"version-history":[{"count":4,"href":"https:\/\/forextradingbonus.com\/es\/wp-json\/wp\/v2\/pages\/85506\/revisions"}],"predecessor-version":[{"id":85621,"href":"https:\/\/forextradingbonus.com\/es\/wp-json\/wp\/v2\/pages\/85506\/revisions\/85621"}],"wp:featuredmedia":[{"embeddable":true,"href":"https:\/\/forextradingbonus.com\/es\/wp-json\/wp\/v2\/media\/85527"}],"wp:attachment":[{"href":"https:\/\/forextradingbonus.com\/es\/wp-json\/wp\/v2\/media?parent=85506"}],"curies":[{"name":"wp","href":"https:\/\/api.w.org\/{rel}","templated":true}]}}