{"id":84769,"date":"2019-03-20T15:18:57","date_gmt":"2019-03-20T15:18:57","guid":{"rendered":"http:\/\/forextradingbonus.com\/?page_id=84769"},"modified":"2019-03-26T11:50:30","modified_gmt":"2019-03-26T11:50:30","slug":"deposito","status":"publish","type":"page","link":"https:\/\/forextradingbonus.com\/pt-br\/deposito\/","title":{"rendered":"Lista de B\u00f4nus de dep\u00f3sito do Forex"},"content":{"rendered":"\n<p>Por que optar por receber o b\u00f4nus de dep\u00f3sito do Forex? Ser um profissional de Forex n\u00e3o \u00e9 uma tarefa f\u00e1cil. Se engana quem pensa que esse \u00e9 um mercado superficial e sem profundidade. A ind\u00fastria Forex \u00e9 complexa e repleta de detalhes muito interessantes. Voc\u00ea precisa\u00a0 fazer os c\u00e1lculos de todas as chances que\u00a0 possui e pensar a respeito de todos os riscos que lhe cercam. N\u00e3o adiante focar somente nas poss\u00edveis recompensas. Um investidor s\u00e1bio leva em considera\u00e7\u00e3o todos os ricos que uma tomada de decis\u00e3o envolve. Para se tornar um negociante do Forex de sucesso \u00e9 necess\u00e1rio dedicar muito tempo e ser esfor\u00e7ado. O b\u00f4nus de negocia\u00e7\u00e3o do Forex n\u00e3o pode te apresentar nenhum comerciante de \u00eaxito que obteve seu sucesso da noite para o dia.<\/p>\n<div class=\"cmpany-review__list\">\n                <!-- Star icon -->\n                <svg width=\"16px\" height=\"15px\" style=\"display:none\" viewBox=\"0 0 16 15\" version=\"1.1\" xmlns=\"http:\/\/www.w3.org\/2000\/svg\" xmlns:xlink=\"http:\/\/www.w3.org\/1999\/xlink\">\n                    <symbol id=\"icon-star\" viewBox=\"0 0 16 15\">\n                        <polygon points=\"7.60845213 12 2.90617011 14.472136 3.80422607 9.23606798 -5.55111512e-17 5.52786405 5.25731112 4.76393202 7.60845213 0 9.95959314 4.76393202 15.2169043 5.52786405 11.4126782 9.23606798 12.3107341 14.472136\"><\/polygon>\n                    <\/symbol>\n                <\/svg><!-- Company review item -->\n            <div class=\"cmpany-review__item\">\n                <div class=\"cmpany-review__info\"><h3 class=\"cmpany-review__name\">XM Forex<\/h3><div class=\"cmpany-review__rating cmpany-review__rating--active-5\">\n                        <svg class=\"cmpany-review__rating__item\"><use xlink:href=\"#icon-star\"><\/use><\/svg>\n                        <svg class=\"cmpany-review__rating__item\"><use xlink:href=\"#icon-star\"><\/use><\/svg>\n                        <svg class=\"cmpany-review__rating__item\"><use xlink:href=\"#icon-star\"><\/use><\/svg>\n                        <svg class=\"cmpany-review__rating__item\"><use xlink:href=\"#icon-star\"><\/use><\/svg>\n                        <svg class=\"cmpany-review__rating__item\"><use xlink:href=\"#icon-star\"><\/use><\/svg>\n                    <\/div><div class=\"cmpany-review__preview\">\n                        <img src=\"https:\/\/forextradingbonus.com\/wp-content\/img\/2019\/02\/xm-bonus-120x50.png\"\n                             alt=\"B\u00f4nus XM de dep\u00f3sito Forex\" class=\"cmpany-review__preview__img\" data-rjs=\"3\">\n                    <\/div>\n                <\/div>\n\n                <div class=\"cmpany-review__stats cmpany-review__stats--twoinline\">\n\n                    <div class=\"cmpany-review__stats__item\">\n                        <div class=\"cmpany-review__stats__preview\">\n                            <img src=\"https:\/\/forextradingbonus.com\/wp-content\/themes\/ForexTradingBonus.com\/img\/icons\/Prizepool.svg\" alt=\"\" class=\"cmpany-review__stats__img\">\n                        <\/div>\n                        <div class=\"cmpany-review__stats__info\">\n                            <h3 class=\"cmpany-review__stats__name\">Tamanho<\/h3>\n                            <p class=\"cmpany-review__stats__desc\">5,000$<\/p>\n                        <\/div>\n                    <\/div>\n\n                    <div class=\"cmpany-review__stats__item\">\n                        <div class=\"cmpany-review__stats__preview\">\n                            <img src=\"https:\/\/forextradingbonus.com\/wp-content\/themes\/ForexTradingBonus.com\/img\/icons\/Platform.svg\" alt=\"\" class=\"cmpany-review__stats__img\">\n                        <\/div>\n                        <div class=\"cmpany-review__stats__info\">\n                            <h3 class=\"cmpany-review__stats__name\">Plataforma<\/h3>\n                            <p class=\"cmpany-review__stats__desc\">MT4, MT5<\/p>\n                        <\/div>\n                    <\/div>\n\n                    <div class=\"cmpany-review__stats__item\">\n                        <div class=\"cmpany-review__stats__preview\">\n                            <img src=\"https:\/\/forextradingbonus.com\/wp-content\/themes\/ForexTradingBonus.com\/img\/icons\/Expiration.svg\" alt=\"\" class=\"cmpany-review__stats__img\">\n                        <\/div>\n                        <div class=\"cmpany-review__stats__info\">\n                            <h3 class=\"cmpany-review__stats__name\">Data de validade<\/h3>\n                            <p class=\"cmpany-review__stats__desc\">N\/A<\/p>\n                        <\/div>\n                    <\/div>\n\n                    <div class=\"cmpany-review__stats__item\">\n                        <div class=\"cmpany-review__stats__preview\">\n                            <img src=\"https:\/\/forextradingbonus.com\/wp-content\/themes\/ForexTradingBonus.com\/img\/icons\/Amount.svg\" alt=\"\" class=\"cmpany-review__stats__img\">\n                        <\/div>\n                        <div class=\"cmpany-review__stats__info\">\n                            <h3 class=\"cmpany-review__stats__name\">Volume m\u00ednimo<\/h3>\n                            <p class=\"cmpany-review__stats__desc\">0.01 Lots<\/p>\n                        <\/div>\n                    <\/div>\n\n                <\/div>\n\n                <div class=\"cmpany-review__controls\"><a href=\"\/go\/xm\/\" target=\u201d_blank\u201d rel=\"nofollow\" class=\"button button--primary\">Obtenha seu b\u00f4nus<\/a><a href=\"https:\/\/forextradingbonus.com\/pt-br\/deposito\/xm\/\" class=\"cmpany-review__controls__link\">Ler o review<\/a>\n                <\/div>\n            <\/div>\n            <!-- Company review item end --><\/div>\n<p>Se algu\u00e9m lhe orientar que voc\u00ea precisa buscar conhecimento e ensino para se tornar um profissional Forex, \u00e9 muito prov\u00e1vel que esta pessoa esteja correta. Por\u00e9m, o conhecimento pr\u00e1tico acaba sendo mais relevante do que a educa\u00e7\u00e3o te\u00f3rica. A forma mais apropriadas para praticar o Forex \u00e9 quando lhe s\u00e3o dadas mais chances de negocia\u00e7\u00e3o e um valor maior de capital para negociar. \u00c9 em fun\u00e7\u00e3o disto que uma oferta de B\u00f4nus com dep\u00f3sito Forex pode lhe favorecer em suas atividades comerciais.<\/p>\n<h2>Os profissionais fazem negocia\u00e7\u00f5es com um b\u00f4nus de dep\u00f3sito Forex?<\/h2>\n<p>Algumas vezes, \u00e9 incorreto afirmar que os negociantes mais experientes de Forex fazem suas negocia\u00e7\u00f5es sem possuir nenhum b\u00f4nus. Acreditamos que est\u00e1 opini\u00e3o est\u00e1 incorreta, mas existem motivos que levam alguns indiv\u00edduos a pensar assim. Voc\u00ea acredita que se caso algu\u00e9m lhe oferecer para fazer suas negocia\u00e7\u00f5es sem spreads, voc\u00ea aceitaria a oferta? N\u00e3o h\u00e1 como voc\u00ea ser preparado o suficiente para realizar essa fa\u00e7anha! Isso \u00e9 o\u00a0 resultado que o b\u00f4nus de dep\u00f3sito de Forex proporciona &#8211; ela oferece recompensas, por ser distribu\u00eddo.<\/p>\n<p>Essa \u00e9 a zar\u00e3o pela qual muitos investidores com vasta experiencia n\u00e3o d\u00e3o passos largos utilizando o b\u00f4nus de oferta. Certamente eles n\u00e3o utilizam nenhum b\u00f4nus sem dep\u00f3sito, j\u00e1 que o valor que eles disponibilizam n\u00e3o \u00e9 um capital real para eles. Boa parte dos negociantes utilizam o melhor b\u00f4nus de dep\u00f3sito do Forex para adquirir um saldo e ter chances de fazer negocia\u00e7\u00f5es com volumes de capital mais elevado.<\/p>\n<h2>Como encontrar uma boa oferta de b\u00f4nus?<\/h2>\n<p>Os negociantes mais habilidosos do Forex n\u00e3o v\u00e3o de encontro aos b\u00f4nus mais elevados que eles identificam em suas pesquisas. Eles analisam minuciosamente todas as caracter\u00edsticas da oferta, para achar um b\u00f4nus real e que n\u00e3o possui falhas ou enganos. Sempre que se deparar com uma oferta anunciada por uma corretora, leia seus termos e condi\u00e7\u00f5es em detalhes. Essa \u00e9 a melhor forma de n\u00e3o ser enganado e ter acesso a todas as informa\u00e7\u00f5es que voc\u00ea precisa para avaliar se aquela oferta \u00e9 apropriada para voc\u00ea, seu \u00e9 honesta ou n\u00e3o.<\/p>\n<p>N\u00e3o se deixe levar pela primeira chamada da propaganda, n\u00e3o se engane, \u00e9 preciso gastar tempo e concentra\u00e7\u00e3o lendo e procurando informa\u00e7\u00f5es\u00a0 a respeito das ofertas que est\u00e3o sendo oferecidas. E o fato mais relevante de todos, eles nunca ir\u00e3o correr atr\u00e1s de um b\u00f4nus que \u00e9 oferecido por uma corretora que n\u00e3o \u00e9 de confian\u00e7a. Pois para os investidores mais experientes \u00e9 muito mais importante adquirir um b\u00f4nus que seja realmente conciso e seguro, ao inv\u00e9s de adquirir por exemplo um b\u00f4nus que \u00e9 ofertado por uma empresa de reputa\u00e7\u00e3o duvidosa, mesmo que ela lhe ofere\u00e7a 50 porcento de b\u00f4nus com dep\u00f3sito de FX.<\/p>\n<p>Nenhum investidor de Forex experiente opera com corretoras cuja idoneidade \u00e9 question\u00e1vel. Ent\u00e3o o primeiro passo que voc\u00ea deve dar, \u00e9 ficar satisfeito com uma corretora que possua um perfil honesto, em seguida voc\u00ea precisa encontrar as condi\u00e7\u00f5es mais apropriadas e uma plataforma que vai atender as suas demandas comercias, e ent\u00e3o por \u00faltimo, voc\u00ea tem que encontrar uma corretora que possua um perfil com todas as caracter\u00edsticas citadas acima, e um b\u00f4nus de negocia\u00e7\u00e3o favor\u00e1vel a sua negocia\u00e7\u00e3o dentro da plataforma.<\/p>\n<h2>Onde adquirir o melhor b\u00f4nus?<\/h2>\n<p>Em nossa equipe do Forex Trading Bonus, temos profissionais experientes e capacitados, o Forex Trading Bonus utiliza a experi\u00eancia que possui no mercado, para apresentar os neg\u00f3cios reais, como eles s\u00e3o. Averiguamos profundamente cada oferta de b\u00f4nus de Forex e tentamos achar todos os caminhos que ela pode seguir. Se entendermos que um acordo em espec\u00edfico \u00e9 mediano para a sua necessidade comercial, n\u00f3s podemos encontrar algo melhor para o seu perfil, e lhe informaremos a revis\u00e3o a respeito do neg\u00f3cio. N\u00f3s realmente nos preocupamos com o seu capital, nunca tentaremos adquirir um acordo em que as condi\u00e7\u00f5es n\u00e3o s\u00e3o confi\u00e1veis.<\/p>\n<p>A seguran\u00e7a \u00e9 um dos aspectos mais importante para aqueles que querem inciar suas negocia\u00e7\u00f5es atrav\u00e9s do mercado do Forex at\u00e9 mesmo na hora de escolher o b\u00f4nus de dep\u00f3sito FX. Antes de contratar uma corretora, certifique-se de que a mesma possui um hist\u00f3rico honesto e eficaz com seus clientes, tenha em mente que voc\u00ea precisa avaliar cada aspecto de seu perfil e atua\u00e7\u00e3o dentro do mercado. N\u00e3o desanime de estudar realmente as informa\u00e7\u00f5es necess\u00e1rias antes de abrir uma conta ou at\u00e9 mesmo iniciar uma posi\u00e7\u00e3o atrav\u00e9s de uma intermediadora, sem antes ter certeza de que a mesma atende todos os requisitos de seguran\u00e7a e vai lhe oferecer aquilo que precisa para fazer suas negocia\u00e7\u00f5es.<\/p>\n<p>Al\u00e9m do mais, caso voc\u00ea tenha alguma experi\u00eancia negativa em rela\u00e7\u00e3o a ofertas que s\u00e3o exibidas no Forex Trading B\u00f4nus &#8211; entre em contato conosco, e nos fale sobre sua opini\u00e3o, para que n\u00f3s possamos compartilh\u00e1-la com todos os outros investidores do mercado de Forex!<\/p>\n<h2>Conclus\u00e3o<\/h2>\n<p>Escolher as melhores oferta de b\u00f4nus FX\u00a0pode n\u00e3o ter uma tarefa t\u00e3o f\u00e1cil e instant\u00e2nea. Requer tempo de pesquisa, e dedica\u00e7\u00e3o as an\u00e1lises e avalia\u00e7\u00f5es\u00a0 acerca das ofertas que as diversas corretoras oferecem. Nossa equipe est\u00e1 aqui para ajudar os investidores neste caminho que \u00e9 \u00e1rduo, por\u00e9m compensador, quando as decis\u00f5es e escolhas s\u00e3o feitas da forma correta. Nosso time de especialista tem a inten\u00e7\u00e3o de atrav\u00e9s dessa p\u00e1gina, oferecer an\u00e1lises, avalia\u00e7\u00f5es e conte\u00fado destinado a aqueles que buscam tomar decis\u00f5es s\u00e1bias e seguras a respeito de suas negocia\u00e7\u00f5es no mercado do Forex.<\/p>\n","protected":false},"excerpt":{"rendered":"Se prepare para fazer negocia\u00e7\u00f5es atrav\u00e9s da Plataforma online da XM, MetaTrader 4 ou a vers\u00e3o MT5","protected":false},"author":19,"featured_media":84772,"parent":0,"menu_order":0,"comment_status":"open","ping_status":"open","template":"page_full_width.php","meta":{"_mi_skip_tracking":false},"acf":[],"yoast_head":"<!-- This site is optimized with the Yoast SEO plugin v20.4 - https:\/\/yoast.com\/wordpress\/plugins\/seo\/ -->\n<title>Se voc\u00ea est\u00e1 buscando o melhor b\u00f4nus com dep\u00f3sito do Forex n\u00f3s temos<\/title>\n<meta name=\"description\" content=\"Selecionamos reviews com os melhores b\u00f4nus de dep\u00f3sito Forex para lhe ajudar a impulsionar as suas negocia\u00e7\u00f5es no mercado financeiro\" \/>\n<meta name=\"robots\" content=\"index, follow, max-snippet:-1, max-image-preview:large, max-video-preview:-1\" \/>\n<link rel=\"canonical\" href=\"https:\/\/forextradingbonus.com\/pt-br\/deposito\/\" \/>\n<meta property=\"og:locale\" content=\"pt_BR\" \/>\n<meta property=\"og:type\" content=\"article\" \/>\n<meta property=\"og:title\" content=\"Se voc\u00ea est\u00e1 buscando o melhor b\u00f4nus com dep\u00f3sito do Forex n\u00f3s temos\" \/>\n<meta property=\"og:description\" content=\"Selecionamos reviews com os melhores b\u00f4nus de dep\u00f3sito Forex para lhe ajudar a impulsionar as suas negocia\u00e7\u00f5es no mercado financeiro\" \/>\n<meta property=\"og:url\" content=\"https:\/\/forextradingbonus.com\/pt-br\/deposito\/\" \/>\n<meta property=\"og:site_name\" content=\"Forex Trading Bonus\" \/>\n<meta property=\"article:modified_time\" content=\"2019-03-26T11:50:30+00:00\" \/>\n<meta property=\"og:image\" content=\"https:\/\/forextradingbonus.com\/wp-content\/img\/2019\/03\/126g.png\" \/>\n\t<meta property=\"og:image:width\" content=\"465\" \/>\n\t<meta property=\"og:image:height\" content=\"387\" \/>\n\t<meta property=\"og:image:type\" content=\"image\/png\" \/>\n<meta name=\"twitter:card\" content=\"summary_large_image\" \/>\n<meta name=\"twitter:label1\" content=\"Est. tempo de leitura\" \/>\n\t<meta name=\"twitter:data1\" content=\"6 minutos\" \/>\n<!-- \/ Yoast SEO plugin. -->","yoast_head_json":{"title":"Se voc\u00ea est\u00e1 buscando o melhor b\u00f4nus com dep\u00f3sito do Forex n\u00f3s temos","description":"Selecionamos reviews com os melhores b\u00f4nus de dep\u00f3sito Forex para lhe ajudar a impulsionar as suas negocia\u00e7\u00f5es no mercado financeiro","robots":{"index":"index","follow":"follow","max-snippet":"max-snippet:-1","max-image-preview":"max-image-preview:large","max-video-preview":"max-video-preview:-1"},"canonical":"https:\/\/forextradingbonus.com\/pt-br\/deposito\/","og_locale":"pt_BR","og_type":"article","og_title":"Se voc\u00ea est\u00e1 buscando o melhor b\u00f4nus com dep\u00f3sito do Forex n\u00f3s temos","og_description":"Selecionamos reviews com os melhores b\u00f4nus de dep\u00f3sito Forex para lhe ajudar a impulsionar as suas negocia\u00e7\u00f5es no mercado financeiro","og_url":"https:\/\/forextradingbonus.com\/pt-br\/deposito\/","og_site_name":"Forex Trading Bonus","article_modified_time":"2019-03-26T11:50:30+00:00","og_image":[{"width":465,"height":387,"url":"https:\/\/forextradingbonus.com\/wp-content\/img\/2019\/03\/126g.png","type":"image\/png"}],"twitter_card":"summary_large_image","twitter_misc":{"Est. tempo de leitura":"6 minutos"},"schema":{"@context":"https:\/\/schema.org","@graph":[{"@type":"WebPage","@id":"https:\/\/forextradingbonus.com\/pt-br\/deposito\/","url":"https:\/\/forextradingbonus.com\/pt-br\/deposito\/","name":"Se voc\u00ea est\u00e1 buscando o melhor b\u00f4nus com dep\u00f3sito do Forex n\u00f3s temos","isPartOf":{"@id":"https:\/\/forextradingbonus.com\/#website"},"datePublished":"2019-03-20T15:18:57+00:00","dateModified":"2019-03-26T11:50:30+00:00","description":"Selecionamos reviews com os melhores b\u00f4nus de dep\u00f3sito Forex para lhe ajudar a impulsionar as suas negocia\u00e7\u00f5es no mercado financeiro","breadcrumb":{"@id":"https:\/\/forextradingbonus.com\/pt-br\/deposito\/#breadcrumb"},"inLanguage":"pt-BR","potentialAction":[{"@type":"ReadAction","target":["https:\/\/forextradingbonus.com\/pt-br\/deposito\/"]}]},{"@type":"BreadcrumbList","@id":"https:\/\/forextradingbonus.com\/pt-br\/deposito\/#breadcrumb","itemListElement":[{"@type":"ListItem","position":1,"name":"Home","item":"https:\/\/forextradingbonus.com\/pt-br\/"},{"@type":"ListItem","position":2,"name":"Lista de B\u00f4nus de dep\u00f3sito do Forex"}]},{"@type":"WebSite","@id":"https:\/\/forextradingbonus.com\/#website","url":"https:\/\/forextradingbonus.com\/","name":"Forex Trading Bonus","description":"Best Forex Trading Bonus Reviews. Deposit &amp; No Deposit FX Bonuses and Tips","potentialAction":[{"@type":"SearchAction","target":{"@type":"EntryPoint","urlTemplate":"https:\/\/forextradingbonus.com\/?s={search_term_string}"},"query-input":"required name=search_term_string"}],"inLanguage":"pt-BR"}]}},"_links":{"self":[{"href":"https:\/\/forextradingbonus.com\/pt-br\/wp-json\/wp\/v2\/pages\/84769"}],"collection":[{"href":"https:\/\/forextradingbonus.com\/pt-br\/wp-json\/wp\/v2\/pages"}],"about":[{"href":"https:\/\/forextradingbonus.com\/pt-br\/wp-json\/wp\/v2\/types\/page"}],"author":[{"embeddable":true,"href":"https:\/\/forextradingbonus.com\/pt-br\/wp-json\/wp\/v2\/users\/19"}],"replies":[{"embeddable":true,"href":"https:\/\/forextradingbonus.com\/pt-br\/wp-json\/wp\/v2\/comments?post=84769"}],"version-history":[{"count":6,"href":"https:\/\/forextradingbonus.com\/pt-br\/wp-json\/wp\/v2\/pages\/84769\/revisions"}],"predecessor-version":[{"id":85473,"href":"https:\/\/forextradingbonus.com\/pt-br\/wp-json\/wp\/v2\/pages\/84769\/revisions\/85473"}],"wp:featuredmedia":[{"embeddable":true,"href":"https:\/\/forextradingbonus.com\/pt-br\/wp-json\/wp\/v2\/media\/84772"}],"wp:attachment":[{"href":"https:\/\/forextradingbonus.com\/pt-br\/wp-json\/wp\/v2\/media?parent=84769"}],"curies":[{"name":"wp","href":"https:\/\/api.w.org\/{rel}","templated":true}]}}