{"id":84799,"date":"2019-03-20T15:20:17","date_gmt":"2019-03-20T15:20:17","guid":{"rendered":"http:\/\/forextradingbonus.com\/?page_id=84799"},"modified":"2020-12-07T14:11:14","modified_gmt":"2020-12-07T14:11:14","slug":"sem-deposito","status":"publish","type":"page","link":"https:\/\/forextradingbonus.com\/pt-br\/sem-deposito\/","title":{"rendered":"Lista de B\u00f4nus Forex Sem Dep\u00f3sito"},"content":{"rendered":"\n<p>&#8220;Mercado Forex&#8221; \u00e9 uma express\u00e3o normalmente utilizada para denominar o mercado em que pares moedas de pa\u00edses distintos s\u00e3o trocadas de forma comercial, atrav\u00e9s de uma cota\u00e7\u00e3o ou especula\u00e7\u00e3o. A a\u00e7\u00e3o de negociar pares moedas de forma especulativa, com o objetivo de gerar um lucro \u00e9 chamado de negocia\u00e7\u00e3o de Forex. As negocia\u00e7\u00f5es de Forex que acontecem em uma plataforma online as vezes \u00e9 nomeado de negocia\u00e7\u00e3o a vista, ou negocia\u00e7\u00e3o de pares de moedas.<\/p>\n<p>Os principais locais em que ocorrem as maiores troca de moeda do mundo s\u00e3o: Nova York, Londres, Paris, Sydney, Hong Kong, Cingapura, T\u00f3quio e Frankfurt. A cada dia pessoas comuns decidem fazer parte do mercado de Forex com o objetivo de ganhar uma renda extra para complementar seu or\u00e7amento mensal, j\u00e1 que o mercado \u00e9 extremamente acess\u00edvel e permite que seus investidores tenham lucros relevantes e muitas das vezes de forma r\u00e1pida. Pare de procurar por um meio de neg\u00f3cio gratuito agora! Seja contemplado com um b\u00f4nus sem dep\u00f3sito Forex no valor de de <a href=\"\/go\/xmbonus\/\">US $30 da XM agora<\/a>!<\/p>\n<p>Quer fazer um teste sobre as condi\u00e7\u00f5es de negocia\u00e7\u00e3o de uma das melhores corretoras? Inicie uma conta gr\u00e1tis atrav\u00e9s da intermedi\u00e1ria XM Forex e comece a realizar suas negocia\u00e7\u00f5es com $30 gratuitamente deste exato momento!<\/p>\n<p>Descubra As melhores ofertas de b\u00f4nus de Forex sem dep\u00f3sito de 2021 aqui!<\/p>\n<div class=\"cmpany-review__list\">\n                <!-- Star icon -->\n                <svg width=\"16px\" height=\"15px\" style=\"display:none\" viewBox=\"0 0 16 15\" version=\"1.1\" xmlns=\"http:\/\/www.w3.org\/2000\/svg\" xmlns:xlink=\"http:\/\/www.w3.org\/1999\/xlink\">\n                    <symbol id=\"icon-star\" viewBox=\"0 0 16 15\">\n                        <polygon points=\"7.60845213 12 2.90617011 14.472136 3.80422607 9.23606798 -5.55111512e-17 5.52786405 5.25731112 4.76393202 7.60845213 0 9.95959314 4.76393202 15.2169043 5.52786405 11.4126782 9.23606798 12.3107341 14.472136\"><\/polygon>\n                    <\/symbol>\n                <\/svg><!-- Company review item -->\n            <div class=\"cmpany-review__item\">\n                <div class=\"cmpany-review__info\"><h3 class=\"cmpany-review__name\">XM Forex<\/h3><div class=\"cmpany-review__rating cmpany-review__rating--active-5\">\n                        <svg class=\"cmpany-review__rating__item\"><use xlink:href=\"#icon-star\"><\/use><\/svg>\n                        <svg class=\"cmpany-review__rating__item\"><use xlink:href=\"#icon-star\"><\/use><\/svg>\n                        <svg class=\"cmpany-review__rating__item\"><use xlink:href=\"#icon-star\"><\/use><\/svg>\n                        <svg class=\"cmpany-review__rating__item\"><use xlink:href=\"#icon-star\"><\/use><\/svg>\n                        <svg class=\"cmpany-review__rating__item\"><use xlink:href=\"#icon-star\"><\/use><\/svg>\n                    <\/div><div class=\"cmpany-review__preview\">\n                        <img src=\"https:\/\/forextradingbonus.com\/wp-content\/img\/2019\/03\/xm-Logo-120x50.jpg\"\n                             alt=\"$30 de B\u00f4nus XM sem dep\u00f3sito, leia uma an\u00e1lise honesta\" class=\"cmpany-review__preview__img\" data-rjs=\"3\">\n                    <\/div>\n                <\/div>\n\n                <div class=\"cmpany-review__stats\">\n                \n                    <div class=\"cmpany-review__stats__item\">\n                        <div class=\"cmpany-review__stats__preview\">\n                            <img src=\"https:\/\/forextradingbonus.com\/wp-content\/themes\/ForexTradingBonus.com\/img\/icons\/Prizepool.svg\" alt=\"\" class=\"cmpany-review__stats__img\">\n                        <\/div>\n                        <div class=\"cmpany-review__stats__info\">\n                            <h3 class=\"cmpany-review__stats__name\">Tamanho<\/h3>\n                            <p class=\"cmpany-review__stats__desc\">30 USD<\/p>\n                        <\/div>\n                    <\/div>\n                    \n                    <div class=\"cmpany-review__stats__item\">\n                        <div class=\"cmpany-review__stats__preview\">\n                            <img src=\"https:\/\/forextradingbonus.com\/wp-content\/themes\/ForexTradingBonus.com\/img\/icons\/Platform.svg\" alt=\"\" class=\"cmpany-review__stats__img\">\n                        <\/div>\n                        <div class=\"cmpany-review__stats__info\">\n                            <h3 class=\"cmpany-review__stats__name\">Plataforma<\/h3>\n                            <p class=\"cmpany-review__stats__desc\">MT4, MT5<\/p>\n                        <\/div>\n                    <\/div>\n                    \n                    <div class=\"cmpany-review__stats__item\">\n                        <div class=\"cmpany-review__stats__preview\">\n                            <img src=\"https:\/\/forextradingbonus.com\/wp-content\/themes\/ForexTradingBonus.com\/img\/icons\/Amount.svg\" alt=\"\" class=\"cmpany-review__stats__img\">\n                        <\/div>\n                        <div class=\"cmpany-review__stats__info\">\n                            <h3 class=\"cmpany-review__stats__name\">Volume m\u00ednimo<\/h3>\n                            <p class=\"cmpany-review__stats__desc\">0.01 Lots<\/p>\n                        <\/div>\n                    <\/div>\n\n                    <div class=\"cmpany-review__stats__item\">\n                        <div class=\"cmpany-review__stats__preview\">\n                            <img src=\"https:\/\/forextradingbonus.com\/wp-content\/themes\/ForexTradingBonus.com\/img\/icons\/Action.svg\" alt=\"\" class=\"cmpany-review__stats__img\">\n                        <\/div>\n                        <div class=\"cmpany-review__stats__info\">\n                            <h3 class=\"cmpany-review__stats__name\">A\u00e7\u00e3o<\/h3>\n                            <p class=\"cmpany-review__stats__desc\">SMS<\/p>\n                        <\/div>\n                    <\/div>\n\n                <\/div>\n\n                <div class=\"cmpany-review__controls\"><a href=\"\/go\/xmbonus\" target=\u201d_blank\u201d rel=\"nofollow\" class=\"button button--primary\">Obtenha seu b\u00f4nus<\/a><a href=\"https:\/\/forextradingbonus.com\/pt-br\/sem-deposito\/xm\/\" class=\"cmpany-review__controls__link\">Ler o review<\/a>\n                <\/div>\n            <\/div>\n            <!-- Company review item end --><\/div>\nN\u00f3s selecionamos uma lista das ofertas de b\u00f4nus gratuitas mais seguras e lucrativas. Al\u00e9m do mais, existe um guia muito proveitoso que apontar\u00e1 como selecionar o b\u00f4nus de Forex mais adequado para voc\u00ea em 2021!<\/p>\n<h2>Conhecendo os recursos b\u00e1sicos do mercado do Forex<\/h2>\n<p>O mercado do Forex \u00e9 a ind\u00fastria que mais apresenta liquidez e \u00e9 a mais comercializada em todo o mundo, tem apresentado em m\u00e9dia cerca de US $8 trilh\u00f5es em volume de opera\u00e7\u00f5es comerciais por dia. \u00c9 atualmente o maior mercado internacional, e possui um potencial enorme em ascens\u00e3o. Sua liquidez e volatilidade s\u00e3o as respons\u00e1veis pelas grandes altera\u00e7\u00f5es que ocorrem dentro das posi\u00e7\u00f5es abertas do mercado.<\/p>\n<p>Ao mesmo tempo que isso gera possibilidades de riscos, tamb\u00e9m abre o caminho para chances de lucro virem em grande propor\u00e7\u00f5es. Por essa raz\u00e3o \u00e9 muito importante conhecer mais sobre como o mercado de Forex trabalha, e ter acesso a ele atrav\u00e9s e uma corretora intermedi\u00e1ria de confian\u00e7a, com um hist\u00f3rico integro, que cumpre com os termos e condi\u00e7\u00f5es acordados com o cliente. N\u00f3s estamos aqui para lhe ajudar na sua escolha de uma corretora de Forex mais apropriada para o seu tipo de negocia\u00e7\u00e3o dentro do mercado De Forex, e de repente ter acesso ao melhor b\u00f4nus Forex sem dep\u00f3sito.<\/p>\n<p>Caso voc\u00ea esteja come\u00e7ando e ainda n\u00e3o possui experiencia ou nenhuma, isso n\u00e3o \u00e9 um grande problema. As corretoras contam com plataformas que oferecem Contas demo, que s\u00e3o contas de demonstra\u00e7\u00e3o, onde \u00e9 poss\u00edvel participar de negocia\u00e7\u00f5es com investidores de todo o mundo, sem ter que investir nem sequer um d\u00f3lar de seu capital. As contas de demonstra\u00e7\u00e3o existem para que o novo investidor aprenda como o mercado funciona, conhe\u00e7a seus termos, descubra seus modos operantes e se familiarize mais com a plataforma. O mais importante sobre os benef\u00edcios de come\u00e7ar por uma conta demo oferecida pela corretora, \u00e9 que ela n\u00e3o apresenta riscos, j\u00e1 que nela voc\u00ea n\u00e3o investe seu dinheiro, portanto n\u00e3o correr\u00e1 risco de perd\u00ea-lo. Um b\u00f4nus Forex sem dep\u00f3sito seguro pode ser algo interessante.<\/p>\n<p>As negocia\u00e7\u00f5es de Forex podem ser realizadas 24 horas por dia em qualquer dia \u00fatil da semana. As distin\u00e7\u00f5es entre os fusos hor\u00e1rios querem dizer que, enquanto uma parte do mundo est\u00e1 dormindo, uma outra parte tem suas empresas come\u00e7ando suas atividades comerciais. As Transa\u00e7\u00f5es que envolvem diferentes pares de moedas est\u00e3o sendo operadas ativamente durante qualquer dia \u00fatil. Os negociantes tem a possibilidade de acesso a qualquer posi\u00e7\u00e3o em qualquer hor\u00e1rio do dia, isso torna o mercado ainda mais aquecido e acess\u00edvel a todas as nacionalidades poss\u00edveis.<\/p>\n<p>Qualquer pessoa tem a chance de realizar negocia\u00e7\u00f5es dentro do mercado do Forex. Voc\u00ea pode por exemplo iniciar fazendo uma negocia\u00e7\u00e3o on-line com somente US $50. Por\u00e9m, \u00e9 muito importante possuir um entendimento b\u00e1sico a cerca do mercado e como \u00e9 o seu funcionamento, e algo ainda melhor, receber um treinamento de um investidor que j\u00e1 possui longa experi\u00eancia atuando neste mercado, um investidor profissional.<\/p>\n<p>A partir de um oferta de b\u00f4nus FX sem dep\u00f3sito, voc\u00ea tamb\u00e9m inicia suas opera\u00e7\u00f5es de moedas sem ter que depositar nenhum capital, voc\u00ea s\u00f3 tem que se inscrever atrav\u00e9s de uma corretora, checar seu n\u00famero de telefone para contato (como acontece em algumas promo\u00e7\u00f5es) e fazer o uso dos $25 USD &#8211; $100 USD (vai depender do valor que a oferta oferecer) em sua conta de negocia\u00e7\u00e3o em tempo real.<\/p>\n<p>As negocia\u00e7\u00f5es de Forex n\u00e3o s\u00e3o um tipo de movimenta\u00e7\u00e3o de dinheiro f\u00edsico, mas elas s\u00e3o efetuadas atrav\u00e9s de uma plataforma de negocia\u00e7\u00e3o que funciona on-line. As plataformas s\u00e3o basicamente software controlados pelas corretoras. A maneira pela qual a moeda \u00e9 comercializada \u00e9 resultado da atmosfera econ\u00f4mica e pol\u00edtica do pa\u00eds em que ela est\u00e1 situada.<\/p>\n<h2>Termos b\u00e1sicos que s\u00e3o utilizados na negocia\u00e7\u00e3o de Forex<\/h2>\n<p>Antes de iniciar uma negociar com um b\u00f4nus FX sem dep\u00f3sito, \u00e9 bastante \u00fatil ter acesso a umas dicas do mercado sobre os termos que s\u00e3o utilizados nele. Confira agora os termos abaixo para compreender as bases dos termos da ind\u00fastria de Forex:<\/p>\n<h3>Par de moedas<\/h3>\n<p>Na negocia\u00e7\u00e3o Forex, as moedas tem seus valores cotados mediante a pares, em que \u00e9 feito uma compara\u00e7\u00e3o do pre\u00e7o de uma moeda em rela\u00e7\u00e3o ao pre\u00e7o da outra moeda em quest\u00e3o. Por exemplo, o par GBP\/USD \u00e9 a associa\u00e7\u00e3o da libra esterlina com o d\u00f3lar, o que quer dizer que uma moeda pode ser cambiada pela outra.<\/p>\n<p>GBP\/USD = 1.45589 quer dizer que uma libra esterlina ser\u00e1 trocada por 1.45589 d\u00f3lares americanos.<\/p>\n<h3>Moeda base<\/h3>\n<p>A moeda base \u00e9 a primeira moeda que ser\u00e1 cotada em um determinado par. No caso do por exemplo GBP\/USD, a moeda base \u00e9 a libra esterlina brit\u00e2nica.<\/p>\n<h3>Moeda de cota\u00e7\u00e3o<\/h3>\n<p>Esta \u00e9 a segunda moeda que receber\u00e1 sua cota\u00e7\u00e3o em um par de moedas, no caso do exemplo acima, a segunda moeda \u00e9 o d\u00f3lar dos Estados Unidos.<\/p>\n<p>Agora que voc\u00ea j\u00e1 conhece s\u00e3o os tipos b\u00e1sicos de moedas de Forex, \u00e9 a sua vez de dar continuidade e se inscrever com uma corretora que oferta um b\u00f4nus seguro de Forex sem dep\u00f3sito!<\/p>\n","protected":false},"excerpt":{"rendered":"A corretora XM Forex \u00e9 um \u00f3timo local para come\u00e7ar o processo de se tornar um profissional do mercado de","protected":false},"author":19,"featured_media":84804,"parent":0,"menu_order":0,"comment_status":"open","ping_status":"open","template":"page_full_width.php","meta":{"_mi_skip_tracking":false},"acf":[],"yoast_head":"<!-- This site is optimized with the Yoast SEO plugin v20.4 - https:\/\/yoast.com\/wordpress\/plugins\/seo\/ -->\n<title>Est\u00e1 em buscar do B\u00f4nus Forex Sem Dep\u00f3sito? Cheque agora nossa lista<\/title>\n<meta name=\"description\" content=\"Separamos uma lista completa com os melhores b\u00f4nus Forex sem dep\u00f3sito com todos os recursos que eles tem para lhe oferecer\" \/>\n<meta name=\"robots\" content=\"index, follow, max-snippet:-1, max-image-preview:large, max-video-preview:-1\" \/>\n<link rel=\"canonical\" href=\"https:\/\/forextradingbonus.com\/pt-br\/sem-deposito\/\" \/>\n<meta property=\"og:locale\" content=\"pt_BR\" \/>\n<meta property=\"og:type\" content=\"article\" \/>\n<meta property=\"og:title\" content=\"Est\u00e1 em buscar do B\u00f4nus Forex Sem Dep\u00f3sito? Cheque agora nossa lista\" \/>\n<meta property=\"og:description\" content=\"Separamos uma lista completa com os melhores b\u00f4nus Forex sem dep\u00f3sito com todos os recursos que eles tem para lhe oferecer\" \/>\n<meta property=\"og:url\" content=\"https:\/\/forextradingbonus.com\/pt-br\/sem-deposito\/\" \/>\n<meta property=\"og:site_name\" content=\"Forex Trading Bonus\" \/>\n<meta property=\"article:modified_time\" content=\"2020-12-07T14:11:14+00:00\" \/>\n<meta property=\"og:image\" content=\"https:\/\/forextradingbonus.com\/wp-content\/img\/2019\/03\/126g-1.png\" \/>\n\t<meta property=\"og:image:width\" content=\"465\" \/>\n\t<meta property=\"og:image:height\" content=\"387\" \/>\n\t<meta property=\"og:image:type\" content=\"image\/png\" \/>\n<meta name=\"twitter:card\" content=\"summary_large_image\" \/>\n<meta name=\"twitter:label1\" content=\"Est. tempo de leitura\" \/>\n\t<meta name=\"twitter:data1\" content=\"6 minutos\" \/>\n<!-- \/ Yoast SEO plugin. -->","yoast_head_json":{"title":"Est\u00e1 em buscar do B\u00f4nus Forex Sem Dep\u00f3sito? Cheque agora nossa lista","description":"Separamos uma lista completa com os melhores b\u00f4nus Forex sem dep\u00f3sito com todos os recursos que eles tem para lhe oferecer","robots":{"index":"index","follow":"follow","max-snippet":"max-snippet:-1","max-image-preview":"max-image-preview:large","max-video-preview":"max-video-preview:-1"},"canonical":"https:\/\/forextradingbonus.com\/pt-br\/sem-deposito\/","og_locale":"pt_BR","og_type":"article","og_title":"Est\u00e1 em buscar do B\u00f4nus Forex Sem Dep\u00f3sito? Cheque agora nossa lista","og_description":"Separamos uma lista completa com os melhores b\u00f4nus Forex sem dep\u00f3sito com todos os recursos que eles tem para lhe oferecer","og_url":"https:\/\/forextradingbonus.com\/pt-br\/sem-deposito\/","og_site_name":"Forex Trading Bonus","article_modified_time":"2020-12-07T14:11:14+00:00","og_image":[{"width":465,"height":387,"url":"https:\/\/forextradingbonus.com\/wp-content\/img\/2019\/03\/126g-1.png","type":"image\/png"}],"twitter_card":"summary_large_image","twitter_misc":{"Est. tempo de leitura":"6 minutos"},"schema":{"@context":"https:\/\/schema.org","@graph":[{"@type":"WebPage","@id":"https:\/\/forextradingbonus.com\/pt-br\/sem-deposito\/","url":"https:\/\/forextradingbonus.com\/pt-br\/sem-deposito\/","name":"Est\u00e1 em buscar do B\u00f4nus Forex Sem Dep\u00f3sito? Cheque agora nossa lista","isPartOf":{"@id":"https:\/\/forextradingbonus.com\/#website"},"datePublished":"2019-03-20T15:20:17+00:00","dateModified":"2020-12-07T14:11:14+00:00","description":"Separamos uma lista completa com os melhores b\u00f4nus Forex sem dep\u00f3sito com todos os recursos que eles tem para lhe oferecer","breadcrumb":{"@id":"https:\/\/forextradingbonus.com\/pt-br\/sem-deposito\/#breadcrumb"},"inLanguage":"pt-BR","potentialAction":[{"@type":"ReadAction","target":["https:\/\/forextradingbonus.com\/pt-br\/sem-deposito\/"]}]},{"@type":"BreadcrumbList","@id":"https:\/\/forextradingbonus.com\/pt-br\/sem-deposito\/#breadcrumb","itemListElement":[{"@type":"ListItem","position":1,"name":"Home","item":"https:\/\/forextradingbonus.com\/pt-br\/"},{"@type":"ListItem","position":2,"name":"Lista de B\u00f4nus Forex Sem Dep\u00f3sito"}]},{"@type":"WebSite","@id":"https:\/\/forextradingbonus.com\/#website","url":"https:\/\/forextradingbonus.com\/","name":"Forex Trading Bonus","description":"Best Forex Trading Bonus Reviews. Deposit &amp; No Deposit FX Bonuses and Tips","potentialAction":[{"@type":"SearchAction","target":{"@type":"EntryPoint","urlTemplate":"https:\/\/forextradingbonus.com\/?s={search_term_string}"},"query-input":"required name=search_term_string"}],"inLanguage":"pt-BR"}]}},"_links":{"self":[{"href":"https:\/\/forextradingbonus.com\/pt-br\/wp-json\/wp\/v2\/pages\/84799"}],"collection":[{"href":"https:\/\/forextradingbonus.com\/pt-br\/wp-json\/wp\/v2\/pages"}],"about":[{"href":"https:\/\/forextradingbonus.com\/pt-br\/wp-json\/wp\/v2\/types\/page"}],"author":[{"embeddable":true,"href":"https:\/\/forextradingbonus.com\/pt-br\/wp-json\/wp\/v2\/users\/19"}],"replies":[{"embeddable":true,"href":"https:\/\/forextradingbonus.com\/pt-br\/wp-json\/wp\/v2\/comments?post=84799"}],"version-history":[{"count":8,"href":"https:\/\/forextradingbonus.com\/pt-br\/wp-json\/wp\/v2\/pages\/84799\/revisions"}],"predecessor-version":[{"id":87669,"href":"https:\/\/forextradingbonus.com\/pt-br\/wp-json\/wp\/v2\/pages\/84799\/revisions\/87669"}],"wp:featuredmedia":[{"embeddable":true,"href":"https:\/\/forextradingbonus.com\/pt-br\/wp-json\/wp\/v2\/media\/84804"}],"wp:attachment":[{"href":"https:\/\/forextradingbonus.com\/pt-br\/wp-json\/wp\/v2\/media?parent=84799"}],"curies":[{"name":"wp","href":"https:\/\/api.w.org\/{rel}","templated":true}]}}