{"id":85042,"date":"2019-03-20T15:21:52","date_gmt":"2019-03-20T15:21:52","guid":{"rendered":"http:\/\/forextradingbonus.com\/?page_id=85042"},"modified":"2019-03-26T11:51:45","modified_gmt":"2019-03-26T11:51:45","slug":"concursos","status":"publish","type":"page","link":"https:\/\/forextradingbonus.com\/pt-br\/concursos\/","title":{"rendered":"Lista de Concursos Forex"},"content":{"rendered":"\n<p>Os concursos do\u00a0 Forex s\u00e3o muito conhecidos entre os negociantes. Com certeza eles s\u00e3o um \u00f3timo jogo para relaxar e tirar da sua mente todo o stress e as tens\u00f5es, e ao mesmo tempo que voc\u00ea joga voc\u00ea estar\u00e1 participando de negocia\u00e7\u00f5es. \u00c9 uma \u00f3tima oportunidade para aprender um pouco mais atrav\u00e9s da pr\u00e1tica, unindo o \u00fatil ao agrad\u00e1vel. Com uma quantidade muito grande de concursos variados sendo oferecidos online, os investidores muitas vezes acham complicado decidir qual concurso \u00e9 o mais adequado para sua participa\u00e7\u00e3o.<\/p>\n<p>Normalmente estes concursos s\u00e3o patrocinados por uma corretora intermedi\u00e1ria e podem exigir um certo tempo para registrar uma conta em cada corretora que est\u00e1 no mercado. Atrav\u00e9s desta p\u00e1gina, iremos disponibilizar uma explica\u00e7\u00e3o a cerca dos concursos de demonstra\u00e7\u00e3o Forex e tamb\u00e9m iremos lhe orientar com as informa\u00e7\u00f5es daqueles que acreditamos ser os melhores dispon\u00edveis no momento.<\/p>\n<div class=\"cmpany-review__list\">\n                <!-- Star icon -->\n                <svg width=\"16px\" height=\"15px\" style=\"display:none\" viewBox=\"0 0 16 15\" version=\"1.1\" xmlns=\"http:\/\/www.w3.org\/2000\/svg\" xmlns:xlink=\"http:\/\/www.w3.org\/1999\/xlink\">\n                    <symbol id=\"icon-star\" viewBox=\"0 0 16 15\">\n                        <polygon points=\"7.60845213 12 2.90617011 14.472136 3.80422607 9.23606798 -5.55111512e-17 5.52786405 5.25731112 4.76393202 7.60845213 0 9.95959314 4.76393202 15.2169043 5.52786405 11.4126782 9.23606798 12.3107341 14.472136\"><\/polygon>\n                    <\/symbol>\n                <\/svg><!-- Company review item -->\n            <div class=\"cmpany-review__item\">\n                <div class=\"cmpany-review__info\"><h3 class=\"cmpany-review__name\">Alpari Forex<\/h3><div class=\"cmpany-review__rating cmpany-review__rating--active-4\">\n                        <svg class=\"cmpany-review__rating__item\"><use xlink:href=\"#icon-star\"><\/use><\/svg>\n                        <svg class=\"cmpany-review__rating__item\"><use xlink:href=\"#icon-star\"><\/use><\/svg>\n                        <svg class=\"cmpany-review__rating__item\"><use xlink:href=\"#icon-star\"><\/use><\/svg>\n                        <svg class=\"cmpany-review__rating__item\"><use xlink:href=\"#icon-star\"><\/use><\/svg>\n                        <svg class=\"cmpany-review__rating__item\"><use xlink:href=\"#icon-star\"><\/use><\/svg>\n                    <\/div><div class=\"cmpany-review__preview\">\n                        <img src=\"https:\/\/forextradingbonus.com\/wp-content\/img\/2019\/03\/alpari-730x438-120x50.jpg\"\n                             alt=\"Revis\u00e3o dos melhores concursos da Alpari Ltd\" class=\"cmpany-review__preview__img\" data-rjs=\"3\">\n                    <\/div>\n                <\/div>\n\n                <div class=\"cmpany-review__stats cmpany-review__stats--twoinline\">\n\n                    <div class=\"cmpany-review__stats__item\">\n                        <div class=\"cmpany-review__stats__preview\">\n                            <img src=\"https:\/\/forextradingbonus.com\/wp-content\/themes\/ForexTradingBonus.com\/img\/icons\/Brokername.svg\" alt=\"\" class=\"cmpany-review__stats__img\">\n                        <\/div>\n                        <div class=\"cmpany-review__stats__info\">\n                            <h3 class=\"cmpany-review__stats__name\">Elegibilidade<\/h3>\n                            <p class=\"cmpany-review__stats__desc\">Para todos<\/p>\n                        <\/div>\n                    <\/div>\n\n                    <div class=\"cmpany-review__stats__item\">\n                        <div class=\"cmpany-review__stats__preview\">\n                            <img src=\"https:\/\/forextradingbonus.com\/wp-content\/themes\/ForexTradingBonus.com\/img\/icons\/Bonus.svg\" alt=\"\" class=\"cmpany-review__stats__img\">\n                        <\/div>\n                        <div class=\"cmpany-review__stats__info\">\n                            <h3 class=\"cmpany-review__stats__name\">Pr\u00eamios<\/h3>\n                            <p class=\"cmpany-review__stats__desc\">6,000 \u2013 10,000 USD PAMM<\/p>\n                        <\/div>\n                    <\/div>\n\n                    <div class=\"cmpany-review__stats__item\">\n                        <div class=\"cmpany-review__stats__preview\">\n                            <img src=\"https:\/\/forextradingbonus.com\/wp-content\/themes\/ForexTradingBonus.com\/img\/icons\/Period.svg\" alt=\"\" class=\"cmpany-review__stats__img\">\n                        <\/div>\n                        <div class=\"cmpany-review__stats__info\">\n                            <h3 class=\"cmpany-review__stats__name\">Dura\u00e7\u00e3o<\/h3>\n                            <p class=\"cmpany-review__stats__desc\">11 semanas<\/p>\n                        <\/div>\n                    <\/div>\n\n                    <div class=\"cmpany-review__stats__item\">\n                        <div class=\"cmpany-review__stats__preview\">\n                            <img src=\"https:\/\/forextradingbonus.com\/wp-content\/themes\/ForexTradingBonus.com\/img\/icons\/Leverage.svg\" alt=\"\" class=\"cmpany-review__stats__img\">\n                        <\/div>\n                        <div class=\"cmpany-review__stats__info\">\n                            <h3 class=\"cmpany-review__stats__name\">Alavancagem<\/h3>\n                            <p class=\"cmpany-review__stats__desc\">1:1000<\/p>\n                        <\/div>\n                    <\/div>\n\n                <\/div>\n\n                <div class=\"cmpany-review__controls\"><a href=\"https:\/\/alpari.com\/pt\/contest\/\" target=\u201d_blank\u201d rel=\"nofollow\" class=\"button button--primary\">Participe<\/a><a href=\"https:\/\/forextradingbonus.com\/pt-br\/concursos\/alpari\/\" class=\"cmpany-review__controls__link\">Ler o review<\/a>    \n                <\/div>\n            <\/div>\n            <!-- Company review item end --><\/div>\n<h2>O que s\u00e3o os concursos do Forex<\/h2>\n<p>Boa parte dos concursos Forex de demonstra\u00e7\u00e3o s\u00e3o organizados pelos corretoras para conseguir uma exposi\u00e7\u00e3o extra da ind\u00fastria e receber novos clientes em potencial. Essa \u00e9 a raz\u00e3o pela qual as corretoras realizam concursos e ofertas com b\u00f4nus, para atrair novos usu\u00e1rios para seus servi\u00e7os. Os concursos s\u00e3o uma \u00f3tima forma de divulga\u00e7\u00e3o, s\u00e3o um marketing inteligente, que sabe com envolver seus poss\u00edveis futuros clientes. A maioria das corretoras honestas criam o seu pr\u00f3prio concurso de negocia\u00e7\u00e3o e d\u00e3o as recompensas ou pr\u00eamios para os ganhadores. Ent\u00e3o muitos negociantes tem a seguinte d\u00favida, Qual concurso \u00e9 o melhor?<\/p>\n<p>O ForexBall tem se mantido por muitos anos como um dos concursos de demonstra\u00e7\u00e3o mais populares que existe. Nos \u00faltimos 2 anos, j\u00e1 recebeu mais de 100 rodadas de neg\u00f3cios e mais de 25 temporadas de rodadas. Al\u00e9m do mais, a ForexBall lan\u00e7ou algumas rodadas especiais. Na \u00faltima rodada especial o vencedor foi um negociante que foi recompensado com w 000 USD de pr\u00eamios em capital sem ter que ter nenhum comprometimento.<\/p>\n<h2>Melhor concurso de demonstra\u00e7\u00e3o do Forex<\/h2>\n<p>O que tornou a competi\u00e7\u00e3o de Forex do ForexBall t\u00e3o boa? Acreditamos que primeiramente o fato dela n\u00e3o parar de funcionar, a n\u00e3o ser nos finais de semana. A competi\u00e7\u00e3o do ForexBall normalmente se inicia todas as segundas-feiras e se encerra todas as sextas-feiras, atrav\u00e9s desta organizando, os negociadores tem a chance de experimentar 100 horas de uma grande competi\u00e7\u00e3o. Al\u00e9m do mais, o ForexBall tem um sistema muito transparente e honesto que faz a distribui\u00e7\u00e3o das recompensas, cada vencedor top 3 \u00e9 recompensado atrav\u00e9s de uma conta de pr\u00eamio na qual ele poder\u00e1 utilizar para fazer negocia\u00e7\u00f5es e ter acesso ao saldo que consta nela, juntamente com todos os lucros pode ser sacados logo depois de um volume em espec\u00edfico ter sido atingido.<\/p>\n<p>Por outro lado este tamb\u00e9m tem sido um dos concursos mais criticados, pois muitos que participaram n\u00e3o ficaram felizes com a quantidade de participa\u00e7\u00e3o permitida, que \u00e9 limitada (voc\u00ea s\u00f3 consegue participar 4 vezes sem ter uma conta ativa com um dos patrocinadores que organizaram o concurso FX) e al\u00e9m disso, alguns dos participantes que venceram fizeram cr\u00edticas as formas de retirada do pr\u00eamio. Atrav\u00e9s deste presente artigo voc\u00ea pode ler sobre a estrat\u00e9gia mais adequada em rela\u00e7\u00e3o a v\u00e1rios aspectos do mercado do Forex .<\/p>\n<h2>Quais s\u00e3o as alternativas?<\/h2>\n<p>Para realizar uma escolha s\u00e1bia a cerca de um concurso para se escrever e participar, \u00e9 preciso analisar e ler a respeito de v\u00e1rios aspectos que englobam a competi\u00e7\u00e3o organizada por uma corretora. Atrav\u00e9s da nossa p\u00e1gina Forex Trading Bonus, procuramos averiguar as competi\u00e7\u00f5es que realmente s\u00e3os leg\u00edtimas e que\u00a0 ao final pagam o pr\u00eamio em dinheiro ao qual prometeram aos vencedores. Explore nossa artigo na parte de superior para encontrar qual \u00e9 o melhor concurso do Forex de acordo coma sua preferencia. Levem em considera\u00e7\u00e3o os aspectos descritos abaixo, para escolher qual concurso voc\u00ea pretende participar e atender\u00e1 melhor as suas expectativas.<\/p>\n<h2>Tempo de dura\u00e7\u00e3o do concurso do Forex<\/h2>\n<p>H\u00e1 alguns tipos de concurso Forex que tem uma dura\u00e7\u00e3o longa, podendo durar v\u00e1rios meses, caso seja interessante para voc\u00ea se comprometer por tanto tempo, talvez este tipo de concurso seja uma boa op\u00e7\u00e3o para o seu estilo de a\u00e7\u00e3o. Alguns tipos de negociantes j\u00e1 apresentam uma prefer\u00eancia por competi\u00e7\u00f5es de dura\u00e7\u00e3o mais longa, j\u00e1 que eles fazem com que as chances de ganhar o concurso atrav\u00e9s da sorte se tornar menor, por\u00e9m, quando um concurso tem uma dura\u00e7\u00e3o de seis meses, ele pode ser uma responsabilidade que requer um comprometimento muito longo. Orientamos que voc\u00ea busque os concursos que tenham uma dura\u00e7\u00e3o entre 1 semana e 1 m\u00eas. Um concurso FX mais curto lhe permite aprender e te acesso as recompensas mais rapidamente, isso gera motiva\u00e7\u00e3o para os investidores que est\u00e3o apenas come\u00e7ando desta ind\u00fastria.<\/p>\n<h2>Pr\u00eamios do concurso de Forex<\/h2>\n<p>\u00c9 sempre divertido participar de competi\u00e7\u00f5es, mais o mais importante no concurso do Forex \u00e9 vencer. As vezes o caminho para vencer pode ser um pouco complicado. Al\u00e9m disto, algumas corretoras ir\u00e3o divulgar termos e condi\u00e7\u00f5es relacionadas aos pr\u00eamios aos quais n\u00e3o lhe permitiram ter acesso aos mesmos. Em boa parte desses casos, voc\u00ea deve focar em um concurso que oferece pr\u00eamios em dinheiro ou aquele que possui condi\u00e7\u00f5es leg\u00edtimas e te possibilitam de sacar a recompensa. Fuja de ofertas de concursos em que as corretora respons\u00e1vel n\u00e3o deixa claro qual ser\u00e1 o pr\u00eamio, ou como o vencedor receber\u00e1 o pr\u00eamio. As condi\u00e7\u00f5es do evento precisam ser transparentes, para que o participante n\u00e3o seja enganado. N\u00e3o escolha um concurso somente em raz\u00e3o do valor da recompensa, foque nas condi\u00e7\u00f5es do concurso de Forex, nela \u00e9 que consta as informa\u00e7\u00f5es mais importantes para sua decis\u00e3o.<\/p>\n<h2>Concurso de demonstra\u00e7\u00e3o de negocia\u00e7\u00e3o de Forex versus concursos ao vivo<\/h2>\n<p>Procuramos atrav\u00e9s desta p\u00e1gina, realizar revis\u00f5es apenas dos concursos de demonstra\u00e7\u00e3o, pois pensamos que os concursos ao vivo s\u00e3o criados apenas para os negociantes que possuem mais experi\u00eancia no mercado do Forex e tem\u00a0 certo um n\u00edvel de conhecimento mais avan\u00e7ado. Como nosso foco \u00e9 majoritariamente o ensino daqueles que est\u00e3o come\u00e7ando negociar atrav\u00e9s do mercado do Forex. Desejamos que os novatos neste neg\u00f3cio tenham um bom come\u00e7o. Por essa raz\u00e3o damos prioridade para revis\u00e3o dos concursos Forex, ao inv\u00e9s dos concursos Forex ao vivo.<\/p>\n","protected":false},"excerpt":{"rendered":"A Alpari tem sido refer\u00eancia para muito investidores e negociantes que desejam participar de concursos de demonstra\u00e7\u00e3o. Atualmente","protected":false},"author":19,"featured_media":84816,"parent":0,"menu_order":0,"comment_status":"open","ping_status":"open","template":"page_full_width.php","meta":{"_mi_skip_tracking":false},"acf":[],"yoast_head":"<!-- This site is optimized with the Yoast SEO plugin v20.4 - https:\/\/yoast.com\/wordpress\/plugins\/seo\/ -->\n<title>Est\u00e1 curioso para ter mais informa\u00e7\u00f5es sobre os concursos forex?<\/title>\n<meta name=\"description\" content=\"Cheque nossa lista, separamos os melhores concursos de Forex, conhe\u00e7a os pr\u00eamios e se divirta jogando, aos mesmo tempo em que aprende\" \/>\n<meta name=\"robots\" content=\"index, follow, max-snippet:-1, max-image-preview:large, max-video-preview:-1\" \/>\n<link rel=\"canonical\" href=\"https:\/\/forextradingbonus.com\/pt-br\/concursos\/\" \/>\n<meta property=\"og:locale\" content=\"pt_BR\" \/>\n<meta property=\"og:type\" content=\"article\" \/>\n<meta property=\"og:title\" content=\"Est\u00e1 curioso para ter mais informa\u00e7\u00f5es sobre os concursos forex?\" \/>\n<meta property=\"og:description\" content=\"Cheque nossa lista, separamos os melhores concursos de Forex, conhe\u00e7a os pr\u00eamios e se divirta jogando, aos mesmo tempo em que aprende\" \/>\n<meta property=\"og:url\" content=\"https:\/\/forextradingbonus.com\/pt-br\/concursos\/\" \/>\n<meta property=\"og:site_name\" content=\"Forex Trading Bonus\" \/>\n<meta property=\"article:modified_time\" content=\"2019-03-26T11:51:45+00:00\" \/>\n<meta property=\"og:image\" content=\"https:\/\/forextradingbonus.com\/wp-content\/img\/2019\/03\/trophy-3037778_960_720.jpg\" \/>\n\t<meta property=\"og:image:width\" content=\"904\" \/>\n\t<meta property=\"og:image:height\" content=\"720\" \/>\n\t<meta property=\"og:image:type\" content=\"image\/jpeg\" \/>\n<meta name=\"twitter:card\" content=\"summary_large_image\" \/>\n<meta name=\"twitter:label1\" content=\"Est. tempo de leitura\" \/>\n\t<meta name=\"twitter:data1\" content=\"6 minutos\" \/>\n<!-- \/ Yoast SEO plugin. -->","yoast_head_json":{"title":"Est\u00e1 curioso para ter mais informa\u00e7\u00f5es sobre os concursos forex?","description":"Cheque nossa lista, separamos os melhores concursos de Forex, conhe\u00e7a os pr\u00eamios e se divirta jogando, aos mesmo tempo em que aprende","robots":{"index":"index","follow":"follow","max-snippet":"max-snippet:-1","max-image-preview":"max-image-preview:large","max-video-preview":"max-video-preview:-1"},"canonical":"https:\/\/forextradingbonus.com\/pt-br\/concursos\/","og_locale":"pt_BR","og_type":"article","og_title":"Est\u00e1 curioso para ter mais informa\u00e7\u00f5es sobre os concursos forex?","og_description":"Cheque nossa lista, separamos os melhores concursos de Forex, conhe\u00e7a os pr\u00eamios e se divirta jogando, aos mesmo tempo em que aprende","og_url":"https:\/\/forextradingbonus.com\/pt-br\/concursos\/","og_site_name":"Forex Trading Bonus","article_modified_time":"2019-03-26T11:51:45+00:00","og_image":[{"width":904,"height":720,"url":"https:\/\/forextradingbonus.com\/wp-content\/img\/2019\/03\/trophy-3037778_960_720.jpg","type":"image\/jpeg"}],"twitter_card":"summary_large_image","twitter_misc":{"Est. tempo de leitura":"6 minutos"},"schema":{"@context":"https:\/\/schema.org","@graph":[{"@type":"WebPage","@id":"https:\/\/forextradingbonus.com\/pt-br\/concursos\/","url":"https:\/\/forextradingbonus.com\/pt-br\/concursos\/","name":"Est\u00e1 curioso para ter mais informa\u00e7\u00f5es sobre os concursos forex?","isPartOf":{"@id":"https:\/\/forextradingbonus.com\/#website"},"datePublished":"2019-03-20T15:21:52+00:00","dateModified":"2019-03-26T11:51:45+00:00","description":"Cheque nossa lista, separamos os melhores concursos de Forex, conhe\u00e7a os pr\u00eamios e se divirta jogando, aos mesmo tempo em que aprende","breadcrumb":{"@id":"https:\/\/forextradingbonus.com\/pt-br\/concursos\/#breadcrumb"},"inLanguage":"pt-BR","potentialAction":[{"@type":"ReadAction","target":["https:\/\/forextradingbonus.com\/pt-br\/concursos\/"]}]},{"@type":"BreadcrumbList","@id":"https:\/\/forextradingbonus.com\/pt-br\/concursos\/#breadcrumb","itemListElement":[{"@type":"ListItem","position":1,"name":"Home","item":"https:\/\/forextradingbonus.com\/pt-br\/"},{"@type":"ListItem","position":2,"name":"Lista de Concursos Forex"}]},{"@type":"WebSite","@id":"https:\/\/forextradingbonus.com\/#website","url":"https:\/\/forextradingbonus.com\/","name":"Forex Trading Bonus","description":"Best Forex Trading Bonus Reviews. Deposit &amp; No Deposit FX Bonuses and Tips","potentialAction":[{"@type":"SearchAction","target":{"@type":"EntryPoint","urlTemplate":"https:\/\/forextradingbonus.com\/?s={search_term_string}"},"query-input":"required name=search_term_string"}],"inLanguage":"pt-BR"}]}},"_links":{"self":[{"href":"https:\/\/forextradingbonus.com\/pt-br\/wp-json\/wp\/v2\/pages\/85042"}],"collection":[{"href":"https:\/\/forextradingbonus.com\/pt-br\/wp-json\/wp\/v2\/pages"}],"about":[{"href":"https:\/\/forextradingbonus.com\/pt-br\/wp-json\/wp\/v2\/types\/page"}],"author":[{"embeddable":true,"href":"https:\/\/forextradingbonus.com\/pt-br\/wp-json\/wp\/v2\/users\/19"}],"replies":[{"embeddable":true,"href":"https:\/\/forextradingbonus.com\/pt-br\/wp-json\/wp\/v2\/comments?post=85042"}],"version-history":[{"count":5,"href":"https:\/\/forextradingbonus.com\/pt-br\/wp-json\/wp\/v2\/pages\/85042\/revisions"}],"predecessor-version":[{"id":85475,"href":"https:\/\/forextradingbonus.com\/pt-br\/wp-json\/wp\/v2\/pages\/85042\/revisions\/85475"}],"wp:featuredmedia":[{"embeddable":true,"href":"https:\/\/forextradingbonus.com\/pt-br\/wp-json\/wp\/v2\/media\/84816"}],"wp:attachment":[{"href":"https:\/\/forextradingbonus.com\/pt-br\/wp-json\/wp\/v2\/media?parent=85042"}],"curies":[{"name":"wp","href":"https:\/\/api.w.org\/{rel}","templated":true}]}}