{"id":86829,"date":"2020-05-15T09:15:05","date_gmt":"2020-05-15T09:15:05","guid":{"rendered":"http:\/\/forextradingbonus.com\/?page_id=86829"},"modified":"2020-05-22T07:05:02","modified_gmt":"2020-05-22T07:05:02","slug":"revisao-ctrader-saiba-tudo-sobre-a-plataforma-de-transacao","status":"publish","type":"page","link":"https:\/\/forextradingbonus.com\/pt-br\/revisao-ctrader-saiba-tudo-sobre-a-plataforma-de-transacao\/","title":{"rendered":"Revis\u00e3o cTrader: Saiba tudo sobre a plataforma de transa\u00e7\u00e3o"},"content":{"rendered":"<p><img decoding=\"async\" loading=\"lazy\" class=\"alignleft wp-image-87105 size-full\" src=\"http:\/\/forextradingbonus.com\/wp-content\/img\/2020\/05\/ctrader-review-300x171-1.jpeg\" alt=\"\" width=\"300\" height=\"171\" \/>Projetado pela Spotware para facilitar o trabalho de traders e corretoras, a plataforma cTrader tem sido constantemente ofuscada por uma de suas maiores concorrentes: o MetaTrader, da Metaquotes. No entanto, a reputa\u00e7\u00e3o do cTrader continua a crescendo entre as corretoras.<\/p>\n<p>Se considerarmos o suporte \u00e0 negocia\u00e7\u00e3o feita de forma automatizada, a plataforma cTrade auxiliar os traders a negociar automaticamente no mercado cambial; uma inova\u00e7\u00e3o algor\u00edtmica que teve em particular forte influ\u00eancia na comunidade de neg\u00f3cios. D\u00ea continuidade a essa leitura sobre a revis\u00e3o do cTrader para aprender sobre os recursos que s\u00f3 podem ser encontrados a plataforma cTrader, e conhe\u00e7a a compara\u00e7\u00e3o entre a Ctrade e suas concorrentes mais pr\u00f3ximas.<\/p>\n<img decoding=\"async\" loading=\"lazy\" class=\"wp-image-86833 size-large aligncenter\" src=\"http:\/\/forextradingbonus.com\/wp-content\/img\/2020\/04\/ctrader-review1-1024x528.png\" alt=\"\" width=\"1024\" height=\"528\" \/>\n<h2>Vis\u00e3o geral da cTrader<\/h2>\n<p>A plataforma de negocia\u00e7\u00e3o cTrader foi produzida pela cTrader Limited que opera como uma esp\u00e9cie de recurso especializado para as corretoras da ECN, como FxPro, Liquid Markets, Pepperstone e Admiral Markets. O cTrader foi desenvolvido com o intuito de atender as exig\u00eancias exclusivos das corretoras de balc\u00e3o que n\u00e3o negociam; E consequ\u00eancia disto, a plataforma disponibiliza diversas ferramentas que potencializam muito a efici\u00eancia de execu\u00e7\u00f5es transparentes e diretas. Caso tenha interesse no mercado de a\u00e7\u00f5es &#8220;real&#8221; ou &#8220;f\u00edsico&#8221;, continue lendo para descobrir quais s\u00e3o as principais vantagens do cTrader e como manusear com essa \u00f3tima plataforma de negocia\u00e7\u00e3o.<\/p>\n<p><a href=\"http:\/\/forextradingbonus.com\/wp-content\/img\/2020\/04\/ctrader-review2.png\"><br \/>\n<\/a><img decoding=\"async\" loading=\"lazy\" class=\"wp-image-86834 size-large alignleft\" src=\"http:\/\/forextradingbonus.com\/wp-content\/img\/2020\/04\/ctrader-review2-1024x528.png\" alt=\"\" width=\"1024\" height=\"528\" \/><\/p>\n<p>A plataforma cTrader \u00e9 organizada e agrad\u00e1vel logo no primeiro contato. Disp\u00f5e de um ambiente prazeroso e um espa\u00e7o de trabalho intuitivo, quase auto-explicativo. \u00c9 t\u00e3o limpo e bem organizado que voc\u00ea n\u00e3o ter\u00e1 nenhuma complica\u00e7\u00e3o para navegar na interface e se familiarizar de forma r\u00e1pida com a plataforma. Na realidade, o design foi pensado para ser simples, pr\u00e1tico, ao passo que a navega\u00e7\u00e3o \u00e9 muito pr\u00f3xima de uma experi\u00eancia intuitiva.<\/p>\n<h2>Efici\u00eancia da Interface cTrader<\/h2>\n<p>Os usu\u00e1rios afirmam que a interface do cTrader \u00e9 mais leve, bem organizada e f\u00e1cil de navegar do que a plataforma MetaTrader. A plataforma cTrader tem um espa\u00e7o de gr\u00e1ficos maior, com diversos indicadores e ferramentas de utilidade para os traders que est\u00e3o em busca de aprimorar suas estrat\u00e9gias de negocia\u00e7\u00e3o, mas buscando ainda interpreta\u00e7\u00e3o mais f\u00e1cil de ser feita, com indicadores t\u00e9cnicos e outras outros tipos de instrumentos de gr\u00e1ficos. Em um quadro geral, todos os usu\u00e1rios que utilizaram as vers\u00f5es anteriores do cTrader devem estar t\u00e3o familiarizados como aqueles que utilizam a vers\u00e3o atual.<\/p>\n<h3>Funcionalidade do cTrader Market<\/h3>\n<p>A plataforma cTrader aponta tr\u00eas tipos de alternativas para a profundidade que o mercado demanda, como a seguir:<\/p>\n<ul>\n<li>Padr\u00e3o de profundidade do mercado: Esse recurso possibilita que os traders possam acompanhar a din\u00e2mica do mercado ao realizar um monitoramento do que diz respeito as cota\u00e7\u00f5es agregadas da liquidez das corretoras.<\/li>\n<li>Profundidade de valor do mercado: \u00e9 uma escada que pode ser executada e que possibilita entradas melhores e mais exatas, bem como a utiliza\u00e7\u00e3o de estrat\u00e9gias de scalping.<\/li>\n<li>Profundidade de mercado VWAP (pre\u00e7o m\u00e9dio ponderado de acordo com o volume): esse recurso auxilia o monitoramento do VWAP esperado e o spread tamb\u00e9m aguardado (com bastante utilidade em especial para traders mais experientes e que operam com volumes maiores e distintos).<\/li>\n<\/ul>\n<p>Ainda que as plataformas da Metaquotes tenha como disponibilizar somente um tipo de recurso no que diz respeito a profundidade de mercado, a revis\u00e3o do cTrader reconsidera que este software de negocia\u00e7\u00e3o \u00e9 pioneiro na realiza\u00e7\u00e3o de tr\u00eas tipos distintos da chamada profundidade de mercado. Por essa raz\u00e3o, muitos clientes est\u00e3o encantados com as chances das inova\u00e7\u00f5es do Spotware.<\/p>\n<h2>Utilizando gr\u00e1ficos do cTrader<\/h2>\n<p>A interface possui uma \u00e1rea de gr\u00e1ficos muito bem projetada que \u00e9 de fato bastante simples de ser utilizada; por\u00e9m, os gr\u00e1ficos podem ser customizados e desanexados conforme for seu desejo. O cTrader disponibiliza uma diversidade de modos de gr\u00e1ficos, esquemas de cores e prazos, o que se traduz em uma experi\u00eancia de negocia\u00e7\u00e3o super confort\u00e1vel. Abaixo, explicamos algumas id\u00e9ias de como utilizar as vantagens da personaliza\u00e7\u00e3o.<\/p>\n<img decoding=\"async\" loading=\"lazy\" class=\"aligncenter wp-image-86835 size-large\" src=\"http:\/\/forextradingbonus.com\/wp-content\/img\/2020\/04\/ctrader_charting_review3-1024x531.png\" alt=\"\" width=\"1024\" height=\"531\" \/>\n<h3>Modo Gr\u00e1fico<\/h3>\n<p>Os tr\u00eas modelos gr\u00e1ficos distintos possibilitam a organiza\u00e7\u00e3o gr\u00e1fica no seu espa\u00e7o de opera\u00e7\u00e3o de formas diferentes. \u00c9 poss\u00edvel optar entre gr\u00e1ficos m\u00faltiplos, gr\u00e1fico \u00fanico e gr\u00e1fico livre. O primeiro ir\u00e1 exibir todos os gr\u00e1ficos abertos alinhados um ao lado do outro. O segundo expandir\u00e1 por completo um gr\u00e1fico na tela, ao passo que o \u00faltimo possibilita organizar todos os gr\u00e1ficos nos tamanhos e locais que for de seu interesse. O trader \u00e9 quem escolha o modo de gr\u00e1fico que melhor se adapta \u00e0s suas demandas e voc\u00ea tamb\u00e9m pode retirar do anexo qualquer gr\u00e1fico, basta criar sua pr\u00f3pria guia nas guias na parte inferior.<\/p>\n<h2>Esquema de cores<\/h2>\n<p>A observar o esquema de cores \u00e9 poss\u00edvel visualizar que as cores padr\u00e3o do esquema consistem em um fundo preto com barras verdes e vermelhas, mas neste caso, tamb\u00e9m \u00e9 poss\u00edvel fazer a personaliza\u00e7\u00e3o dos gr\u00e1ficos mudando essas cores padr\u00e3o e mantendo-o como um esquema de cores distinto, conforme foi seu desejo. Para isso, toda vez que um novo gr\u00e1fico \u00e9 aberto, \u00e9 preciso fazer a escolha de um conjunto diferenciado de cores e configur\u00e1-lo como um novo esquema de cores. Essa configura\u00e7\u00e3o ir\u00e1 permanecer neste gr\u00e1fico at\u00e9 que o usu\u00e1rio fa\u00e7a uma altera\u00e7\u00e3o nas configura\u00e7\u00f5es novamente.<\/p>\n<h3>Indicadores e Prazos<\/h3>\n<p>A plataforma oferece uma variedade muito grande de indicadores e prazos para seu benef\u00edcio. \u00c9 poss\u00edvel ter acesso a uma lista completa de indicadores (mais de cinquenta, incluindo m\u00e9dias m\u00f3veis, MACD, oscilador estoc\u00e1stico, Bollinger etc.), divididos nas quatro categorias mais comuns: tend\u00eancia, oscilador, volatilidade e volume. Em rela\u00e7\u00e3o aos per\u00edodos de tempo, d\u00e1 para acessar os per\u00edodos normais de 1, 5 e 15 minutos no per\u00edodo de 1 hora, mas o cTrader oferece mais op\u00e7\u00f5es de 45, 20 e 10 a 1 minuto. De um modo geral, a plataforma cTrader disponibilizar mais prazos do que as demais concorrentes.<\/p>\n<p>O que \u00e9 recomend\u00e1vel: Fa\u00e7a uma experi\u00eancia, teste a plataforma por interm\u00e9dio de uma conta demo. Fazendo assim, voc\u00ea ter\u00e1 base para decidir quais tipos de indicadores necessita, tudo conforme sua atividade de negocia\u00e7\u00e3o e, em uma propor\u00e7\u00e3o menor, quais configura\u00e7\u00f5es e esquemas de cores s\u00e3o os mais adequados para sua necessidade.<\/p>\n<p>Tratando-se de operar em atividades de negocia\u00e7\u00e3o em um n\u00edvel macroecon\u00f4mico, tudo o que voc\u00ea necessita s\u00e3o as ferramentas fundamentais de an\u00e1lise. Mas, caso tenha interesse em negociar em um n\u00edvel mais microecon\u00f4mico, escolha por ferramentas de an\u00e1lise t\u00e9cnica.<\/p>\n<p>Como j\u00e1 mencionamos anteriormente, a plataforma cTrader foi projetada com as corretoras de balc\u00e3o sem ter a negocia\u00e7\u00e3o com foco propriamente dito, o que quer dizer que o trader ter\u00e1 que realizar suas negocia\u00e7\u00f5es de maneira direta com a outra contraparte. Um ponto positivo, \u00e9 que a plataforma faz voc\u00ea se sentir em casa com uma interface leve e recursos muito bem organizados. Abaixo est\u00e3o algumas instru\u00e7\u00f5es de negocia\u00e7\u00e3o para a plataforma cTrader e como aproveitar todas as ferramentas e funcionalidades \u00fateis.<\/p>\n<h2>EAs vs. cAlgo<\/h2>\n<img decoding=\"async\" loading=\"lazy\" class=\"wp-image-86836 alignleft\" src=\"http:\/\/forextradingbonus.com\/wp-content\/img\/2020\/04\/calgo-review4-300x215.png\" alt=\"\" width=\"480\" height=\"344\" \/>\n<p>Os traders com interesse em atividades de negocia\u00e7\u00e3o com automatiza\u00e7\u00e3o s\u00e3o prefer\u00eancia pelo uso das plataformas MT4 e MT5 em fun\u00e7\u00e3o das mesmas permitirem a cria\u00e7\u00e3o de consultores especializados. Para n\u00e3o ficar de fora, a plataforma cTrader oferece a funcionalidade cAlgo, o que permite que os traders criem rob\u00f4s, indicadores personalizados e at\u00e9 executem uma grande variedade de estrat\u00e9gias e backtesting.<\/p>\n<p>O cAlgo trabalha com a linguagem C # na estrutura C # e .NET. Ainda que a plataforma cTrader suporte sua pr\u00f3pria e exata linguagem, algumas pessoas t\u00eam relutado com a facilidade de sua linguagem de codifica\u00e7\u00e3o, sem conta o fato de que alguns traders necessitam de um servi\u00e7o de programa\u00e7\u00e3o de qualidade elevada, em fun\u00e7\u00e3o de n\u00e3o possu\u00edrem as habilidades de programa\u00e7\u00e3o apropriadas. Na realidade, uma parcela relevante dos traders ainda pensam que as plataformas MetaTrader oferecem o melhor suporte quando se trata da execu\u00e7\u00e3o automatizada no mercado.<\/p>\n<p>A boa n\u00f3t\u00edcia, \u00e9 que existem variadas fontes para ajudar os usu\u00e1rios a solucionar o problema de programa\u00e7\u00e3o, como o f\u00f3rum do cTDN e a rede de programadores do cTrader, obviamente direcionados aos usu\u00e1rios do cTrader. Eles podem at\u00e9 contratar um programador externo para converter os atuais Expert Advisors do MQL no C # e operar com a plataforma cTrader sempre que desejarem.<\/p>\n<h2>Como executar opera\u00e7\u00f5es com o cTrader<\/h2>\n<img decoding=\"async\" loading=\"lazy\" width=\"232\" height=\"300\" class=\"size-full wp-image-86837 alignleft\" src=\"http:\/\/forextradingbonus.com\/wp-content\/img\/2020\/04\/rsz_ctrader_currency_review-1.png\" alt=\"\" \/>\n<p>Neste momento, para executar negocia\u00e7\u00f5es com o cTrader, basta ir diretamente na coluna vertical que est\u00e1 localizada de forma bem intuitiva na \u00e1rea esquerda da tela. Uma lista com instrumentos variados, como metal, petr\u00f3leo e Forex, \u00e9 especificada em conjunto com a cota\u00e7\u00e3o equivalente tanto para compra quanto para venda.<\/p>\n<p>Para efetuar um pedido, clique no instrumento de sua prefer\u00eancia ou no par atual. Ser\u00e1 poss\u00edvel notar uma janela expandida com todas as informa\u00e7\u00f5es necess\u00e1rias. Adiante, clique no bot\u00e3o desejado para &#8220;Cancelar pedidos de venda&#8221;, &#8220;Fechar posi\u00e7\u00f5es de venda&#8221;, &#8220;Cancelar ordens de compra&#8221; ou &#8220;Fechar posi\u00e7\u00f5es de compra&#8221; para enviar o pedido.<\/p>\n<p>Voc\u00ea estar\u00e1 ciente de qualquer a\u00e7\u00e3o, pois uma janela pop-up apontar\u00e1 todos os detalhes da ordem que voc\u00ea acabou de executar.<\/p>\n<p>O que \u00e9 recomend\u00e1vel: para apostar em seguran\u00e7a a qualquer momento, n\u00e3o deixe de checar os pedidos padr\u00e3o.<\/p>\n<h2>Como efetuar um pedido pendente com o cTrader<\/h2>\n<p>Uma variedade completa de pedidos pendentes \u00e9 mostrada nos gr\u00e1ficos (veja a Figura 6), para que voc\u00ea possa visualizar de forma f\u00e1cil a dist\u00e2ncia, tempo e pre\u00e7o resumidos de cada pedido.<\/p>\n<p>Para inserir uma ordem de parada, basta clicar com o bot\u00e3o direito do mouse no gr\u00e1fico aberto do instrumento ou par de moedas conforme sua escolha.<\/p>\n<p>Tenha muita cautela ao gerenciar as execu\u00e7\u00f5es de Stop Loss e Take Profit, ao passo as mesma s\u00e3o acionadas de forma autom\u00e1tica. Para conseguir isso, passe o mouse sobre o gr\u00e1fico e arraste e solte a caixa at\u00e9 que a guia correspondente seja exibida.<\/p>\n<img decoding=\"async\" loading=\"lazy\" class=\"wp-image-86838 aligncenter\" src=\"http:\/\/forextradingbonus.com\/wp-content\/img\/2020\/04\/ctrader_pending_orders6-300x38.png\" alt=\"\" width=\"536\" height=\"68\" \/>\n<p>O que \u00e9 recomend\u00e1vel: salve seus pares atuais favoritos na coluna Favoritos para utiliz\u00e1-los posterior (veja a Figura 7).<\/p>\n<p>O que faz da cTrader uma plataforma t\u00e3o especial? A maior parte da aten\u00e7\u00e3o est\u00e1 nos benef\u00edcios de alguns recursos que nem todas as plataformas tem disponibilizado e nem todos os traders t\u00eam conhecimento. Esses recursos exclusivos permitem:<\/p>\n<ul>\n<li>Trabalhe com um formato intuitivo de Profundidade de Mercado.<\/li>\n<li>Adicione um n\u00famero de Algos correspondentes (ou cBots).<\/li>\n<li>Siga seus pares favoritos atrav\u00e9s da coluna &#8220;Favoritos&#8221;.<\/li>\n<li>Tenha acesso de forma direta ao mercado interbanc\u00e1rio.<\/li>\n<li>Aproveite as sess\u00f5es de negocia\u00e7\u00e3o de acordo com o hor\u00e1rio normal do mercado.<\/li>\n<\/ul>\n<h2>Disponibilidade do cTrader<\/h2>\n<p>Para acompanhar a popularidade de smartphones e tablets, a plataforma cTrader disponibiliza os recursos que existem para as vers\u00f5es de desktop e\/ou laptop. A plataforma est\u00e1 dispon\u00edvel no Android e iOS, o que quer dizer que os que desejam realizar negocia\u00e7\u00f5es a partir de dispositivos diversos, tais como smartphones e tablets, n\u00e3o ser\u00e3o deixados para tr\u00e1s. No que diz respeito ao suporte m\u00f3vel, os usu\u00e1rios mencionam que est\u00e3o bem satisfeitos com sua disponibilidade e efic\u00e1cia. Temos a expectativa de que o cTrader ganhe alguns pontos contra seus concorrentes, visto que o suporte m\u00f3vel e a vers\u00e3o da plataforma com base na Web s\u00e3o muito eficazes.<\/p>\n<h2>Conclus\u00e3o da revis\u00e3o do cTrader<\/h2>\n<p>A competi\u00e7\u00e3o entre esses dois gigantes parece quase inevit\u00e1vel, j\u00e1 que o Spotware te para oferecer uma plataforma potente, com capacidade de derrubar a supremacia MetaTrader do MetaTrader 4 e MetaTrader 5. A inova\u00e7\u00e3o mais destac\u00e1vel da plataforma cTrader que certamente iria agradar boa parte dos traders trata-se da incorpora\u00e7\u00e3o de diferentes profundidades. Caracter\u00edsticas do mercado. Em contrapartida, a funcionalidade cAlgo possibilita que tanto os traders quanto os desenvolvedores operem de forma conjunta, criando rob\u00f4s e indicadores personalizados. Al\u00e9m do mais, os mais f\u00e3s da EA criaram comunidades totalmente dedicadas a esses tipos de programas. Ainda que n\u00e3o exista uma comunidade espec\u00edfica da cTrade, tem surgido cada vez mais corretoras que disponibilizam este recurso potencial para seus usu\u00e1rios.<\/p>\n","protected":false},"excerpt":{"rendered":"Projetado pela Spotware para facilitar o trabalho de traders e corretoras, a plataforma cTrader tem sido constantemente ofuscada por uma","protected":false},"author":19,"featured_media":87105,"parent":0,"menu_order":0,"comment_status":"open","ping_status":"open","template":"","meta":{"_mi_skip_tracking":false},"acf":[],"yoast_head":"<!-- This site is optimized with the Yoast SEO plugin v20.4 - https:\/\/yoast.com\/wordpress\/plugins\/seo\/ -->\n<title>Conhe\u00e7a a revisao da plataforma de transi\u00e7\u00e3o cTrader<\/title>\n<meta name=\"description\" content=\"Acessa nossa compara\u00e7\u00e3o e an\u00e1lise entre a cTrader e as plataformas de necoia\u00e7\u00e3o MT4 e MT5 saiba quais s\u00e3o os pontos positivos e desvafor\u00e1veis\" \/>\n<meta name=\"robots\" content=\"index, follow, max-snippet:-1, max-image-preview:large, max-video-preview:-1\" \/>\n<link rel=\"canonical\" href=\"https:\/\/forextradingbonus.com\/pt-br\/revisao-ctrader-saiba-tudo-sobre-a-plataforma-de-transacao\/\" \/>\n<meta property=\"og:locale\" content=\"pt_BR\" \/>\n<meta property=\"og:type\" content=\"article\" \/>\n<meta property=\"og:title\" content=\"Conhe\u00e7a a revisao da plataforma de transi\u00e7\u00e3o cTrader\" \/>\n<meta property=\"og:description\" content=\"Acessa nossa compara\u00e7\u00e3o e an\u00e1lise entre a cTrader e as plataformas de necoia\u00e7\u00e3o MT4 e MT5 saiba quais s\u00e3o os pontos positivos e desvafor\u00e1veis\" \/>\n<meta property=\"og:url\" content=\"https:\/\/forextradingbonus.com\/pt-br\/revisao-ctrader-saiba-tudo-sobre-a-plataforma-de-transacao\/\" \/>\n<meta property=\"og:site_name\" content=\"Forex Trading Bonus\" \/>\n<meta property=\"article:modified_time\" content=\"2020-05-22T07:05:02+00:00\" \/>\n<meta property=\"og:image\" content=\"https:\/\/forextradingbonus.com\/wp-content\/img\/2020\/05\/ctrader-review-300x171-1.jpeg\" \/>\n\t<meta property=\"og:image:width\" content=\"300\" \/>\n\t<meta property=\"og:image:height\" content=\"171\" \/>\n\t<meta property=\"og:image:type\" content=\"image\/jpeg\" \/>\n<meta name=\"twitter:card\" content=\"summary_large_image\" \/>\n<meta name=\"twitter:label1\" content=\"Est. tempo de leitura\" \/>\n\t<meta name=\"twitter:data1\" content=\"11 minutos\" \/>\n<!-- \/ Yoast SEO plugin. -->","yoast_head_json":{"title":"Conhe\u00e7a a revisao da plataforma de transi\u00e7\u00e3o cTrader","description":"Acessa nossa compara\u00e7\u00e3o e an\u00e1lise entre a cTrader e as plataformas de necoia\u00e7\u00e3o MT4 e MT5 saiba quais s\u00e3o os pontos positivos e desvafor\u00e1veis","robots":{"index":"index","follow":"follow","max-snippet":"max-snippet:-1","max-image-preview":"max-image-preview:large","max-video-preview":"max-video-preview:-1"},"canonical":"https:\/\/forextradingbonus.com\/pt-br\/revisao-ctrader-saiba-tudo-sobre-a-plataforma-de-transacao\/","og_locale":"pt_BR","og_type":"article","og_title":"Conhe\u00e7a a revisao da plataforma de transi\u00e7\u00e3o cTrader","og_description":"Acessa nossa compara\u00e7\u00e3o e an\u00e1lise entre a cTrader e as plataformas de necoia\u00e7\u00e3o MT4 e MT5 saiba quais s\u00e3o os pontos positivos e desvafor\u00e1veis","og_url":"https:\/\/forextradingbonus.com\/pt-br\/revisao-ctrader-saiba-tudo-sobre-a-plataforma-de-transacao\/","og_site_name":"Forex Trading Bonus","article_modified_time":"2020-05-22T07:05:02+00:00","og_image":[{"width":300,"height":171,"url":"https:\/\/forextradingbonus.com\/wp-content\/img\/2020\/05\/ctrader-review-300x171-1.jpeg","type":"image\/jpeg"}],"twitter_card":"summary_large_image","twitter_misc":{"Est. tempo de leitura":"11 minutos"},"schema":{"@context":"https:\/\/schema.org","@graph":[{"@type":"WebPage","@id":"https:\/\/forextradingbonus.com\/pt-br\/revisao-ctrader-saiba-tudo-sobre-a-plataforma-de-transacao\/","url":"https:\/\/forextradingbonus.com\/pt-br\/revisao-ctrader-saiba-tudo-sobre-a-plataforma-de-transacao\/","name":"Conhe\u00e7a a revisao da plataforma de transi\u00e7\u00e3o cTrader","isPartOf":{"@id":"https:\/\/forextradingbonus.com\/#website"},"datePublished":"2020-05-15T09:15:05+00:00","dateModified":"2020-05-22T07:05:02+00:00","description":"Acessa nossa compara\u00e7\u00e3o e an\u00e1lise entre a cTrader e as plataformas de necoia\u00e7\u00e3o MT4 e MT5 saiba quais s\u00e3o os pontos positivos e desvafor\u00e1veis","breadcrumb":{"@id":"https:\/\/forextradingbonus.com\/pt-br\/revisao-ctrader-saiba-tudo-sobre-a-plataforma-de-transacao\/#breadcrumb"},"inLanguage":"pt-BR","potentialAction":[{"@type":"ReadAction","target":["https:\/\/forextradingbonus.com\/pt-br\/revisao-ctrader-saiba-tudo-sobre-a-plataforma-de-transacao\/"]}]},{"@type":"BreadcrumbList","@id":"https:\/\/forextradingbonus.com\/pt-br\/revisao-ctrader-saiba-tudo-sobre-a-plataforma-de-transacao\/#breadcrumb","itemListElement":[{"@type":"ListItem","position":1,"name":"Home","item":"https:\/\/forextradingbonus.com\/pt-br\/"},{"@type":"ListItem","position":2,"name":"Revis\u00e3o cTrader: Saiba tudo sobre a plataforma de transa\u00e7\u00e3o"}]},{"@type":"WebSite","@id":"https:\/\/forextradingbonus.com\/#website","url":"https:\/\/forextradingbonus.com\/","name":"Forex Trading Bonus","description":"Best Forex Trading Bonus Reviews. Deposit &amp; No Deposit FX Bonuses and Tips","potentialAction":[{"@type":"SearchAction","target":{"@type":"EntryPoint","urlTemplate":"https:\/\/forextradingbonus.com\/?s={search_term_string}"},"query-input":"required name=search_term_string"}],"inLanguage":"pt-BR"}]}},"_links":{"self":[{"href":"https:\/\/forextradingbonus.com\/pt-br\/wp-json\/wp\/v2\/pages\/86829"}],"collection":[{"href":"https:\/\/forextradingbonus.com\/pt-br\/wp-json\/wp\/v2\/pages"}],"about":[{"href":"https:\/\/forextradingbonus.com\/pt-br\/wp-json\/wp\/v2\/types\/page"}],"author":[{"embeddable":true,"href":"https:\/\/forextradingbonus.com\/pt-br\/wp-json\/wp\/v2\/users\/19"}],"replies":[{"embeddable":true,"href":"https:\/\/forextradingbonus.com\/pt-br\/wp-json\/wp\/v2\/comments?post=86829"}],"version-history":[{"count":6,"href":"https:\/\/forextradingbonus.com\/pt-br\/wp-json\/wp\/v2\/pages\/86829\/revisions"}],"predecessor-version":[{"id":87107,"href":"https:\/\/forextradingbonus.com\/pt-br\/wp-json\/wp\/v2\/pages\/86829\/revisions\/87107"}],"wp:featuredmedia":[{"embeddable":true,"href":"https:\/\/forextradingbonus.com\/pt-br\/wp-json\/wp\/v2\/media\/87105"}],"wp:attachment":[{"href":"https:\/\/forextradingbonus.com\/pt-br\/wp-json\/wp\/v2\/media?parent=86829"}],"curies":[{"name":"wp","href":"https:\/\/api.w.org\/{rel}","templated":true}]}}