{"id":87007,"date":"2020-05-21T21:40:25","date_gmt":"2020-05-21T21:40:25","guid":{"rendered":"http:\/\/forextradingbonus.com\/?page_id=87007"},"modified":"2020-05-22T07:05:07","modified_gmt":"2020-05-22T07:05:07","slug":"o-mt5-e-melhor-que-o-mt4-confira-em-nossa-revisao","status":"publish","type":"page","link":"https:\/\/forextradingbonus.com\/pt-br\/o-mt5-e-melhor-que-o-mt4-confira-em-nossa-revisao\/","title":{"rendered":"O MT5 \u00e9 melhor que o MT4? Confira em nossa revis\u00e3o"},"content":{"rendered":"<img decoding=\"async\" loading=\"lazy\" class=\"wp-image-87104 size-full alignleft\" src=\"http:\/\/forextradingbonus.com\/wp-content\/img\/2020\/05\/metatrader-04-300x200-1.png\" alt=\"\" width=\"300\" height=\"200\" \/>\n<p>O mercado Forex possui uma variedade de corretores dispon\u00edveis, no entanto, decidir sobre uma plataforma de negocia\u00e7\u00e3o continua sendo uma tarefa dif\u00edcil. Trata-se de optar pela plataforma que atende mais adequadamente suas demandas. Os brokers podem at\u00e9 colocar-se em uma posi\u00e7\u00e3o a frente quando come\u00e7a disponibilizar uma gama variada de novas plataformas distintas para seus usu\u00e1rios, no entanto, a palavra final sempre ser\u00e3o dos seus clientes.<\/p>\n<p>Grandes marcas como \u00e9 o caso da MetaQuotes est\u00e3o reinventando seus produtos de forma repetida. Eles planejam a plataforma MetaTrader 5 para ser uma vers\u00e3o atualizada do seu j\u00e1 conhecido e existente MetaTrader4. No ei de tudo isto, muitas d\u00favidas podem surgir, como por exemplo: As corretoras ser\u00e3o atualizadas de forma r\u00e1pida, passando para a nova vers\u00e3o da plataforma? ara sermos sinceros,n\u00e3o sabemos, mas a compara\u00e7\u00e3o da MT4 com demais plataformas pode ser conferida atrav\u00e9s da nossa Revis\u00e3o do MetaTrader 5. Garanta um \u00f3timo desempenho, tomando a decis\u00e3o certa!<\/p>\n<h2>Vantagens do MetaTrader 5<\/h2>\n<p>O MetaTrader 4 em si j\u00e1 conta com uma interface muito amig\u00e1vel, mas o MetaQuotes se comprometeu a realizar sua atualiza\u00e7\u00e3o, al\u00e9m de ampliar alguns dos recursos j\u00e1 existentes, portanto, na plataforma MetaTrader 5, voc\u00ea pode observar que os \u00edcones acima da \u00e1rea de gr\u00e1ficos s\u00e3o maiores. Um dos objetivos desta caracter\u00edstica \u00e9 tornar os processos mais f\u00e1cil na hora em que os usu\u00e1rios buscam pelos \u00edcones, e por esse motivo, essa nova interface tende a ser ainda mais intuitiva e amig\u00e1vel. A boa not\u00edcia \u00e9 que, n\u00e3o existe a possibilidade de se perder ao utilizar a plataforma MT5, especialmente se voc\u00ea estiver familiarizado com o software MetaTrader.<\/p>\n<p>A revis\u00e3o do MetaTrader 5 destaca que esta plataforma de negocia\u00e7\u00e3o tem a capacidade de processar instrumentos financeiros dos mais variados com uma ampla gama de atividades de negocia\u00e7\u00e3o. Os traders t\u00eam a op\u00e7\u00e3o de utilizar uma diversidade de indicadores que podem ser anexados diretamente aos seus gr\u00e1ficos. Voc\u00ea pode optar, por exemplo, entre quatro categorias de indicadores t\u00e9cnicos: Indicadores de tend\u00eancia, Osciladores, Osciladores de volume e Indicadores Bill Williams. Como o MT4 e o MT5 suportam os mesmos indicadores, voc\u00ea pode usar as m\u00e9dias m\u00f3veis tradicionais, mas tamb\u00e9m experimentar as novas. S\u00e3o MA adaptativa, MA adaptativa para fractal, m\u00e9dias m\u00f3veis exponenciais duplas e triplas e m\u00e9dia din\u00e2mica de \u00edndice vari\u00e1vel.<\/p>\n<img decoding=\"async\" loading=\"lazy\" class=\"aligncenter wp-image-87009 size-full\" src=\"http:\/\/forextradingbonus.com\/wp-content\/img\/2020\/05\/MetaTrader-5-Revisao-1.png\" alt=\"\" width=\"1024\" height=\"525\" \/>\n<p>A nova vers\u00e3o do MetaTrader Trading Software possibilita o download de uma variedade de indicadores externos a disposi\u00e7\u00e3o on-line e com suporte tamb\u00e9m para outras plataformas. Al\u00e9m do mais, existem objetos que podem ser adicionados ao gr\u00e1fico, como as ferramentas Fibonacci e Gann Angle Studies. Quando voc\u00ea tem a chance de customizar indicadores, as oportunidades de implementar novas formas e m\u00e9todos de negocia\u00e7\u00e3o s\u00e3o muito mais consider\u00e1veis.<\/p>\n<p>Dentro da plataforma MetaTrader 5 existe uma ferramenta de profundidade de mercado, isto \u00e9, que possibilita que os usu\u00e1rios tenham acesso a uma escada de mercado voltado para o dia de negocia\u00e7\u00e3o. devemos deixar claro que o cTrader \u00e9 l\u00edder no que diz respeito a profundidade do campo de recursos de mercado, e por essa raz\u00e3o \u00e9 ben\u00e9fico tornar mais curto as dist\u00e2ncias com STP e ECN. Ainda quando a ferramenta seja muito b\u00e1sica, essa melhoria pode ser considerada necess\u00e1ria, visto as vers\u00f5es anteriores n\u00e3o tinham nenhuma. Al\u00e9m dos prazos padr\u00e3o, a plataforma tamb\u00e9m tem suporte para uma gama mais ampla de possibilidades, para que voc\u00ea ainda tenha como ampliar sua flexibilidade e tirar proveito das novidades.<\/p>\n<h2>Desvantagens do MetaTrader 5<\/h2>\n<p><img decoding=\"async\" loading=\"lazy\" width=\"300\" height=\"101\" class=\"size-full wp-image-87011 alignleft\" src=\"http:\/\/forextradingbonus.com\/wp-content\/img\/2020\/05\/MetaTrader-5-Review-MetaQuotes-300x101-1.gif\" alt=\"\" \/>A interface do MetaTrader 5 \u00e9 mais f\u00e1cil de navegar do que as outras, mas seus desenvolvedores tomar a decis\u00e3o reduzir o tamanho da \u00e1rea de gr\u00e1ficos. Ainda que a Plataforma MT5 exibe \u00edcones maiores, os seus gr\u00e1ficos s\u00e3o bem menores. Para alguns indiv\u00edduos, este pode ser um motivo para insatisfa\u00e7\u00e3o. No entanto, esse ajuste \u00e9 praticamente impercept\u00edvel.<\/p>\n<p>Os Expert Advisors j\u00e1 provaram ser uma excelente forma para achar oportunidades de mercado e realizar opera\u00e7\u00f5es de forma autom\u00e1tica. O MetaTrader 5 continua trabalhando com os EA, mas eles tentaram aperfei\u00e7oar a sua pr\u00f3pria linguagem de desenvolvimento, fazendo com que o o MQL5 seja flex\u00edvel e complexo. Como os Expert Advisors para MT5 e MT4 n\u00e3o existe compatibilidade, o MQL5 n\u00e3o possibilita que voc\u00ea trabalhe com sua vers\u00e3o anterior. Por essa boa raz\u00e3o, algumas pessoas continuam relutantes em fazer uma mudan\u00e7a para a plataforma MT5.<\/p>\n<h3>Conclus\u00e3o do MetaTrader 5<\/h3>\n<p>MetaTrader 5 e MetaTrader 4 s\u00e3o ligeiramente diferentes um do outro. Algumas das vantagens s\u00e3o mais vis\u00edveis do MT5, quando comparadas \u00e0 sua vers\u00e3o anterior, s\u00e3o:<\/p>\n<ul>\n<li>Interface mais f\u00e1cil de navegar;<\/li>\n<li>\u00cdcones maiores;<\/li>\n<li>Indicadores personalizados;<\/li>\n<li>Ferramenta de suporte \u00e0 profundidade de mercado;<\/li>\n<li>Maior variedade de prazos.<\/li>\n<\/ul>\n<p>Embora a compatibilidade seja o recurso que mais preocupa os traders, entre os poucos inconvenientes est\u00e3o:<\/p>\n<ul>\n<li>\u00c1rea de gr\u00e1ficos menor;<\/li>\n<li>Incompatibilidade com EAs anteriores e indicadores personalizados;<\/li>\n<li>A convers\u00e3o para a linguagem MQL5 \u00e9 necess\u00e1ria.<\/li>\n<\/ul>\n<p>Se os usu\u00e1rios finalmente atualizar\u00e3o para a nova vers\u00e3o ou n\u00e3o, ainda n\u00e3o \u00e9 objeto de avalia\u00e7\u00e3o. No mais gerais, podemos mencionar que o MT5 \u00e9 f\u00e1cil de utilizar tantos para usu\u00e1rios com uma certa experi\u00eancia quanto para os mais novatos. O b\u00f4nus de negocia\u00e7\u00e3o Forex reconsidera que o MetaTrader 4 ainda \u00e9 a melhor op\u00e7\u00e3o de escolha se comparado ao seu &#8220;irm\u00e3o mais novo&#8221;.<\/p>\n<p>&nbsp;<\/p>\n","protected":false},"excerpt":{"rendered":"O mercado Forex possui uma variedade de corretores dispon\u00edveis, no entanto, decidir sobre uma plataforma de negocia\u00e7\u00e3o continua","protected":false},"author":19,"featured_media":87104,"parent":0,"menu_order":0,"comment_status":"open","ping_status":"open","template":"","meta":{"_mi_skip_tracking":false},"acf":[],"yoast_head":"<!-- This site is optimized with the Yoast SEO plugin v20.4 - https:\/\/yoast.com\/wordpress\/plugins\/seo\/ -->\n<title>Descubra qual vers\u00e3o da MetaQuotes \u00e9 melhor MT4 ou MT5<\/title>\n<meta name=\"description\" content=\"Saiba quais s\u00e3o os pontos a melhorar e os pontos mais favor\u00e1veis da vers\u00e3o MT5 e MT4 da MetaQuotes, e entenda qual das duas vers\u00f5es \u00e9 a mais bem avaliada\" \/>\n<meta name=\"robots\" content=\"index, follow, max-snippet:-1, max-image-preview:large, max-video-preview:-1\" \/>\n<link rel=\"canonical\" href=\"https:\/\/forextradingbonus.com\/pt-br\/o-mt5-e-melhor-que-o-mt4-confira-em-nossa-revisao\/\" \/>\n<meta property=\"og:locale\" content=\"pt_BR\" \/>\n<meta property=\"og:type\" content=\"article\" \/>\n<meta property=\"og:title\" content=\"Descubra qual vers\u00e3o da MetaQuotes \u00e9 melhor MT4 ou MT5\" \/>\n<meta property=\"og:description\" content=\"Saiba quais s\u00e3o os pontos a melhorar e os pontos mais favor\u00e1veis da vers\u00e3o MT5 e MT4 da MetaQuotes, e entenda qual das duas vers\u00f5es \u00e9 a mais bem avaliada\" \/>\n<meta property=\"og:url\" content=\"https:\/\/forextradingbonus.com\/pt-br\/o-mt5-e-melhor-que-o-mt4-confira-em-nossa-revisao\/\" \/>\n<meta property=\"og:site_name\" content=\"Forex Trading Bonus\" \/>\n<meta property=\"article:modified_time\" content=\"2020-05-22T07:05:07+00:00\" \/>\n<meta property=\"og:image\" content=\"https:\/\/forextradingbonus.com\/wp-content\/img\/2020\/05\/metatrader-04-300x200-1.png\" \/>\n\t<meta property=\"og:image:width\" content=\"300\" \/>\n\t<meta property=\"og:image:height\" content=\"200\" \/>\n\t<meta property=\"og:image:type\" content=\"image\/png\" \/>\n<meta name=\"twitter:card\" content=\"summary_large_image\" \/>\n<meta name=\"twitter:label1\" content=\"Est. tempo de leitura\" \/>\n\t<meta name=\"twitter:data1\" content=\"5 minutos\" \/>\n<!-- \/ Yoast SEO plugin. -->","yoast_head_json":{"title":"Descubra qual vers\u00e3o da MetaQuotes \u00e9 melhor MT4 ou MT5","description":"Saiba quais s\u00e3o os pontos a melhorar e os pontos mais favor\u00e1veis da vers\u00e3o MT5 e MT4 da MetaQuotes, e entenda qual das duas vers\u00f5es \u00e9 a mais bem avaliada","robots":{"index":"index","follow":"follow","max-snippet":"max-snippet:-1","max-image-preview":"max-image-preview:large","max-video-preview":"max-video-preview:-1"},"canonical":"https:\/\/forextradingbonus.com\/pt-br\/o-mt5-e-melhor-que-o-mt4-confira-em-nossa-revisao\/","og_locale":"pt_BR","og_type":"article","og_title":"Descubra qual vers\u00e3o da MetaQuotes \u00e9 melhor MT4 ou MT5","og_description":"Saiba quais s\u00e3o os pontos a melhorar e os pontos mais favor\u00e1veis da vers\u00e3o MT5 e MT4 da MetaQuotes, e entenda qual das duas vers\u00f5es \u00e9 a mais bem avaliada","og_url":"https:\/\/forextradingbonus.com\/pt-br\/o-mt5-e-melhor-que-o-mt4-confira-em-nossa-revisao\/","og_site_name":"Forex Trading Bonus","article_modified_time":"2020-05-22T07:05:07+00:00","og_image":[{"width":300,"height":200,"url":"https:\/\/forextradingbonus.com\/wp-content\/img\/2020\/05\/metatrader-04-300x200-1.png","type":"image\/png"}],"twitter_card":"summary_large_image","twitter_misc":{"Est. tempo de leitura":"5 minutos"},"schema":{"@context":"https:\/\/schema.org","@graph":[{"@type":"WebPage","@id":"https:\/\/forextradingbonus.com\/pt-br\/o-mt5-e-melhor-que-o-mt4-confira-em-nossa-revisao\/","url":"https:\/\/forextradingbonus.com\/pt-br\/o-mt5-e-melhor-que-o-mt4-confira-em-nossa-revisao\/","name":"Descubra qual vers\u00e3o da MetaQuotes \u00e9 melhor MT4 ou MT5","isPartOf":{"@id":"https:\/\/forextradingbonus.com\/#website"},"datePublished":"2020-05-21T21:40:25+00:00","dateModified":"2020-05-22T07:05:07+00:00","description":"Saiba quais s\u00e3o os pontos a melhorar e os pontos mais favor\u00e1veis da vers\u00e3o MT5 e MT4 da MetaQuotes, e entenda qual das duas vers\u00f5es \u00e9 a mais bem avaliada","breadcrumb":{"@id":"https:\/\/forextradingbonus.com\/pt-br\/o-mt5-e-melhor-que-o-mt4-confira-em-nossa-revisao\/#breadcrumb"},"inLanguage":"pt-BR","potentialAction":[{"@type":"ReadAction","target":["https:\/\/forextradingbonus.com\/pt-br\/o-mt5-e-melhor-que-o-mt4-confira-em-nossa-revisao\/"]}]},{"@type":"BreadcrumbList","@id":"https:\/\/forextradingbonus.com\/pt-br\/o-mt5-e-melhor-que-o-mt4-confira-em-nossa-revisao\/#breadcrumb","itemListElement":[{"@type":"ListItem","position":1,"name":"Home","item":"https:\/\/forextradingbonus.com\/pt-br\/"},{"@type":"ListItem","position":2,"name":"O MT5 \u00e9 melhor que o MT4? Confira em nossa revis\u00e3o"}]},{"@type":"WebSite","@id":"https:\/\/forextradingbonus.com\/#website","url":"https:\/\/forextradingbonus.com\/","name":"Forex Trading Bonus","description":"Best Forex Trading Bonus Reviews. Deposit &amp; No Deposit FX Bonuses and Tips","potentialAction":[{"@type":"SearchAction","target":{"@type":"EntryPoint","urlTemplate":"https:\/\/forextradingbonus.com\/?s={search_term_string}"},"query-input":"required name=search_term_string"}],"inLanguage":"pt-BR"}]}},"_links":{"self":[{"href":"https:\/\/forextradingbonus.com\/pt-br\/wp-json\/wp\/v2\/pages\/87007"}],"collection":[{"href":"https:\/\/forextradingbonus.com\/pt-br\/wp-json\/wp\/v2\/pages"}],"about":[{"href":"https:\/\/forextradingbonus.com\/pt-br\/wp-json\/wp\/v2\/types\/page"}],"author":[{"embeddable":true,"href":"https:\/\/forextradingbonus.com\/pt-br\/wp-json\/wp\/v2\/users\/19"}],"replies":[{"embeddable":true,"href":"https:\/\/forextradingbonus.com\/pt-br\/wp-json\/wp\/v2\/comments?post=87007"}],"version-history":[{"count":9,"href":"https:\/\/forextradingbonus.com\/pt-br\/wp-json\/wp\/v2\/pages\/87007\/revisions"}],"predecessor-version":[{"id":87108,"href":"https:\/\/forextradingbonus.com\/pt-br\/wp-json\/wp\/v2\/pages\/87007\/revisions\/87108"}],"wp:featuredmedia":[{"embeddable":true,"href":"https:\/\/forextradingbonus.com\/pt-br\/wp-json\/wp\/v2\/media\/87104"}],"wp:attachment":[{"href":"https:\/\/forextradingbonus.com\/pt-br\/wp-json\/wp\/v2\/media?parent=87007"}],"curies":[{"name":"wp","href":"https:\/\/api.w.org\/{rel}","templated":true}]}}